{"id":7851,"date":"2025-06-11T02:45:51","date_gmt":"2025-06-11T02:45:51","guid":{"rendered":"https:\/\/sinoextrud.com\/product\/aluminium-profiles-doors-windows-wood-imitation\/"},"modified":"2025-06-24T06:13:50","modified_gmt":"2025-06-24T06:13:50","slug":"hlinikove-profily-dvere-okna-imitace-dreva","status":"publish","type":"product","link":"https:\/\/sinoextrud.com\/cs\/product\/aluminium-profiles-doors-windows-wood-imitation\/","title":{"rendered":"Hlin\u00edkov\u00e9 profily Dve\u0159e Okna Imitace d\u0159eva"},"content":{"rendered":"<h2>Podrobnosti o produktech<\/h2>\n<table class=\"custom-table\">\n<tbody>\n<tr>\n<td> Polo\u017eka:<\/td>\n<td> Hlin\u00edkov\u00e9 profily Dve\u0159e Okna Imitace d\u0159eva<\/td>\n<td> Tvar:<\/td>\n<td> Vlastn\u00ed<\/td>\n<\/tr>\n<tr>\n<td> M\u00edrnost:<\/td>\n<td> Vlastn\u00ed<\/td>\n<td> Slitina:<\/td>\n<td> Slitina<\/td>\n<\/tr>\n<tr>\n<td> Leguj\u00edc\u00ed slo\u017eka:<\/td>\n<td> 6061<\/td>\n<td> Profil z le\u0161t\u011bn\u00e9ho hlin\u00edku:<\/td>\n<td> Vlastn\u00ed<\/td>\n<\/tr>\n<tr>\n<td> Proces:<\/td>\n<td> Profil+CNC obr\u00e1b\u011bn\u00ed+Odborky<\/td>\n<td> Tolerance:<\/td>\n<td> ISO2768-M<\/td>\n<\/tr>\n<tr>\n<td> Pracovn\u00ed d\u00e9lka:<\/td>\n<td> 5-12000 mm<\/td>\n<td> Doba dod\u00e1n\u00ed:<\/td>\n<td> 7-25 dn\u00ed<\/td>\n<\/tr>\n<tr>\n<td> Ochrann\u00e1 zn\u00e1mka:<\/td>\n<td> Vlastn\u00ed<\/td>\n<td> P\u016fvod:<\/td>\n<td> GUANGDONG<\/td>\n<\/tr>\n<tr>\n<td> Typ:<\/td>\n<td> Hlin\u00edkov\u00fd profil pro okna a dve\u0159e, Dekora\u010dn\u00ed hlin\u00edkov\u00fd profil, Hlin\u00edkov\u00fd profil pro chladi\u010de, Hlin\u00edkov\u00fd profil pro sklen\u011bn\u00e9 st\u011bny, Hlin\u00edkov\u00fd profil pro dopravu<\/td>\n<td> T\u0159\u00edda:<\/td>\n<td> \u0158ada 6000<\/td>\n<\/tr>\n<tr>\n<td> Hlin\u00edkov\u00e9 profily oken a dve\u0159\u00ed:<\/td>\n<td> Vlastn\u00ed<\/td>\n<td> Povrchov\u00e1 \u00faprava:<\/td>\n<td> Vlastn\u00ed<\/td>\n<\/tr>\n<tr>\n<td> Certifikace:<\/td>\n<td> CE, SONCAP, ISO, CIQ, RoHS, TUV<\/td>\n<td> Slu\u017eba:<\/td>\n<td> OEM\/ODM<\/td>\n<\/tr>\n<tr>\n<td> Pracovn\u00ed pr\u016fm\u011br:<\/td>\n<td> 5-6000 mm<\/td>\n<td> Kontrola kvality:<\/td>\n<td> ISO9001, SGS<\/td>\n<\/tr>\n<tr>\n<td> Z\u00e1ruka:<\/td>\n<td> 100% Vr\u00e1cen\u00ed pen\u011bz nebo v\u00fdm\u011bna za Nok<\/td>\n<td> P\u0159epravn\u00ed bal\u00ed\u010dek:<\/td>\n<td> Kartonov\u00e9 pouzdro nebo d\u0159ev\u011bn\u00e1 polypropylenov\u00e1 krabice\/paleta<\/td>\n<\/tr>\n<\/tbody>\n<\/table>\n<h2>Na\u0161e v\u00fdrobn\u00ed z\u00e1kladna<\/h2>\n<h3>Panorama tov\u00e1rny<\/h3>\n<p><img decoding=\"async\" src=\"\/wp-content\/uploads\/factory-01.webp\"\/><\/p>\n<h3>D\u00edlna na v\u00fdrobu hlin\u00edkov\u00fdch ty\u010d\u00ed<\/h3>\n<p><img decoding=\"async\" src=\"\/wp-content\/uploads\/factory-02.webp\"\/><\/p>\n<p><img decoding=\"async\" src=\"\/wp-content\/uploads\/factory-03.webp\"\/><\/p>\n<h3>Sklad pl\u00edsn\u00ed<\/h3>\n<p><img decoding=\"async\" src=\"\/wp-content\/uploads\/factory-04.webp\"\/><\/p>\n<h3>43 linek na vytla\u010dov\u00e1n\u00ed hlin\u00edku (500-5500 tun)<\/h3>\n<p><img decoding=\"async\" src=\"\/wp-content\/uploads\/factory-05.webp\"\/><\/p>\n<p><img decoding=\"async\" src=\"\/wp-content\/uploads\/factory-06.webp\"\/><\/p>\n<p><img decoding=\"async\" src=\"\/wp-content\/uploads\/factory-07.webp\"\/><\/p>\n<h3>D\u00edlna pr\u00e1\u0161kov\u00e9ho lakov\u00e1n\u00ed<\/h3>\n<p><img decoding=\"async\" src=\"\/wp-content\/uploads\/factory-09.webp\"\/><\/p>\n<h3>D\u00edlna eloxov\u00e1n\u00ed<\/h3>\n<p><img decoding=\"async\" src=\"\/wp-content\/uploads\/factory-10.webp\"\/><\/p>\n<h3>Workshop o hloubkov\u00e9m zpracov\u00e1n\u00ed<\/h3>\n<p><img decoding=\"async\" src=\"\/wp-content\/uploads\/factory-11.webp\"\/><\/p>\n<h3>D\u00edlna CNC p\u0159esn\u00e9ho obr\u00e1b\u011bn\u00ed<\/h3>\n<p><img decoding=\"async\" src=\"\/wp-content\/uploads\/factory-11.5.webp\"\/><\/p>\n<h3>Sklad hotov\u00fdch v\u00fdrobk\u016f a exportn\u00ed sklad<\/h3>\n<p><img decoding=\"async\" src=\"\/wp-content\/uploads\/factory-12.webp\"\/><\/p>\n<p><img decoding=\"async\" src=\"\/wp-content\/uploads\/factory-13.webp\"\/><\/p>\n<p><img decoding=\"async\" src=\"\/wp-content\/uploads\/factory-14.webp\"\/><\/p>\n<h2>\u010cASTO KLADEN\u00c9 DOTAZY<\/h2>\n<p><p><b>1.Co jsou hlin\u00edkov\u00e9 profily pro dve\u0159e a okna s imitac\u00ed d\u0159eva?<\/b><\/p>\n<p>Jedn\u00e1 se o hlin\u00edkov\u00e9 v\u00fdlisky s povrchovou \u00fapravou s kresbou d\u0159eva, kter\u00e9 kombinuj\u00ed vizu\u00e1ln\u00ed p\u0159ita\u017elivost d\u0159eva s pevnost\u00ed a odolnost\u00ed hlin\u00edku.<br \/>\n<\/p><br \/>\n<br \/>\n<p><b>2.Pro\u010d si vybrat hlin\u00edkov\u00e9 profily imituj\u00edc\u00ed d\u0159evo pro dve\u0159e a okna?<\/b><\/p>\n<p>Nab\u00edzej\u00ed vzhled p\u0159\u00edrodn\u00edho d\u0159eva bez probl\u00e9m\u016f s \u00fadr\u017ebou, jako je deformace, hniloba nebo p\u0159elakov\u00e1n\u00ed.<br \/>\n<\/p><br \/>\n<br \/>\n<p><b>3.Jsou hlin\u00edkov\u00e9 profily imituj\u00edc\u00ed d\u0159evo vhodn\u00e9 pro venkovn\u00ed pou\u017eit\u00ed?<\/b><\/p>\n<p>Ano, pr\u00e1\u0161kov\u00e1 a tepeln\u011b p\u0159enosn\u00e1 povrchov\u00e1 \u00faprava zaji\u0161\u0165uje vynikaj\u00edc\u00ed odolnost proti pov\u011btrnostn\u00edm vliv\u016fm, co\u017e je ide\u00e1ln\u00ed pro venkovn\u00ed dve\u0159e a okna.<br \/>\n<\/p><br \/>\n<br \/>\n<p><b>4.Vy\u017eaduj\u00ed d\u0159ev\u011bn\u00e9 hlin\u00edkov\u00e9 profily zvl\u00e1\u0161tn\u00ed \u00fadr\u017ebu?<\/b><\/p>\n<p>Ne, jsou nen\u00e1ro\u010dn\u00e9 na \u00fadr\u017ebu - sta\u010d\u00ed je ob\u010das vy\u010distit jemn\u00fdm m\u00fddlem a vodou, aby vypadaly jako nov\u00e9.<br \/>\n<\/p><br \/>\n<br \/>\n<p><b>5.Lze hlin\u00edkov\u00e9 profily se strukturou d\u0159eva p\u0159izp\u016fsobit?<\/b><\/p>\n<p>Rozhodn\u011b jsou k dispozici v r\u016fzn\u00fdch vzorech d\u0159eva, barv\u00e1ch, velikostech a tvarech profil\u016f, kter\u00e9 se hod\u00ed k r\u016fzn\u00fdm architektonick\u00fdm styl\u016fm.<br \/>\n<\/p><br \/>\n<br \/>\n<p><b>6.Jsou profily imituj\u00edc\u00ed d\u0159evo a hlin\u00edk \u0161etrn\u00e9 k \u017eivotn\u00edmu prost\u0159ed\u00ed?<\/b><\/p>\n<p>Ano, sni\u017euj\u00ed z\u00e1vislost na d\u0159ev\u011b, jsou pln\u011b recyklovateln\u00e9 a vy\u017eaduj\u00ed m\u00e9n\u011b \u00fadr\u017eby po celou dobu sv\u00e9 \u017eivotnosti.<br \/>\n<\/p><br \/>\n<br \/>\n<p><b>7.Je povrchov\u00e1 \u00faprava d\u0159eva trvanliv\u00e1 v pr\u016fb\u011bhu \u010dasu?<\/b><\/p>\n<p>Ano, modern\u00ed technologie povrchov\u00e9 \u00fapravy zaji\u0161\u0165uj\u00ed, \u017ee povrchov\u00e1 \u00faprava s kresbou d\u0159eva je odoln\u00e1 proti UV z\u00e1\u0159en\u00ed, po\u0161kr\u00e1b\u00e1n\u00ed a m\u00e1 dlouhou \u017eivotnost.<br \/>\n<\/p><br \/><\/p>","protected":false},"featured_media":7850,"template":"","categories":[67],"class_list":["post-7851","product","type-product","status-publish","has-post-thumbnail","hentry","category-architectural-aluminium-profile"],"meta_box":{"hilight_text_group":{"product_hilight_text":"<li>Wood grain finish offers the aesthetic appeal of timber with aluminum durability<\/li>\r\r\n<li>Corrosion-resistant and weatherproof for long-term performance<\/li>\r\r\n<li>Low maintenance compared to traditional wooden frames<\/li>\r\r\n<li>Lightweight structure allows for easier transportation and installation<\/li>\r\r\n<li>Customizable designs, colors, and profiles for doors and windows<\/li>\r\r\n<li>Eco-friendly alternative to natural wood materials<\/li>","product_chanpin_blog":"<ul>\r\r\n<li><a href=\"https:\/\/sinoextrud.com\/t-slot-v-slot-differences\/\" target=\"_blank\">t slot vs v slot<\/a><\/li>\r\r\n<li><a href=\"https:\/\/sinoextrud.com\/what-is-4040-aluminium-extrud\/\" target=\"_blank\">4040 aluminium extrusion<\/a><\/li>\r\r\n<li><a href=\"https:\/\/sinoextrud.com\/what-is-4040-aluminium-extrud\/\" target=\"_blank\">aluminum extrusions for industrial racks<\/a><\/li>\r\r\n<li><a href=\"https:\/\/sinoextrud.com\/powder-coating-aluminium-process\/\" target=\"_blank\">powder coating aluminium<\/a><\/li>\r\r\n<li><a href=\"https:\/\/sinoextrud.com\/what-is-an-aluminium-strip-ceiling\/\" target=\"_blank\">aluminium strip ceiling<\/a><\/li>\r\r\n<li><a href=\"https:\/\/sinoextrud.com\/what-is-a-heat-sink\/\" target=\"_blank\">what is a heat sink<\/a><\/li>\r\r\n<\/ul>","product_chanpin_chanpin":"<li><a href=\"https:\/\/sinoextrud.com\/product\/wardrobe-cabinet-sliding-aluminum-profile\/\" target=\"_blank\">Wardrobe Cabinet Sliding Aluminum Profile<\/a><\/li>\r\n<li><a href=\"https:\/\/sinoextrud.com\/product\/aluminum-cabinet-door-extrusion\/\" target=\"_blank\">Aluminum Cabinet Door Extrusion<\/a><\/li>\r\n<li><a href=\"https:\/\/sinoextrud.com\/product\/aluminum-structural-framing-system\/\" target=\"_blank\">Aluminum Structural Framing System<\/a><\/li>\r\n<li><a href=\"https:\/\/sinoextrud.com\/product\/standard-aluminum-shapes\/\" target=\"_blank\">Standard Aluminum Shapes<\/a><\/li>\r\n<li><a href=\"https:\/\/sinoextrud.com\/product\/aluminium-profiles-doors-windows-wood-imitation\/\" target=\"_blank\">Aluminium Profiles Doors Windows Wood Imitation<\/a><\/li>\r\n<li><a href=\"https:\/\/sinoextrud.com\/product\/extrusion-aluminum-handrails-profile-powder-coated-white\/\" target=\"_blank\">Extrusion Aluminum Handrails Profile Powder Coated White<\/a><\/li>\r\n<li><a href=\"https:\/\/sinoextrud.com\/product\/t-slot-aluminium-profile-extrusion-bulk-selling-98-pure-aluminum-price\/\" target=\"_blank\">t-slot aluminium profile extrusion bulk selling 98% pure aluminum price<\/a><\/li>\r\n<li><a href=\"https:\/\/sinoextrud.com\/product\/industrial-aluminium-extrusions-hollow-pipe-big-dimensions\/\" target=\"_blank\">Industrial Aluminium Extrusions Hollow Pipe Big Dimensions<\/a><\/li>\r\n<li><a href=\"https:\/\/sinoextrud.com\/product\/aluminium-profile-extrusion\/\" target=\"_blank\">Aluminium Profile Extrusion<\/a><\/li>\r\n<li><a href=\"https:\/\/sinoextrud.com\/product\/design-of-anodized-aluminum-handrail-price\/\" target=\"_blank\">design of anodized aluminum handrail price<\/a><\/li>\r\n<li><a href=\"https:\/\/sinoextrud.com\/product\/anodized-aluminum-trim-molding\/\" target=\"_blank\">Anodized Aluminum Trim Molding<\/a><\/li>"},"feature_list":[]},"_links":{"self":[{"href":"https:\/\/sinoextrud.com\/cs\/wp-json\/wp\/v2\/product\/7851","targetHints":{"allow":["GET"]}}],"collection":[{"href":"https:\/\/sinoextrud.com\/cs\/wp-json\/wp\/v2\/product"}],"about":[{"href":"https:\/\/sinoextrud.com\/cs\/wp-json\/wp\/v2\/types\/product"}],"wp:featuredmedia":[{"embeddable":true,"href":"https:\/\/sinoextrud.com\/cs\/wp-json\/wp\/v2\/media\/7850"}],"wp:attachment":[{"href":"https:\/\/sinoextrud.com\/cs\/wp-json\/wp\/v2\/media?parent=7851"}],"wp:term":[{"taxonomy":"category","embeddable":true,"href":"https:\/\/sinoextrud.com\/cs\/wp-json\/wp\/v2\/categories?post=7851"}],"curies":[{"name":"wp","href":"https:\/\/api.w.org\/{rel}","templated":true}]}}