{"id":7837,"date":"2025-06-11T02:35:01","date_gmt":"2025-06-11T02:35:01","guid":{"rendered":"https:\/\/sinoextrud.com\/product\/aluminum-handrail-systems\/"},"modified":"2025-06-24T06:13:46","modified_gmt":"2025-06-24T06:13:46","slug":"systemy-hlinikovych-zabradli","status":"publish","type":"product","link":"https:\/\/sinoextrud.com\/cs\/product\/aluminum-handrail-systems\/","title":{"rendered":"Syst\u00e9my hlin\u00edkov\u00fdch z\u00e1bradl\u00ed"},"content":{"rendered":"<h2>Podrobnosti o produktech<\/h2>\n<table class=\"custom-table\">\n<tr>\n<td class=\"label\">Model NO:<\/td>\n<td>6063 t5 hlin\u00edkov\u00e9 lisovan\u00e9 profily<\/td>\n<\/tr>\n<tr>\n<td class=\"label\">Tvar:<\/td>\n<td>\u00dahel, \u010dtverec, kulat\u00fd, ploch\u00fd, L-profil, p\u0159izp\u016fsoben\u00fd<\/td>\n<\/tr>\n<tr>\n<td class=\"label\">M\u00edrnost:<\/td>\n<td>T3-T8<\/td>\n<\/tr>\n<tr>\n<td class=\"label\">Slitina:<\/td>\n<td>Slitina<\/td>\n<\/tr>\n<tr>\n<td class=\"label\">Leguj\u00edc\u00ed slo\u017eka:<\/td>\n<td>6063-T5<\/td>\n<\/tr>\n<tr>\n<td class=\"label\">Standardn\u00ed:<\/td>\n<td>GB\/75237-2004<\/td>\n<\/tr>\n<tr>\n<td class=\"label\">MOQ:<\/td>\n<td>200KG pro ka\u017edou polo\u017eku<\/td>\n<\/tr>\n<tr>\n<td class=\"label\">P\u0159epravn\u00ed bal\u00ed\u010dek:<\/td>\n<td>Plastov\u00e1 f\u00f3lie nebo polystyrenov\u00fd s\u00e1\u010dek, vod\u011bodoln\u00fd \u0159emesln\u00fd pap\u00edr<\/td>\n<\/tr>\n<tr>\n<td class=\"label\">P\u016fvod:<\/td>\n<td>Foshan, \u010c\u00edna<\/td>\n<\/tr>\n<tr>\n<td class=\"label\">Typ:<\/td>\n<td>Dekorativn\u00ed z\u00e1bradl\u00ed Hlin\u00edkov\u00fd profil<\/td>\n<\/tr>\n<tr>\n<td class=\"label\">Povrchov\u00e1 \u00faprava:<\/td>\n<td>D\u0159ev\u011bn\u00e9 zrno<\/td>\n<\/tr>\n<tr>\n<td class=\"label\">Doba dod\u00e1n\u00ed:<\/td>\n<td>20 dn\u00ed po p\u0159ijet\u00ed z\u00e1lohy<\/td>\n<\/tr>\n<tr>\n<td class=\"label\">Z\u00e1ruka:<\/td>\n<td>Barva povrchu je schopna vydr\u017eet 10 ~ 20 let<\/td>\n<\/tr>\n<\/table>\n<h2>Na\u0161e v\u00fdrobn\u00ed z\u00e1kladna<\/h2>\n<h3>Panorama tov\u00e1rny<\/h3>\n<p><img decoding=\"async\" src=\"\/wp-content\/uploads\/factory-01.webp\"\/><\/p>\n<h3>D\u00edlna na v\u00fdrobu hlin\u00edkov\u00fdch ty\u010d\u00ed<\/h3>\n<p><img decoding=\"async\" src=\"\/wp-content\/uploads\/factory-02.webp\"\/><\/p>\n<p><img decoding=\"async\" src=\"\/wp-content\/uploads\/factory-03.webp\"\/><\/p>\n<h3>Sklad pl\u00edsn\u00ed<\/h3>\n<p><img decoding=\"async\" src=\"\/wp-content\/uploads\/factory-04.webp\"\/><\/p>\n<h3>43 linek na vytla\u010dov\u00e1n\u00ed hlin\u00edku (500 - 5500 tun)<\/h3>\n<p><img decoding=\"async\" src=\"\/wp-content\/uploads\/factory-05.webp\"\/><\/p>\n<p><img decoding=\"async\" src=\"\/wp-content\/uploads\/factory-06.webp\"\/><\/p>\n<p><img decoding=\"async\" src=\"\/wp-content\/uploads\/factory-07.webp\"\/><\/p>\n<h3>D\u00edlna pr\u00e1\u0161kov\u00e9ho lakov\u00e1n\u00ed<\/h3>\n<p><img decoding=\"async\" src=\"\/wp-content\/uploads\/factory-09.webp\"\/><\/p>\n<h3>D\u00edlna eloxov\u00e1n\u00ed<\/h3>\n<p><img decoding=\"async\" src=\"\/wp-content\/uploads\/factory-10.webp\"\/><\/p>\n<h3>Workshop o hloubkov\u00e9m zpracov\u00e1n\u00ed<\/h3>\n<p><img decoding=\"async\" src=\"\/wp-content\/uploads\/factory-11.webp\"\/><\/p>\n<h3>D\u00edlna CNC p\u0159esn\u00e9ho obr\u00e1b\u011bn\u00ed<\/h3>\n<p><img decoding=\"async\" src=\"\/wp-content\/uploads\/factory-11.5.webp\"\/><\/p>\n<h3>Sklad hotov\u00fdch v\u00fdrobk\u016f a exportn\u00ed sklad<\/h3>\n<p><img decoding=\"async\" src=\"\/wp-content\/uploads\/factory-12.webp\"\/><\/p>\n<p><img decoding=\"async\" src=\"\/wp-content\/uploads\/factory-13.webp\"\/><\/p>\n<p><img decoding=\"async\" src=\"\/wp-content\/uploads\/factory-14.webp\"\/><\/p>\n<h2>\u010cASTO KLADEN\u00c9 DOTAZY<\/h2>\n<p><p><b>1.Co jsou hlin\u00edkov\u00e1 z\u00e1bradl\u00ed? <\/b><\/p>\n<p> Syst\u00e9my hlin\u00edkov\u00fdch z\u00e1bradl\u00ed jsou z\u00e1bradl\u00ed z hlin\u00edkov\u00fdch profil\u016f, kter\u00e1 jsou navr\u017eena tak, aby poskytovala oporu, bezpe\u010dnost a styl pro schody, balkony a chodn\u00edky.<br \/>\n<\/p><br \/>\n<br \/>\n<p><b>2.Pro\u010d zvolit hlin\u00edk pro syst\u00e9my z\u00e1bradl\u00ed? <\/b><\/p>\n<p> Hlin\u00edk nab\u00edz\u00ed trvanlivost, odolnost proti korozi a lehkou konstrukci, tak\u017ee je ide\u00e1ln\u00ed pro pou\u017eit\u00ed v interi\u00e9ru i exteri\u00e9ru.<br \/>\n<\/p><br \/>\n<br \/>\n<p><b>3.Lze hlin\u00edkov\u00e1 madla p\u0159izp\u016fsobit? <\/b><\/p>\n<p> Ano, hlin\u00edkov\u00e9 z\u00e1bradl\u00ed lze p\u0159izp\u016fsobit d\u00e9lkou, tvarem, povrchovou \u00fapravou a stylem tak, aby spl\u0148ovalo specifick\u00e9 po\u017eadavky projektu a designov\u00e9 preference.<br \/>\n<\/p><br \/>\n<br \/>\n<p><b>4.Jsou hlin\u00edkov\u00e1 madla vhodn\u00e1 pro venkovn\u00ed pou\u017eit\u00ed? <\/b><\/p>\n<p> Hlin\u00edk je d\u00edky sv\u00fdm korozivzdorn\u00fdm vlastnostem ide\u00e1ln\u00ed pro venkovn\u00ed pou\u017eit\u00ed, a to i v nep\u0159\u00edzniv\u00fdch pov\u011btrnostn\u00edch podm\u00ednk\u00e1ch.<br \/>\n<\/p><br \/>\n<br \/>\n<p><b>5.Jak\u00e9 povrchov\u00e9 \u00fapravy jsou k dispozici pro hlin\u00edkov\u00e1 z\u00e1bradl\u00ed? <\/b><\/p>\n<p> Mezi b\u011b\u017en\u00e9 povrchov\u00e9 \u00fapravy pat\u0159\u00ed eloxovan\u00fd, pr\u00e1\u0161kov\u011b lakovan\u00fd a kart\u00e1\u010dovan\u00fd hlin\u00edk, kter\u00e9 zaji\u0161\u0165uj\u00ed odolnost i estetickou flexibilitu.<br \/>\n<\/p><br \/>\n<br \/>\n<p><b>6.Jak snadn\u00e1 je instalace hlin\u00edkov\u00fdch z\u00e1bradl\u00ed? <\/b><\/p>\n<p> Hlin\u00edkov\u00e1 z\u00e1bradl\u00ed jsou navr\u017eena pro snadnou instalaci d\u00edky modul\u00e1rn\u00edm komponent\u016fm a p\u0159edem p\u0159ipraven\u00fdm d\u00edl\u016fm, kter\u00e9 minimalizuj\u00ed \u010das a n\u00e1klady na pr\u00e1ci.<br \/>\n<\/p><br \/>\n<br \/>\n<p><b>7.Jsou hlin\u00edkov\u00e1 z\u00e1bradl\u00ed nen\u00e1ro\u010dn\u00e1 na \u00fadr\u017ebu? <\/b><\/p>\n<p> Ano, hlin\u00edkov\u00e1 z\u00e1bradl\u00ed vy\u017eaduj\u00ed minim\u00e1ln\u00ed \u00fadr\u017ebu d\u00edky sv\u00e9 odolnosti proti korozi a trvanliv\u00e9 povrchov\u00e9 \u00faprav\u011b, co\u017e z nich \u010din\u00ed n\u00e1kladov\u011b efektivn\u00ed dlouhodob\u00e9 \u0159e\u0161en\u00ed.<br \/>\n<\/p><br \/>\n<br \/>\n<p><b>8.V jak\u00fdch odv\u011btv\u00edch se pou\u017e\u00edvaj\u00ed hlin\u00edkov\u00e1 z\u00e1bradl\u00ed? <\/b><\/p>\n<p> Hlin\u00edkov\u00e1 z\u00e1bradl\u00ed se hojn\u011b pou\u017e\u00edvaj\u00ed v obytn\u00fdch budov\u00e1ch, komer\u010dn\u00edch objektech, ve\u0159ejn\u00e9 infrastruktu\u0159e a pr\u016fmyslov\u00fdch za\u0159\u00edzen\u00edch pro bezpe\u010dnostn\u00ed a designov\u00e9 \u00fa\u010dely.<br \/>\n<\/p><br \/><\/p>","protected":false},"featured_media":7836,"template":"","categories":[67],"class_list":["post-7837","product","type-product","status-publish","has-post-thumbnail","hentry","category-architectural-aluminium-profile"],"meta_box":{"hilight_text_group":{"product_hilight_text":"<li>Durable aluminum construction ensures long-lasting performance in both residential and commercial applications.<\/li>\r\r\n<li>Corrosion-resistant finish makes aluminum handrail systems ideal for outdoor and high-moisture environments.<\/li>\r\r\n<li>Lightweight design facilitates easy installation without compromising strength and safety.<\/li>\r\r\n<li>Customizable sizes, finishes, and designs to fit various architectural styles and functional requirements.<\/li>\r\r\n<li>Low maintenance and high resistance to wear and weathering, ensuring cost-effective long-term use.<\/li>\r\r\n<li>Perfect for stairways, balconies, and walkways, offering both safety and aesthetic appeal.<\/li>","product_chanpin_blog":"<ul>\r\r\n<li><a href=\"https:\/\/sinoextrud.com\/t-slot-v-slot-differences\/\" target=\"_blank\">t slot vs v slot<\/a><\/li>\r\r\n<li><a href=\"https:\/\/sinoextrud.com\/what-is-4040-aluminium-extrud\/\" target=\"_blank\">4040 aluminium extrusion<\/a><\/li>\r\r\n<li><a href=\"https:\/\/sinoextrud.com\/what-is-4040-aluminium-extrud\/\" target=\"_blank\">aluminum extrusions for industrial racks<\/a><\/li>\r\r\n<li><a href=\"https:\/\/sinoextrud.com\/powder-coating-aluminium-process\/\" target=\"_blank\">powder coating aluminium<\/a><\/li>\r\r\n<li><a href=\"https:\/\/sinoextrud.com\/what-is-an-aluminium-strip-ceiling\/\" target=\"_blank\">aluminium strip ceiling<\/a><\/li>\r\r\n<li><a href=\"https:\/\/sinoextrud.com\/what-is-a-heat-sink\/\" target=\"_blank\">what is a heat sink<\/a><\/li>\r\r\n<\/ul>","product_chanpin_chanpin":"<li><a href=\"https:\/\/sinoextrud.com\/product\/aluminum-profile-price-of-aluminium-partition-wall-studs-aluminum-manufacturer\/\" target=\"_blank\">aluminum profile price of aluminium partition wall studs aluminum manufacturer<\/a><\/li>\r\n<li><a href=\"https:\/\/sinoextrud.com\/product\/extrusions-aluminum-structural-framing-kitchen-cabinet-doors-oem-anodized-champagne-selling-in-pakistan\/\" target=\"_blank\">extrusions aluminum structural framing kitchen cabinet doors OEM Anodized champagne selling in pakistan<\/a><\/li>\r\n<li><a href=\"https:\/\/sinoextrud.com\/product\/aluminum-door-jamb-extrusion\/\" target=\"_blank\">Aluminum Door Jamb Extrusion<\/a><\/li>\r\n<li><a href=\"https:\/\/sinoextrud.com\/product\/sandblasted-aluminum-finish-profile\/\" target=\"_blank\">Sandblasted Aluminum Finish Profile<\/a><\/li>\r\n<li><a href=\"https:\/\/sinoextrud.com\/product\/aluminum-handrail-systems\/\" target=\"_blank\">Aluminum Handrail Systems<\/a><\/li>\r\n<li><a href=\"https:\/\/sinoextrud.com\/product\/curtain-aluminum-profile-extrusion-for-window\/\" target=\"_blank\">Curtain Aluminum Profile Extrusion For Window<\/a><\/li>\r\n<li><a href=\"https:\/\/sinoextrud.com\/product\/extrusion-of-aluminium-alloys-celing-aluminum-tube-wood-grain\/\" target=\"_blank\">Extrusion Of Aluminium Alloys Celing Aluminum Tube Wood Grain<\/a><\/li>\r\n<li><a href=\"https:\/\/sinoextrud.com\/product\/wardrobe-cabinet-sliding-aluminum-profile\/\" target=\"_blank\">Wardrobe Cabinet Sliding Aluminum Profile<\/a><\/li>\r\n<li><a href=\"https:\/\/sinoextrud.com\/product\/aluminum-cabinet-door-extrusion\/\" target=\"_blank\">Aluminum Cabinet Door Extrusion<\/a><\/li>\r\n<li><a href=\"https:\/\/sinoextrud.com\/product\/aluminum-trailer-decking\/\" target=\"_blank\">Aluminum Trailer Decking<\/a><\/li>\r\n<li><a href=\"https:\/\/sinoextrud.com\/product\/aluminium-sliding-door-electrophoresis-golden\/\" target=\"_blank\">Aluminium Sliding Door Electrophoresis Golden<\/a><\/li>"},"feature_list":[]},"_links":{"self":[{"href":"https:\/\/sinoextrud.com\/cs\/wp-json\/wp\/v2\/product\/7837","targetHints":{"allow":["GET"]}}],"collection":[{"href":"https:\/\/sinoextrud.com\/cs\/wp-json\/wp\/v2\/product"}],"about":[{"href":"https:\/\/sinoextrud.com\/cs\/wp-json\/wp\/v2\/types\/product"}],"wp:featuredmedia":[{"embeddable":true,"href":"https:\/\/sinoextrud.com\/cs\/wp-json\/wp\/v2\/media\/7836"}],"wp:attachment":[{"href":"https:\/\/sinoextrud.com\/cs\/wp-json\/wp\/v2\/media?parent=7837"}],"wp:term":[{"taxonomy":"category","embeddable":true,"href":"https:\/\/sinoextrud.com\/cs\/wp-json\/wp\/v2\/categories?post=7837"}],"curies":[{"name":"wp","href":"https:\/\/api.w.org\/{rel}","templated":true}]}}