{"id":7831,"date":"2025-06-11T02:29:08","date_gmt":"2025-06-11T02:29:08","guid":{"rendered":"https:\/\/sinoextrud.com\/product\/extrusions-aluminum-structural-framing-kitchen-cabinet-doors-oem-anodized-champagne-selling-in-pakistan\/"},"modified":"2025-06-24T06:13:45","modified_gmt":"2025-06-24T06:13:45","slug":"vylisky-hlinikove-konstrukcni-ramovani-kuchynske-skrinky-dvere-oem-eloxovane-sampanske-prodej-v-pakistanu","status":"publish","type":"product","link":"https:\/\/sinoextrud.com\/cs\/product\/extrusions-aluminum-structural-framing-kitchen-cabinet-doors-oem-anodized-champagne-selling-in-pakistan\/","title":{"rendered":"v\u00fdlisky hlin\u00edkov\u00e9 konstruk\u010dn\u00ed r\u00e1mov\u00e1n\u00ed kuchy\u0148sk\u00e9 sk\u0159\u00ed\u0148ky dve\u0159e OEM eloxovan\u00e9 \u0161ampa\u0148sk\u00e9 prodej v P\u00e1kist\u00e1nu"},"content":{"rendered":"<h2>Podrobnosti o produktech<\/h2>\n<table class=\"custom-table\">\n<tr>\n<td class=\"label\">Model NO:<\/td>\n<td> 6063 v\u00fdlisky hlin\u00edkov\u00e9 konstruk\u010dn\u00ed r\u00e1mov\u00e1n\u00ed kuchy\u0148sk\u00e9 sk\u0159\u00ed\u0148ky dve\u0159e OEM eloxovan\u00e9 \u0161ampa\u0148sk\u00e9 prodej v P\u00e1kist\u00e1nu<\/td>\n<\/tr>\n<tr>\n<td class=\"label\">Tvar:<\/td>\n<td> hlin\u00edkov\u00e9 v\u00fdlisky na m\u00edru (k dispozici je \u0161irok\u00e1 \u0161k\u00e1la tvar\u016f)<\/td>\n<\/tr>\n<tr>\n<td class=\"label\">M\u00edrnost:<\/td>\n<td> T3-T8<\/td>\n<\/tr>\n<tr>\n<td class=\"label\">Slitina:<\/td>\n<td> Slitina<\/td>\n<\/tr>\n<tr>\n<td class=\"label\">Leguj\u00edc\u00ed slo\u017eka:<\/td>\n<td> hlin\u00edkov\u00e9 konstruk\u010dn\u00ed r\u00e1my<\/td>\n<\/tr>\n<tr>\n<td class=\"label\">Profil z le\u0161t\u011bn\u00e9ho hlin\u00edku:<\/td>\n<td> Mechanick\u00e9 le\u0161t\u011bn\u00ed<\/td>\n<\/tr>\n<tr>\n<td class=\"label\">Materi\u00e1l:<\/td>\n<td> 6063-T5, 6061-T6, 6463-T5, 7075-T6, 6082<\/td>\n<\/tr>\n<tr>\n<td class=\"label\">Hloubkov\u00fd proces:<\/td>\n<td> Vrt\u00e1n\u00ed, z\u00e1vitov\u00e1n\u00ed, d\u011brov\u00e1n\u00ed, \u0159ez\u00e1n\u00ed, oh\u00fdb\u00e1n\u00ed<\/td>\n<\/tr>\n<tr>\n<td class=\"label\">Norma\/certifik\u00e1t:<\/td>\n<td> Cqm, SGS, Ce, BV, Soncap \/ GB, ISO, JIS, as, Nzs<\/td>\n<\/tr>\n<tr>\n<td class=\"label\">Platba:<\/td>\n<td> T\/T 30% pro z\u00e1lohu, z\u016fstatek p\u0159ed dod\u00e1n\u00edm<\/td>\n<\/tr>\n<tr>\n<td class=\"label\">Doba dod\u00e1n\u00ed:<\/td>\n<td> 25-30 dn\u016f po potvrzen\u00ed vzorku kupuj\u00edc\u00edm<\/td>\n<\/tr>\n<tr>\n<td class=\"label\">P\u0159epravn\u00ed bal\u00ed\u010dek:<\/td>\n<td> Plastov\u00e1 ochrann\u00e1 f\u00f3lie a vod\u011bodoln\u00fd pap\u00edr pro \u0159emesln\u00edky<\/td>\n<\/tr>\n<tr>\n<td class=\"label\">P\u016fvod:<\/td>\n<td> \u010c\u00edna<\/td>\n<\/tr>\n<tr>\n<td class=\"label\">V\u00fdrobek:<\/td>\n<td> hlin\u00edkov\u00e1 dv\u00ed\u0159ka kuchy\u0148sk\u00fdch sk\u0159\u00edn\u011bk<\/td>\n<\/tr>\n<tr>\n<td class=\"label\">Povrchov\u00e1 \u00faprava:<\/td>\n<td> eloxovan\u00e9, elektrofor\u00e9za, pr\u00e1\u0161kov\u00e9 lakov\u00e1n\u00ed, d\u0159evo Gra<\/td>\n<\/tr>\n<tr>\n<td class=\"label\">Barva:<\/td>\n<td> Na m\u00edru (k dispozici je \u0161irok\u00e1 \u0161k\u00e1la barev)<\/td>\n<\/tr>\n<tr>\n<td class=\"label\">P\u0159\u00edstav nakl\u00e1dky:<\/td>\n<td> Shenzhen\/ Guangzhou\/ Foshan<\/td>\n<\/tr>\n<tr>\n<td class=\"label\">Z\u00e1ruka:<\/td>\n<td> Barva povrchu m\u016f\u017ee b\u00fdt stabiln\u00ed po dobu 10-20 let v interi\u00e9ru<\/td>\n<\/tr>\n<tr>\n<td class=\"label\">Ochrann\u00e1 zn\u00e1mka:<\/td>\n<td> Sinoextrud(Sinoextrud)\/OEM<\/td>\n<\/tr>\n<tr>\n<td class=\"label\">Specifikace:<\/td>\n<td> na m\u00edru<\/td>\n<\/tr>\n<tr>\n<td class=\"label\">K\u00f3d HS:<\/td>\n<td> 7604210000<\/td>\n<\/tr>\n<\/table>\n<h2>Na\u0161e v\u00fdrobn\u00ed z\u00e1kladna<\/h2>\n<h3>Panorama tov\u00e1rny<\/h3>\n<p><img decoding=\"async\" src=\"\/wp-content\/uploads\/factory-01.webp\"\/><\/p>\n<h3>D\u00edlna na v\u00fdrobu hlin\u00edkov\u00fdch ty\u010d\u00ed<\/h3>\n<p><img decoding=\"async\" src=\"\/wp-content\/uploads\/factory-02.webp\"\/><\/p>\n<p><img decoding=\"async\" src=\"\/wp-content\/uploads\/factory-03.webp\"\/><\/p>\n<h3>Sklad pl\u00edsn\u00ed<\/h3>\n<p><img decoding=\"async\" src=\"\/wp-content\/uploads\/factory-04.webp\"\/><\/p>\n<h3>43 linek na vytla\u010dov\u00e1n\u00ed hlin\u00edku (500 - 5500 tun)<\/h3>\n<p><img decoding=\"async\" src=\"\/wp-content\/uploads\/factory-05.webp\"\/><\/p>\n<p><img decoding=\"async\" src=\"\/wp-content\/uploads\/factory-06.webp\"\/><\/p>\n<p><img decoding=\"async\" src=\"\/wp-content\/uploads\/factory-07.webp\"\/><\/p>\n<h3>D\u00edlna pr\u00e1\u0161kov\u00e9ho lakov\u00e1n\u00ed<\/h3>\n<p><img decoding=\"async\" src=\"\/wp-content\/uploads\/factory-09.webp\"\/><\/p>\n<h3>D\u00edlna eloxov\u00e1n\u00ed<\/h3>\n<p><img decoding=\"async\" src=\"\/wp-content\/uploads\/factory-10.webp\"\/><\/p>\n<h3>Workshop o hloubkov\u00e9m zpracov\u00e1n\u00ed<\/h3>\n<p><img decoding=\"async\" src=\"\/wp-content\/uploads\/factory-11.webp\"\/><\/p>\n<h3>D\u00edlna CNC p\u0159esn\u00e9ho obr\u00e1b\u011bn\u00ed<\/h3>\n<p><img decoding=\"async\" src=\"\/wp-content\/uploads\/factory-11.5.webp\"\/><\/p>\n<h3>Sklad hotov\u00fdch v\u00fdrobk\u016f a exportn\u00ed sklad<\/h3>\n<p><img decoding=\"async\" src=\"\/wp-content\/uploads\/factory-12.webp\"\/><\/p>\n<p><img decoding=\"async\" src=\"\/wp-content\/uploads\/factory-13.webp\"\/><\/p>\n<p><img decoding=\"async\" src=\"\/wp-content\/uploads\/factory-14.webp\"\/><\/p>\n<h2>\u010cASTO KLADEN\u00c9 DOTAZY<\/h2>\n<p><p><b>1.Co jsou hlin\u00edkov\u00e9 konstruk\u010dn\u00ed r\u00e1mov\u00e9 v\u00fdlisky pro dv\u00ed\u0159ka kuchy\u0148sk\u00fdch sk\u0159\u00edn\u011bk?<\/b><\/p>\n<p>Jedn\u00e1 se o p\u0159esn\u00e9 hlin\u00edkov\u00e9 profily, kter\u00e9 se pou\u017e\u00edvaj\u00ed ke konstrukci a r\u00e1mov\u00e1n\u00ed dve\u0159\u00ed sk\u0159\u00edn\u011bk a nab\u00edzej\u00ed pevnost, odolnost a stylovou povrchovou \u00fapravu.<br \/>\n<\/p><br \/>\n<br \/>\n<p><b>2.Pro\u010d zvolit eloxovan\u00e9 hlin\u00edkov\u00e9 v\u00fdlisky v barv\u011b \u0161ampa\u0148sk\u00e9ho pro kuchy\u0148sk\u00e9 sk\u0159\u00ed\u0148ky?<\/b><\/p>\n<p>Anodizovan\u00fd povrch v barv\u011b \u0161ampa\u0148sk\u00e9ho poskytuje luxusn\u00ed vzhled a z\u00e1rove\u0148 chr\u00e1n\u00ed p\u0159ed koroz\u00ed, po\u0161kr\u00e1b\u00e1n\u00edm a vlhkost\u00ed v kuchyni.<br \/>\n<\/p><br \/>\n<br \/>\n<p><b>3.Jsou tyto hlin\u00edkov\u00e9 profily vhodn\u00e9 pro pou\u017eit\u00ed v kuchyni v P\u00e1kist\u00e1nu?<\/b><\/p>\n<p>Ano, jsou vhodn\u00e9 pro p\u00e1kist\u00e1nsk\u00fd trh d\u00edky sv\u00e9 tepeln\u00e9 odolnosti, nen\u00e1ro\u010dnosti na \u00fadr\u017ebu a estetick\u00e9 kompatibilit\u011b s modern\u00edm designem kuchyn\u011b.<br \/>\n<\/p><br \/>\n<br \/>\n<p><b>4.Mohou b\u00fdt hlin\u00edkov\u00e9 v\u00fdlisky OEM p\u0159izp\u016fsobeny pro dv\u00ed\u0159ka kuchy\u0148sk\u00fdch sk\u0159\u00edn\u011bk?<\/b><\/p>\n<p>Mo\u017enosti OEM samoz\u0159ejm\u011b umo\u017e\u0148uj\u00ed p\u0159izp\u016fsobit d\u00e9lky, povrchov\u00e9 \u00fapravy, tvary profil\u016f a vrt\u00e1n\u00ed na z\u00e1klad\u011b specifikac\u00ed v\u00fdrobce sk\u0159\u00edn\u00ed.<br \/>\n<\/p><br \/>\n<br \/>\n<p><b>5.V \u010dem je hlin\u00edk lep\u0161\u00ed ne\u017e d\u0159evo pro r\u00e1my dve\u0159\u00ed sk\u0159\u00edn\u00ed?<\/b><\/p>\n<p>Hlin\u00edk je lehk\u00fd, odoln\u00fd proti korozi a rozm\u011brov\u011b stabiln\u011bj\u0161\u00ed ne\u017e d\u0159evo, zejm\u00e9na ve vlhk\u00fdch kuchy\u0148sk\u00fdch podm\u00ednk\u00e1ch.<br \/>\n<\/p><br \/>\n<br \/>\n<p><b>6.Je eloxovan\u00e1 povrchov\u00e1 \u00faprava hlin\u00edku odoln\u00e1?<\/b><\/p>\n<p>Ano, eloxov\u00e1n\u00ed vytv\u00e1\u0159\u00ed tvrd\u00fd, neloupaj\u00edc\u00ed se povrch, kter\u00fd odol\u00e1v\u00e1 blednut\u00ed, korozi a skvrn\u00e1m, co\u017e je ide\u00e1ln\u00ed pro dlouhodob\u00e9 pou\u017eit\u00ed v kuchyni.<br \/>\n<\/p><br \/>\n<br \/>\n<p><b>7.Jsou tyto hlin\u00edkov\u00e9 v\u00fdlisky k dispozici s odpov\u00eddaj\u00edc\u00edm p\u0159\u00edslu\u0161enstv\u00edm?<\/b><\/p>\n<p>Ano, k dispozici jsou odpov\u00eddaj\u00edc\u00ed \u00fachyty, z\u00e1v\u011bsy, spojky a rohov\u00e9 spoje, kter\u00e9 zaji\u0161\u0165uj\u00ed bezprobl\u00e9movou konstrukci sk\u0159\u00edn\u011bk.<br \/>\n<\/p><br \/><\/p>","protected":false},"featured_media":7830,"template":"","categories":[67],"class_list":["post-7831","product","type-product","status-publish","has-post-thumbnail","hentry","category-architectural-aluminium-profile"],"meta_box":{"hilight_text_group":{"product_hilight_text":"<li>High-quality aluminum extrusions provide strong structural support for kitchen cabinet doors<\/li>\r\r\n<li>Elegant anodized champagne finish adds a premium and modern look<\/li>\r\r\n<li>OEM customization available for sizes, designs, and hardware compatibility<\/li>\r\r\n<li>Corrosion-resistant and easy-to-clean surface, ideal for kitchen environments<\/li>\r\r\n<li>Lightweight yet durable for long-term daily use<\/li>\r\r\n<li>Popular in the Pakistani market with competitive direct factory pricing<\/li>","product_chanpin_blog":"<ul>\r\r\n<li><a href=\"https:\/\/sinoextrud.com\/t-slot-v-slot-differences\/\" target=\"_blank\">t slot vs v slot<\/a><\/li>\r\r\n<li><a href=\"https:\/\/sinoextrud.com\/what-is-4040-aluminium-extrud\/\" target=\"_blank\">4040 aluminium extrusion<\/a><\/li>\r\r\n<li><a href=\"https:\/\/sinoextrud.com\/what-is-4040-aluminium-extrud\/\" target=\"_blank\">aluminum extrusions for industrial racks<\/a><\/li>\r\r\n<li><a href=\"https:\/\/sinoextrud.com\/powder-coating-aluminium-process\/\" target=\"_blank\">powder coating aluminium<\/a><\/li>\r\r\n<li><a href=\"https:\/\/sinoextrud.com\/what-is-an-aluminium-strip-ceiling\/\" target=\"_blank\">aluminium strip ceiling<\/a><\/li>\r\r\n<li><a href=\"https:\/\/sinoextrud.com\/what-is-a-heat-sink\/\" target=\"_blank\">what is a heat sink<\/a><\/li>\r\r\n<\/ul>","product_chanpin_chanpin":"<li><a href=\"https:\/\/sinoextrud.com\/product\/sructrual-aluminum-extrusion-profiles-ceiling-drop-ceiling\/\" target=\"_blank\">Sructrual Aluminum Extrusion Profiles Ceiling Drop Ceiling<\/a><\/li>\r\n<li><a href=\"https:\/\/sinoextrud.com\/product\/l-shaped-aluminium-profile\/\" target=\"_blank\">L Shaped Aluminium Profile<\/a><\/li>\r\n<li><a href=\"https:\/\/sinoextrud.com\/product\/80-x-80-aluminum-extrusion\/\" target=\"_blank\">80 X 80 Aluminum Extrusion<\/a><\/li>\r\n<li><a href=\"https:\/\/sinoextrud.com\/product\/aluminum-profile-price-of-aluminium-partition-wall-studs-aluminum-manufacturer\/\" target=\"_blank\">aluminum profile price of aluminium partition wall studs aluminum manufacturer<\/a><\/li>\r\n<li><a href=\"https:\/\/sinoextrud.com\/product\/extrusions-aluminum-structural-framing-kitchen-cabinet-doors-oem-anodized-champagne-selling-in-pakistan\/\" target=\"_blank\">extrusions aluminum structural framing kitchen cabinet doors OEM Anodized champagne selling in pakistan<\/a><\/li>\r\n<li><a href=\"https:\/\/sinoextrud.com\/product\/aluminum-door-jamb-extrusion\/\" target=\"_blank\">Aluminum Door Jamb Extrusion<\/a><\/li>\r\n<li><a href=\"https:\/\/sinoextrud.com\/product\/sandblasted-aluminum-finish-profile\/\" target=\"_blank\">Sandblasted Aluminum Finish Profile<\/a><\/li>\r\n<li><a href=\"https:\/\/sinoextrud.com\/product\/aluminum-handrail-systems\/\" target=\"_blank\">Aluminum Handrail Systems<\/a><\/li>\r\n<li><a href=\"https:\/\/sinoextrud.com\/product\/curtain-aluminum-profile-extrusion-for-window\/\" target=\"_blank\">Curtain Aluminum Profile Extrusion For Window<\/a><\/li>\r\n<li><a href=\"https:\/\/sinoextrud.com\/product\/aluminum-decorative-timber-batten-3d-aluminum-profiles-timber-ceilings-u-shaped-baffle-ceiling\/\" target=\"_blank\">Aluminum Decorative Timber Batten 3D Aluminum Profiles Timber Ceilings U-shaped Baffle Ceiling<\/a><\/li>\r\n<li><a href=\"https:\/\/sinoextrud.com\/product\/anodized-extruded-u-shaped-aluminium-profile\/\" target=\"_blank\">Anodized Extruded U Shaped Aluminium Profile<\/a><\/li>"},"feature_list":[]},"_links":{"self":[{"href":"https:\/\/sinoextrud.com\/cs\/wp-json\/wp\/v2\/product\/7831","targetHints":{"allow":["GET"]}}],"collection":[{"href":"https:\/\/sinoextrud.com\/cs\/wp-json\/wp\/v2\/product"}],"about":[{"href":"https:\/\/sinoextrud.com\/cs\/wp-json\/wp\/v2\/types\/product"}],"wp:featuredmedia":[{"embeddable":true,"href":"https:\/\/sinoextrud.com\/cs\/wp-json\/wp\/v2\/media\/7830"}],"wp:attachment":[{"href":"https:\/\/sinoextrud.com\/cs\/wp-json\/wp\/v2\/media?parent=7831"}],"wp:term":[{"taxonomy":"category","embeddable":true,"href":"https:\/\/sinoextrud.com\/cs\/wp-json\/wp\/v2\/categories?post=7831"}],"curies":[{"name":"wp","href":"https:\/\/api.w.org\/{rel}","templated":true}]}}