{"id":7827,"date":"2025-06-11T02:20:23","date_gmt":"2025-06-11T02:20:23","guid":{"rendered":"https:\/\/sinoextrud.com\/product\/80-x-80-aluminum-extrusion\/"},"modified":"2025-06-24T06:13:44","modified_gmt":"2025-06-24T06:13:44","slug":"hlinikovy-vylisek-80-x-81","status":"publish","type":"product","link":"https:\/\/sinoextrud.com\/cs\/product\/80-x-80-aluminum-extrusion\/","title":{"rendered":"Hlin\u00edkov\u00fd v\u00fdlisek 80 X 80"},"content":{"rendered":"<h2>Podrobnosti o produktech<\/h2>\n<table class=\"custom-table\">\n<tbody>\n<tr>\n<td> Model NO:<\/td>\n<td> Hlin\u00edkov\u00fd v\u00fdlisek 80 X 80<\/td>\n<\/tr>\n<tr>\n<td> Tvar:<\/td>\n<td> \u010ctverec<\/td>\n<\/tr>\n<tr>\n<td> M\u00edrnost:<\/td>\n<td> T3-T8<\/td>\n<\/tr>\n<tr>\n<td> Povrchov\u00e1 \u00faprava:<\/td>\n<td> Anodick\u00e1 oxidace<\/td>\n<\/tr>\n<tr>\n<td> Certifikace:<\/td>\n<td> ISO<\/td>\n<\/tr>\n<tr>\n<td> Barva:<\/td>\n<td> Silver<\/td>\n<\/tr>\n<tr>\n<td> P\u0159epravn\u00ed bal\u00ed\u010dek:<\/td>\n<td> Film + d\u0159ev\u011bn\u00e1\/kartonov\u00e1 krabice<\/td>\n<\/tr>\n<tr>\n<td> P\u016fvod:<\/td>\n<td> Foshan, Guangdong, \u010c\u00edna<\/td>\n<\/tr>\n<tr>\n<td> Typ:<\/td>\n<td> Hlin\u00edkov\u00e9 profily pro okna a dve\u0159e, dekora\u010dn\u00ed hlin\u00edkov\u00e9 profily, p\u0159epravn\u00ed hlin\u00edkov\u00e9 profily, r\u00e1my za\u0159\u00edzen\u00ed<\/td>\n<\/tr>\n<tr>\n<td> T\u0159\u00edda:<\/td>\n<td> \u0158ada 6000<\/td>\n<\/tr>\n<tr>\n<td> Slitina:<\/td>\n<td> Slitina<\/td>\n<\/tr>\n<tr>\n<td> Leguj\u00edc\u00ed slo\u017eka:<\/td>\n<td> 6063<\/td>\n<\/tr>\n<tr>\n<td> Profil z le\u0161t\u011bn\u00e9ho hlin\u00edku:<\/td>\n<td> Chemick\u00e9 le\u0161t\u011bn\u00ed<\/td>\n<\/tr>\n<tr>\n<td> Ochrann\u00e1 zn\u00e1mka:<\/td>\n<td> Sinoextrud<\/td>\n<\/tr>\n<tr>\n<td> Specifikace:<\/td>\n<td> 80*80 mm<\/td>\n<\/tr>\n<tr>\n<td> K\u00f3d HS:<\/td>\n<td> 760421000<\/td>\n<\/tr>\n<tr>\n<td> Materi\u00e1l:<\/td>\n<td> Hlin\u00edk<\/td>\n<\/tr>\n<tr>\n<td> Specifikace:<\/td>\n<td> profil 80*80 mm<\/td>\n<\/tr>\n<tr>\n<td> Dokon\u010den\u00ed:<\/td>\n<td> eloxovan\u00e1 oxidace<\/td>\n<\/tr>\n<\/tbody>\n<\/table>\n<h2>Na\u0161e v\u00fdrobn\u00ed z\u00e1kladna<\/h2>\n<h3>Panorama tov\u00e1rny<\/h3>\n<p><img decoding=\"async\" src=\"\/wp-content\/uploads\/factory-01.webp\"\/><\/p>\n<h3>D\u00edlna na v\u00fdrobu hlin\u00edkov\u00fdch ty\u010d\u00ed<\/h3>\n<p><img decoding=\"async\" src=\"\/wp-content\/uploads\/factory-02.webp\"\/><\/p>\n<p><img decoding=\"async\" src=\"\/wp-content\/uploads\/factory-03.webp\"\/><\/p>\n<h3>Sklad pl\u00edsn\u00ed<\/h3>\n<p><img decoding=\"async\" src=\"\/wp-content\/uploads\/factory-04.webp\"\/><\/p>\n<h3>43 linek na vytla\u010dov\u00e1n\u00ed hlin\u00edku (500 - 5500 tun)<\/h3>\n<p><img decoding=\"async\" src=\"\/wp-content\/uploads\/factory-05.webp\"\/><\/p>\n<p><img decoding=\"async\" src=\"\/wp-content\/uploads\/factory-06.webp\"\/><\/p>\n<p><img decoding=\"async\" src=\"\/wp-content\/uploads\/factory-07.webp\"\/><\/p>\n<h3>D\u00edlna pr\u00e1\u0161kov\u00e9ho lakov\u00e1n\u00ed<\/h3>\n<p><img decoding=\"async\" src=\"\/wp-content\/uploads\/factory-09.webp\"\/><\/p>\n<h3>D\u00edlna eloxov\u00e1n\u00ed<\/h3>\n<p><img decoding=\"async\" src=\"\/wp-content\/uploads\/factory-10.webp\"\/><\/p>\n<h3>Workshop o hloubkov\u00e9m zpracov\u00e1n\u00ed<\/h3>\n<p><img decoding=\"async\" src=\"\/wp-content\/uploads\/factory-11.webp\"\/><\/p>\n<h3>D\u00edlna CNC p\u0159esn\u00e9ho obr\u00e1b\u011bn\u00ed<\/h3>\n<p><img decoding=\"async\" src=\"\/wp-content\/uploads\/factory-11.5.webp\"\/><\/p>\n<h3>Sklad hotov\u00fdch v\u00fdrobk\u016f a exportn\u00ed sklad<\/h3>\n<p><img decoding=\"async\" src=\"\/wp-content\/uploads\/factory-12.webp\"\/><\/p>\n<p><img decoding=\"async\" src=\"\/wp-content\/uploads\/factory-13.webp\"\/><\/p>\n<p><img decoding=\"async\" src=\"\/wp-content\/uploads\/factory-14.webp\"\/><\/p>\n<h2>\u010cASTO KLADEN\u00c9 DOTAZY<\/h2>\n<p><p><b>1.Co je to hlin\u00edkov\u00fd v\u00fdlisek 80 x 80?<\/b><\/p>\n<p>Jedn\u00e1 se o konstruk\u010dn\u00ed hlin\u00edkov\u00fd profil o pr\u016f\u0159ezu 80 \u00d7 80 mm, kter\u00fd se b\u011b\u017en\u011b pou\u017e\u00edv\u00e1 v pr\u016fmyslov\u00fdch r\u00e1mov\u00fdch konstrukc\u00edch a automatiza\u010dn\u00edch syst\u00e9mech.<br \/>\n<\/p><br \/>\n<br \/>\n<p><b>2.Pro\u010d zvolit hlin\u00edkov\u00fd profil 80 x 80?<\/b><\/p>\n<p>Tato velikost nab\u00edz\u00ed vynikaj\u00edc\u00ed pevnost a tuhost, tak\u017ee je ide\u00e1ln\u00ed pro t\u011b\u017ek\u00e9 aplikace, jako jsou z\u00e1kladny stroj\u016f a pr\u016fmyslov\u00e9 sk\u0159\u00edn\u011b.<br \/>\n<\/p><br \/>\n<br \/>\n<p><b>3.Jak\u00fd materi\u00e1l se pou\u017e\u00edv\u00e1 u hlin\u00edkov\u00fdch v\u00fdlisk\u016f 80 x 80?<\/b><\/p>\n<p>Obvykle se vyr\u00e1b\u011bj\u00ed z vysoce kvalitn\u00edch hlin\u00edkov\u00fdch slitin, jako je 6063-T5 nebo 6061-T6, kter\u00e9 jsou zn\u00e1m\u00e9 svou pevnost\u00ed, odolnost\u00ed proti korozi a zpracovatelnost\u00ed.<br \/>\n<\/p><br \/>\n<br \/>\n<p><b>4.Jsou hlin\u00edkov\u00e9 v\u00fdlisky 80 x 80 kompatibiln\u00ed s p\u0159\u00edslu\u0161enstv\u00edm s T-dr\u00e1\u017ekou?<\/b><\/p>\n<p>Ano, profil je navr\u017een se standardn\u00edmi T-dr\u00e1\u017ekami, kter\u00e9 umo\u017e\u0148uj\u00ed snadnou integraci s konektory, spojovac\u00edmi prvky a panely.<br \/>\n<\/p><br \/>\n<br \/>\n<p><b>5.Lze profil 80 x 80 \u0159ezat a p\u0159izp\u016fsobit?<\/b><\/p>\n<p>V\u00fdlisky lze samoz\u0159ejm\u011b \u0159ezat na d\u00e9lku a opracov\u00e1vat pro otvory, z\u00e1vity nebo dr\u00e1\u017eky podle konkr\u00e9tn\u00edch po\u017eadavk\u016f projektu.<br \/>\n<\/p><br \/>\n<br \/>\n<p><b>6.Je hlin\u00edkov\u00fd v\u00fdlisek 80 x 80 vhodn\u00fd pro venkovn\u00ed pou\u017eit\u00ed?<\/b><\/p>\n<p>Ano, hlin\u00edk je d\u00edky sv\u00fdm korozivzdorn\u00fdm vlastnostem vhodn\u00fd pro vnit\u0159n\u00ed i venkovn\u00ed pr\u016fmyslov\u00e9 prost\u0159ed\u00ed.<br \/>\n<\/p><br \/>\n<br \/>\n<p><b>7.Jak\u00e9 aplikace jsou ide\u00e1ln\u00ed pro hlin\u00edkov\u00e9 v\u00fdlisky 80 x 80?<\/b><\/p>\n<p>Mezi b\u011b\u017en\u00e9 aplikace pat\u0159\u00ed automatiza\u010dn\u00ed r\u00e1my, konstrukce CNC stroj\u016f, dopravn\u00edky, pracovn\u00ed stanice a zak\u00e1zkov\u00e9 modul\u00e1rn\u00ed syst\u00e9my.<br \/>\n<\/p><br \/><\/p>","protected":false},"featured_media":7825,"template":"","categories":[67],"class_list":["post-7827","product","type-product","status-publish","has-post-thumbnail","hentry","category-architectural-aluminium-profile"],"meta_box":{"hilight_text_group":{"product_hilight_text":"<li>Robust 80x80mm profile provides high load-bearing capacity for industrial applications<\/li>\r\r\n<li>T-slot design allows for flexible and modular assembly<\/li>\r\r\n<li>Made from high-strength, corrosion-resistant aluminum alloy<\/li>\r\r\n<li>Precision extruded for excellent dimensional accuracy<\/li>\r\r\n<li>Compatible with a wide range of accessories and connectors<\/li>\r\r\n<li>Ideal for machine frames, workstations, enclosures, and automation systems<\/li>","product_chanpin_blog":"<ul>\r\r\n<li><a href=\"https:\/\/sinoextrud.com\/t-slot-v-slot-differences\/\" target=\"_blank\">t slot vs v slot<\/a><\/li>\r\r\n<li><a href=\"https:\/\/sinoextrud.com\/what-is-4040-aluminium-extrud\/\" target=\"_blank\">4040 aluminium extrusion<\/a><\/li>\r\r\n<li><a href=\"https:\/\/sinoextrud.com\/what-is-4040-aluminium-extrud\/\" target=\"_blank\">aluminum extrusions for industrial racks<\/a><\/li>\r\r\n<li><a href=\"https:\/\/sinoextrud.com\/powder-coating-aluminium-process\/\" target=\"_blank\">powder coating aluminium<\/a><\/li>\r\r\n<li><a href=\"https:\/\/sinoextrud.com\/what-is-an-aluminium-strip-ceiling\/\" target=\"_blank\">aluminium strip ceiling<\/a><\/li>\r\r\n<li><a href=\"https:\/\/sinoextrud.com\/what-is-a-heat-sink\/\" target=\"_blank\">what is a heat sink<\/a><\/li>\r\r\n<\/ul>","product_chanpin_chanpin":"<li><a href=\"https:\/\/sinoextrud.com\/product\/large-custom-aluminum-extrusions\/\" target=\"_blank\">Large Custom Aluminum Extrusions<\/a><\/li>\r\n<li><a href=\"https:\/\/sinoextrud.com\/product\/double-angle-aluminum-extrusion\/\" target=\"_blank\">Double Angle Aluminum Extrusion<\/a><\/li>\r\n<li><a href=\"https:\/\/sinoextrud.com\/product\/sructrual-aluminum-extrusion-profiles-ceiling-drop-ceiling\/\" target=\"_blank\">Sructrual Aluminum Extrusion Profiles Ceiling Drop Ceiling<\/a><\/li>\r\n<li><a href=\"https:\/\/sinoextrud.com\/product\/l-shaped-aluminium-profile\/\" target=\"_blank\">L Shaped Aluminium Profile<\/a><\/li>\r\n<li><a href=\"https:\/\/sinoextrud.com\/product\/80-x-80-aluminum-extrusion\/\" target=\"_blank\">80 X 80 Aluminum Extrusion<\/a><\/li>\r\n<li><a href=\"https:\/\/sinoextrud.com\/product\/aluminum-profile-price-of-aluminium-partition-wall-studs-aluminum-manufacturer\/\" target=\"_blank\">aluminum profile price of aluminium partition wall studs aluminum manufacturer<\/a><\/li>\r\n<li><a href=\"https:\/\/sinoextrud.com\/product\/extrusions-aluminum-structural-framing-kitchen-cabinet-doors-oem-anodized-champagne-selling-in-pakistan\/\" target=\"_blank\">extrusions aluminum structural framing kitchen cabinet doors OEM Anodized champagne selling in pakistan<\/a><\/li>\r\n<li><a href=\"https:\/\/sinoextrud.com\/product\/aluminum-door-jamb-extrusion\/\" target=\"_blank\">Aluminum Door Jamb Extrusion<\/a><\/li>\r\n<li><a href=\"https:\/\/sinoextrud.com\/product\/sandblasted-aluminum-finish-profile\/\" target=\"_blank\">Sandblasted Aluminum Finish Profile<\/a><\/li>\r\n<li><a href=\"https:\/\/sinoextrud.com\/product\/glass-balcony-railing-aluminum-u-channel-design\/\" target=\"_blank\">Glass Balcony Railing Aluminum U Channel Design<\/a><\/li>\r\n<li><a href=\"https:\/\/sinoextrud.com\/product\/aluminum-rectangular-extrusion\/\" target=\"_blank\">Aluminum Rectangular Extrusion<\/a><\/li>"},"feature_list":[]},"_links":{"self":[{"href":"https:\/\/sinoextrud.com\/cs\/wp-json\/wp\/v2\/product\/7827","targetHints":{"allow":["GET"]}}],"collection":[{"href":"https:\/\/sinoextrud.com\/cs\/wp-json\/wp\/v2\/product"}],"about":[{"href":"https:\/\/sinoextrud.com\/cs\/wp-json\/wp\/v2\/types\/product"}],"wp:featuredmedia":[{"embeddable":true,"href":"https:\/\/sinoextrud.com\/cs\/wp-json\/wp\/v2\/media\/7825"}],"wp:attachment":[{"href":"https:\/\/sinoextrud.com\/cs\/wp-json\/wp\/v2\/media?parent=7827"}],"wp:term":[{"taxonomy":"category","embeddable":true,"href":"https:\/\/sinoextrud.com\/cs\/wp-json\/wp\/v2\/categories?post=7827"}],"curies":[{"name":"wp","href":"https:\/\/api.w.org\/{rel}","templated":true}]}}