{"id":7796,"date":"2025-06-10T07:48:15","date_gmt":"2025-06-10T07:48:15","guid":{"rendered":"https:\/\/sinoextrud.com\/product\/double-angle-aluminum-extrusion\/"},"modified":"2025-06-24T06:13:42","modified_gmt":"2025-06-24T06:13:42","slug":"dvojity-uhelnik-hlinikoveho-vylisku-2","status":"publish","type":"product","link":"https:\/\/sinoextrud.com\/cs\/product\/double-angle-aluminum-extrusion\/","title":{"rendered":"Dvojit\u00fd \u00faheln\u00edk hlin\u00edkov\u00e9 v\u00fdlisky"},"content":{"rendered":"<h2>Podrobnosti o produktech<\/h2>\n<table class=\"custom-table\">\n<tr>\n<td class=\"label\">N\u00e1zev<\/td>\n<td>Dvojit\u00fd \u00faheln\u00edk hlin\u00edkov\u00e9ho v\u00fdlisku<\/td>\n<\/tr>\n<tr>\n<td class=\"label\">Zna\u010dka<\/td>\n<td>Sinoextrud\/Sinoextrud<\/td>\n<\/tr>\n<tr>\n<td class=\"label\">Kategorie<\/td>\n<td>Hlin\u00edkov\u00fd v\u00fdlisek<\/td>\n<\/tr>\n<tr>\n<td class=\"label\">Materi\u00e1l<\/td>\n<td>6061\/6063 je \u0161iroce pou\u017e\u00edv\u00e1n. K dispozici jsou tak\u00e9 6463, 6005, 6082.<\/td>\n<\/tr>\n<tr>\n<td class=\"label\">Temperament<\/td>\n<td>T5-T8<\/td>\n<\/tr>\n<tr>\n<td class=\"label\">D\u00e9lka<\/td>\n<td>1-9 m \/ p\u0159izp\u016fsoben\u00ed \/ d\u00e9lka vhodn\u00e1 pro 20GP a 40GP.<\/td>\n<\/tr>\n<tr>\n<td class=\"label\">Velikost (mm)<\/td>\n<td>R\u016fzn\u00e9 velikosti jsou k dispozici, z\u00e1kaznick\u00fd v\u00fdkres je k dispozici<\/td>\n<\/tr>\n<tr>\n<td class=\"label\">Tvar<\/td>\n<td>Podle v\u00fdkresu<\/td>\n<\/tr>\n<tr>\n<td class=\"label\">Povrchov\u00e1 \u00faprava<\/td>\n<td>Povrchov\u00e1 \u00faprava; k dispozici je tak\u00e9 eloxov\u00e1n\u00ed, p\u00edskov\u00e1n\u00ed a elektrofor\u00e9za.<\/td>\n<\/tr>\n<tr>\n<td class=\"label\">Barva<\/td>\n<td>Barvy m\u016f\u017eeme p\u0159izp\u016fsobit na z\u00e1klad\u011b vzork\u016f z\u00e1kazn\u00edk\u016f.<\/td>\n<\/tr>\n<tr>\n<td class=\"label\">Z\u00e1ruka<\/td>\n<td>1. ISO9001-2008\/ISO 9001:2008<br \/>\n2. GB\/T24001-2004\/ISO 14001:2004\/ GB\/T28001-2001<br \/>\n3. GMC \/ TUV \/ SGS<\/td>\n<\/tr>\n<tr>\n<td class=\"label\">Standardn\u00ed<\/td>\n<td>St\u0159edn\u00ed a vysok\u00e1 kvalita<\/td>\n<\/tr>\n<tr>\n<td class=\"label\">MOQ<\/td>\n<td>200KGS pro ka\u017edou polo\u017eku<\/td>\n<\/tr>\n<tr>\n<td class=\"label\">Z<\/td>\n<td>Guangdong, \u010c\u00edna<\/td>\n<\/tr>\n<tr>\n<td class=\"label\">Aplikace<\/td>\n<td>Pr\u016fmysl, stavebnictv\u00ed, dekorace<\/td>\n<\/tr>\n<\/table>\n<h2>Na\u0161e v\u00fdrobn\u00ed z\u00e1kladna<\/h2>\n<h3>Panorama tov\u00e1rny<\/h3>\n<p><img decoding=\"async\" src=\"\/wp-content\/uploads\/factory-01.webp\"\/><\/p>\n<h3>D\u00edlna na v\u00fdrobu hlin\u00edkov\u00fdch ty\u010d\u00ed<\/h3>\n<p><img decoding=\"async\" src=\"\/wp-content\/uploads\/factory-02.webp\"\/><\/p>\n<p><img decoding=\"async\" src=\"\/wp-content\/uploads\/factory-03.webp\"\/><\/p>\n<h3>Sklad pl\u00edsn\u00ed<\/h3>\n<p><img decoding=\"async\" src=\"\/wp-content\/uploads\/factory-04.webp\"\/><\/p>\n<h3>43 linek na vytla\u010dov\u00e1n\u00ed hlin\u00edku (500 - 5500 tun)<\/h3>\n<p><img decoding=\"async\" src=\"\/wp-content\/uploads\/factory-05.webp\"\/><\/p>\n<p><img decoding=\"async\" src=\"\/wp-content\/uploads\/factory-06.webp\"\/><\/p>\n<p><img decoding=\"async\" src=\"\/wp-content\/uploads\/factory-07.webp\"\/><\/p>\n<h3>D\u00edlna pr\u00e1\u0161kov\u00e9ho lakov\u00e1n\u00ed<\/h3>\n<p><img decoding=\"async\" src=\"\/wp-content\/uploads\/factory-09.webp\"\/><\/p>\n<h3>D\u00edlna eloxov\u00e1n\u00ed<\/h3>\n<p><img decoding=\"async\" src=\"\/wp-content\/uploads\/factory-10.webp\"\/><\/p>\n<h3>Workshop o hloubkov\u00e9m zpracov\u00e1n\u00ed<\/h3>\n<p><img decoding=\"async\" src=\"\/wp-content\/uploads\/factory-11.webp\"\/><\/p>\n<h3>D\u00edlna CNC p\u0159esn\u00e9ho obr\u00e1b\u011bn\u00ed<\/h3>\n<p><img decoding=\"async\" src=\"\/wp-content\/uploads\/factory-11.5.webp\"\/><\/p>\n<h3>Sklad hotov\u00fdch v\u00fdrobk\u016f a exportn\u00ed sklad<\/h3>\n<p><img decoding=\"async\" src=\"\/wp-content\/uploads\/factory-12.webp\"\/><\/p>\n<p><img decoding=\"async\" src=\"\/wp-content\/uploads\/factory-13.webp\"\/><\/p>\n<p><img decoding=\"async\" src=\"\/wp-content\/uploads\/factory-14.webp\"\/><\/p>\n<h2>\u010cASTO KLADEN\u00c9 DOTAZY<\/h2>\n<p><p><b>1.Co je dvojit\u00fd \u00faheln\u00edk hlin\u00edkov\u00e9 vytla\u010dov\u00e1n\u00ed?<\/b><\/p>\n<p>Dvojit\u00fd \u00faheln\u00edkov\u00fd hlin\u00edkov\u00fd v\u00fdlisek je speci\u00e1ln\u011b tvarovan\u00fd hlin\u00edkov\u00fd profil se dv\u011bma \u00fahlov\u00fdmi p\u0159\u00edrubami, kter\u00fd je navr\u017een pro lep\u0161\u00ed konstruk\u010dn\u00ed podporu v r\u00e1mov\u00fdch a rohov\u00fdch aplikac\u00edch.<br \/>\n<\/p><br \/>\n<br \/>\n<p><b>2.Jak\u00e9 jsou v\u00fdhody pou\u017e\u00edv\u00e1n\u00ed dvou\u00faheln\u00edkov\u00e9ho hlin\u00edkov\u00e9ho v\u00fdlisku?<\/b><\/p>\n<p>Jeho dvou\u00faheln\u00edkov\u00e1 konstrukce nab\u00edz\u00ed vynikaj\u00edc\u00ed vyztu\u017een\u00ed, snadnou instalaci, odolnost proti korozi a lehkou manipulaci.<br \/>\n<\/p><br \/>\n<br \/>\n<p><b>3.Kde se b\u011b\u017en\u011b pou\u017e\u00edv\u00e1 dvojit\u00fd \u00faheln\u00edkov\u00fd hlin\u00edkov\u00fd v\u00fdlisek?<\/b><\/p>\n<p>Pou\u017e\u00edv\u00e1 se v modul\u00e1rn\u00edch konstrukc\u00edch, stavebn\u00edch podp\u011br\u00e1ch, n\u00e1bytku, sk\u0159\u00edn\u00edch a pr\u016fmyslov\u00fdch za\u0159\u00edzen\u00edch vy\u017eaduj\u00edc\u00edch pevn\u00e9 rohov\u00e9 spoje.<br \/>\n<\/p><br \/>\n<br \/>\n<p><b>4.Is Double Angle Aluminium Extrusion odoln\u00fd proti korozi?<\/b><\/p>\n<p>Ano, je vyroben z hlin\u00edku odoln\u00e9ho proti korozi, tak\u017ee je vhodn\u00fd do vnit\u0159n\u00edho i venkovn\u00edho prost\u0159ed\u00ed.<br \/>\n<\/p><br \/>\n<br \/>\n<p><b>5.Mohu z\u00edskat vlastn\u00ed velikosti nebo povrchov\u00e9 \u00fapravy pro dvojit\u00e9 \u00fahlov\u00e9 hlin\u00edkov\u00e9 v\u00fdlisky?<\/b><\/p>\n<p>Ano, nab\u00edz\u00edme zak\u00e1zkov\u00e9 \u0159ezy, eloxovan\u00e9 nebo pr\u00e1\u0161kov\u011b lakovan\u00e9 povrchy a r\u016fzn\u00e9 tlou\u0161\u0165ky, abychom vyhov\u011bli po\u017eadavk\u016fm projektu.<br \/>\n<\/p><br \/>\n<br \/>\n<p><b>6.Je dvou\u00faheln\u00edkov\u00fd hlin\u00edkov\u00fd v\u00fdlisek kompatibiln\u00ed se standardn\u00edmi konektory?<\/b><\/p>\n<p>Ano, dob\u0159e se integruje s v\u011bt\u0161inou p\u0159\u00edslu\u0161enstv\u00ed, dr\u017e\u00e1k\u016f a spojovac\u00edch prvk\u016f z hlin\u00edkov\u00fdch profil\u016f a zjednodu\u0161uje mont\u00e1\u017e.<br \/>\n<\/p><br \/>\n<br \/>\n<p><b>7.Poskytuje dvojit\u00fd \u00faheln\u00edk hlin\u00edkov\u00e9ho v\u00fdlisku lep\u0161\u00ed podporu zat\u00ed\u017een\u00ed?<\/b><\/p>\n<p>Ano, dvoj\u00faheln\u00edkov\u00e1 konfigurace zvy\u0161uje nosnost, zejm\u00e9na u konstruk\u010dn\u00edch a rohov\u00fdch v\u00fdztuh.<br \/>\n<\/p><br \/>\n<br \/>\n<p><b>8.Je snadn\u00e9 tento v\u00fdlisek vyrobit a instalovat?<\/b><\/p>\n<p>D\u00edky lehk\u00e9 konstrukci a jednotn\u00fdm rozm\u011br\u016fm se snadno \u0159e\u017ee, vrt\u00e1 a montuje.<br \/>\n<\/p><br \/><\/p>","protected":false},"featured_media":7795,"template":"","categories":[67],"class_list":["post-7796","product","type-product","status-publish","has-post-thumbnail","hentry","category-architectural-aluminium-profile"],"meta_box":{"hilight_text_group":{"product_hilight_text":"<li>Unique double-angle design offers enhanced structural reinforcement<\/li>\r\r\n<li>Made from lightweight, high-strength aluminum for easy handling<\/li>\r\r\n<li>Corrosion-resistant surface suitable for indoor and outdoor use<\/li>\r\r\n<li>Ideal for corner connections and complex framing applications<\/li>\r\r\n<li>Custom lengths, cuts, and finishes available for specific project needs<\/li>\r\r\n<li>Compatible with standard aluminum extrusion systems and connectors<\/li>\r\r\n<li>Precision-extruded for consistent dimensions and stability<\/li>","product_chanpin_blog":"<ul>\r\r\n<li><a href=\"https:\/\/sinoextrud.com\/t-slot-v-slot-differences\/\" target=\"_blank\">t slot vs v slot<\/a><\/li>\r\r\n<li><a href=\"https:\/\/sinoextrud.com\/what-is-4040-aluminium-extrud\/\" target=\"_blank\">4040 aluminium extrusion<\/a><\/li>\r\r\n<li><a href=\"https:\/\/sinoextrud.com\/what-is-4040-aluminium-extrud\/\" target=\"_blank\">aluminum extrusions for industrial racks<\/a><\/li>\r\r\n<li><a href=\"https:\/\/sinoextrud.com\/powder-coating-aluminium-process\/\" target=\"_blank\">powder coating aluminium<\/a><\/li>\r\r\n<li><a href=\"https:\/\/sinoextrud.com\/what-is-an-aluminium-strip-ceiling\/\" target=\"_blank\">aluminium strip ceiling<\/a><\/li>\r\r\n<li><a href=\"https:\/\/sinoextrud.com\/what-is-a-heat-sink\/\" target=\"_blank\">what is a heat sink<\/a><\/li>\r\r\n<\/ul>","product_chanpin_chanpin":"<li><a href=\"https:\/\/sinoextrud.com\/product\/aluminium-extrusion-profile\/\" target=\"_blank\">Aluminium Extrusion Profile<\/a><\/li>\r\n<li><a href=\"https:\/\/sinoextrud.com\/product\/extruded-aluminium-electronics-enclosures\/\" target=\"_blank\">Extruded aluminium electronics enclosures<\/a><\/li>\r\n<li><a href=\"https:\/\/sinoextrud.com\/product\/aluminum-curtain-wall-powder-coating-properties-prices-competitive-extrusion-uses-in-construction\/\" target=\"_blank\">aluminum curtain wall Powder Coating properties prices competitive Extrusion uses in construction<\/a><\/li>\r\n<li><a href=\"https:\/\/sinoextrud.com\/product\/large-custom-aluminum-extrusions\/\" target=\"_blank\">Large Custom Aluminum Extrusions<\/a><\/li>\r\n<li><a href=\"https:\/\/sinoextrud.com\/product\/double-angle-aluminum-extrusion\/\" target=\"_blank\">Double Angle Aluminum Extrusion<\/a><\/li>\r\n<li><a href=\"https:\/\/sinoextrud.com\/product\/sructrual-aluminum-extrusion-profiles-ceiling-drop-ceiling\/\" target=\"_blank\">Sructrual Aluminum Extrusion Profiles Ceiling Drop Ceiling<\/a><\/li>\r\n<li><a href=\"https:\/\/sinoextrud.com\/product\/l-shaped-aluminium-profile\/\" target=\"_blank\">L Shaped Aluminium Profile<\/a><\/li>\r\n<li><a href=\"https:\/\/sinoextrud.com\/product\/80-x-80-aluminum-extrusion\/\" target=\"_blank\">80 X 80 Aluminum Extrusion<\/a><\/li>\r\n<li><a href=\"https:\/\/sinoextrud.com\/product\/aluminum-profile-price-of-aluminium-partition-wall-studs-aluminum-manufacturer\/\" target=\"_blank\">aluminum profile price of aluminium partition wall studs aluminum manufacturer<\/a><\/li>\r\n<li><a href=\"https:\/\/sinoextrud.com\/product\/anodise-aluminum-curtain-wall-profile-with-custom-shape-alloy-6063\/\" target=\"_blank\">Anodise Aluminum Curtain Wall Profile With Custom Shape Alloy 6063<\/a><\/li>\r\n<li><a href=\"https:\/\/sinoextrud.com\/product\/aluminium-frame-extrusion-profile-picture-frame-profile-for-interior-decoration\/\" target=\"_blank\">Aluminium Frame Extrusion Profile Picture Frame Profile For Interior Decoration<\/a><\/li>"},"feature_list":[]},"_links":{"self":[{"href":"https:\/\/sinoextrud.com\/cs\/wp-json\/wp\/v2\/product\/7796","targetHints":{"allow":["GET"]}}],"collection":[{"href":"https:\/\/sinoextrud.com\/cs\/wp-json\/wp\/v2\/product"}],"about":[{"href":"https:\/\/sinoextrud.com\/cs\/wp-json\/wp\/v2\/types\/product"}],"wp:featuredmedia":[{"embeddable":true,"href":"https:\/\/sinoextrud.com\/cs\/wp-json\/wp\/v2\/media\/7795"}],"wp:attachment":[{"href":"https:\/\/sinoextrud.com\/cs\/wp-json\/wp\/v2\/media?parent=7796"}],"wp:term":[{"taxonomy":"category","embeddable":true,"href":"https:\/\/sinoextrud.com\/cs\/wp-json\/wp\/v2\/categories?post=7796"}],"curies":[{"name":"wp","href":"https:\/\/api.w.org\/{rel}","templated":true}]}}