{"id":7790,"date":"2025-06-10T07:32:57","date_gmt":"2025-06-10T07:32:57","guid":{"rendered":"https:\/\/sinoextrud.com\/product\/extruded-aluminium-electronics-enclosures\/"},"modified":"2025-06-24T06:13:42","modified_gmt":"2025-06-24T06:13:42","slug":"extrudovane-hlinikove-skrine-pro-elektroniku","status":"publish","type":"product","link":"https:\/\/sinoextrud.com\/cs\/product\/extruded-aluminium-electronics-enclosures\/","title":{"rendered":"Extrudovan\u00e9 hlin\u00edkov\u00e9 sk\u0159\u00edn\u011b pro elektroniku"},"content":{"rendered":"<h2>Podrobnosti o produktech<\/h2>\n<table class=\"custom-table\">\n<tbody>\n<tr>\n<td> Model NO:<\/td>\n<td> OEM<\/td>\n<\/tr>\n<tr>\n<td> Certifikace:<\/td>\n<td> CE, RoHS, SGS, ISO9001<\/td>\n<\/tr>\n<tr>\n<td> Materi\u00e1l:<\/td>\n<td> Hlin\u00edk<\/td>\n<\/tr>\n<tr>\n<td> N\u00e1zev produktu:<\/td>\n<td> eloxov\u00e1n\u00ed hlin\u00edkov\u00e9ho pl\u00e1\u0161t\u011b<\/td>\n<\/tr>\n<tr>\n<td> Povrchov\u00e1 \u00faprava:<\/td>\n<td> Lakov\u00e1n\u00ed, p\u00edskov\u00e1n\u00ed, eloxov\u00e1n\u00ed atd.<\/td>\n<\/tr>\n<tr>\n<td> MOQ:<\/td>\n<td> 1 kus<\/td>\n<\/tr>\n<tr>\n<td> Kontrola kvality:<\/td>\n<td> Celkov\u00e1 kontrola kvality<\/td>\n<\/tr>\n<tr>\n<td> Kl\u00ed\u010dov\u00e9 vlastnosti:<\/td>\n<td> P\u0159esn\u00e1 velikost, barevn\u00e9<\/td>\n<\/tr>\n<tr>\n<td> Ochrann\u00e1 zn\u00e1mka:<\/td>\n<td> OEM<\/td>\n<\/tr>\n<tr>\n<td> Specifikace:<\/td>\n<td> OEM<\/td>\n<\/tr>\n<tr>\n<td> Stav:<\/td>\n<td> Nov\u00fd<\/td>\n<\/tr>\n<tr>\n<td> Na m\u00edru:<\/td>\n<td> P\u0159izp\u016fsoben\u00e9<\/td>\n<\/tr>\n<tr>\n<td> Pou\u017eit\u00ed:<\/td>\n<td> Stroje na recyklaci kov\u016f, stroje na \u0159ez\u00e1n\u00ed kov\u016f, d\u00edly stroj\u016f na zpracov\u00e1n\u00ed kov\u016f, stroje na grav\u00edrov\u00e1n\u00ed kov\u016f, stroje na potahov\u00e1n\u00ed kov\u016f, stroje na odl\u00e9v\u00e1n\u00ed kov\u016f<\/td>\n<\/tr>\n<tr>\n<td> Kl\u00ed\u010dov\u00e9 slovo:<\/td>\n<td> eloxov\u00e1n\u00ed hlin\u00edkov\u00e9ho pl\u00e1\u0161t\u011b<\/td>\n<\/tr>\n<tr>\n<td> Um\u00edst\u011bn\u00ed tov\u00e1rny:<\/td>\n<td> Shenzhen \u010c\u00edna<\/td>\n<\/tr>\n<tr>\n<td> Uk\u00e1zka:<\/td>\n<td> Dostupn\u00e9 na<\/td>\n<\/tr>\n<tr>\n<td> Pracovn\u00ed tolerance:<\/td>\n<td> +\/- 0,02 mm<\/td>\n<\/tr>\n<tr>\n<td> OEM\/ODM:<\/td>\n<td> P\u0159ijateln\u00e9<\/td>\n<\/tr>\n<tr>\n<td> P\u0159epravn\u00ed bal\u00ed\u010dek:<\/td>\n<td> Kartonov\u00e1 krabice pro ka\u017ed\u00fd kus, podle p\u0159\u00e1n\u00ed z\u00e1kazn\u00edka<\/td>\n<\/tr>\n<tr>\n<td> P\u016fvod:<\/td>\n<td> FOSHAN \u010c\u00cdNA<\/td>\n<\/tr>\n<\/tbody>\n<\/table>\n<h2>Na\u0161e v\u00fdrobn\u00ed z\u00e1kladna<\/h2>\n<h3>Panorama tov\u00e1rny<\/h3>\n<p><img decoding=\"async\" src=\"\/wp-content\/uploads\/factory-01.webp\"\/><\/p>\n<h3>D\u00edlna na v\u00fdrobu hlin\u00edkov\u00fdch ty\u010d\u00ed<\/h3>\n<p><img decoding=\"async\" src=\"\/wp-content\/uploads\/factory-02.webp\"\/><\/p>\n<\/p>\n<p><img decoding=\"async\" src=\"\/wp-content\/uploads\/factory-03.webp\"\/><\/p>\n<h3>Sklad pl\u00edsn\u00ed<\/h3>\n<p><img decoding=\"async\" src=\"\/wp-content\/uploads\/factory-04.webp\"\/><\/p>\n<h3>43 linek na vytla\u010dov\u00e1n\u00ed hlin\u00edku (500-5500 tun)<\/h3>\n<p><img decoding=\"async\" src=\"\/wp-content\/uploads\/factory-05.webp\"\/><\/p>\n<p><img decoding=\"async\" src=\"\/wp-content\/uploads\/factory-06.webp\"\/><\/p>\n<p><img decoding=\"async\" src=\"\/wp-content\/uploads\/factory-07.webp\"\/><\/p>\n<h3>D\u00edlna pr\u00e1\u0161kov\u00e9ho lakov\u00e1n\u00ed<\/h3>\n<p><img decoding=\"async\" src=\"\/wp-content\/uploads\/factory-09.webp\"\/><\/p>\n<h3>D\u00edlna eloxov\u00e1n\u00ed<\/h3>\n<p><img decoding=\"async\" src=\"\/wp-content\/uploads\/factory-10.webp\"\/><\/p>\n<h3>Workshop o hloubkov\u00e9m zpracov\u00e1n\u00ed<\/h3>\n<p><img decoding=\"async\" src=\"\/wp-content\/uploads\/factory-11.webp\"\/><\/p>\n<h3>D\u00edlna CNC p\u0159esn\u00e9ho obr\u00e1b\u011bn\u00ed<\/h3>\n<p><img decoding=\"async\" src=\"\/wp-content\/uploads\/factory-11.5.webp\"\/><\/p>\n<h3>Sklad hotov\u00fdch v\u00fdrobk\u016f a exportn\u00ed sklad<\/h3>\n<p><img decoding=\"async\" src=\"\/wp-content\/uploads\/factory-12.webp\"\/><\/p>\n<p><img decoding=\"async\" src=\"\/wp-content\/uploads\/factory-13.webp\"\/><\/p>\n<p><img decoding=\"async\" src=\"\/wp-content\/uploads\/factory-14.webp\"\/><\/p>\n<h2>\u010cASTO KLADEN\u00c9 DOTAZY<\/h2>\n<p><b>1.Co jsou extrudovan\u00e9 hlin\u00edkov\u00e9 sk\u0159\u00edn\u011b pro elektroniku?<\/b><\/p>\n<p>Extrudovan\u00e9 hlin\u00edkov\u00e9 sk\u0159\u00edn\u011b pro elektroniku jsou ochrann\u00e9 kryty vyroben\u00e9 z vysoce pevn\u00e9ho hlin\u00edku, kter\u00e9 jsou ur\u010deny k \u00fa\u010dinn\u00e9mu ulo\u017een\u00ed a st\u00edn\u011bn\u00ed elektronick\u00fdch sou\u010d\u00e1stek.\n<\/p>\n<p><\/p>\n<p><b>2.Pro\u010d pou\u017e\u00edvat extrudovan\u00e9 hlin\u00edkov\u00e9 sk\u0159\u00edn\u011b pro elektroniku?<\/b><\/p>\n<p>Extrudovan\u00e9 hlin\u00edkov\u00e9 sk\u0159\u00edn\u011b pro elektroniku nab\u00edzej\u00ed vynikaj\u00edc\u00ed odvod tepla, odolnost proti korozi a mechanickou ochranu elektronick\u00fdch za\u0159\u00edzen\u00ed.\n<\/p>\n<p><\/p>\n<p><b>3.Lze extrudovan\u00e9 hlin\u00edkov\u00e9 sk\u0159\u00edn\u011b pro elektroniku p\u0159izp\u016fsobit?<\/b><\/p>\n<p>Ano, tyto sk\u0159\u00edn\u011b lze pln\u011b p\u0159izp\u016fsobit, pokud jde o rozm\u011bry, barvu, povrchovou \u00fapravu a konfiguraci v\u00fd\u0159ez\u016f, aby vyhovovaly specifick\u00fdm pot\u0159eb\u00e1m projektu.\n<\/p>\n<p><\/p>\n<p><b>4.Pom\u00e1haj\u00ed extrudovan\u00e9 hlin\u00edkov\u00e9 sk\u0159\u00edn\u011b pro elektroniku s tepeln\u00fdm managementem?<\/b><\/p>\n<p>Hlin\u00edkov\u00e1 konstrukce zaji\u0161\u0165uje vynikaj\u00edc\u00ed odvod tepla, tak\u017ee je ide\u00e1ln\u00ed pro elektroniku s komponenty citliv\u00fdmi na teplo.\n<\/p>\n<p><\/p>\n<p><b>5.Jsou extrudovan\u00e9 hlin\u00edkov\u00e9 sk\u0159\u00edn\u011b pro elektroniku lehk\u00e9?<\/b><\/p>\n<p>Ano, extrudovan\u00fd hlin\u00edk je lehk\u00fd a z\u00e1rove\u0148 pevn\u00fd, tak\u017ee se s t\u011bmito sk\u0159\u00edn\u011bmi snadno manipuluje a snadno se instaluj\u00ed.\n<\/p>\n<p><\/p>\n<p><b>6.Dok\u00e1\u017e\u00ed extrudovan\u00e9 hlin\u00edkov\u00e9 sk\u0159\u00edn\u011b pro elektroniku chr\u00e1nit p\u0159ed EMI\/RFI?<\/b><\/p>\n<p>Ano, lze integrovat voliteln\u00e9 funkce st\u00edn\u011bn\u00ed EMI\/RFI, kter\u00e9 chr\u00e1n\u00ed elektroniku p\u0159ed elektromagnetick\u00fdm ru\u0161en\u00edm.\n<\/p>\n<p><\/p>\n<p><b>7.Jsou extrudovan\u00e9 hlin\u00edkov\u00e9 sk\u0159\u00edn\u011b pro elektroniku vhodn\u00e9 pro venkovn\u00ed pou\u017eit\u00ed?<\/b><\/p>\n<p>Ano, d\u00edky korozivzdorn\u00fdm vlastnostem hlin\u00edku jsou tyto sk\u0159\u00edn\u011b ide\u00e1ln\u00ed pro vnit\u0159n\u00ed i venkovn\u00ed prost\u0159ed\u00ed.\n<\/p>\n<p><\/p>","protected":false},"featured_media":7789,"template":"","categories":[67],"class_list":["post-7790","product","type-product","status-publish","has-post-thumbnail","hentry","category-architectural-aluminium-profile"],"meta_box":{"hilight_text_group":{"product_hilight_text":"<li>High-strength extruded aluminum provides robust protection for electronics<\/li>\r\r\n<li>Excellent heat dissipation for thermal management of sensitive components<\/li>\r\r\n<li>Lightweight and corrosion-resistant for long-term durability<\/li>\r\r\n<li>Customizable sizes, finishes, and cutouts to fit various applications<\/li>\r\r\n<li>Easy assembly with sliding or snap-fit designs<\/li>\r\r\n<li>EMI\/RFI shielding options for enhanced electronic protection<\/li>","product_chanpin_blog":"<ul>\r\r\n<li><a href=\"https:\/\/sinoextrud.com\/t-slot-v-slot-differences\/\" target=\"_blank\">t slot vs v slot<\/a><\/li>\r\r\n<li><a href=\"https:\/\/sinoextrud.com\/what-is-4040-aluminium-extrud\/\" target=\"_blank\">4040 aluminium extrusion<\/a><\/li>\r\r\n<li><a href=\"https:\/\/sinoextrud.com\/what-is-4040-aluminium-extrud\/\" target=\"_blank\">aluminum extrusions for industrial racks<\/a><\/li>\r\r\n<li><a href=\"https:\/\/sinoextrud.com\/powder-coating-aluminium-process\/\" target=\"_blank\">powder coating aluminium<\/a><\/li>\r\r\n<li><a href=\"https:\/\/sinoextrud.com\/what-is-an-aluminium-strip-ceiling\/\" target=\"_blank\">aluminium strip ceiling<\/a><\/li>\r\r\n<li><a href=\"https:\/\/sinoextrud.com\/what-is-a-heat-sink\/\" target=\"_blank\">what is a heat sink<\/a><\/li>\r\r\n<\/ul>","product_chanpin_chanpin":"<li><a href=\"https:\/\/sinoextrud.com\/product\/anodizing-aluminium-alloy-wire-slot\/\" target=\"_blank\">Anodizing Aluminium Alloy Wire Slot<\/a><\/li>\r\n<li><a href=\"https:\/\/sinoextrud.com\/product\/window-extrusion-profiles\/\" target=\"_blank\">Window Extrusion Profiles<\/a><\/li>\r\n<li><a href=\"https:\/\/sinoextrud.com\/product\/aluminum-outdoor-louver\/\" target=\"_blank\">Aluminum Outdoor Louver<\/a><\/li>\r\n<li><a href=\"https:\/\/sinoextrud.com\/product\/aluminium-extrusion-profile\/\" target=\"_blank\">Aluminium Extrusion Profile<\/a><\/li>\r\n<li><a href=\"https:\/\/sinoextrud.com\/product\/extruded-aluminium-electronics-enclosures\/\" target=\"_blank\">Extruded aluminium electronics enclosures<\/a><\/li>\r\n<li><a href=\"https:\/\/sinoextrud.com\/product\/aluminum-curtain-wall-powder-coating-properties-prices-competitive-extrusion-uses-in-construction\/\" target=\"_blank\">aluminum curtain wall Powder Coating properties prices competitive Extrusion uses in construction<\/a><\/li>\r\n<li><a href=\"https:\/\/sinoextrud.com\/product\/large-custom-aluminum-extrusions\/\" target=\"_blank\">Large Custom Aluminum Extrusions<\/a><\/li>\r\n<li><a href=\"https:\/\/sinoextrud.com\/product\/double-angle-aluminum-extrusion\/\" target=\"_blank\">Double Angle Aluminum Extrusion<\/a><\/li>\r\n<li><a href=\"https:\/\/sinoextrud.com\/product\/sructrual-aluminum-extrusion-profiles-ceiling-drop-ceiling\/\" target=\"_blank\">Sructrual Aluminum Extrusion Profiles Ceiling Drop Ceiling<\/a><\/li>\r\n<li><a href=\"https:\/\/sinoextrud.com\/product\/extruded-aluminum-stock-shapes\/\" target=\"_blank\">Extruded Aluminum Stock Shapes<\/a><\/li>\r\n<li><a href=\"https:\/\/sinoextrud.com\/product\/alu-squ-tube-in-wood-grain-painting\/\" target=\"_blank\">Alu squ tube In Wood Grain Painting<\/a><\/li>"},"feature_list":[]},"_links":{"self":[{"href":"https:\/\/sinoextrud.com\/cs\/wp-json\/wp\/v2\/product\/7790","targetHints":{"allow":["GET"]}}],"collection":[{"href":"https:\/\/sinoextrud.com\/cs\/wp-json\/wp\/v2\/product"}],"about":[{"href":"https:\/\/sinoextrud.com\/cs\/wp-json\/wp\/v2\/types\/product"}],"wp:featuredmedia":[{"embeddable":true,"href":"https:\/\/sinoextrud.com\/cs\/wp-json\/wp\/v2\/media\/7789"}],"wp:attachment":[{"href":"https:\/\/sinoextrud.com\/cs\/wp-json\/wp\/v2\/media?parent=7790"}],"wp:term":[{"taxonomy":"category","embeddable":true,"href":"https:\/\/sinoextrud.com\/cs\/wp-json\/wp\/v2\/categories?post=7790"}],"curies":[{"name":"wp","href":"https:\/\/api.w.org\/{rel}","templated":true}]}}