{"id":7784,"date":"2025-06-10T07:22:41","date_gmt":"2025-06-10T07:22:41","guid":{"rendered":"https:\/\/sinoextrud.com\/product\/window-extrusion-profiles\/"},"modified":"2025-06-24T06:13:40","modified_gmt":"2025-06-24T06:13:40","slug":"vytlacovaci-profily-pro-okna","status":"publish","type":"product","link":"https:\/\/sinoextrud.com\/cs\/product\/window-extrusion-profiles\/","title":{"rendered":"Profily pro vytla\u010dov\u00e1n\u00ed oken"},"content":{"rendered":"<h2>Podrobnosti o produktech<\/h2>\n<table class=\"custom-table\">\n<tr>\n<td class=\"label\">N\u00e1zev produktu<\/td>\n<td>Profily pro vytla\u010dov\u00e1n\u00ed oken<\/td>\n<\/tr>\n<tr>\n<td class=\"label\">P\u0159\u00edsady<\/td>\n<td>6063 nebo 6061<\/td>\n<\/tr>\n<tr>\n<td class=\"label\">Temperament<\/td>\n<td>T3-T8<\/td>\n<\/tr>\n<tr>\n<td class=\"label\">D\u00e9lka<\/td>\n<td>Standardn\u00ed d\u00e9lka 1-9M, dal\u0161\u00ed speci\u00e1ln\u00ed d\u00e9lka k dispozici.<\/td>\n<\/tr>\n<tr>\n<td class=\"label\">Typick\u00e9 aplikace<\/td>\n<td>Okna a dve\u0159e<\/td>\n<\/tr>\n<tr>\n<td class=\"label\">Zna\u010dka<\/td>\n<td>Sinoextrud nebo OEM<\/td>\n<\/tr>\n<tr>\n<td class=\"label\">Proces CNC<\/td>\n<td>Podpora CNC fr\u00e9zov\u00e1n\u00ed, d\u011brov\u00e1n\u00ed, vrt\u00e1n\u00ed, z\u00e1vitov\u00e1n\u00ed, oh\u00fdb\u00e1n\u00ed<\/td>\n<\/tr>\n<tr>\n<td class=\"label\">MOQ<\/td>\n<td>200 KG<\/td>\n<\/tr>\n<tr>\n<td class=\"label\">Povrchov\u00e1 \u00faprava<\/td>\n<td>Ml\u00fdn dokon\u010dil, d\u0159ev\u011bn\u00e9 zrno, eloxovan\u00e9, pr\u00e1\u0161kov\u00e9 lakov\u00e1n\u00ed, elektrofor\u00e9za, PVDF povlak, kart\u00e1\u010dovan\u00fd atd.<\/td>\n<\/tr>\n<tr>\n<td class=\"label\">Certifikace<\/td>\n<td>ISO9001, ISO4001, CQM, SGS, CE, BV atd.<\/td>\n<\/tr>\n<tr>\n<td class=\"label\">Doba realizace<\/td>\n<td>1.Mould otev\u0159\u00edt a vzorek potvrzen\u00ed 12-15 dn\u016f.<br \/>\n2.Hromadn\u00e1 v\u00fdroba 25-30 dn\u00ed.<\/td>\n<\/tr>\n<tr>\n<td class=\"label\">Term\u00edn dod\u00e1n\u00ed<\/td>\n<td>EXW nebo FOB Foshan\/Guangzhou\/Shenzhen<\/td>\n<\/tr>\n<tr>\n<td class=\"label\">Term\u00edn platby<\/td>\n<td>Alipay, LC nebo TT 30% vklad, 70% z\u016fstatek p\u0159ed odesl\u00e1n\u00edm<\/td>\n<\/tr>\n<tr>\n<td class=\"label\">P\u016fvod<\/td>\n<td>Guangdong, \u010c\u00edna<\/td>\n<\/tr>\n<tr>\n<td class=\"label\">Zp\u016fsob balen\u00ed<\/td>\n<td>1.Uvnit\u0159: baleno s plastovou ochrannou f\u00f3li\u00ed nebo polybagem.<br \/>\n2.Outside: baleno s vodot\u011bsn\u00fdm kraftov\u00fdm pap\u00edrem pro ka\u017ed\u00fd svazek.<br \/>\n3.Jin\u00fd zp\u016fsob balen\u00ed podle dohody.<\/td>\n<\/tr>\n<\/table>\n<h2>Na\u0161e v\u00fdrobn\u00ed z\u00e1kladna<\/h2>\n<h3>Panorama tov\u00e1rny<\/h3>\n<p><img decoding=\"async\" src=\"\/wp-content\/uploads\/factory-01.webp\"\/><\/p>\n<h3>D\u00edlna na v\u00fdrobu hlin\u00edkov\u00fdch ty\u010d\u00ed<\/h3>\n<p><img decoding=\"async\" src=\"\/wp-content\/uploads\/factory-02.webp\"\/><\/p>\n<p><img decoding=\"async\" src=\"\/wp-content\/uploads\/factory-03.webp\"\/><\/p>\n<h3>Sklad pl\u00edsn\u00ed<\/h3>\n<p><img decoding=\"async\" src=\"\/wp-content\/uploads\/factory-04.webp\"\/><\/p>\n<h3>43 linek na vytla\u010dov\u00e1n\u00ed hlin\u00edku (500 - 5500 tun)<\/h3>\n<p><img decoding=\"async\" src=\"\/wp-content\/uploads\/factory-05.webp\"\/><\/p>\n<p><img decoding=\"async\" src=\"\/wp-content\/uploads\/factory-06.webp\"\/><\/p>\n<p><img decoding=\"async\" src=\"\/wp-content\/uploads\/factory-07.webp\"\/><\/p>\n<h3>D\u00edlna pr\u00e1\u0161kov\u00e9ho lakov\u00e1n\u00ed<\/h3>\n<p><img decoding=\"async\" src=\"\/wp-content\/uploads\/factory-09.webp\"\/><\/p>\n<h3>D\u00edlna eloxov\u00e1n\u00ed<\/h3>\n<p><img decoding=\"async\" src=\"\/wp-content\/uploads\/factory-10.webp\"\/><\/p>\n<h3>Workshop o hloubkov\u00e9m zpracov\u00e1n\u00ed<\/h3>\n<p><img decoding=\"async\" src=\"\/wp-content\/uploads\/factory-11.webp\"\/><\/p>\n<h3>D\u00edlna CNC p\u0159esn\u00e9ho obr\u00e1b\u011bn\u00ed<\/h3>\n<p><img decoding=\"async\" src=\"\/wp-content\/uploads\/factory-11.5.webp\"\/><\/p>\n<h3>Sklad hotov\u00fdch v\u00fdrobk\u016f a exportn\u00ed sklad<\/h3>\n<p><img decoding=\"async\" src=\"\/wp-content\/uploads\/factory-12.webp\"\/><\/p>\n<p><img decoding=\"async\" src=\"\/wp-content\/uploads\/factory-13.webp\"\/><\/p>\n<p><img decoding=\"async\" src=\"\/wp-content\/uploads\/factory-14.webp\"\/><\/p>\n<h2>\u010cASTO KLADEN\u00c9 DOTAZY<\/h2>\n<p><p><b>1.Co jsou to profily pro vytla\u010dov\u00e1n\u00ed oken? <\/b><\/p>\n<p> Okenn\u00ed vytla\u010dovac\u00ed profily jsou speci\u00e1ln\u011b tvarovan\u00e9 hlin\u00edkov\u00e9 profily, kter\u00e9 se pou\u017e\u00edvaj\u00ed k v\u00fdrob\u011b a podep\u0159en\u00ed okenn\u00edch r\u00e1m\u016f v architektonick\u00fdch a pr\u016fmyslov\u00fdch aplikac\u00edch.<br \/>\n<\/p><br \/>\n<br \/>\n<p><b>2.Pro\u010d pou\u017e\u00edvat hlin\u00edk pro okenn\u00ed profily? <\/b><\/p>\n<p> Hlin\u00edk se vyzna\u010duje trvanlivost\u00ed, odolnost\u00ed proti korozi a lehkou konstrukc\u00ed, tak\u017ee je ide\u00e1ln\u00ed pro dlouhodob\u00e9 pou\u017e\u00edv\u00e1n\u00ed okenn\u00edch r\u00e1m\u016f.<br \/>\n<\/p><br \/>\n<br \/>\n<p><b>3.Mohou tyto profily podporovat dvojit\u00e9 nebo trojit\u00e9 zasklen\u00ed? <\/b><\/p>\n<p> Ano, okenn\u00ed profily jsou navr\u017eeny pro \u0161irokou \u0161k\u00e1lu typ\u016f zasklen\u00ed, v\u010detn\u011b dvojskel a trojskel.<br \/>\n<\/p><br \/>\n<br \/>\n<p><b>4.Lze profily pro vytla\u010dov\u00e1n\u00ed oken p\u0159izp\u016fsobit? <\/b><\/p>\n<p> Jejich tvar, velikost, tlou\u0161\u0165ka a povrchov\u00e1 \u00faprava mohou b\u00fdt p\u0159izp\u016fsobeny specifick\u00fdm po\u017eadavk\u016fm na design a funk\u010dnost.<br \/>\n<\/p><br \/>\n<br \/>\n<p><b>5.Jak\u00e9 povrchov\u00e9 \u00fapravy jsou k dispozici pro okenn\u00ed profily? <\/b><\/p>\n<p> Mezi b\u011b\u017en\u00e9 povrchov\u00e9 \u00fapravy pat\u0159\u00ed eloxov\u00e1n\u00ed, pr\u00e1\u0161kov\u00e9 lakov\u00e1n\u00ed, PVDF a kresba d\u0159eva, kter\u00e9 zaji\u0161\u0165uj\u00ed funk\u010dn\u00ed ochranu i vizu\u00e1ln\u00ed p\u0159ita\u017elivost.<br \/>\n<\/p><br \/>\n<br \/>\n<p><b>6.Jsou hlin\u00edkov\u00e9 okenn\u00ed profily odoln\u00e9 proti pov\u011btrnostn\u00edm vliv\u016fm? <\/b><\/p>\n<p> Ano, p\u0159i spr\u00e1vn\u00e9 povrchov\u00e9 \u00faprav\u011b jsou v\u00fdjime\u010dn\u011b odoln\u00e9 proti vlhkosti, UV z\u00e1\u0159en\u00ed a teplotn\u00edm v\u00fdkyv\u016fm.<br \/>\n<\/p><br \/>\n<br \/>\n<p><b>7.Vy\u017eaduj\u00ed tyto profily n\u00e1ro\u010dnou \u00fadr\u017ebu? <\/b><\/p>\n<p> Ne, hlin\u00edkov\u00e9 okenn\u00ed profily jsou nen\u00e1ro\u010dn\u00e9 na \u00fadr\u017ebu a pro zachov\u00e1n\u00ed vzhledu a v\u00fdkonu je obvykle sta\u010d\u00ed ob\u010das vy\u010distit.<br \/>\n<\/p><br \/>\n<br \/>\n<p><b>8.V jak\u00fdch odv\u011btv\u00edch se pou\u017e\u00edvaj\u00ed hlin\u00edkov\u00e9 okenn\u00ed profily? <\/b><\/p>\n<p> Tyto profily se hojn\u011b pou\u017e\u00edvaj\u00ed v obytn\u00fdch domech, komer\u010dn\u00edch budov\u00e1ch, obvodov\u00fdch st\u011bn\u00e1ch a pr\u016fmyslov\u00fdch okenn\u00edch syst\u00e9mech.<br \/>\n<\/p><br \/><\/p>","protected":false},"featured_media":7783,"template":"","categories":[67],"class_list":["post-7784","product","type-product","status-publish","has-post-thumbnail","hentry","category-architectural-aluminium-profile"],"meta_box":{"hilight_text_group":{"product_hilight_text":"<li>Precision-extruded profiles ensure airtight and secure window frame construction.<\/li>\r\r\n<li>Lightweight aluminum material offers high strength and corrosion resistance.<\/li>\r\r\n<li>Customizable shapes, thicknesses, and finishes for various window designs.<\/li>\r\r\n<li>Compatible with multiple glazing options for thermal and acoustic insulation.<\/li>\r\r\n<li>Low maintenance and long-lasting performance in all weather conditions.<\/li>\r\r\n<li>Ideal for residential, commercial, and industrial window systems.<\/li>","product_chanpin_blog":"<ul>\r\r\n<li><a href=\"https:\/\/sinoextrud.com\/t-slot-v-slot-differences\/\" target=\"_blank\">t slot vs v slot<\/a><\/li>\r\r\n<li><a href=\"https:\/\/sinoextrud.com\/what-is-4040-aluminium-extrud\/\" target=\"_blank\">4040 aluminium extrusion<\/a><\/li>\r\r\n<li><a href=\"https:\/\/sinoextrud.com\/what-is-4040-aluminium-extrud\/\" target=\"_blank\">aluminum extrusions for industrial racks<\/a><\/li>\r\r\n<li><a href=\"https:\/\/sinoextrud.com\/powder-coating-aluminium-process\/\" target=\"_blank\">powder coating aluminium<\/a><\/li>\r\r\n<li><a href=\"https:\/\/sinoextrud.com\/what-is-an-aluminium-strip-ceiling\/\" target=\"_blank\">aluminium strip ceiling<\/a><\/li>\r\r\n<li><a href=\"https:\/\/sinoextrud.com\/what-is-a-heat-sink\/\" target=\"_blank\">what is a heat sink<\/a><\/li>\r\r\n<\/ul>","product_chanpin_chanpin":"<li><a href=\"https:\/\/sinoextrud.com\/product\/aluminum-profile-for-curtain\/\" target=\"_blank\">Aluminum Profile for Curtain<\/a><\/li>\r\n<li><a href=\"https:\/\/sinoextrud.com\/product\/aluminum-profile-slider-for-window-curtain\/\" target=\"_blank\">Aluminum Profile Slider For Window Curtain<\/a><\/li>\r\n<li><a href=\"https:\/\/sinoextrud.com\/product\/aluminum-profile-wardrobe-hanging-rail\/\" target=\"_blank\">Aluminum Profile Wardrobe Hanging Rail<\/a><\/li>\r\n<li><a href=\"https:\/\/sinoextrud.com\/product\/anodizing-aluminium-alloy-wire-slot\/\" target=\"_blank\">Anodizing Aluminium Alloy Wire Slot<\/a><\/li>\r\n<li><a href=\"https:\/\/sinoextrud.com\/product\/window-extrusion-profiles\/\" target=\"_blank\">Window Extrusion Profiles<\/a><\/li>\r\n<li><a href=\"https:\/\/sinoextrud.com\/product\/aluminum-outdoor-louver\/\" target=\"_blank\">Aluminum Outdoor Louver<\/a><\/li>\r\n<li><a href=\"https:\/\/sinoextrud.com\/product\/aluminium-extrusion-profile\/\" target=\"_blank\">Aluminium Extrusion Profile<\/a><\/li>\r\n<li><a href=\"https:\/\/sinoextrud.com\/product\/extruded-aluminium-electronics-enclosures\/\" target=\"_blank\">Extruded aluminium electronics enclosures<\/a><\/li>\r\n<li><a href=\"https:\/\/sinoextrud.com\/product\/aluminum-curtain-wall-powder-coating-properties-prices-competitive-extrusion-uses-in-construction\/\" target=\"_blank\">aluminum curtain wall Powder Coating properties prices competitive Extrusion uses in construction<\/a><\/li>\r\n<li><a href=\"https:\/\/sinoextrud.com\/product\/aluminium-profile-systems\/\" target=\"_blank\">Aluminium Profile Systems<\/a><\/li>\r\n<li><a href=\"https:\/\/sinoextrud.com\/product\/aluminum-mirror-frame-extrusions\/\" target=\"_blank\">Aluminum Mirror Frame Extrusions<\/a><\/li>"},"feature_list":[]},"_links":{"self":[{"href":"https:\/\/sinoextrud.com\/cs\/wp-json\/wp\/v2\/product\/7784","targetHints":{"allow":["GET"]}}],"collection":[{"href":"https:\/\/sinoextrud.com\/cs\/wp-json\/wp\/v2\/product"}],"about":[{"href":"https:\/\/sinoextrud.com\/cs\/wp-json\/wp\/v2\/types\/product"}],"wp:featuredmedia":[{"embeddable":true,"href":"https:\/\/sinoextrud.com\/cs\/wp-json\/wp\/v2\/media\/7783"}],"wp:attachment":[{"href":"https:\/\/sinoextrud.com\/cs\/wp-json\/wp\/v2\/media?parent=7784"}],"wp:term":[{"taxonomy":"category","embeddable":true,"href":"https:\/\/sinoextrud.com\/cs\/wp-json\/wp\/v2\/categories?post=7784"}],"curies":[{"name":"wp","href":"https:\/\/api.w.org\/{rel}","templated":true}]}}