{"id":7769,"date":"2025-06-10T07:02:54","date_gmt":"2025-06-10T07:02:54","guid":{"rendered":"https:\/\/sinoextrud.com\/product\/aluminum-profile-for-glass-railings\/"},"modified":"2025-06-24T06:13:39","modified_gmt":"2025-06-24T06:13:39","slug":"hlinikovy-profil-pro-sklenena-zabradli","status":"publish","type":"product","link":"https:\/\/sinoextrud.com\/cs\/product\/aluminum-profile-for-glass-railings\/","title":{"rendered":"Hlin\u00edkov\u00fd profil pro sklen\u011bn\u00e1 z\u00e1bradl\u00ed"},"content":{"rendered":"<h2>Podrobnosti o produktech<\/h2>\n<table class=\"custom-table\">\n<tbody>\n<tr>\n<td> N\u00e1zev produktu<\/td>\n<td> Hlin\u00edkov\u00fd profil pro sklen\u011bn\u00e1 z\u00e1bradl\u00ed<\/td>\n<\/tr>\n<tr>\n<td> Materi\u00e1l<\/td>\n<td> 6063, 6061 atd.<\/td>\n<\/tr>\n<tr>\n<td> Tvar<\/td>\n<td> \u010ctvercov\u00e9 nebo jin\u00e9 vlastn\u00ed tvary<\/td>\n<\/tr>\n<tr>\n<td> Tlou\u0161\u0165ka<\/td>\n<td> 0,7 mm-10 mm<\/td>\n<\/tr>\n<tr>\n<td> Velikost<\/td>\n<td> Dle po\u017eadavku klienta<\/td>\n<\/tr>\n<tr>\n<td> D\u00e9lka<\/td>\n<td> Standardn\u00ed d\u00e9lka 1-9M, jin\u00e1 d\u00e9lka k jedn\u00e1n\u00ed<\/td>\n<\/tr>\n<tr>\n<td> Typick\u00e9 aplikace<\/td>\n<td> Pr\u016fmysl, elektronika, automobily atd.<\/td>\n<\/tr>\n<tr>\n<td> Hloubkov\u00fd proces<\/td>\n<td> CNC fr\u00e9zov\u00e1n\u00ed, vrt\u00e1n\u00ed, d\u011brov\u00e1n\u00ed, vrt\u00e1n\u00ed, z\u00e1vitov\u00e1n\u00ed, oh\u00fdb\u00e1n\u00ed<\/td>\n<\/tr>\n<tr>\n<td> Zna\u010dka<\/td>\n<td> Sinoextrud, Sinoextrud,, vlastn\u00ed ochrann\u00e1 zn\u00e1mka avalaible<\/td>\n<\/tr>\n<tr>\n<td> Povrchov\u00e1 \u00faprava<\/td>\n<td> Ml\u00fdn dokon\u010dil, eloxovan\u00fd, pr\u00e1\u0161kov\u00fd povlak atd.<\/td>\n<\/tr>\n<tr>\n<td> MOQ<\/td>\n<td> 200 kg<\/td>\n<\/tr>\n<tr>\n<td> Z\u00e1ruka kvality<\/td>\n<td> 100% dobr\u00e9 d\u00edly p\u0159ed odesl\u00e1n\u00edm<\/td>\n<\/tr>\n<tr>\n<td> Certifik\u00e1ty<\/td>\n<td> ISO9001, ISO4001, CQM, SGS, CE, BV atd.<\/td>\n<\/tr>\n<tr>\n<td> M\u00edsto p\u016fvodu<\/td>\n<td> Guangdong, \u010c\u00edna<\/td>\n<\/tr>\n<\/tbody>\n<\/table>\n<h2>Na\u0161e v\u00fdrobn\u00ed z\u00e1kladna<\/h2>\n<h3>Panorama tov\u00e1rny<\/h3>\n<p><img decoding=\"async\" src=\"\/wp-content\/uploads\/factory-01.webp\"\/><\/p>\n<h3>D\u00edlna na v\u00fdrobu hlin\u00edkov\u00fdch ty\u010d\u00ed<\/h3>\n<p><img decoding=\"async\" src=\"\/wp-content\/uploads\/factory-02.webp\"\/><\/p>\n<p><img decoding=\"async\" src=\"\/wp-content\/uploads\/factory-03.webp\"\/><\/p>\n<h3>Sklad pl\u00edsn\u00ed<\/h3>\n<p><img decoding=\"async\" src=\"\/wp-content\/uploads\/factory-04.webp\"\/><\/p>\n<h3>43 linek na vytla\u010dov\u00e1n\u00ed hlin\u00edku (500 - 5500 tun)<\/h3>\n<p><img decoding=\"async\" src=\"\/wp-content\/uploads\/factory-05.webp\"\/><\/p>\n<p><img decoding=\"async\" src=\"\/wp-content\/uploads\/factory-06.webp\"\/><\/p>\n<p><img decoding=\"async\" src=\"\/wp-content\/uploads\/factory-07.webp\"\/><\/p>\n<h3>D\u00edlna pr\u00e1\u0161kov\u00e9ho lakov\u00e1n\u00ed<\/h3>\n<p><img decoding=\"async\" src=\"\/wp-content\/uploads\/factory-09.webp\"\/><\/p>\n<h3>D\u00edlna eloxov\u00e1n\u00ed<\/h3>\n<p><img decoding=\"async\" src=\"\/wp-content\/uploads\/factory-10.webp\"\/><\/p>\n<h3>Workshop o hloubkov\u00e9m zpracov\u00e1n\u00ed<\/h3>\n<p><img decoding=\"async\" src=\"\/wp-content\/uploads\/factory-11.webp\"\/><\/p>\n<h3>D\u00edlna CNC p\u0159esn\u00e9ho obr\u00e1b\u011bn\u00ed<\/h3>\n<p><img decoding=\"async\" src=\"\/wp-content\/uploads\/factory-11.5.webp\"\/><\/p>\n<h3>Sklad hotov\u00fdch v\u00fdrobk\u016f a exportn\u00ed sklad<\/h3>\n<p><img decoding=\"async\" src=\"\/wp-content\/uploads\/factory-12.webp\"\/><\/p>\n<p><img decoding=\"async\" src=\"\/wp-content\/uploads\/factory-13.webp\"\/><\/p>\n<p><img decoding=\"async\" src=\"\/wp-content\/uploads\/factory-14.webp\"\/><\/p>\n<h2>\u010cASTO KLADEN\u00c9 DOTAZY<\/h2>\n<p><p><b>1.Co je hlin\u00edkov\u00fd profil pro sklen\u011bn\u00e1 z\u00e1bradl\u00ed?<\/b><\/p>\n<p>Hlin\u00edkov\u00fd profil pro sklen\u011bn\u00e1 z\u00e1bradl\u00ed je konstruk\u010dn\u00ed hlin\u00edkov\u00fd v\u00fdlisek, kter\u00fd se pou\u017e\u00edv\u00e1 k podep\u0159en\u00ed a upevn\u011bn\u00ed sklen\u011bn\u00fdch panel\u016f v syst\u00e9mech z\u00e1bradl\u00ed.<br \/>\n<\/p><br \/>\n<br \/>\n<p><b>2.Jak\u00e9 jsou v\u00fdhody pou\u017eit\u00ed hlin\u00edkov\u00fdch profil\u016f u sklen\u011bn\u00fdch z\u00e1bradl\u00ed?<\/b><\/p>\n<p>Nab\u00edzej\u00ed lehkou pevnost, odolnost proti korozi, modern\u00ed design a snadnou instalaci pro obytn\u00e9 i komer\u010dn\u00ed pou\u017eit\u00ed.<br \/>\n<\/p><br \/>\n<br \/>\n<p><b>3.Jsou tyto profily vhodn\u00e9 pro venkovn\u00ed prost\u0159ed\u00ed?<\/b><\/p>\n<p>Ano, jsou opat\u0159eny antikorozn\u00edmi n\u00e1t\u011bry, kter\u00e9 odol\u00e1vaj\u00ed pov\u011btrnostn\u00edm vliv\u016fm, tak\u017ee jsou ide\u00e1ln\u00ed pro balkony, terasy a ploty baz\u00e9n\u016f.<br \/>\n<\/p><br \/>\n<br \/>\n<p><b>4.Mohou b\u00fdt hlin\u00edkov\u00e9 profily pro sklen\u011bn\u00e1 z\u00e1bradl\u00ed p\u0159izp\u016fsobeny?<\/b><\/p>\n<p>Ano, lze je p\u0159izp\u016fsobit, pokud jde o d\u00e9lku, povrchovou \u00fapravu a kompatibilitu s r\u016fzn\u00fdmi velikostmi skla.<br \/>\n<\/p><br \/>\n<br \/>\n<p><b>5.Funguj\u00ed tyto profily s tvrzen\u00fdm nebo vrstven\u00fdm sklem?<\/b><\/p>\n<p>Ano, jsou ur\u010deny pro r\u016fzn\u00e9 typy bezpe\u010dnostn\u00edch skel v\u010detn\u011b tvrzen\u00fdch a vrstven\u00fdch tabul\u00ed.<br \/>\n<\/p><br \/>\n<br \/>\n<p><b>6.Je instalace hlin\u00edkov\u00fdch profil\u016f pro sklen\u011bn\u00e1 z\u00e1bradl\u00ed snadn\u00e1?<\/b><\/p>\n<p>Ano, jsou navr\u017eeny pro rychlou a bezpe\u010dnou instalaci pomoc\u00ed standardn\u00edho hardwaru a mont\u00e1\u017en\u00edch syst\u00e9m\u016f.<br \/>\n<\/p><br \/>\n<br \/>\n<p><b>7.Jak\u00e9 povrchov\u00e9 \u00fapravy jsou pro tyto profily k dispozici?<\/b><\/p>\n<p>Mezi b\u011b\u017en\u00e9 povrchov\u00e9 \u00fapravy pat\u0159\u00ed eloxovan\u00e9, pr\u00e1\u0161kov\u00e9, kart\u00e1\u010dovan\u00e9 a matn\u00e9 varianty, kter\u00e9 se hod\u00ed k architektonick\u00fdm styl\u016fm.<br \/>\n<\/p><br \/>\n<br \/>\n<p><b>8.Kde se b\u011b\u017en\u011b pou\u017e\u00edvaj\u00ed hlin\u00edkov\u00e9 profily pro sklen\u011bn\u00e1 z\u00e1bradl\u00ed?<\/b><\/p>\n<p>Pou\u017e\u00edvaj\u00ed se na schodi\u0161t\u00edch, balkonech, teras\u00e1ch, v komer\u010dn\u00edch budov\u00e1ch a modern\u00edch interi\u00e9rech, kde spojuj\u00ed bezpe\u010dnost s elegantn\u00edm vzhledem.<br \/>\n<\/p><br \/><\/p>","protected":false},"featured_media":7768,"template":"","categories":[67],"class_list":["post-7769","product","type-product","status-publish","has-post-thumbnail","hentry","category-architectural-aluminium-profile"],"meta_box":{"hilight_text_group":{"product_hilight_text":"<li>Engineered for secure and stylish glass railing installations<\/li>\r\r\n<li>High-strength aluminum ensures safety and structural stability<\/li>\r\r\n<li>Corrosion-resistant finish ideal for indoor and outdoor use<\/li>\r\r\n<li>Sleek and modern design enhances architectural aesthetics<\/li>\r\r\n<li>Compatible with various glass thicknesses and railing systems<\/li>\r\r\n<li>Easy to install with standard mounting accessories<\/li>\r\r\n<li>Available in multiple finishes and customizable lengths<\/li>","product_chanpin_blog":"<ul>\r\r\n<li><a href=\"https:\/\/sinoextrud.com\/t-slot-v-slot-differences\/\" target=\"_blank\">t slot vs v slot<\/a><\/li>\r\r\n<li><a href=\"https:\/\/sinoextrud.com\/what-is-4040-aluminium-extrud\/\" target=\"_blank\">4040 aluminium extrusion<\/a><\/li>\r\r\n<li><a href=\"https:\/\/sinoextrud.com\/what-is-4040-aluminium-extrud\/\" target=\"_blank\">aluminum extrusions for industrial racks<\/a><\/li>\r\r\n<li><a href=\"https:\/\/sinoextrud.com\/powder-coating-aluminium-process\/\" target=\"_blank\">powder coating aluminium<\/a><\/li>\r\r\n<li><a href=\"https:\/\/sinoextrud.com\/what-is-an-aluminium-strip-ceiling\/\" target=\"_blank\">aluminium strip ceiling<\/a><\/li>\r\r\n<li><a href=\"https:\/\/sinoextrud.com\/what-is-a-heat-sink\/\" target=\"_blank\">what is a heat sink<\/a><\/li>\r\r\n<\/ul>","product_chanpin_chanpin":"<li><a href=\"https:\/\/sinoextrud.com\/product\/glazing-channels-extrusions\/\" target=\"_blank\">Glazing Channels Extrusions<\/a><\/li>\r\n<li><a href=\"https:\/\/sinoextrud.com\/product\/aluminum-picture-frame-extrusions\/\" target=\"_blank\">Aluminum Picture Frame Extrusions<\/a><\/li>\r\n<li><a href=\"https:\/\/sinoextrud.com\/product\/triangular-extruded-aluminum-tube\/\" target=\"_blank\">Triangular Extruded Aluminum Tube<\/a><\/li>\r\n<li><a href=\"https:\/\/sinoextrud.com\/product\/aluminum-picture-photo-artware-frame-mirror-polished-gold\/\" target=\"_blank\">Aluminum Picture Photo Artware Frame Mirror Polished Gold<\/a><\/li>\r\n<li><a href=\"https:\/\/sinoextrud.com\/product\/aluminum-profile-for-glass-railings\/\" target=\"_blank\">Aluminum Profile For Glass Railings<\/a><\/li>\r\n<li><a href=\"https:\/\/sinoextrud.com\/product\/extruded-aluminum-slide\/\" target=\"_blank\">Extruded Aluminum Slide<\/a><\/li>\r\n<li><a href=\"https:\/\/sinoextrud.com\/product\/aluminum-profile-for-advertising-photo-frame\/\" target=\"_blank\">Aluminum Profile For Advertising Photo Frame<\/a><\/li>\r\n<li><a href=\"https:\/\/sinoextrud.com\/product\/aluminum-profile-for-curtain\/\" target=\"_blank\">Aluminum Profile for Curtain<\/a><\/li>\r\n<li><a href=\"https:\/\/sinoextrud.com\/product\/aluminum-profile-slider-for-window-curtain\/\" target=\"_blank\">Aluminum Profile Slider For Window Curtain<\/a><\/li>\r\n<li><a href=\"https:\/\/sinoextrud.com\/product\/double-angle-aluminium-extrusion\/\" target=\"_blank\">Double Angle Aluminium Extrusion<\/a><\/li>\r\n<li><a href=\"https:\/\/sinoextrud.com\/product\/l-shaped-aluminum-extrusion-6063-t5-aluminum-angle-bar-alloy-profile\/\" target=\"_blank\">L Shaped Aluminum Extrusion  6063 T5 Aluminum Angle Bar Alloy Profile<\/a><\/li>"},"feature_list":[]},"_links":{"self":[{"href":"https:\/\/sinoextrud.com\/cs\/wp-json\/wp\/v2\/product\/7769","targetHints":{"allow":["GET"]}}],"collection":[{"href":"https:\/\/sinoextrud.com\/cs\/wp-json\/wp\/v2\/product"}],"about":[{"href":"https:\/\/sinoextrud.com\/cs\/wp-json\/wp\/v2\/types\/product"}],"wp:featuredmedia":[{"embeddable":true,"href":"https:\/\/sinoextrud.com\/cs\/wp-json\/wp\/v2\/media\/7768"}],"wp:attachment":[{"href":"https:\/\/sinoextrud.com\/cs\/wp-json\/wp\/v2\/media?parent=7769"}],"wp:term":[{"taxonomy":"category","embeddable":true,"href":"https:\/\/sinoextrud.com\/cs\/wp-json\/wp\/v2\/categories?post=7769"}],"curies":[{"name":"wp","href":"https:\/\/api.w.org\/{rel}","templated":true}]}}