{"id":7767,"date":"2025-06-10T07:00:43","date_gmt":"2025-06-10T07:00:43","guid":{"rendered":"https:\/\/sinoextrud.com\/product\/aluminum-picture-photo-artware-frame-mirror-polished-gold\/"},"modified":"2025-06-24T06:13:38","modified_gmt":"2025-06-24T06:13:38","slug":"hlinikovy-obraz-foto-artware-ram-zrcadlo-lestene-zlato","status":"publish","type":"product","link":"https:\/\/sinoextrud.com\/cs\/product\/aluminum-picture-photo-artware-frame-mirror-polished-gold\/","title":{"rendered":"Hlin\u00edkov\u00fd obr\u00e1zek Foto Artware Frame Mirror Polished Gold"},"content":{"rendered":"<h2>Podrobnosti o produktech<\/h2>\n<table class=\"custom-table\">\n<tbody>\n<tr>\n<td> Polo\u017eka<\/td>\n<td> Hlin\u00edkov\u00fd obr\u00e1zek Foto Artware Frame Mirror Polished Gold<\/td>\n<\/tr>\n<tr>\n<td> Materi\u00e1l slitina<\/td>\n<td> 6063-T5<\/td>\n<\/tr>\n<tr>\n<td> Velikost<\/td>\n<td> 1-9m, p\u0159izp\u016fsoben\u00ed<\/td>\n<\/tr>\n<tr>\n<td> Povrchov\u00e1 \u00faprava<\/td>\n<td> Eloxovan\u00e9, le\u0161t\u011bn\u00e9, p\u0159izp\u016fsoben\u00ed<\/td>\n<\/tr>\n<tr>\n<td> Barva<\/td>\n<td> zrcadlo, zlato, mnoho barev p\u0159izp\u016fsoben\u00ed<\/td>\n<\/tr>\n<tr>\n<td> Aplikace<\/td>\n<td> um\u011bleck\u00e1 v\u00fdzdoba, r\u00e1m<\/td>\n<\/tr>\n<tr>\n<td> Zna\u010dka<\/td>\n<td> Sinoextrud\/Sinoextrud hlin\u00edk<\/td>\n<\/tr>\n<tr>\n<td> Materi\u00e1l<\/td>\n<td> 6063-T5, 6061-T6, 6005, 6005A, 6463-T5, 6082 atd.<\/td>\n<\/tr>\n<tr>\n<td> Zna\u010dka<\/td>\n<td> Sinoextrud \/ Sinoextrud hlin\u00edk<\/td>\n<\/tr>\n<tr>\n<td> Velikost<\/td>\n<td> 1m-9m nebo p\u0159izp\u016fsoben\u00ed<\/td>\n<\/tr>\n<tr>\n<td> Aplikace<\/td>\n<td> um\u011bleck\u00e9 dekorace r\u00e1me\u010dek, obr\u00e1zek, fotografie, atd.<\/td>\n<\/tr>\n<tr>\n<td> Povrchov\u00e1 \u00faprava<\/td>\n<td> Povrchov\u00e1 \u00faprava, eloxov\u00e1n\u00ed, le\u0161t\u011bn\u00ed, kart\u00e1\u010dov\u00e1n\u00ed, p\u00edskov\u00e1n\u00ed, d\u0159ev\u011bn\u00e9 zrno, elektrofor\u00e9za, pr\u00e1\u0161kov\u00e9 lakov\u00e1n\u00ed, flurokarbonov\u00e9 pr\u00e1\u0161kov\u00e9 lakov\u00e1n\u00ed (PVDF) atd.<\/td>\n<\/tr>\n<tr>\n<td> Barva<\/td>\n<td> St\u0159\u00edbrn\u00e1 b\u00edl\u00e1, \u010dern\u00e1, \u0161ed\u00e1, zlat\u00e1, modr\u00e1, \u010derven\u00e1, d\u0159ev\u011bn\u00e1 atd.<\/td>\n<\/tr>\n<tr>\n<td> MOQ<\/td>\n<td> 200KG pro ka\u017edou polo\u017eku \/ barvu<\/td>\n<\/tr>\n<tr>\n<td> Slu\u017eba OEM<\/td>\n<td> na z\u00e1klad\u011b v\u00fdkres\u016f nebo vzork\u016f navr\u017een\u00fdch z\u00e1kazn\u00edkem<\/td>\n<\/tr>\n<tr>\n<td> Certifik\u00e1t<\/td>\n<td> SONCAP, BV, SGS atd.<\/td>\n<\/tr>\n<tr>\n<td> Podrobnosti o balen\u00ed<\/td>\n<td> Uvnit\u0159 zabaleno do plastov\u00e9 ochrann\u00e9 f\u00f3lie, zvenku zabaleno do vod\u011bodoln\u00e9ho kraftov\u00e9ho pap\u00edru.<\/td>\n<\/tr>\n<tr>\n<td> Doba dod\u00e1n\u00ed<\/td>\n<td> V\u00fdvoj matrice a zkou\u0161ka vzorku trv\u00e1 12-18 dn\u00ed, v\u00fdroba pak 25-30 dn\u00ed po obdr\u017een\u00ed z\u00e1lohy od kupuj\u00edc\u00edho.<\/td>\n<\/tr>\n<tr>\n<td> Platebn\u00ed podm\u00ednky<\/td>\n<td> 30% z\u00e1lohov\u00e1 platba, z\u016fstatek p\u0159ed odesl\u00e1n\u00edm<\/td>\n<\/tr>\n<tr>\n<td> Nakl\u00e1dac\u00ed port<\/td>\n<td> FOB Shenzhen, Guangzhou, Foshan<\/td>\n<\/tr>\n<tr>\n<td> Term\u00edn vypo\u0159\u00e1d\u00e1n\u00ed<\/td>\n<td> Kone\u010dn\u00e1 platba se prov\u00e1d\u00ed na z\u00e1klad\u011b kone\u010dn\u00e9ho skute\u010dn\u00e9ho fyzick\u00e9ho v\u00e1\u017een\u00ed.<\/td>\n<\/tr>\n<tr>\n<td> Kapacita v\u00fdrobku<\/td>\n<td> 15 000 tun\/m\u011bs\u00edc<\/td>\n<\/tr>\n<tr>\n<td> Z\u00e1ruka kvality<\/td>\n<td> Barva povrchu vydr\u017e\u00ed 10 a\u017e 20 let p\u0159i pou\u017eit\u00ed v interi\u00e9ru.<\/td>\n<\/tr>\n<\/tbody>\n<\/table>\n<h2>Na\u0161e v\u00fdrobn\u00ed z\u00e1kladna<\/h2>\n<h3>Panorama tov\u00e1rny<\/h3>\n<p><img decoding=\"async\" src=\"\/wp-content\/uploads\/factory-01.webp\"\/><\/p>\n<h3>D\u00edlna na v\u00fdrobu hlin\u00edkov\u00fdch ty\u010d\u00ed<\/h3>\n<p><img decoding=\"async\" src=\"\/wp-content\/uploads\/factory-02.webp\"\/><\/p>\n<\/p>\n<p><img decoding=\"async\" src=\"\/wp-content\/uploads\/factory-03.webp\"\/><\/p>\n<h3>Sklad pl\u00edsn\u00ed<\/h3>\n<p><img decoding=\"async\" src=\"\/wp-content\/uploads\/factory-04.webp\"\/><\/p>\n<h3>43 linek na vytla\u010dov\u00e1n\u00ed hlin\u00edku (500 - 5500 tun)<\/h3>\n<p><img decoding=\"async\" src=\"\/wp-content\/uploads\/factory-05.webp\"\/><\/p>\n<p><img decoding=\"async\" src=\"\/wp-content\/uploads\/factory-06.webp\"\/><\/p>\n<p><img decoding=\"async\" src=\"\/wp-content\/uploads\/factory-07.webp\"\/><\/p>\n<h3>D\u00edlna pr\u00e1\u0161kov\u00e9ho lakov\u00e1n\u00ed<\/h3>\n<p><img decoding=\"async\" src=\"\/wp-content\/uploads\/factory-09.webp\"\/><\/p>\n<h3>D\u00edlna eloxov\u00e1n\u00ed<\/h3>\n<p><img decoding=\"async\" src=\"\/wp-content\/uploads\/factory-10.webp\"\/><\/p>\n<h3>Workshop o hloubkov\u00e9m zpracov\u00e1n\u00ed<\/h3>\n<p><img decoding=\"async\" src=\"\/wp-content\/uploads\/factory-11.webp\"\/><\/p>\n<h3>D\u00edlna CNC p\u0159esn\u00e9ho obr\u00e1b\u011bn\u00ed<\/h3>\n<p><img decoding=\"async\" src=\"\/wp-content\/uploads\/factory-11.5.webp\"\/><\/p>\n<h3>Sklad hotov\u00fdch v\u00fdrobk\u016f a exportn\u00ed sklad<\/h3>\n<p><img decoding=\"async\" src=\"\/wp-content\/uploads\/factory-12.webp\"\/><\/p>\n<p><img decoding=\"async\" src=\"\/wp-content\/uploads\/factory-13.webp\"\/><\/p>\n<p><img decoding=\"async\" src=\"\/wp-content\/uploads\/factory-14.webp\"\/><\/p>\n<h2>\u010cASTO KLADEN\u00c9 DOTAZY<\/h2>\n<p><b>1.Co je hlin\u00edkov\u00fd obraz Foto Artware Frame Mirror Polished Gold? <\/b><\/p>\n<p> Jedn\u00e1 se o vysoce kvalitn\u00ed r\u00e1m vyroben\u00fd z hlin\u00edku s le\u0161t\u011bnou zlatou povrchovou \u00fapravou, kter\u00fd je ur\u010den k vystavov\u00e1n\u00ed obr\u00e1zk\u016f, fotografi\u00ed a um\u011bleck\u00fdch d\u011bl s elegantn\u00edm a luxusn\u00edm vzhledem.\n<\/p>\n<p><\/p>\n<p><b>2.Pro\u010d zvolit hlin\u00edkov\u00fd r\u00e1m pro um\u011bleck\u00e1 d\u00edla? <\/b><\/p>\n<p> Hlin\u00edkov\u00e9 r\u00e1my jsou odoln\u00e9, lehk\u00e9, odoln\u00e9 proti korozi a stylov\u00e9, tak\u017ee jsou obl\u00edbenou volbou pro obytn\u00e9 i komer\u010dn\u00ed r\u00e1my.\n<\/p>\n<p><\/p>\n<p><b>3.Jak\u00e9 jsou v\u00fdhody le\u0161t\u011bn\u00e9 zlat\u00e9 povrchov\u00e9 \u00fapravy? <\/b><\/p>\n<p> Le\u0161t\u011bn\u00e1 zlat\u00e1 povrchov\u00e1 \u00faprava zvy\u0161uje estetickou p\u0159ita\u017elivost um\u011bleck\u00fdch d\u011bl, proto\u017ee poskytuje prvot\u0159\u00eddn\u00ed, sofistikovan\u00fd vzhled, kter\u00fd dopl\u0148uje jak\u00fdkoli styl interi\u00e9ru.\n<\/p>\n<p><\/p>\n<p><b>4.Lze tyto r\u00e1my pou\u017e\u00edt pro obrazy i zrcadla? <\/b><\/p>\n<p> Ano, r\u00e1my jsou ur\u010deny pro \u0161irokou \u0161k\u00e1lu pou\u017eit\u00ed, v\u010detn\u011b r\u00e1mov\u00e1n\u00ed obr\u00e1zk\u016f, fotografi\u00ed, um\u011bleck\u00fdch d\u011bl a zrcadel, a nab\u00edzej\u00ed tak flexibilitu v dom\u00e1cnosti i ve firm\u011b.\n<\/p>\n<p><\/p>\n<p><b>5.Jsou tyto r\u00e1my vhodn\u00e9 pro venkovn\u00ed pou\u017eit\u00ed? <\/b><\/p>\n<p> Hlin\u00edkov\u00e9 r\u00e1my jsou trvanliv\u00e9 a odoln\u00e9 proti korozi, le\u0161t\u011bn\u00e1 zlat\u00e1 povrchov\u00e1 \u00faprava se v\u0161ak nejl\u00e9pe hod\u00ed pro vnit\u0159n\u00ed pou\u017eit\u00ed nebo do chr\u00e1n\u011bn\u00fdch prostor, aby si zachovala sv\u016fj vzhled.\n<\/p>\n<p><\/p>\n<p><b>6.Jak snadn\u00e1 je instalace t\u011bchto r\u00e1m\u016f? <\/b><\/p>\n<p> D\u00edky lehk\u00e9 hlin\u00edkov\u00e9 konstrukci se s t\u011bmito r\u00e1my snadno manipuluje a snadno se instaluj\u00ed, co\u017e \u0161et\u0159\u00ed \u010das a sni\u017euje n\u00e1klady na pracovn\u00ed s\u00edlu.\n<\/p>\n<p><\/p>\n<p><b>7.Je hlin\u00edkov\u00fd materi\u00e1l \u0161etrn\u00fd k \u017eivotn\u00edmu prost\u0159ed\u00ed? <\/b><\/p>\n<p> Ano, hlin\u00edk je 100% recyklovateln\u00fd, tak\u017ee tyto r\u00e1my jsou ekologicky \u0161etrnou volbou pro udr\u017eiteln\u00e9 r\u00e1mov\u00e1n\u00ed.\n<\/p>\n<p><\/p>\n<p><b>8.Jak\u00e9 velikosti jsou k dispozici pro tyto r\u00e1my? <\/b><\/p>\n<p> R\u00e1my jsou k dispozici v r\u016fzn\u00fdch velikostech a lze si objednat i vlastn\u00ed rozm\u011bry pro konkr\u00e9tn\u00ed um\u011bleck\u00e1 d\u00edla, fotografie nebo zrcadla.\n<\/p>\n<p><\/p>","protected":false},"featured_media":7766,"template":"","categories":[67],"class_list":["post-7767","product","type-product","status-publish","has-post-thumbnail","hentry","category-architectural-aluminium-profile"],"meta_box":{"hilight_text_group":{"product_hilight_text":"<li>Premium polished gold finish adds elegance and luxury to any picture, photo, or artwork.<\/li>\r\r\n<li>Durable aluminum construction ensures long-lasting support and protection for frames.<\/li>\r\r\n<li>Lightweight material allows for easy handling and installation, reducing shipping costs.<\/li>\r\r\n<li>Highly resistant to corrosion and wear, making it suitable for both residential and commercial applications.<\/li>\r\r\n<li>Versatile design that complements a wide range of interior decor styles.<\/li>\r\r\n<li>Eco-friendly, as aluminum is 100% recyclable, offering a sustainable option for framing solutions.<\/li>","product_chanpin_blog":"<ul>\r\r\n<li><a href=\"https:\/\/sinoextrud.com\/t-slot-v-slot-differences\/\" target=\"_blank\">t slot vs v slot<\/a><\/li>\r\r\n<li><a href=\"https:\/\/sinoextrud.com\/what-is-4040-aluminium-extrud\/\" target=\"_blank\">4040 aluminium extrusion<\/a><\/li>\r\r\n<li><a href=\"https:\/\/sinoextrud.com\/what-is-4040-aluminium-extrud\/\" target=\"_blank\">aluminum extrusions for industrial racks<\/a><\/li>\r\r\n<li><a href=\"https:\/\/sinoextrud.com\/powder-coating-aluminium-process\/\" target=\"_blank\">powder coating aluminium<\/a><\/li>\r\r\n<li><a href=\"https:\/\/sinoextrud.com\/what-is-an-aluminium-strip-ceiling\/\" target=\"_blank\">aluminium strip ceiling<\/a><\/li>\r\r\n<li><a href=\"https:\/\/sinoextrud.com\/what-is-a-heat-sink\/\" target=\"_blank\">what is a heat sink<\/a><\/li>\r\r\n<\/ul>","product_chanpin_chanpin":"<li><a href=\"https:\/\/sinoextrud.com\/product\/aluminum-window-extrusion-profiles-2\/\" target=\"_blank\">Aluminum Window Extrusion Profiles<\/a><\/li>\r\n<li><a href=\"https:\/\/sinoextrud.com\/product\/glazing-channels-extrusions\/\" target=\"_blank\">Glazing Channels Extrusions<\/a><\/li>\r\n<li><a href=\"https:\/\/sinoextrud.com\/product\/aluminum-picture-frame-extrusions\/\" target=\"_blank\">Aluminum Picture Frame Extrusions<\/a><\/li>\r\n<li><a href=\"https:\/\/sinoextrud.com\/product\/triangular-extruded-aluminum-tube\/\" target=\"_blank\">Triangular Extruded Aluminum Tube<\/a><\/li>\r\n<li><a href=\"https:\/\/sinoextrud.com\/product\/aluminum-picture-photo-artware-frame-mirror-polished-gold\/\" target=\"_blank\">Aluminum Picture Photo Artware Frame Mirror Polished Gold<\/a><\/li>\r\n<li><a href=\"https:\/\/sinoextrud.com\/product\/aluminum-profile-for-glass-railings\/\" target=\"_blank\">Aluminum Profile For Glass Railings<\/a><\/li>\r\n<li><a href=\"https:\/\/sinoextrud.com\/product\/extruded-aluminum-slide\/\" target=\"_blank\">Extruded Aluminum Slide<\/a><\/li>\r\n<li><a href=\"https:\/\/sinoextrud.com\/product\/aluminum-profile-for-advertising-photo-frame\/\" target=\"_blank\">Aluminum Profile For Advertising Photo Frame<\/a><\/li>\r\n<li><a href=\"https:\/\/sinoextrud.com\/product\/aluminum-profile-for-curtain\/\" target=\"_blank\">Aluminum Profile for Curtain<\/a><\/li>\r\n<li><a href=\"https:\/\/sinoextrud.com\/product\/black-extruded-aluminum-heat-sink-profiles\/\" target=\"_blank\">Black Extruded Aluminum Heat Sink Profiles<\/a><\/li>\r\n<li><a href=\"https:\/\/sinoextrud.com\/product\/aluminium-sliding-door-brushed-silver\/\" target=\"_blank\">Aluminium Sliding Door Brushed Silver<\/a><\/li>"},"feature_list":[]},"_links":{"self":[{"href":"https:\/\/sinoextrud.com\/cs\/wp-json\/wp\/v2\/product\/7767","targetHints":{"allow":["GET"]}}],"collection":[{"href":"https:\/\/sinoextrud.com\/cs\/wp-json\/wp\/v2\/product"}],"about":[{"href":"https:\/\/sinoextrud.com\/cs\/wp-json\/wp\/v2\/types\/product"}],"wp:featuredmedia":[{"embeddable":true,"href":"https:\/\/sinoextrud.com\/cs\/wp-json\/wp\/v2\/media\/7766"}],"wp:attachment":[{"href":"https:\/\/sinoextrud.com\/cs\/wp-json\/wp\/v2\/media?parent=7767"}],"wp:term":[{"taxonomy":"category","embeddable":true,"href":"https:\/\/sinoextrud.com\/cs\/wp-json\/wp\/v2\/categories?post=7767"}],"curies":[{"name":"wp","href":"https:\/\/api.w.org\/{rel}","templated":true}]}}