{"id":7757,"date":"2025-06-10T06:42:34","date_gmt":"2025-06-10T06:42:34","guid":{"rendered":"https:\/\/sinoextrud.com\/product\/aluminum-profiles-for-glass\/"},"modified":"2025-06-24T06:13:37","modified_gmt":"2025-06-24T06:13:37","slug":"hlinikove-profily-pro-sklo","status":"publish","type":"product","link":"https:\/\/sinoextrud.com\/cs\/product\/aluminum-profiles-for-glass\/","title":{"rendered":"Hlin\u00edkov\u00e9 profily pro sklo"},"content":{"rendered":"<h2>Podrobnosti o produktech<\/h2>\n<table class=\"custom-table\">\n<tr>\n<td class=\"label\">Polo\u017eka<\/td>\n<td>Hlin\u00edkov\u00e9 profily pro sklo<\/td>\n<\/tr>\n<tr>\n<td class=\"label\">Materi\u00e1l<\/td>\n<td>Hlin\u00edk \u0159ady 6000<\/td>\n<\/tr>\n<tr>\n<td class=\"label\">Temperament<\/td>\n<td>T4, T5, T6<\/td>\n<\/tr>\n<tr>\n<td class=\"label\">Velikost \/ tlou\u0161\u0165ka<\/td>\n<td>Obecn\u00e1 tlou\u0161\u0165ka profil\u016f od 0,8 do 5,0 mm, d\u00e9lka od 1 m do 9 m nebo na zak\u00e1zku; tlou\u0161\u0165ka eloxovac\u00ed ochrann\u00e9 vrstvy od 8 do 25 um, pr\u00e1\u0161kov\u00e9 lakov\u00e1n\u00ed od 40 do 120 um.<\/td>\n<\/tr>\n<tr>\n<td class=\"label\">Tvar<\/td>\n<td>\u010dtvercov\u00e9, kulat\u00e9, obd\u00e9ln\u00edkov\u00e9, na m\u00edru<\/td>\n<\/tr>\n<tr>\n<td class=\"label\">Aplikace<\/td>\n<td>V n\u00e1bytku, oknech a dve\u0159\u00edch, dekorac\u00edch, pr\u016fmyslu, stavebnictv\u00ed atd.<\/td>\n<\/tr>\n<tr>\n<td class=\"label\">Povrchov\u00e1 \u00faprava<\/td>\n<td>pr\u00e1\u0161kov\u00e9 lakov\u00e1n\u00ed, elektrofor\u00e9za, d\u0159ev\u011bn\u00e1 struktura , eloxov\u00e1n\u00ed atd.<\/td>\n<\/tr>\n<tr>\n<td class=\"label\">Barvy<\/td>\n<td>Ref pr\u00e1\u0161kov\u00e9 lakov\u00e1n\u00ed barevn\u00fd list a p\u0159izp\u016fsoben\u00e9 barvy k dispozici<\/td>\n<\/tr>\n<tr>\n<td class=\"label\">Hloubkov\u00fd proces<\/td>\n<td>CNC, vrt\u00e1n\u00ed, fr\u00e9zov\u00e1n\u00ed, \u0159ez\u00e1n\u00ed, sva\u0159ov\u00e1n\u00ed, oh\u00fdb\u00e1n\u00ed, mont\u00e1\u017e<\/td>\n<\/tr>\n<tr>\n<td class=\"label\">MOQ<\/td>\n<td>200 kg pro ka\u017edou polo\u017eku<\/td>\n<\/tr>\n<tr>\n<td class=\"label\">Podrobnosti o balen\u00ed<\/td>\n<td>(1) Uvnit\u0159: baleno s plastovou ochrannou f\u00f3li\u00ed, kter\u00e1 chr\u00e1n\u00ed ka\u017ed\u00fd kus.<\/td>\n<\/tr>\n<tr>\n<td class=\"label\">Doba dod\u00e1n\u00ed<\/td>\n<td>(1) V\u00fdvoj a testov\u00e1n\u00ed vzork\u016f: 12-18 dn\u00ed.<\/td>\n<\/tr>\n<tr>\n<td class=\"label\">P\u0159\u00edstav FOB<\/td>\n<td>SHENZHEN \/ GUANGZHOU \/ FOSHAN<\/td>\n<\/tr>\n<tr>\n<td class=\"label\">platebn\u00ed podm\u00ednky<\/td>\n<td>T\/T 30% pro vklad, z\u016fstatek p\u0159ed odesl\u00e1n\u00edm.<\/td>\n<\/tr>\n<tr>\n<td class=\"label\">term\u00edn vypo\u0159\u00e1d\u00e1n\u00ed<\/td>\n<td>\u00da\u010dtujte podle kone\u010dn\u00e9 skute\u010dn\u00e9 hmotnosti nebo podle teoretick\u00e9 hmotnosti p\u0159i \u010derp\u00e1n\u00ed.<\/td>\n<\/tr>\n<tr>\n<td class=\"label\">v\u00fdrobn\u00ed kapacita<\/td>\n<td>15 000 tun m\u011bs\u00ed\u010dn\u011b, 200 000 tun ro\u010dn\u011b.<\/td>\n<\/tr>\n<tr>\n<td class=\"label\">Certifik\u00e1t a norma<\/td>\n<td>CQM, SGS, CE, BV, SONCAP \/ GB, ISO, JIS, AS, NZS, QUALICOAT, QUOLANOD k dispozici<\/td>\n<\/tr>\n<tr>\n<td class=\"label\">Z\u00e1ruka<\/td>\n<td>Barva povrchu m\u016f\u017ee b\u00fdt stabiln\u00ed po dobu 10 ~ 20 let pou\u017e\u00edv\u00e1n\u00ed v interi\u00e9ru.<\/td>\n<\/tr>\n<\/table>\n<h2>Na\u0161e v\u00fdrobn\u00ed z\u00e1kladna<\/h2>\n<h3>Panorama tov\u00e1rny<\/h3>\n<p><img decoding=\"async\" src=\"\/wp-content\/uploads\/factory-01.webp\"\/><\/p>\n<h3>D\u00edlna na v\u00fdrobu hlin\u00edkov\u00fdch ty\u010d\u00ed<\/h3>\n<p><img decoding=\"async\" src=\"\/wp-content\/uploads\/factory-02.webp\"\/><\/p>\n<\/p>\n<p><img decoding=\"async\" src=\"\/wp-content\/uploads\/factory-03.webp\"\/><\/p>\n<h3>Sklad pl\u00edsn\u00ed<\/h3>\n<p><img decoding=\"async\" src=\"\/wp-content\/uploads\/factory-04.webp\"\/><\/p>\n<h3>43 linek na vytla\u010dov\u00e1n\u00ed hlin\u00edku (500 - 5500 tun)<\/h3>\n<p><img decoding=\"async\" src=\"\/wp-content\/uploads\/factory-05.webp\"\/><\/p>\n<p><img decoding=\"async\" src=\"\/wp-content\/uploads\/factory-06.webp\"\/><\/p>\n<p><img decoding=\"async\" src=\"\/wp-content\/uploads\/factory-07.webp\"\/><\/p>\n<h3>D\u00edlna pr\u00e1\u0161kov\u00e9ho lakov\u00e1n\u00ed<\/h3>\n<p><img decoding=\"async\" src=\"\/wp-content\/uploads\/factory-09.webp\"\/><\/p>\n<h3>D\u00edlna eloxov\u00e1n\u00ed<\/h3>\n<p><img decoding=\"async\" src=\"\/wp-content\/uploads\/factory-10.webp\"\/><\/p>\n<h3>Workshop o hloubkov\u00e9m zpracov\u00e1n\u00ed<\/h3>\n<p><img decoding=\"async\" src=\"\/wp-content\/uploads\/factory-11.webp\"\/><\/p>\n<h3>D\u00edlna CNC p\u0159esn\u00e9ho obr\u00e1b\u011bn\u00ed<\/h3>\n<p><img decoding=\"async\" src=\"\/wp-content\/uploads\/factory-11.5.webp\"\/><\/p>\n<h3>Sklad hotov\u00fdch v\u00fdrobk\u016f a exportn\u00ed sklad<\/h3>\n<p><img decoding=\"async\" src=\"\/wp-content\/uploads\/factory-12.webp\"\/><\/p>\n<p><img decoding=\"async\" src=\"\/wp-content\/uploads\/factory-13.webp\"\/><\/p>\n<p><img decoding=\"async\" src=\"\/wp-content\/uploads\/factory-14.webp\"\/><\/p>\n<h2>\u010cASTO KLADEN\u00c9 DOTAZY<\/h2>\n<p><b>1.Co jsou hlin\u00edkov\u00e9 profily pro sklo?<\/b><\/p>\n<p>Hlin\u00edkov\u00e9 profily pro sklo jsou speci\u00e1ln\u011b navr\u017een\u00e9 hlin\u00edkov\u00e9 r\u00e1my nebo kan\u00e1ly, kter\u00e9 se pou\u017e\u00edvaj\u00ed k bezpe\u010dn\u00e9 mont\u00e1\u017ei a podep\u0159en\u00ed sklen\u011bn\u00fdch panel\u016f ve dve\u0159\u00edch, p\u0159\u00ed\u010dk\u00e1ch a fas\u00e1d\u00e1ch.\n<\/p>\n<p><\/p>\n<p><b>2.Jsou hlin\u00edkov\u00e9 profily pro sklo vhodn\u00e9 pro bezr\u00e1mov\u00e9 sklen\u011bn\u00e9 syst\u00e9my?<\/b><\/p>\n<p>Ano, hlin\u00edkov\u00e9 profily pro sklo jsou ide\u00e1ln\u00ed pro bezr\u00e1mov\u00e9 a \u010d\u00e1ste\u010dn\u011b bezr\u00e1mov\u00e9 sklen\u011bn\u00e9 syst\u00e9my, kter\u00e9 poskytuj\u00ed \u010dist\u00e9 linie a modern\u00ed vzhled.\n<\/p>\n<p><\/p>\n<p><b>3.Lze tyto hlin\u00edkov\u00e9 profily p\u0159izp\u016fsobit pro r\u016fzn\u00e9 tlou\u0161\u0165ky skla?<\/b><\/p>\n<p>Ano, na\u0161e hlin\u00edkov\u00e9 profily pro sklo lze p\u0159izp\u016fsobit r\u016fzn\u00fdm tlou\u0161\u0165k\u00e1m skla a pot\u0159eb\u00e1m pou\u017eit\u00ed.\n<\/p>\n<p><\/p>\n<p><b>4.Odol\u00e1vaj\u00ed hlin\u00edkov\u00e9 profily pro sklo korozi a opot\u0159eben\u00ed?<\/b><\/p>\n<p>Ano, jsou vyrobeny z vysoce kvalitn\u00edho hlin\u00edku odoln\u00e9ho proti korozi, co\u017e zaru\u010duje jejich odolnost ve vnit\u0159n\u00edm i venkovn\u00edm prost\u0159ed\u00ed.\n<\/p>\n<p><\/p>\n<p><b>5.Kde se obvykle pou\u017e\u00edvaj\u00ed hlin\u00edkov\u00e9 profily pro sklo?<\/b><\/p>\n<p>B\u011b\u017en\u011b se pou\u017e\u00edvaj\u00ed v kancel\u00e1\u0159sk\u00fdch p\u0159\u00ed\u010dk\u00e1ch, sprchov\u00fdch koutech, sklen\u011bn\u00fdch dve\u0159\u00edch a architektonick\u00fdch fas\u00e1d\u00e1ch pro obytn\u00e9 i komer\u010dn\u00ed projekty.\n<\/p>\n<p><\/p>","protected":false},"featured_media":7756,"template":"","categories":[67],"class_list":["post-7757","product","type-product","status-publish","has-post-thumbnail","hentry","category-architectural-aluminium-profile"],"meta_box":{"hilight_text_group":{"product_hilight_text":"<li>Designed to securely hold glass panels with precision<\/li>\r\r\n<li>Sleek and modern appearance enhances visual appeal<\/li>\r\r\n<li>Corrosion-resistant aluminum ensures long-lasting durability<\/li>\r\r\n<li>Available in various sizes and finishes to match different glass types<\/li>\r\r\n<li>Easy installation and maintenance for commercial and residential projects<\/li>","product_chanpin_blog":"<ul>\r\r\n<li><a href=\"https:\/\/sinoextrud.com\/t-slot-v-slot-differences\/\" target=\"_blank\">t slot vs v slot<\/a><\/li>\r\r\n<li><a href=\"https:\/\/sinoextrud.com\/what-is-4040-aluminium-extrud\/\" target=\"_blank\">4040 aluminium extrusion<\/a><\/li>\r\r\n<li><a href=\"https:\/\/sinoextrud.com\/what-is-4040-aluminium-extrud\/\" target=\"_blank\">aluminum extrusions for industrial racks<\/a><\/li>\r\r\n<li><a href=\"https:\/\/sinoextrud.com\/powder-coating-aluminium-process\/\" target=\"_blank\">powder coating aluminium<\/a><\/li>\r\r\n<li><a href=\"https:\/\/sinoextrud.com\/what-is-an-aluminium-strip-ceiling\/\" target=\"_blank\">aluminium strip ceiling<\/a><\/li>\r\r\n<li><a href=\"https:\/\/sinoextrud.com\/what-is-a-heat-sink\/\" target=\"_blank\">what is a heat sink<\/a><\/li>\r\r\n<\/ul>","product_chanpin_chanpin":"<li><a href=\"https:\/\/sinoextrud.com\/product\/aluminum-window-blinds-profiles\/\" target=\"_blank\">Aluminum Window Blinds Profiles<\/a><\/li>\r\n<li><a href=\"https:\/\/sinoextrud.com\/product\/extruded-aluminum-door-frame\/\" target=\"_blank\">Extruded Aluminum Door Frame<\/a><\/li>\r\n<li><a href=\"https:\/\/sinoextrud.com\/product\/item-structural-aluminum-extrusions\/\" target=\"_blank\">Item Structural Aluminum Extrusions<\/a><\/li>\r\n<li><a href=\"https:\/\/sinoextrud.com\/product\/aluminum-extrusions-stock-shapes\/\" target=\"_blank\">Aluminum Extrusions Stock Shapes<\/a><\/li>\r\n<li><a href=\"https:\/\/sinoextrud.com\/product\/aluminum-profiles-for-glass\/\" target=\"_blank\">Aluminum Profiles For Glass<\/a><\/li>\r\n<li><a href=\"https:\/\/sinoextrud.com\/product\/aluminum-window-extrusion-profiles-2\/\" target=\"_blank\">Aluminum Window Extrusion Profiles<\/a><\/li>\r\n<li><a href=\"https:\/\/sinoextrud.com\/product\/glazing-channels-extrusions\/\" target=\"_blank\">Glazing Channels Extrusions<\/a><\/li>\r\n<li><a href=\"https:\/\/sinoextrud.com\/product\/aluminum-picture-frame-extrusions\/\" target=\"_blank\">Aluminum Picture Frame Extrusions<\/a><\/li>\r\n<li><a href=\"https:\/\/sinoextrud.com\/product\/triangular-extruded-aluminum-tube\/\" target=\"_blank\">Triangular Extruded Aluminum Tube<\/a><\/li>\r\n<li><a href=\"https:\/\/sinoextrud.com\/product\/aluminium-profile\/\" target=\"_blank\">Aluminium profile<\/a><\/li>\r\n<li><a href=\"https:\/\/sinoextrud.com\/product\/linear-rail-aluminum-extrusion\/\" target=\"_blank\">Linear Rail Aluminum Extrusion<\/a><\/li>"},"feature_list":[]},"_links":{"self":[{"href":"https:\/\/sinoextrud.com\/cs\/wp-json\/wp\/v2\/product\/7757","targetHints":{"allow":["GET"]}}],"collection":[{"href":"https:\/\/sinoextrud.com\/cs\/wp-json\/wp\/v2\/product"}],"about":[{"href":"https:\/\/sinoextrud.com\/cs\/wp-json\/wp\/v2\/types\/product"}],"wp:featuredmedia":[{"embeddable":true,"href":"https:\/\/sinoextrud.com\/cs\/wp-json\/wp\/v2\/media\/7756"}],"wp:attachment":[{"href":"https:\/\/sinoextrud.com\/cs\/wp-json\/wp\/v2\/media?parent=7757"}],"wp:term":[{"taxonomy":"category","embeddable":true,"href":"https:\/\/sinoextrud.com\/cs\/wp-json\/wp\/v2\/categories?post=7757"}],"curies":[{"name":"wp","href":"https:\/\/api.w.org\/{rel}","templated":true}]}}