{"id":7753,"date":"2025-06-10T06:26:28","date_gmt":"2025-06-10T06:26:28","guid":{"rendered":"https:\/\/sinoextrud.com\/product\/item-structural-aluminum-extrusions\/"},"modified":"2025-06-24T06:13:36","modified_gmt":"2025-06-24T06:13:36","slug":"konstrukcni-hlinikove-vylisky","status":"publish","type":"product","link":"https:\/\/sinoextrud.com\/cs\/product\/item-structural-aluminum-extrusions\/","title":{"rendered":"Polo\u017eka Konstruk\u010dn\u00ed hlin\u00edkov\u00e9 v\u00fdlisky"},"content":{"rendered":"<h2>Podrobnosti o produktech<\/h2>\n<table class=\"custom-table\">\n<tbody>\n<tr>\n<td> <\/td>\n<td>Polo\u017eka Konstruk\u010dn\u00ed hlin\u00edkov\u00e9 v\u00fdlisky<\/td>\n<\/tr>\n<tr>\n<td>Materi\u00e1l<\/td>\n<td>6063,6061,6463,6005,6082 atd.<\/td>\n<\/tr>\n<tr>\n<td>Tvar<\/td>\n<td>\u010ctvercov\u00fd, kulat\u00fd, obd\u00e9ln\u00edkov\u00fd a jin\u00fd p\u0159izp\u016fsoben\u00fd tvar<\/td>\n<\/tr>\n<tr>\n<td>Tlou\u0161\u0165ka<\/td>\n<td>0,7 mm-10 mm<\/td>\n<\/tr>\n<tr>\n<td>Velikost<\/td>\n<td>Podle po\u017eadavku z\u00e1kazn\u00edka<\/td>\n<\/tr>\n<tr>\n<td>D\u00e9lka<\/td>\n<td>Standardn\u00ed d\u00e9lka 1-9M nebo jin\u00e1 p\u0159izp\u016fsoben\u00e1 d\u00e9lka.<\/td>\n<\/tr>\n<tr>\n<td>Typick\u00e9 aplikace<\/td>\n<td>Fotor\u00e1me\u010dek, obrazov\u00fd r\u00e1me\u010dek, sol\u00e1rn\u00ed panelov\u00fd r\u00e1me\u010dek, pr\u016fmyslov\u00fd v slot, t slot r\u00e1me\u010dek atd.<\/td>\n<\/tr>\n<tr>\n<td>Zna\u010dka<\/td>\n<td>Sinoextrud, Sinoextrud nebo ochrann\u00e1 zn\u00e1mka OEM<\/td>\n<\/tr>\n<tr>\n<td>Hloubkov\u00fd proces<\/td>\n<td>CNC fr\u00e9zov\u00e1n\u00ed, vrt\u00e1n\u00ed, d\u011brov\u00e1n\u00ed, vrt\u00e1n\u00ed, z\u00e1vitov\u00e1n\u00ed, oh\u00fdb\u00e1n\u00ed<\/td>\n<\/tr>\n<tr>\n<td>Povrchov\u00e1 \u00faprava<\/td>\n<td>Le\u0161t\u011bn\u00e9, kart\u00e1\u010dovan\u00e9, eloxovan\u00e9, pr\u00e1\u0161kov\u00e9, d\u0159ev\u011bn\u00e9 zrno atd.<\/td>\n<\/tr>\n<tr>\n<td>Certifik\u00e1ty<\/td>\n<td>ISO9001, ISO4001, CQM, SGS, CE, BV atd.<\/td>\n<\/tr>\n<tr>\n<td>M\u00edsto p\u016fvodu<\/td>\n<td>Guangdong, \u010c\u00edna<\/td>\n<\/tr>\n<\/tbody>\n<\/table>\n<h2>Na\u0161e v\u00fdrobn\u00ed z\u00e1kladna<\/h2>\n<h3>Panorama tov\u00e1rny<\/h3>\n<p><img decoding=\"async\" src=\"\/wp-content\/uploads\/factory-01.webp\"\/><\/p>\n<h3>D\u00edlna na v\u00fdrobu hlin\u00edkov\u00fdch ty\u010d\u00ed<\/h3>\n<p><img decoding=\"async\" src=\"\/wp-content\/uploads\/factory-02.webp\"\/><\/p>\n<p><img decoding=\"async\" src=\"\/wp-content\/uploads\/factory-03.webp\"\/><\/p>\n<h3>Sklad pl\u00edsn\u00ed<\/h3>\n<p><img decoding=\"async\" src=\"\/wp-content\/uploads\/factory-04.webp\"\/><\/p>\n<h3>43 linek na vytla\u010dov\u00e1n\u00ed hlin\u00edku (500 - 5500 tun)<\/h3>\n<p><img decoding=\"async\" src=\"\/wp-content\/uploads\/factory-05.webp\"\/><\/p>\n<p><img decoding=\"async\" src=\"\/wp-content\/uploads\/factory-06.webp\"\/><\/p>\n<p><img decoding=\"async\" src=\"\/wp-content\/uploads\/factory-07.webp\"\/><\/p>\n<h3>D\u00edlna pr\u00e1\u0161kov\u00e9ho lakov\u00e1n\u00ed<\/h3>\n<p><img decoding=\"async\" src=\"\/wp-content\/uploads\/factory-09.webp\"\/><\/p>\n<h3>D\u00edlna eloxov\u00e1n\u00ed<\/h3>\n<p><img decoding=\"async\" src=\"\/wp-content\/uploads\/factory-10.webp\"\/><\/p>\n<h3>Workshop o hloubkov\u00e9m zpracov\u00e1n\u00ed<\/h3>\n<p><img decoding=\"async\" src=\"\/wp-content\/uploads\/factory-11.webp\"\/><\/p>\n<h3>D\u00edlna CNC p\u0159esn\u00e9ho obr\u00e1b\u011bn\u00ed<\/h3>\n<p><img decoding=\"async\" src=\"\/wp-content\/uploads\/factory-11.5.webp\"\/><\/p>\n<h3>Sklad hotov\u00fdch v\u00fdrobk\u016f a exportn\u00ed sklad<\/h3>\n<p><img decoding=\"async\" src=\"\/wp-content\/uploads\/factory-12.webp\"\/><\/p>\n<p><img decoding=\"async\" src=\"\/wp-content\/uploads\/factory-13.webp\"\/><\/p>\n<p><img decoding=\"async\" src=\"\/wp-content\/uploads\/factory-14.webp\"\/><\/p>\n<h2>\u010cASTO KLADEN\u00c9 DOTAZY<\/h2>\n<p><p><b>1.Co jsou konstruk\u010dn\u00ed hlin\u00edkov\u00e9 v\u00fdlisky?<\/b><\/p>\n<p>Konstruk\u010dn\u00ed hlin\u00edkov\u00e9 v\u00fdlisky jsou modul\u00e1rn\u00ed, vysoce pevn\u00e9 hlin\u00edkov\u00e9 profily ur\u010den\u00e9 pro konstrukci r\u00e1m\u016f, sk\u0159\u00edn\u00ed a pr\u016fmyslov\u00fdch za\u0159\u00edzen\u00ed.<br \/>\n<\/p><br \/>\n<br \/>\n<p><b>2.Pro\u010d pou\u017e\u00edvat konstruk\u010dn\u00ed hlin\u00edkov\u00e9 v\u00fdlisky?<\/b><\/p>\n<p>Nab\u00edzej\u00ed vynikaj\u00edc\u00ed pom\u011br pevnosti a hmotnosti, odolnost proti korozi a modularitu, tak\u017ee jsou ide\u00e1ln\u00ed pro pr\u016fmyslov\u00e9 a automatiza\u010dn\u00ed aplikace.<br \/>\n<\/p><br \/>\n<br \/>\n<p><b>3.Can Item hlin\u00edkov\u00e9 v\u00fdlisky b\u00fdt p\u0159izp\u016fsoben?<\/b><\/p>\n<p>Ano, konstruk\u010dn\u00ed hlin\u00edkov\u00e9 profily lze p\u0159izp\u016fsobit velikosti, tvaru, slitin\u011b a povrchov\u00e9 \u00faprav\u011b tak, aby vyhovovaly specifick\u00fdm pot\u0159eb\u00e1m projektu.<br \/>\n<\/p><br \/>\n<br \/>\n<p><b>4.Je mont\u00e1\u017e konstruk\u010dn\u00edch v\u00fdlisk\u016f snadn\u00e1?<\/b><\/p>\n<p>Rozhodn\u011b jsou navr\u017eeny pro rychlou mont\u00e1\u017e pomoc\u00ed \u0161roub\u016f s minimem n\u00e1stroj\u016f, co\u017e sni\u017euje pracnost a dobu instalace.<br \/>\n<\/p><br \/>\n<br \/>\n<p><b>5.Jak\u00e1 pr\u016fmyslov\u00e1 odv\u011btv\u00ed pou\u017e\u00edvaj\u00ed konstruk\u010dn\u00ed hlin\u00edkov\u00e9 v\u00fdlisky?<\/b><\/p>\n<p>Maj\u00ed \u0161irok\u00e9 uplatn\u011bn\u00ed v automatizaci v\u00fdroby, stroj\u00edrenstv\u00ed, robotice, logistice a p\u0159i stavb\u011b \u010dist\u00fdch prostor.<br \/>\n<\/p><br \/>\n<br \/>\n<p><b>6.Jsou tyto v\u00fdlisky odoln\u00e9 proti korozi?<\/b><\/p>\n<p>Ano, hlin\u00edkov\u00fd materi\u00e1l m\u00e1 p\u0159irozenou odolnost proti korozi, \u010dasto zv\u00fd\u0161enou eloxov\u00e1n\u00edm nebo pr\u00e1\u0161kov\u00fdm lakov\u00e1n\u00edm.<br \/>\n<\/p><br \/>\n<br \/>\n<p><b>7.Poskytuj\u00ed dodavatel\u00e9 podporu OEM pro konstruk\u010dn\u00ed v\u00fdlisky?<\/b><\/p>\n<p>Ano, v\u011bt\u0161ina v\u00fdrobc\u016f nab\u00edz\u00ed v\u00fdrobu OEM, zak\u00e1zkov\u00e9 profily a podporu hromadn\u00fdch objedn\u00e1vek pro glob\u00e1ln\u00ed z\u00e1kazn\u00edky.<br \/>\n<\/p><br \/><\/p>","protected":false},"featured_media":7752,"template":"","categories":[67],"class_list":["post-7753","product","type-product","status-publish","has-post-thumbnail","hentry","category-architectural-aluminium-profile"],"meta_box":{"hilight_text_group":{"product_hilight_text":"<li>High-load structural strength suitable for framing and automation systems<\/li>\r\r\n<li>Modular design allows easy assembly and reconfiguration<\/li>\r\r\n<li>Corrosion-resistant aluminum ensures long service life in industrial environments<\/li>\r\r\n<li>Compatible with a wide range of connectors and accessories<\/li>\r\r\n<li>Precision extrusions guarantee dimensional consistency for high-performance use<\/li>\r\r\n<li>Customizable profiles and lengths available for OEM applications<\/li>","product_chanpin_blog":"<ul>\r\r\n<li><a href=\"https:\/\/sinoextrud.com\/t-slot-v-slot-differences\/\" target=\"_blank\">t slot vs v slot<\/a><\/li>\r\r\n<li><a href=\"https:\/\/sinoextrud.com\/what-is-4040-aluminium-extrud\/\" target=\"_blank\">4040 aluminium extrusion<\/a><\/li>\r\r\n<li><a href=\"https:\/\/sinoextrud.com\/what-is-4040-aluminium-extrud\/\" target=\"_blank\">aluminum extrusions for industrial racks<\/a><\/li>\r\r\n<li><a href=\"https:\/\/sinoextrud.com\/powder-coating-aluminium-process\/\" target=\"_blank\">powder coating aluminium<\/a><\/li>\r\r\n<li><a href=\"https:\/\/sinoextrud.com\/what-is-an-aluminium-strip-ceiling\/\" target=\"_blank\">aluminium strip ceiling<\/a><\/li>\r\r\n<li><a href=\"https:\/\/sinoextrud.com\/what-is-a-heat-sink\/\" target=\"_blank\">what is a heat sink<\/a><\/li>\r\r\n<\/ul>","product_chanpin_chanpin":"<li><a href=\"https:\/\/sinoextrud.com\/product\/h-section-aluminium-extrusion\/\" target=\"_blank\">H Section Aluminium Extrusion<\/a><\/li>\r\n<li><a href=\"https:\/\/sinoextrud.com\/product\/aluminum-cabinet-extrusions\/\" target=\"_blank\">Aluminum Cabinet Extrusions<\/a><\/li>\r\n<li><a href=\"https:\/\/sinoextrud.com\/product\/aluminum-window-blinds-profiles\/\" target=\"_blank\">Aluminum Window Blinds Profiles<\/a><\/li>\r\n<li><a href=\"https:\/\/sinoextrud.com\/product\/extruded-aluminum-door-frame\/\" target=\"_blank\">Extruded Aluminum Door Frame<\/a><\/li>\r\n<li><a href=\"https:\/\/sinoextrud.com\/product\/item-structural-aluminum-extrusions\/\" target=\"_blank\">Item Structural Aluminum Extrusions<\/a><\/li>\r\n<li><a href=\"https:\/\/sinoextrud.com\/product\/aluminum-extrusions-stock-shapes\/\" target=\"_blank\">Aluminum Extrusions Stock Shapes<\/a><\/li>\r\n<li><a href=\"https:\/\/sinoextrud.com\/product\/aluminum-profiles-for-glass\/\" target=\"_blank\">Aluminum Profiles For Glass<\/a><\/li>\r\n<li><a href=\"https:\/\/sinoextrud.com\/product\/aluminum-window-extrusion-profiles-2\/\" target=\"_blank\">Aluminum Window Extrusion Profiles<\/a><\/li>\r\n<li><a href=\"https:\/\/sinoextrud.com\/product\/glazing-channels-extrusions\/\" target=\"_blank\">Glazing Channels Extrusions<\/a><\/li>\r\n<li><a href=\"https:\/\/sinoextrud.com\/product\/aluminium-extrusion-profile\/\" target=\"_blank\">Aluminium Extrusion Profile<\/a><\/li>\r\n<li><a href=\"https:\/\/sinoextrud.com\/product\/6063-t5-oem-aluminum-profile-conner-angle-for-window-and-door-or-led-light-display-2\/\" target=\"_blank\">6063 T5  OEM  aluminum  profile  conner angle for window and door or led light display<\/a><\/li>"},"feature_list":[]},"_links":{"self":[{"href":"https:\/\/sinoextrud.com\/cs\/wp-json\/wp\/v2\/product\/7753","targetHints":{"allow":["GET"]}}],"collection":[{"href":"https:\/\/sinoextrud.com\/cs\/wp-json\/wp\/v2\/product"}],"about":[{"href":"https:\/\/sinoextrud.com\/cs\/wp-json\/wp\/v2\/types\/product"}],"wp:featuredmedia":[{"embeddable":true,"href":"https:\/\/sinoextrud.com\/cs\/wp-json\/wp\/v2\/media\/7752"}],"wp:attachment":[{"href":"https:\/\/sinoextrud.com\/cs\/wp-json\/wp\/v2\/media?parent=7753"}],"wp:term":[{"taxonomy":"category","embeddable":true,"href":"https:\/\/sinoextrud.com\/cs\/wp-json\/wp\/v2\/categories?post=7753"}],"curies":[{"name":"wp","href":"https:\/\/api.w.org\/{rel}","templated":true}]}}