{"id":7749,"date":"2025-06-10T06:22:20","date_gmt":"2025-06-10T06:22:20","guid":{"rendered":"https:\/\/sinoextrud.com\/product\/aluminum-window-blinds-profiles\/"},"modified":"2025-06-24T06:13:35","modified_gmt":"2025-06-24T06:13:35","slug":"hlinikove-okenni-zaluzie","status":"publish","type":"product","link":"https:\/\/sinoextrud.com\/cs\/product\/aluminum-window-blinds-profiles\/","title":{"rendered":"Hlin\u00edkov\u00e9 okenn\u00ed \u017ealuzie Profily"},"content":{"rendered":"<h2>Podrobnosti o produktech<\/h2>\n<table class=\"custom-table\">\n<tr>\n<td class=\"label\">N\u00e1zev polo\u017eky<\/td>\n<td>Hlin\u00edkov\u00e9 okenn\u00ed \u017ealuzie<\/td>\n<\/tr>\n<tr>\n<td class=\"label\">Stupe\u0148 materi\u00e1lu<\/td>\n<td>Slitina \u0159ady 6000<\/td>\n<\/tr>\n<tr>\n<td class=\"label\">Temperament<\/td>\n<td>T5-T6<\/td>\n<\/tr>\n<tr>\n<td class=\"label\">Technologie<\/td>\n<td>Vytla\u010dov\u00e1n\u00ed hlin\u00edku\u0158ez\u00e1n\u00ed, d\u011brov\u00e1n\u00ed, raz\u00edtkov\u00e1n\u00ed, oh\u00fdb\u00e1n\u00ed, brou\u0161en\u00ed, le\u0161t\u011bn\u00ed, kart\u00e1\u010dov\u00e1n\u00ed atd.<\/td>\n<\/tr>\n<tr>\n<td class=\"label\">Povrchov\u00e1 \u00faprava<\/td>\n<td>eloxov\u00e1n\u00ed, pr\u00e1\u0161kov\u00e9 lakov\u00e1n\u00ed<\/td>\n<\/tr>\n<tr>\n<td class=\"label\">Barva<\/td>\n<td>podle va\u0161eho po\u017eadavku<\/td>\n<\/tr>\n<tr>\n<td class=\"label\">Norm\u00e1ln\u00ed tlou\u0161\u0165ka eloxov\u00e1n\u00ed<\/td>\n<td>8-12 mikro<\/td>\n<\/tr>\n<tr>\n<td class=\"label\">Tlou\u0161\u0165ka povlaku Normal Power<\/td>\n<td>60-100 mikro<\/td>\n<\/tr>\n<tr>\n<td class=\"label\">Tvar<\/td>\n<td>\u010ctvercov\u00e9, kulat\u00e9, ploch\u00e9 nebo podle v\u00fdkres\u016f z\u00e1kazn\u00edk\u016f.<\/td>\n<\/tr>\n<tr>\n<td class=\"label\">D\u00e9lka<\/td>\n<td>Standardn\u00ed d\u00e9lka exportu je 3 - 5,8 m, eloxov\u00e1n\u00ed6,5 m nanejv\u00fd\u0161,<\/td>\n<\/tr>\n<tr>\n<td class=\"label\">Hloubkov\u00e9 zpracov\u00e1n\u00ed<\/td>\n<td>\u0159ez\u00e1n\u00ed, vrt\u00e1n\u00ed, d\u011brov\u00e1n\u00ed, oh\u00fdb\u00e1n\u00ed atd.<\/td>\n<\/tr>\n<tr>\n<td class=\"label\">2D&amp;3D design<\/td>\n<td>1: 4 design\u00e9\u0159i v odd\u011blen\u00ed designu a v\u00fdvoje<br \/>\n2: Auto CAD, 3D, AI, SLD, PRT. IGS, PDF, JPEG atd.<\/td>\n<\/tr>\n<tr>\n<td class=\"label\">In\u017een\u00fdrstv\u00ed a n\u00e1stroje<\/td>\n<td>1: In\u017een\u00fd\u0159i v lisovn\u011b.<br \/>\n2: Pou\u017eijte extrud\u00e9r s vysokou ton\u00e1\u017e\u00ed, elektroerozivn\u00ed obr\u00e1b\u011bn\u00ed, CNC, \u0159ez\u00e1n\u00ed, d\u011brov\u00e1n\u00ed, ra\u017een\u00ed, oh\u00fdb\u00e1n\u00ed, brou\u0161en\u00ed, le\u0161t\u011bn\u00ed, kart\u00e1\u010dov\u00e1n\u00ed atd.<\/td>\n<\/tr>\n<tr>\n<td class=\"label\">Kontrola kvality<\/td>\n<td>1.SO Schv\u00e1leno.<br \/>\n2.CE Approved<br \/>\n3.Kontrola na m\u00edst\u011b.<br \/>\n4.Kontrola p\u0159ed odesl\u00e1n\u00edm.<br \/>\n5.Testovac\u00ed stroj s mezin\u00e1rodn\u00edm standardem<\/td>\n<\/tr>\n<tr>\n<td class=\"label\">Podrobnosti o balen\u00ed<\/td>\n<td>1.EP Pap\u00edr uvnit\u0159 pro ka\u017ed\u00fd profil zvl\u00e1\u0161\u0165, pak \u0159emesln\u00fd pap\u00edr venku<br \/>\n2.EP Pap\u00edr uvnit\u0159 pro ka\u017ed\u00fd profil zvl\u00e1\u0161\u0165, pak kartonov\u00fd pap\u00edr a pak paleta<br \/>\n3. Smr\u0161\u0165ovac\u00ed f\u00f3lie<br \/>\n4.wooden karton<\/td>\n<\/tr>\n<tr>\n<td class=\"label\">Dod\u00e1vka<\/td>\n<td>20-25 dn\u00ed po obdr\u017een\u00ed z\u00e1lohy<\/td>\n<\/tr>\n<tr>\n<td class=\"label\">Term\u00edn platby<\/td>\n<td>T\/T, L\/C<\/td>\n<\/tr>\n<\/table>\n<h2>Na\u0161e v\u00fdrobn\u00ed z\u00e1kladna<\/h2>\n<h3>Panorama tov\u00e1rny<\/h3>\n<p><img decoding=\"async\" src=\"\/wp-content\/uploads\/factory-01.webp\"\/><\/p>\n<h3>D\u00edlna na v\u00fdrobu hlin\u00edkov\u00fdch ty\u010d\u00ed<\/h3>\n<p><img decoding=\"async\" src=\"\/wp-content\/uploads\/factory-02.webp\"\/><\/p>\n<p><img decoding=\"async\" src=\"\/wp-content\/uploads\/factory-03.webp\"\/><\/p>\n<h3>Sklad pl\u00edsn\u00ed<\/h3>\n<p><img decoding=\"async\" src=\"\/wp-content\/uploads\/factory-04.webp\"\/><\/p>\n<h3>43 linek na vytla\u010dov\u00e1n\u00ed hlin\u00edku (500-5500 tun)<\/h3>\n<p><img decoding=\"async\" src=\"\/wp-content\/uploads\/factory-05.webp\"\/><\/p>\n<p><img decoding=\"async\" src=\"\/wp-content\/uploads\/factory-06.webp\"\/><\/p>\n<p><img decoding=\"async\" src=\"\/wp-content\/uploads\/factory-07.webp\"\/><\/p>\n<h3>D\u00edlna pr\u00e1\u0161kov\u00e9ho lakov\u00e1n\u00ed<\/h3>\n<p><img decoding=\"async\" src=\"\/wp-content\/uploads\/factory-09.webp\"\/><\/p>\n<h3>D\u00edlna eloxov\u00e1n\u00ed<\/h3>\n<p><img decoding=\"async\" src=\"\/wp-content\/uploads\/factory-10.webp\"\/><\/p>\n<h3>Workshop o hloubkov\u00e9m zpracov\u00e1n\u00ed<\/h3>\n<p><img decoding=\"async\" src=\"\/wp-content\/uploads\/factory-11.webp\"\/><\/p>\n<h3>D\u00edlna CNC p\u0159esn\u00e9ho obr\u00e1b\u011bn\u00ed<\/h3>\n<p><img decoding=\"async\" src=\"\/wp-content\/uploads\/factory-11.5.webp\"\/><\/p>\n<h3>Sklad hotov\u00fdch v\u00fdrobk\u016f a exportn\u00ed sklad<\/h3>\n<p><img decoding=\"async\" src=\"\/wp-content\/uploads\/factory-12.webp\"\/><\/p>\n<p><img decoding=\"async\" src=\"\/wp-content\/uploads\/factory-13.webp\"\/><\/p>\n<p><img decoding=\"async\" src=\"\/wp-content\/uploads\/factory-14.webp\"\/><\/p>\n<h2>\u010cASTO KLADEN\u00c9 DOTAZY<\/h2>\n<p><p><b>1.Co jsou hlin\u00edkov\u00e9 okenn\u00ed \u017ealuzie?<\/b><\/p>\n<p>Hlin\u00edkov\u00e9 okenn\u00ed \u017ealuzie Profily jsou extrudovan\u00e9 hlin\u00edkov\u00e9 komponenty pou\u017e\u00edvan\u00e9 k podep\u0159en\u00ed a strukturov\u00e1n\u00ed horizont\u00e1ln\u00edch nebo vertik\u00e1ln\u00edch okenn\u00edch \u017ealuzi\u00ed.<br \/>\n<\/p><br \/>\n<br \/>\n<p><b>2.Pro\u010d pou\u017e\u00edvat hlin\u00edk pro profily okenn\u00edch \u017ealuzi\u00ed?<\/b><\/p>\n<p>Hlin\u00edk je lehk\u00fd, pevn\u00fd, odoln\u00fd proti korozi a vizu\u00e1ln\u011b atraktivn\u00ed, tak\u017ee je ide\u00e1ln\u00ed pro dlouhodob\u00e9 zast\u00edn\u011bn\u00ed vnit\u0159n\u00edch i venkovn\u00edch oken.<br \/>\n<\/p><br \/>\n<br \/>\n<p><b>3.Lze hlin\u00edkov\u00e9 \u017ealuziov\u00e9 profily p\u0159izp\u016fsobit?<\/b><\/p>\n<p>Ano, jejich velikost, tvar, barvu a povrchovou \u00fapravu lze p\u0159izp\u016fsobit konkr\u00e9tn\u00edm po\u017eadavk\u016fm na design a funk\u010dnost.<br \/>\n<\/p><br \/>\n<br \/>\n<p><b>4.Jak\u00e9 povrchov\u00e9 \u00fapravy jsou k dispozici pro hlin\u00edkov\u00e9 okenn\u00ed \u017ealuzie?<\/b><\/p>\n<p>Mezi b\u011b\u017en\u00e9 povrchov\u00e9 \u00fapravy pat\u0159\u00ed eloxov\u00e1n\u00ed, pr\u00e1\u0161kov\u00e9 lakov\u00e1n\u00ed, kart\u00e1\u010dov\u00e1n\u00ed a efekt d\u0159eva pro estetickou v\u0161estrannost a ochranu povrchu.<br \/>\n<\/p><br \/>\n<br \/>\n<p><b>5.Odol\u00e1vaj\u00ed hlin\u00edkov\u00e9 profily okenn\u00edch \u017ealuzi\u00ed korozi?<\/b><\/p>\n<p>P\u0159irozen\u00e1 vrstva oxidu hlin\u00edku a jeho povrchov\u00e1 \u00faprava jsou velmi odoln\u00e9 v\u016f\u010di vlhkosti a UV z\u00e1\u0159en\u00ed.<br \/>\n<\/p><br \/>\n<br \/>\n<p><b>6.Jsou tyto profily vhodn\u00e9 pro komer\u010dn\u00ed a obytn\u00e9 pou\u017eit\u00ed?<\/b><\/p>\n<p>Ano, d\u00edky sv\u00e9 odolnosti a modern\u00edmu vzhledu se hojn\u011b pou\u017e\u00edvaj\u00ed v dom\u00e1cnostech, kancel\u00e1\u0159\u00edch, hotelech a ve\u0159ejn\u00fdch budov\u00e1ch.<br \/>\n<\/p><br \/>\n<br \/>\n<p><b>7.Je k dispozici v\u00fdroba OEM pro hlin\u00edkov\u00e9 \u017ealuziov\u00e9 profily?<\/b><\/p>\n<p>Ano, v\u011bt\u0161ina dodavatel\u016f nab\u00edz\u00ed slu\u017eby OEM pro n\u00e1vrhy na m\u00edru, zna\u010den\u00ed a hromadnou v\u00fdrobu za konkurenceschopn\u00e9 ceny.<br \/>\n<\/p><br \/><\/p>","protected":false},"featured_media":7748,"template":"","categories":[67],"class_list":["post-7749","product","type-product","status-publish","has-post-thumbnail","hentry","category-architectural-aluminium-profile"],"meta_box":{"hilight_text_group":{"product_hilight_text":"<li>Made from lightweight and durable aluminum for long-lasting performance<\/li>\r\r\n<li>Corrosion-resistant surface ideal for humid and sun-exposed environments<\/li>\r\r\n<li>Modern, sleek appearance enhances window aesthetics<\/li>\r\r\n<li>Available in various shapes, sizes, and anodized or powder-coated finishes<\/li>\r\r\n<li>Easy to clean and maintain, perfect for residential and commercial use<\/li>\r\r\n<li>Custom OEM service offered with competitive factory pricing<\/li>","product_chanpin_blog":"<ul>\r\r\n<li><a href=\"https:\/\/sinoextrud.com\/t-slot-v-slot-differences\/\" target=\"_blank\">t slot vs v slot<\/a><\/li>\r\r\n<li><a href=\"https:\/\/sinoextrud.com\/what-is-4040-aluminium-extrud\/\" target=\"_blank\">4040 aluminium extrusion<\/a><\/li>\r\r\n<li><a href=\"https:\/\/sinoextrud.com\/what-is-4040-aluminium-extrud\/\" target=\"_blank\">aluminum extrusions for industrial racks<\/a><\/li>\r\r\n<li><a href=\"https:\/\/sinoextrud.com\/powder-coating-aluminium-process\/\" target=\"_blank\">powder coating aluminium<\/a><\/li>\r\r\n<li><a href=\"https:\/\/sinoextrud.com\/what-is-an-aluminium-strip-ceiling\/\" target=\"_blank\">aluminium strip ceiling<\/a><\/li>\r\r\n<li><a href=\"https:\/\/sinoextrud.com\/what-is-a-heat-sink\/\" target=\"_blank\">what is a heat sink<\/a><\/li>\r\r\n<\/ul>","product_chanpin_chanpin":"<li><a href=\"https:\/\/sinoextrud.com\/product\/aluminium-sections-for-doors-and-windows\/\" target=\"_blank\">Aluminium Sections For Doors And Windows<\/a><\/li>\r\n<li><a href=\"https:\/\/sinoextrud.com\/product\/extruded-aluminium-curtain-rails-profile-prices\/\" target=\"_blank\">Extruded Aluminium Curtain Rails Profile Prices<\/a><\/li>\r\n<li><a href=\"https:\/\/sinoextrud.com\/product\/h-section-aluminium-extrusion\/\" target=\"_blank\">H Section Aluminium Extrusion<\/a><\/li>\r\n<li><a href=\"https:\/\/sinoextrud.com\/product\/aluminum-cabinet-extrusions\/\" target=\"_blank\">Aluminum Cabinet Extrusions<\/a><\/li>\r\n<li><a href=\"https:\/\/sinoextrud.com\/product\/aluminum-window-blinds-profiles\/\" target=\"_blank\">Aluminum Window Blinds Profiles<\/a><\/li>\r\n<li><a href=\"https:\/\/sinoextrud.com\/product\/extruded-aluminum-door-frame\/\" target=\"_blank\">Extruded Aluminum Door Frame<\/a><\/li>\r\n<li><a href=\"https:\/\/sinoextrud.com\/product\/item-structural-aluminum-extrusions\/\" target=\"_blank\">Item Structural Aluminum Extrusions<\/a><\/li>\r\n<li><a href=\"https:\/\/sinoextrud.com\/product\/aluminum-extrusions-stock-shapes\/\" target=\"_blank\">Aluminum Extrusions Stock Shapes<\/a><\/li>\r\n<li><a href=\"https:\/\/sinoextrud.com\/product\/aluminum-profiles-for-glass\/\" target=\"_blank\">Aluminum Profiles For Glass<\/a><\/li>\r\n<li><a href=\"https:\/\/sinoextrud.com\/product\/aluminium-extrusion-tube\/\" target=\"_blank\">Aluminium Extrusion Tube<\/a><\/li>\r\n<li><a href=\"https:\/\/sinoextrud.com\/product\/aluminum-cabinet-extrusions\/\" target=\"_blank\">Aluminum Cabinet Extrusions<\/a><\/li>"},"feature_list":[]},"_links":{"self":[{"href":"https:\/\/sinoextrud.com\/cs\/wp-json\/wp\/v2\/product\/7749","targetHints":{"allow":["GET"]}}],"collection":[{"href":"https:\/\/sinoextrud.com\/cs\/wp-json\/wp\/v2\/product"}],"about":[{"href":"https:\/\/sinoextrud.com\/cs\/wp-json\/wp\/v2\/types\/product"}],"wp:featuredmedia":[{"embeddable":true,"href":"https:\/\/sinoextrud.com\/cs\/wp-json\/wp\/v2\/media\/7748"}],"wp:attachment":[{"href":"https:\/\/sinoextrud.com\/cs\/wp-json\/wp\/v2\/media?parent=7749"}],"wp:term":[{"taxonomy":"category","embeddable":true,"href":"https:\/\/sinoextrud.com\/cs\/wp-json\/wp\/v2\/categories?post=7749"}],"curies":[{"name":"wp","href":"https:\/\/api.w.org\/{rel}","templated":true}]}}