{"id":7747,"date":"2025-06-10T06:19:07","date_gmt":"2025-06-10T06:19:07","guid":{"rendered":"https:\/\/sinoextrud.com\/product\/aluminum-cabinet-extrusions\/"},"modified":"2025-06-24T06:13:35","modified_gmt":"2025-06-24T06:13:35","slug":"hlinikove-vylisky-pro-skrine","status":"publish","type":"product","link":"https:\/\/sinoextrud.com\/cs\/product\/aluminum-cabinet-extrusions\/","title":{"rendered":"Hlin\u00edkov\u00e9 sk\u0159\u00ed\u0148ov\u00e9 v\u00fdlisky"},"content":{"rendered":"<h2>Podrobnosti o produktech<\/h2>\n<table class=\"custom-table\">\n<tbody>\n<tr>\n<td> Model NO.<\/td>\n<td> \u0158ada 6000<\/td>\n<td> Povrchov\u00e1 \u00faprava<\/td>\n<td> Eloxovan\u00e9, d\u0159ev\u011bn\u00e9 zrno, le\u0161t\u011bn\u00e9, kart\u00e1\u010dovan\u00e9 atd.<\/td>\n<\/tr>\n<tr>\n<td> Leguj\u00edc\u00ed p\u0159\u00edsada<\/td>\n<td> 6063-T5, 6061-T6, 6463-T5, 7075-T6, 6082<\/td>\n<td> Certifikace<\/td>\n<td> CE, SONCAP, ISO, CIQ, RoHS, TUV<\/td>\n<\/tr>\n<tr>\n<td> Le\u0161t\u011bn\u00fd hlin\u00edkov\u00fd profil<\/td>\n<td> Mechanick\u00e9 le\u0161t\u011bn\u00ed<\/td>\n<td> Doba dod\u00e1n\u00ed<\/td>\n<td> 20 dn\u00ed po p\u0159ijet\u00ed z\u00e1lohy<\/td>\n<\/tr>\n<tr>\n<td> Standardn\u00ed<\/td>\n<td> GB\/75237-2004, Q\/320281\/Pdwd-2008<\/td>\n<td> Term\u00edn platby<\/td>\n<td> T\/T, 30% z\u00e1loha, zat\u00edmco z\u016fstatek bude zaplacen<\/td>\n<\/tr>\n<tr>\n<td> P\u0159\u00edstav<\/td>\n<td> Shenzhen, Guangzhou, Foshan<\/td>\n<td> Z\u00e1ruka<\/td>\n<td> Barva povrchu je schopna vydr\u017eet 10 ~ 20 let<\/td>\n<\/tr>\n<tr>\n<td> Barvy<\/td>\n<td> P\u0159izp\u016fsoben\u00e9<\/td>\n<td> Polo\u017eka<\/td>\n<td> Hlin\u00edkov\u00fd kuchy\u0148sk\u00fd profil<\/td>\n<\/tr>\n<tr>\n<td> MOQ<\/td>\n<td> 200KG pro ka\u017edou polo\u017eku<\/td>\n<td> Hloubkov\u00fd proces<\/td>\n<td> CNC, vrt\u00e1n\u00ed, fr\u00e9zov\u00e1n\u00ed, \u0159ez\u00e1n\u00ed, sva\u0159ov\u00e1n\u00ed, oh\u00fdb\u00e1n\u00ed<\/td>\n<\/tr>\n<tr>\n<td> V\u00fdrobn\u00ed kapacita<\/td>\n<td> 15 000 tun m\u011bs\u00ed\u010dn\u011b, 200 000 tun ro\u010dn\u011b<\/td>\n<td> Ochrann\u00e1 zn\u00e1mka<\/td>\n<td> OEM<\/td>\n<\/tr>\n<tr>\n<td> P\u0159epravn\u00ed bal\u00ed\u010dek<\/td>\n<td> Plastov\u00e1 f\u00f3lie nebo polystyrenov\u00fd s\u00e1\u010dek, vod\u011bodoln\u00fd \u0159emesln\u00fd pap\u00edr<\/td>\n<td> Specifikace<\/td>\n<td> 1m-9m nebo p\u0159izp\u016fsoben\u00e1 velikost<\/td>\n<\/tr>\n<tr>\n<td> P\u016fvod<\/td>\n<td> Foshan, \u010c\u00edna<\/td>\n<td> K\u00f3d HS<\/td>\n<td> 76042100<\/td>\n<\/tr>\n<\/tbody>\n<\/table>\n<h2>Na\u0161e v\u00fdrobn\u00ed z\u00e1kladna<\/h2>\n<h3>Panorama tov\u00e1rny<\/h3>\n<p><img decoding=\"async\" src=\"\/wp-content\/uploads\/factory-01.webp\"\/><\/p>\n<h3>D\u00edlna na v\u00fdrobu hlin\u00edkov\u00fdch ty\u010d\u00ed<\/h3>\n<p><img decoding=\"async\" src=\"\/wp-content\/uploads\/factory-02.webp\"\/><\/p>\n<\/p>\n<p><img decoding=\"async\" src=\"\/wp-content\/uploads\/factory-03.webp\"\/><\/p>\n<h3>Sklad pl\u00edsn\u00ed<\/h3>\n<p><img decoding=\"async\" src=\"\/wp-content\/uploads\/factory-04.webp\"\/><\/p>\n<h3>43 linek na vytla\u010dov\u00e1n\u00ed hlin\u00edku (500 - 5500 tun)<\/h3>\n<p><img decoding=\"async\" src=\"\/wp-content\/uploads\/factory-05.webp\"\/><\/p>\n<p><img decoding=\"async\" src=\"\/wp-content\/uploads\/factory-06.webp\"\/><\/p>\n<p><img decoding=\"async\" src=\"\/wp-content\/uploads\/factory-07.webp\"\/><\/p>\n<h3>D\u00edlna pr\u00e1\u0161kov\u00e9ho lakov\u00e1n\u00ed<\/h3>\n<p><img decoding=\"async\" src=\"\/wp-content\/uploads\/factory-09.webp\"\/><\/p>\n<h3>D\u00edlna eloxov\u00e1n\u00ed<\/h3>\n<p><img decoding=\"async\" src=\"\/wp-content\/uploads\/factory-10.webp\"\/><\/p>\n<h3>Workshop o hloubkov\u00e9m zpracov\u00e1n\u00ed<\/h3>\n<p><img decoding=\"async\" src=\"\/wp-content\/uploads\/factory-11.webp\"\/><\/p>\n<h3>D\u00edlna CNC p\u0159esn\u00e9ho obr\u00e1b\u011bn\u00ed<\/h3>\n<p><img decoding=\"async\" src=\"\/wp-content\/uploads\/factory-11.5.webp\"\/><\/p>\n<h3>Sklad hotov\u00fdch v\u00fdrobk\u016f a exportn\u00ed sklad<\/h3>\n<p><img decoding=\"async\" src=\"\/wp-content\/uploads\/factory-12.webp\"\/><\/p>\n<p><img decoding=\"async\" src=\"\/wp-content\/uploads\/factory-13.webp\"\/><\/p>\n<p><img decoding=\"async\" src=\"\/wp-content\/uploads\/factory-14.webp\"\/><\/p>\n<h2>\u010cASTO KLADEN\u00c9 DOTAZY<\/h2>\n<p><b>1.Co jsou hlin\u00edkov\u00e9 v\u00fdlisky sk\u0159\u00edn\u00ed?<\/b><\/p>\n<p>Hlin\u00edkov\u00e9 v\u00fdlisky pro sk\u0159\u00edn\u011b jsou p\u0159esn\u011b konstruovan\u00e9 profily pou\u017e\u00edvan\u00e9 ke konstrukci r\u00e1m\u016f sk\u0159\u00edn\u00ed, kter\u00e9 nab\u00edzej\u00ed odolnost a flexibilitu designu.\n<\/p>\n<p><\/p>\n<p><b>2.Pro\u010d zvolit hlin\u00edkov\u00e9 sk\u0159\u00ed\u0148ov\u00e9 v\u00fdlisky m\u00edsto tradi\u010dn\u00edho d\u0159eva nebo oceli?<\/b><\/p>\n<p>Hlin\u00edkov\u00e9 v\u00fdlisky pro sk\u0159\u00edn\u011b poskytuj\u00ed lep\u0161\u00ed odolnost proti korozi, jsou lehk\u00e9 a umo\u017e\u0148uj\u00ed p\u0159izp\u016fsobiv\u011bj\u0161\u00ed \u0159e\u0161en\u00ed sk\u0159\u00edn\u00ed.\n<\/p>\n<p><\/p>\n<p><b>3.Jsou hlin\u00edkov\u00e9 sk\u0159\u00ed\u0148ov\u00e9 v\u00fdlisky vhodn\u00e9 pro kuchy\u0148sk\u00e9 prost\u0159ed\u00ed?<\/b><\/p>\n<p>Ano, d\u00edky sv\u00e9 odolnosti proti korozi a \u010dist\u00e9mu vzhledu jsou ide\u00e1ln\u00ed pro kuchy\u0148sk\u00e9 sk\u0159\u00ed\u0148ky a jin\u00e9 prostory n\u00e1chyln\u00e9 k vlhkosti.\n<\/p>\n<p><\/p>\n<p><b>4.Mohu si p\u0159izp\u016fsobit povrchovou \u00fapravu a barvu hlin\u00edkov\u00fdch sk\u0159\u00ed\u0148ov\u00fdch v\u00fdlisk\u016f?<\/b><\/p>\n<p>Ano, nab\u00edz\u00edme mo\u017enosti pr\u00e1\u0161kov\u00e9ho lakov\u00e1n\u00ed a eloxov\u00e1n\u00ed v r\u016fzn\u00fdch barv\u00e1ch a povrchov\u00fdch \u00faprav\u00e1ch, kter\u00e9 se hod\u00ed k va\u0161emu stylu sk\u0159\u00edn\u011bk.\n<\/p>\n<p><\/p>\n<p><b>5.Podporuj\u00ed hlin\u00edkov\u00e9 sk\u0159\u00ed\u0148ov\u00e9 v\u00fdlisky modul\u00e1rn\u00ed konstrukce?<\/b><\/p>\n<p>Ano, jsou kompatibiln\u00ed s modul\u00e1rn\u00edmi syst\u00e9my sk\u0159\u00edn\u00ed, co\u017e umo\u017e\u0148uje snadn\u00e9 roz\u0161\u00ed\u0159en\u00ed nebo zm\u011bnu konfigurace.\n<\/p>\n<p><\/p>\n<p><b>6.Jsou hlin\u00edkov\u00e9 sk\u0159\u00ed\u0148ov\u00e9 v\u00fdlisky snadno sestaviteln\u00e9?<\/b><\/p>\n<p>Rozhodn\u011b jsou navr\u017eeny pro rychlou instalaci pomoc\u00ed standardn\u00edho hardwaru a konektor\u016f.\n<\/p>\n<p><\/p>\n<p><b>7.Kde se b\u011b\u017en\u011b pou\u017e\u00edvaj\u00ed hlin\u00edkov\u00e9 sk\u0159\u00ed\u0148ov\u00e9 v\u00fdlisky?<\/b><\/p>\n<p>D\u00edky sv\u00e9 odolnosti a modern\u00edmu vzhledu se hojn\u011b pou\u017e\u00edvaj\u00ed v kuchyn\u00edch, kancel\u00e1\u0159\u00edch, d\u00edln\u00e1ch, prodejn\u00edch za\u0159\u00edzen\u00edch a pr\u016fmyslov\u00fdch sk\u0159\u00edn\u00edch.\n<\/p>\n<p><\/p>\n<p><b>8.Jak hlin\u00edkov\u00e9 v\u00fdlisky pro sk\u0159\u00edn\u011b zlep\u0161uj\u00ed v\u00fdkon sk\u0159\u00edn\u011b?<\/b><\/p>\n<p>Zvy\u0161uj\u00ed pevnost sk\u0159\u00edn\u011b, sni\u017euj\u00ed celkovou hmotnost a udr\u017euj\u00ed konstruk\u010dn\u00ed integritu po dlouhou dobu s minim\u00e1ln\u00ed \u00fadr\u017ebou.\n<\/p>\n<p><\/p>","protected":false},"featured_media":7746,"template":"","categories":[67],"class_list":["post-7747","product","type-product","status-publish","has-post-thumbnail","hentry","category-architectural-aluminium-profile"],"meta_box":{"hilight_text_group":{"product_hilight_text":"<li>Durable aluminum construction ideal for cabinet frames and structures<\/li>\r\r\n<li>Lightweight yet strong for easier transport and installation<\/li>\r\r\n<li>Corrosion-resistant surface for long-lasting indoor use<\/li>\r\r\n<li>Supports custom profiles and finishes for various cabinet designs<\/li>\r\r\n<li>Easy to assemble with standard fittings and connectors<\/li>\r\r\n<li>Compatible with modular systems for flexible configurations<\/li>\r\r\n<li>Clean, modern aesthetic enhances furniture appearance<\/li>","product_chanpin_blog":"<ul>\r\r\n<li><a href=\"https:\/\/sinoextrud.com\/t-slot-v-slot-differences\/\" target=\"_blank\">t slot vs v slot<\/a><\/li>\r\r\n<li><a href=\"https:\/\/sinoextrud.com\/what-is-4040-aluminium-extrud\/\" target=\"_blank\">4040 aluminium extrusion<\/a><\/li>\r\r\n<li><a href=\"https:\/\/sinoextrud.com\/what-is-4040-aluminium-extrud\/\" target=\"_blank\">aluminum extrusions for industrial racks<\/a><\/li>\r\r\n<li><a href=\"https:\/\/sinoextrud.com\/powder-coating-aluminium-process\/\" target=\"_blank\">powder coating aluminium<\/a><\/li>\r\r\n<li><a href=\"https:\/\/sinoextrud.com\/what-is-an-aluminium-strip-ceiling\/\" target=\"_blank\">aluminium strip ceiling<\/a><\/li>\r\r\n<li><a href=\"https:\/\/sinoextrud.com\/what-is-a-heat-sink\/\" target=\"_blank\">what is a heat sink<\/a><\/li>\r\r\n<\/ul>","product_chanpin_chanpin":"<li><a href=\"https:\/\/sinoextrud.com\/product\/double-angle-aluminium-extrusion\/\" target=\"_blank\">Double Angle Aluminium Extrusion<\/a><\/li>\r\n<li><a href=\"https:\/\/sinoextrud.com\/product\/aluminium-sections-for-doors-and-windows\/\" target=\"_blank\">Aluminium Sections For Doors And Windows<\/a><\/li>\r\n<li><a href=\"https:\/\/sinoextrud.com\/product\/extruded-aluminium-curtain-rails-profile-prices\/\" target=\"_blank\">Extruded Aluminium Curtain Rails Profile Prices<\/a><\/li>\r\n<li><a href=\"https:\/\/sinoextrud.com\/product\/h-section-aluminium-extrusion\/\" target=\"_blank\">H Section Aluminium Extrusion<\/a><\/li>\r\n<li><a href=\"https:\/\/sinoextrud.com\/product\/aluminum-cabinet-extrusions\/\" target=\"_blank\">Aluminum Cabinet Extrusions<\/a><\/li>\r\n<li><a href=\"https:\/\/sinoextrud.com\/product\/aluminum-window-blinds-profiles\/\" target=\"_blank\">Aluminum Window Blinds Profiles<\/a><\/li>\r\n<li><a href=\"https:\/\/sinoextrud.com\/product\/extruded-aluminum-door-frame\/\" target=\"_blank\">Extruded Aluminum Door Frame<\/a><\/li>\r\n<li><a href=\"https:\/\/sinoextrud.com\/product\/item-structural-aluminum-extrusions\/\" target=\"_blank\">Item Structural Aluminum Extrusions<\/a><\/li>\r\n<li><a href=\"https:\/\/sinoextrud.com\/product\/aluminum-extrusions-stock-shapes\/\" target=\"_blank\">Aluminum Extrusions Stock Shapes<\/a><\/li>\r\n<li><a href=\"https:\/\/sinoextrud.com\/product\/80-x-80-aluminum-extrusion\/\" target=\"_blank\">80 X 80 Aluminum Extrusion<\/a><\/li>\r\n<li><a href=\"https:\/\/sinoextrud.com\/product\/powder-coated-wooden-grain-aluminium-shutter-profile\/\" target=\"_blank\">Powder Coated Wooden Grain Aluminium Shutter Profile<\/a><\/li>"},"feature_list":[]},"_links":{"self":[{"href":"https:\/\/sinoextrud.com\/cs\/wp-json\/wp\/v2\/product\/7747","targetHints":{"allow":["GET"]}}],"collection":[{"href":"https:\/\/sinoextrud.com\/cs\/wp-json\/wp\/v2\/product"}],"about":[{"href":"https:\/\/sinoextrud.com\/cs\/wp-json\/wp\/v2\/types\/product"}],"wp:featuredmedia":[{"embeddable":true,"href":"https:\/\/sinoextrud.com\/cs\/wp-json\/wp\/v2\/media\/7746"}],"wp:attachment":[{"href":"https:\/\/sinoextrud.com\/cs\/wp-json\/wp\/v2\/media?parent=7747"}],"wp:term":[{"taxonomy":"category","embeddable":true,"href":"https:\/\/sinoextrud.com\/cs\/wp-json\/wp\/v2\/categories?post=7747"}],"curies":[{"name":"wp","href":"https:\/\/api.w.org\/{rel}","templated":true}]}}