{"id":7743,"date":"2025-06-10T06:14:05","date_gmt":"2025-06-10T06:14:05","guid":{"rendered":"https:\/\/sinoextrud.com\/product\/extruded-aluminium-curtain-rails-profile-prices\/"},"modified":"2025-06-24T06:13:34","modified_gmt":"2025-06-24T06:13:34","slug":"ceny-extrudovanych-hlinikovych-zaclonovych-list","status":"publish","type":"product","link":"https:\/\/sinoextrud.com\/cs\/product\/extruded-aluminium-curtain-rails-profile-prices\/","title":{"rendered":"Extrudovan\u00e9 hlin\u00edkov\u00e9 z\u00e1clonov\u00e9 li\u0161ty Ceny profil\u016f"},"content":{"rendered":"<h2>Podrobnosti o produktech<\/h2>\n<table class=\"custom-table\">\n<tr>\n<td class=\"label\">Polo\u017eka:<\/td>\n<td>Extrudovan\u00e9 hlin\u00edkov\u00e9 z\u00e1clonov\u00e9 li\u0161ty Ceny profil\u016f<\/td>\n<\/tr>\n<tr>\n<td class=\"label\">Materi\u00e1l:<\/td>\n<td>100% slitina hlin\u00edkov\u00fdch profil\u016f :6063-T5,6061-T6,6463-T5,7075-T6,6082,5052,2024,7005,6013,7020 atd.<\/td>\n<\/tr>\n<tr>\n<td class=\"label\">Zna\u010dka :<\/td>\n<td>Sinoextrud hlin\u00edk\/Sinoextrud hlin\u00edkov\u00e9 profily <\/td>\n<\/tr>\n<tr>\n<td class=\"label\">Velikost:<\/td>\n<td>1m-9m nebo p\u0159izp\u016fsoben\u00e1 velikost<\/td>\n<\/tr>\n<tr>\n<td class=\"label\">Aplikace<\/td>\n<td>N\u00e1bytek, okna a dve\u0159e, dekorace, pr\u016fmysl, stavebnictv\u00ed atd.<\/td>\n<\/tr>\n<tr>\n<td class=\"label\">Barvy:<\/td>\n<td>eloxovan\u00e9, s kresbou d\u0159eva, pr\u00e1\u0161kov\u00e9 lakov\u00e1n\u00ed, eloxovan\u00e9 le\u0161t\u011bn\u00e9 a kart\u00e1\u010dovan\u00e9, elektrofor\u00e9za, flurokarbonov\u00e9 pr\u00e1\u0161kov\u00e9 lakov\u00e1n\u00ed atd.<\/td>\n<\/tr>\n<tr>\n<td class=\"label\">MOQ:<\/td>\n<td>200 kg pro ka\u017ed\u00fd profil<\/td>\n<\/tr>\n<tr>\n<td class=\"label\">Slu\u017eba OEM<\/td>\n<td>na z\u00e1klad\u011b v\u00fdkres\u016f nebo vzork\u016f navr\u017een\u00fdch z\u00e1kazn\u00edkem<\/td>\n<\/tr>\n<tr>\n<td class=\"label\">Certifikace je k dispozici<\/td>\n<td>ISO:9001, SONCAP, BV certifik\u00e1t nebo certifik\u00e1t z\u00e1kazn\u00edka k dispozici<\/td>\n<\/tr>\n<tr>\n<td class=\"label\">Podrobnosti o balen\u00ed<\/td>\n<td>(1) Uvnit\u0159: baleno s plastovou ochrannou f\u00f3li\u00ed, kter\u00e1 chr\u00e1n\u00ed ka\u017ed\u00fd profil.<br \/>\n(2) Vn\u011bj\u0161\u00ed strana: baleno s vod\u011bodoln\u00fdm \u0159emesln\u00fdm pap\u00edrem<\/td>\n<\/tr>\n<tr>\n<td class=\"label\">Doba dod\u00e1n\u00ed:<\/td>\n<td>(1) V\u00fdvoj a zkou\u0161ka vzorku: 12-18 dn\u00ed.<br \/>\n(2) Doba v\u00fdroby: 25-30 dn\u00ed po potvrzen\u00ed vzorku kupuj\u00edc\u00edm.<\/td>\n<\/tr>\n<tr>\n<td class=\"label\">Platebn\u00ed podm\u00ednky:<\/td>\n<td>T\/T, 30% z\u00e1loha, zat\u00edmco z\u016fstatek bude splacen p\u0159ed dod\u00e1n\u00edm.<\/td>\n<\/tr>\n<tr>\n<td class=\"label\">Term\u00edn vypo\u0159\u00e1d\u00e1n\u00ed:<\/td>\n<td>Kone\u010dn\u00e1 platba se prov\u00e1d\u00ed na z\u00e1klad\u011b kone\u010dn\u00e9ho skute\u010dn\u00e9ho fyzick\u00e9ho v\u00e1\u017een\u00ed.<\/td>\n<\/tr>\n<tr>\n<td class=\"label\">V\u00fdrobn\u00ed kapacita:<\/td>\n<td>V\u00edce ne\u017e 15 000 tun m\u011bs\u00ed\u010dn\u011b.<\/td>\n<\/tr>\n<tr>\n<td class=\"label\">Z\u00e1ruka v\u00fdroby<\/td>\n<td>Barva povrchu vydr\u017e\u00ed 10 a\u017e 20 let p\u0159i pou\u017eit\u00ed v interi\u00e9ru.<\/td>\n<\/tr>\n<tr>\n<td class=\"label\">P\u0159\u00edstav:<\/td>\n<td>FOB Shenzhen, Guangzhou, Foshan<\/td>\n<\/tr>\n<\/table>\n<h2>Na\u0161e v\u00fdrobn\u00ed z\u00e1kladna<\/h2>\n<h3>Panorama tov\u00e1rny<\/h3>\n<p><img decoding=\"async\" src=\"\/wp-content\/uploads\/factory-01.webp\"\/><\/p>\n<h3>D\u00edlna na v\u00fdrobu hlin\u00edkov\u00fdch ty\u010d\u00ed<\/h3>\n<p><img decoding=\"async\" src=\"\/wp-content\/uploads\/factory-02.webp\"\/><\/p>\n<\/p>\n<p><img decoding=\"async\" src=\"\/wp-content\/uploads\/factory-03.webp\"\/><\/p>\n<h3>Sklad pl\u00edsn\u00ed<\/h3>\n<p><img decoding=\"async\" src=\"\/wp-content\/uploads\/factory-04.webp\"\/><\/p>\n<h3>43 linek na vytla\u010dov\u00e1n\u00ed hlin\u00edku (500 - 5500 tun)<\/h3>\n<p><img decoding=\"async\" src=\"\/wp-content\/uploads\/factory-05.webp\"\/><\/p>\n<p><img decoding=\"async\" src=\"\/wp-content\/uploads\/factory-06.webp\"\/><\/p>\n<p><img decoding=\"async\" src=\"\/wp-content\/uploads\/factory-07.webp\"\/><\/p>\n<h3>D\u00edlna pr\u00e1\u0161kov\u00e9ho lakov\u00e1n\u00ed<\/h3>\n<p><img decoding=\"async\" src=\"\/wp-content\/uploads\/factory-09.webp\"\/><\/p>\n<h3>D\u00edlna eloxov\u00e1n\u00ed<\/h3>\n<p><img decoding=\"async\" src=\"\/wp-content\/uploads\/factory-10.webp\"\/><\/p>\n<h3>Workshop o hloubkov\u00e9m zpracov\u00e1n\u00ed<\/h3>\n<p><img decoding=\"async\" src=\"\/wp-content\/uploads\/factory-11.webp\"\/><\/p>\n<h3>D\u00edlna CNC p\u0159esn\u00e9ho obr\u00e1b\u011bn\u00ed<\/h3>\n<p><img decoding=\"async\" src=\"\/wp-content\/uploads\/factory-11.5.webp\"\/><\/p>\n<h3>Sklad hotov\u00fdch v\u00fdrobk\u016f a exportn\u00ed sklad<\/h3>\n<p><img decoding=\"async\" src=\"\/wp-content\/uploads\/factory-12.webp\"\/><\/p>\n<p><img decoding=\"async\" src=\"\/wp-content\/uploads\/factory-13.webp\"\/><\/p>\n<p><img decoding=\"async\" src=\"\/wp-content\/uploads\/factory-14.webp\"\/><\/p>\n<h2>\u010cASTO KLADEN\u00c9 DOTAZY<\/h2>\n<p><b>1.Co je to extrudovan\u00fd hlin\u00edkov\u00fd profil z\u00e1clonov\u00fdch kolejnic?<\/b><\/p>\n<p>Jedn\u00e1 se o hlin\u00edkov\u00fd v\u00fdlisek ur\u010den\u00fd k podp\u00edr\u00e1n\u00ed a veden\u00ed pohybu z\u00e1clon, kter\u00fd se hojn\u011b pou\u017e\u00edv\u00e1 v obytn\u00fdch a komer\u010dn\u00edch okenn\u00edch \u00faprav\u00e1ch.\n<\/p>\n<p><\/p>\n<p><b>2.Pro\u010d zvolit extrudovan\u00fd hlin\u00edk pro z\u00e1clonov\u00e9 kolejnice?<\/b><\/p>\n<p>Extrudovan\u00fd hlin\u00edk je lehk\u00fd, trvanliv\u00fd, odoln\u00fd proti korozi a nab\u00edz\u00ed hladk\u00fd posuv pro dlouhotrvaj\u00edc\u00ed funk\u010dnost z\u00e1v\u011bs\u016f.\n<\/p>\n<p><\/p>\n<p><b>3.Lze hlin\u00edkov\u00e9 z\u00e1clonov\u00e9 kolejnice p\u0159izp\u016fsobit?<\/b><\/p>\n<p>Ano, lze je p\u0159izp\u016fsobit z hlediska d\u00e9lky, tvaru profilu, barvy a zp\u016fsobu mont\u00e1\u017ee, aby vyhovovaly r\u016fzn\u00fdm aplikac\u00edm a estetick\u00fdm po\u017eadavk\u016fm.\n<\/p>\n<p><\/p>\n<p><b>4.Kolik obvykle stoj\u00ed hlin\u00edkov\u00e9 profily z\u00e1v\u011bs\u016f?<\/b><\/p>\n<p>Ceny se li\u0161\u00ed podle velikosti, povrchov\u00e9 \u00fapravy a objednan\u00e9ho mno\u017estv\u00ed, ale n\u00e1kup p\u0159\u00edmo od v\u00fdrobc\u016f zaji\u0161\u0165uje konkurenceschopn\u00e9 a cenov\u011b v\u00fdhodn\u00e9 ceny.\n<\/p>\n<p><\/p>\n<p><b>5.Je instalace z\u00e1clonov\u00fdch li\u0161t z extrudovan\u00e9ho hlin\u00edku snadn\u00e1?<\/b><\/p>\n<p>Rozhodn\u011b jsou navr\u017eeny pro rychlou a bezpe\u010dnou instalaci pomoc\u00ed standardn\u00edch mont\u00e1\u017en\u00edch dr\u017e\u00e1k\u016f a hardwaru.\n<\/p>\n<p><\/p>\n<p><b>6.Funguj\u00ed hlin\u00edkov\u00e9 z\u00e1clonov\u00e9 kolejnice se v\u0161emi typy z\u00e1clon?<\/b><\/p>\n<p>Ano, jsou kompatibiln\u00ed s r\u016fzn\u00fdmi typy z\u00e1v\u011bsov\u00fdch h\u00e1\u010dk\u016f, v\u00e1le\u010dk\u016f a kolejnicov\u00fdch syst\u00e9m\u016f a nab\u00edzej\u00ed flexibilitu p\u0159i navrhov\u00e1n\u00ed.\n<\/p>\n<p><\/p>\n<p><b>7.Jak\u00e9 povrchov\u00e9 \u00fapravy jsou k dispozici pro hlin\u00edkov\u00e9 profily z\u00e1v\u011bs\u016f?<\/b><\/p>\n<p>Mezi b\u011b\u017en\u00e9 povrchov\u00e9 \u00fapravy pat\u0159\u00ed eloxov\u00e1n\u00ed, pr\u00e1\u0161kov\u00e9 lakov\u00e1n\u00ed, kart\u00e1\u010dov\u00e1n\u00ed a le\u0161t\u011bn\u00ed, kter\u00e9 zaji\u0161\u0165uj\u00ed jak vizu\u00e1ln\u00ed p\u0159ita\u017elivost, tak ochranu povrchu.\n<\/p>\n<p><\/p>","protected":false},"featured_media":7742,"template":"","categories":[67],"class_list":["post-7743","product","type-product","status-publish","has-post-thumbnail","hentry","category-architectural-aluminium-profile"],"meta_box":{"hilight_text_group":{"product_hilight_text":"<li>High-quality extruded aluminum ensures smooth and durable curtain rail operation<\/li>\r\r\n<li>Lightweight and rust-resistant for long-term indoor use<\/li>\r\r\n<li>Custom lengths, finishes, and shapes available to match interior designs<\/li>\r\r\n<li>Easy to install and compatible with various curtain systems<\/li>\r\r\n<li>Cost-effective pricing directly from the manufacturer<\/li>\r\r\n<li>Suitable for residential, commercial, and hotel curtain installations<\/li>","product_chanpin_blog":"<ul>\r\r\n<li><a href=\"https:\/\/sinoextrud.com\/t-slot-v-slot-differences\/\" target=\"_blank\">t slot vs v slot<\/a><\/li>\r\r\n<li><a href=\"https:\/\/sinoextrud.com\/what-is-4040-aluminium-extrud\/\" target=\"_blank\">4040 aluminium extrusion<\/a><\/li>\r\r\n<li><a href=\"https:\/\/sinoextrud.com\/what-is-4040-aluminium-extrud\/\" target=\"_blank\">aluminum extrusions for industrial racks<\/a><\/li>\r\r\n<li><a href=\"https:\/\/sinoextrud.com\/powder-coating-aluminium-process\/\" target=\"_blank\">powder coating aluminium<\/a><\/li>\r\r\n<li><a href=\"https:\/\/sinoextrud.com\/what-is-an-aluminium-strip-ceiling\/\" target=\"_blank\">aluminium strip ceiling<\/a><\/li>\r\r\n<li><a href=\"https:\/\/sinoextrud.com\/what-is-a-heat-sink\/\" target=\"_blank\">what is a heat sink<\/a><\/li>\r\r\n<\/ul>","product_chanpin_chanpin":"<li><a href=\"https:\/\/sinoextrud.com\/product\/aluminium-sliding-casement-window-profile\/\" target=\"_blank\">Aluminium Sliding Casement Window Profile<\/a><\/li>\r\n<li><a href=\"https:\/\/sinoextrud.com\/product\/industrial-aluminium-doors\/\" target=\"_blank\">Industrial Aluminium Doors<\/a><\/li>\r\n<li><a href=\"https:\/\/sinoextrud.com\/product\/double-angle-aluminium-extrusion\/\" target=\"_blank\">Double Angle Aluminium Extrusion<\/a><\/li>\r\n<li><a href=\"https:\/\/sinoextrud.com\/product\/aluminium-sections-for-doors-and-windows\/\" target=\"_blank\">Aluminium Sections For Doors And Windows<\/a><\/li>\r\n<li><a href=\"https:\/\/sinoextrud.com\/product\/extruded-aluminium-curtain-rails-profile-prices\/\" target=\"_blank\">Extruded Aluminium Curtain Rails Profile Prices<\/a><\/li>\r\n<li><a href=\"https:\/\/sinoextrud.com\/product\/h-section-aluminium-extrusion\/\" target=\"_blank\">H Section Aluminium Extrusion<\/a><\/li>\r\n<li><a href=\"https:\/\/sinoextrud.com\/product\/aluminum-cabinet-extrusions\/\" target=\"_blank\">Aluminum Cabinet Extrusions<\/a><\/li>\r\n<li><a href=\"https:\/\/sinoextrud.com\/product\/aluminum-window-blinds-profiles\/\" target=\"_blank\">Aluminum Window Blinds Profiles<\/a><\/li>\r\n<li><a href=\"https:\/\/sinoextrud.com\/product\/extruded-aluminum-door-frame\/\" target=\"_blank\">Extruded Aluminum Door Frame<\/a><\/li>\r\n<li><a href=\"https:\/\/sinoextrud.com\/product\/aluminium-profile-10x10\/\" target=\"_blank\">Aluminium Profile 10\u00c3\u201410<\/a><\/li>\r\n<li><a href=\"https:\/\/sinoextrud.com\/product\/aluminum-extrusion-housing\/\" target=\"_blank\">Aluminum Extrusion Housing<\/a><\/li>"},"feature_list":[]},"_links":{"self":[{"href":"https:\/\/sinoextrud.com\/cs\/wp-json\/wp\/v2\/product\/7743","targetHints":{"allow":["GET"]}}],"collection":[{"href":"https:\/\/sinoextrud.com\/cs\/wp-json\/wp\/v2\/product"}],"about":[{"href":"https:\/\/sinoextrud.com\/cs\/wp-json\/wp\/v2\/types\/product"}],"wp:featuredmedia":[{"embeddable":true,"href":"https:\/\/sinoextrud.com\/cs\/wp-json\/wp\/v2\/media\/7742"}],"wp:attachment":[{"href":"https:\/\/sinoextrud.com\/cs\/wp-json\/wp\/v2\/media?parent=7743"}],"wp:term":[{"taxonomy":"category","embeddable":true,"href":"https:\/\/sinoextrud.com\/cs\/wp-json\/wp\/v2\/categories?post=7743"}],"curies":[{"name":"wp","href":"https:\/\/api.w.org\/{rel}","templated":true}]}}