{"id":7733,"date":"2025-06-10T02:47:38","date_gmt":"2025-06-10T02:47:38","guid":{"rendered":"https:\/\/sinoextrud.com\/product\/structural-aluminium-profiles\/"},"modified":"2025-06-24T06:13:32","modified_gmt":"2025-06-24T06:13:32","slug":"konstrukcni-hlinikove-profily","status":"publish","type":"product","link":"https:\/\/sinoextrud.com\/cs\/product\/structural-aluminium-profiles\/","title":{"rendered":"Konstruk\u010dn\u00ed hlin\u00edkov\u00e9 profily"},"content":{"rendered":"<h2>Podrobnosti o produktech<\/h2>\n<table class=\"custom-table\">\n<tbody>\n<tr>\n<td> Typ:<\/td>\n<td> Konstruk\u010dn\u00ed hlin\u00edkov\u00e9 profily<\/td>\n<\/tr>\n<tr>\n<td> Tvar:<\/td>\n<td> P\u0159izp\u016fsoben\u00e9<\/td>\n<\/tr>\n<tr>\n<td> M\u00edrnost:<\/td>\n<td> T3-T8<\/td>\n<\/tr>\n<tr>\n<td> Slitina:<\/td>\n<td> Slitina<\/td>\n<\/tr>\n<tr>\n<td> Leguj\u00edc\u00ed slo\u017eka:<\/td>\n<td> 6061<\/td>\n<\/tr>\n<tr>\n<td> Profil z le\u0161t\u011bn\u00e9ho hlin\u00edku:<\/td>\n<td> Mechanick\u00e9 le\u0161t\u011bn\u00ed<\/td>\n<\/tr>\n<tr>\n<td> Obr\u00e1b\u011bn\u00ed:<\/td>\n<td> Vrt\u00e1n\u00ed, d\u011brov\u00e1n\u00ed, z\u00e1vitov\u00e1n\u00ed, CNC obr\u00e1b\u011bn\u00ed, sva\u0159ov\u00e1n\u00ed<\/td>\n<\/tr>\n<tr>\n<td> Materi\u00e1l:<\/td>\n<td> Al6063 6061 6060 nebo po\u017eadavek z\u00e1kazn\u00edka<\/td>\n<\/tr>\n<tr>\n<td> Ochrann\u00e1 zn\u00e1mka:<\/td>\n<td> Sinoextrud<\/td>\n<\/tr>\n<tr>\n<td> Specifikace:<\/td>\n<td> ISO 9001: 2008, RoHS, ISO, TUV<\/td>\n<\/tr>\n<tr>\n<td> Typ:<\/td>\n<td> Hlin\u00edkov\u00fd profil pro okna a dve\u0159e, Dekora\u010dn\u00ed hlin\u00edkov\u00fd profil, Hlin\u00edkov\u00fd profil pro chladi\u010de, Hlin\u00edkov\u00fd profil pro sklen\u011bn\u00e9 st\u011bny, Hlin\u00edkov\u00fd profil pro dopravu<\/td>\n<\/tr>\n<tr>\n<td> T\u0159\u00edda:<\/td>\n<td> \u0158ada 6000<\/td>\n<\/tr>\n<tr>\n<td> Povrchov\u00e1 \u00faprava:<\/td>\n<td> Anodick\u00e1 oxidace<\/td>\n<\/tr>\n<tr>\n<td> Certifikace:<\/td>\n<td> ISO, RoHS<\/td>\n<\/tr>\n<tr>\n<td> V\u00fdhoda:<\/td>\n<td> Komplexn\u00ed servis OEM hlin\u00edkov\u00fdch v\u00fdlisk\u016f<\/td>\n<\/tr>\n<tr>\n<td> Dokon\u010dovac\u00ed pr\u00e1ce:<\/td>\n<td> eloxov\u00e1n\u00ed, p\u00edskov\u00e1n\u00ed, pr\u00e1\u0161kov\u00e9 lakov\u00e1n\u00ed, kart\u00e1\u010dov\u00e1n\u00ed, d\u0159ev\u011bn\u00e9 zrno atd.<\/td>\n<\/tr>\n<tr>\n<td> Doba dod\u00e1n\u00ed:<\/td>\n<td> 20-25 pracovn\u00edch dn\u016f<\/td>\n<\/tr>\n<tr>\n<td> P\u0159epravn\u00ed bal\u00ed\u010dek:<\/td>\n<td> P\u0159izp\u016fsoben\u00e9<\/td>\n<\/tr>\n<tr>\n<td> P\u016fvod:<\/td>\n<td> Guangdong Foshan<\/td>\n<\/tr>\n<\/tbody>\n<\/table>\n<h2>Na\u0161e v\u00fdrobn\u00ed z\u00e1kladna<\/h2>\n<h3>Panorama tov\u00e1rny<\/h3>\n<p><img decoding=\"async\" src=\"\/wp-content\/uploads\/factory-01.webp\"\/><\/p>\n<h3>D\u00edlna na v\u00fdrobu hlin\u00edkov\u00fdch ty\u010d\u00ed<\/h3>\n<p><img decoding=\"async\" src=\"\/wp-content\/uploads\/factory-02.webp\"\/><\/p>\n<p><img decoding=\"async\" src=\"\/wp-content\/uploads\/factory-03.webp\"\/><\/p>\n<h3>Sklad pl\u00edsn\u00ed<\/h3>\n<p><img decoding=\"async\" src=\"\/wp-content\/uploads\/factory-04.webp\"\/><\/p>\n<h3>43 linek na vytla\u010dov\u00e1n\u00ed hlin\u00edku (500-5500 tun)<\/h3>\n<p><img decoding=\"async\" src=\"\/wp-content\/uploads\/factory-05.webp\"\/><\/p>\n<p><img decoding=\"async\" src=\"\/wp-content\/uploads\/factory-06.webp\"\/><\/p>\n<p><img decoding=\"async\" src=\"\/wp-content\/uploads\/factory-07.webp\"\/><\/p>\n<h3>D\u00edlna pr\u00e1\u0161kov\u00e9ho lakov\u00e1n\u00ed<\/h3>\n<p><img decoding=\"async\" src=\"\/wp-content\/uploads\/factory-09.webp\"\/><\/p>\n<h3>D\u00edlna eloxov\u00e1n\u00ed<\/h3>\n<p><img decoding=\"async\" src=\"\/wp-content\/uploads\/factory-10.webp\"\/><\/p>\n<h3>Workshop o hloubkov\u00e9m zpracov\u00e1n\u00ed<\/h3>\n<p><img decoding=\"async\" src=\"\/wp-content\/uploads\/factory-11.webp\"\/><\/p>\n<h3>D\u00edlna CNC p\u0159esn\u00e9ho obr\u00e1b\u011bn\u00ed<\/h3>\n<p><img decoding=\"async\" src=\"\/wp-content\/uploads\/factory-11.5.webp\"\/><\/p>\n<h3>Sklad hotov\u00fdch v\u00fdrobk\u016f a exportn\u00ed sklad<\/h3>\n<p><img decoding=\"async\" src=\"\/wp-content\/uploads\/factory-12.webp\"\/><\/p>\n<p><img decoding=\"async\" src=\"\/wp-content\/uploads\/factory-13.webp\"\/><\/p>\n<p><img decoding=\"async\" src=\"\/wp-content\/uploads\/factory-14.webp\"\/><\/p>\n<h2>\u010cASTO KLADEN\u00c9 DOTAZY<\/h2>\n<p><p><b>1.Co jsou konstruk\u010dn\u00ed hlin\u00edkov\u00e9 profily?<\/b><\/p>\n<p>Konstruk\u010dn\u00ed hlin\u00edkov\u00e9 profily jsou extrudovan\u00e9 hlin\u00edkov\u00e9 komponenty ur\u010den\u00e9 k zaji\u0161t\u011bn\u00ed pevn\u00e9 podpory ve stavebnictv\u00ed, stroj\u00edrenstv\u00ed a modul\u00e1rn\u00edch konstrukc\u00edch.<br \/>\n<\/p><br \/>\n<br \/>\n<p><b>2.Pro\u010d pou\u017e\u00edvat konstruk\u010dn\u00ed hlin\u00edk m\u00edsto oceli?<\/b><\/p>\n<p>Hlin\u00edk je v\u00fdrazn\u011b leh\u010d\u00ed ne\u017e ocel, vynik\u00e1 odolnost\u00ed proti korozi a \u010dasem vy\u017eaduje m\u00e9n\u011b \u00fadr\u017eby.<br \/>\n<\/p><br \/>\n<br \/>\n<p><b>3.Jsou konstruk\u010dn\u00ed hlin\u00edkov\u00e9 profily dostate\u010dn\u011b pevn\u00e9 pro pr\u016fmyslov\u00e9 pou\u017eit\u00ed?<\/b><\/p>\n<p>Ano, vysoce kvalitn\u00ed hlin\u00edkov\u00e9 slitiny poskytuj\u00ed vynikaj\u00edc\u00ed pom\u011br pevnosti a hmotnosti a jsou vhodn\u00e9 pro t\u011b\u017ek\u00e9 konstruk\u010dn\u00ed aplikace.<br \/>\n<\/p><br \/>\n<br \/>\n<p><b>4.V jak\u00fdch pr\u016fmyslov\u00fdch odv\u011btv\u00edch se b\u011b\u017en\u011b pou\u017e\u00edvaj\u00ed konstruk\u010dn\u00ed hlin\u00edkov\u00e9 profily?<\/b><\/p>\n<p>Maj\u00ed \u0161irok\u00e9 vyu\u017eit\u00ed ve stavebnictv\u00ed, automatiza\u010dn\u00edch syst\u00e9mech, p\u0159i mont\u00e1\u017ei sol\u00e1rn\u00edch za\u0159\u00edzen\u00ed, v \u010dist\u00fdch prostor\u00e1ch a p\u0159i r\u00e1mov\u00e1n\u00ed stroj\u016f.<br \/>\n<\/p><br \/>\n<br \/>\n<p><b>5.Lze konstruk\u010dn\u00ed hlin\u00edkov\u00e9 profily p\u0159izp\u016fsobit?<\/b><\/p>\n<p>Ano, lze je vytla\u010dit v nestandardn\u00edch tvarech, velikostech a povrchov\u00fdch \u00faprav\u00e1ch, aby spl\u0148ovaly specifick\u00e9 po\u017eadavky projektu.<br \/>\n<\/p><br \/>\n<br \/>\n<p><b>6.Jsou hlin\u00edkov\u00e9 profily vhodn\u00e9 pro venkovn\u00ed konstruk\u010dn\u00ed aplikace?<\/b><\/p>\n<p>D\u00edky eloxovan\u00fdm nebo pr\u00e1\u0161kov\u00fdm povrchov\u00fdm \u00faprav\u00e1m \u00fa\u010dinn\u011b odol\u00e1vaj\u00ed drsn\u00fdm pov\u011btrnostn\u00edm podm\u00ednk\u00e1m.<br \/>\n<\/p><br \/>\n<br \/>\n<p><b>7.Je hlin\u00edk pro konstruk\u010dn\u00ed pou\u017eit\u00ed \u0161etrn\u00fd k \u017eivotn\u00edmu prost\u0159ed\u00ed?<\/b><\/p>\n<p>Ano, hlin\u00edk je 100% recyklovateln\u00fd a p\u0159isp\u00edv\u00e1 k udr\u017eiteln\u00fdm stavebn\u00edm postup\u016fm.<br \/>\n<\/p><br \/>\n<br \/>\n<p><b>8.Podporuj\u00ed konstruk\u010dn\u00ed hlin\u00edkov\u00e9 profily modul\u00e1rn\u00ed mont\u00e1\u017e?<\/b><\/p>\n<p>Ano, jsou navr\u017eeny tak, aby byly kompatibiln\u00ed s konektory, spojovac\u00edmi prvky a dr\u017e\u00e1ky pro snadnou modul\u00e1rn\u00ed konstrukci.<br \/>\n<\/p><br \/><\/p>","protected":false},"featured_media":7732,"template":"","categories":[67],"class_list":["post-7733","product","type-product","status-publish","has-post-thumbnail","hentry","category-architectural-aluminium-profile"],"meta_box":{"hilight_text_group":{"product_hilight_text":"<li>High load-bearing capacity suitable for industrial and architectural structures<\/li>\r\r\n<li>Corrosion-resistant and weatherproof for long-term outdoor use<\/li>\r\r\n<li>Lightweight design reduces transportation and installation costs<\/li>\r\r\n<li>Available in various cross-sections and alloys to meet engineering demands<\/li>\r\r\n<li>Customizable profiles for OEM structural applications<\/li>\r\r\n<li>Compatible with modular assembly systems and accessories<\/li>\r\r\n<li>Environmentally friendly and fully recyclable material<\/li>","product_chanpin_blog":"<ul>\r\r\n<li><a href=\"https:\/\/sinoextrud.com\/t-slot-v-slot-differences\/\" target=\"_blank\">t slot vs v slot<\/a><\/li>\r\r\n<li><a href=\"https:\/\/sinoextrud.com\/what-is-4040-aluminium-extrud\/\" target=\"_blank\">4040 aluminium extrusion<\/a><\/li>\r\r\n<li><a href=\"https:\/\/sinoextrud.com\/what-is-4040-aluminium-extrud\/\" target=\"_blank\">aluminum extrusions for industrial racks<\/a><\/li>\r\r\n<li><a href=\"https:\/\/sinoextrud.com\/powder-coating-aluminium-process\/\" target=\"_blank\">powder coating aluminium<\/a><\/li>\r\r\n<li><a href=\"https:\/\/sinoextrud.com\/what-is-an-aluminium-strip-ceiling\/\" target=\"_blank\">aluminium strip ceiling<\/a><\/li>\r\r\n<li><a href=\"https:\/\/sinoextrud.com\/what-is-a-heat-sink\/\" target=\"_blank\">what is a heat sink<\/a><\/li>\r\r\n<\/ul>","product_chanpin_chanpin":"<li><a href=\"https:\/\/sinoextrud.com\/product\/aluminium-frame\/\" target=\"_blank\">Aluminium Frame<\/a><\/li>\r\n<li><a href=\"https:\/\/sinoextrud.com\/product\/bending-aluminium-tube\/\" target=\"_blank\">Bending Aluminium Tube<\/a><\/li>\r\n<li><a href=\"https:\/\/sinoextrud.com\/product\/anodised-aluminium\/\" target=\"_blank\">Anodised Aluminium<\/a><\/li>\r\n<li><a href=\"https:\/\/sinoextrud.com\/product\/aluminium-profile-to-make-doors-and-windows\/\" target=\"_blank\">Aluminium Profile to Make Doors And Windows<\/a><\/li>\r\n<li><a href=\"https:\/\/sinoextrud.com\/product\/structural-aluminium-profiles\/\" target=\"_blank\">Structural Aluminium Profiles<\/a><\/li>\r\n<li><a href=\"https:\/\/sinoextrud.com\/product\/aluminium-sliding-casement-window-profile\/\" target=\"_blank\">Aluminium Sliding Casement Window Profile<\/a><\/li>\r\n<li><a href=\"https:\/\/sinoextrud.com\/product\/industrial-aluminium-doors\/\" target=\"_blank\">Industrial Aluminium Doors<\/a><\/li>\r\n<li><a href=\"https:\/\/sinoextrud.com\/product\/double-angle-aluminium-extrusion\/\" target=\"_blank\">Double Angle Aluminium Extrusion<\/a><\/li>\r\n<li><a href=\"https:\/\/sinoextrud.com\/product\/aluminium-sections-for-doors-and-windows\/\" target=\"_blank\">Aluminium Sections For Doors And Windows<\/a><\/li>\r\n<li><a href=\"https:\/\/sinoextrud.com\/product\/customizable-bathroom-mirror-frame-bent-aluminum-profiles\/\" target=\"_blank\">Customizable Bathroom Mirror Frame Bent Aluminum Profiles<\/a><\/li>\r\n<li><a href=\"https:\/\/sinoextrud.com\/product\/aluminum-extrusion-industry\/\" target=\"_blank\">Aluminum Extrusion Industry<\/a><\/li>"},"feature_list":[]},"_links":{"self":[{"href":"https:\/\/sinoextrud.com\/cs\/wp-json\/wp\/v2\/product\/7733","targetHints":{"allow":["GET"]}}],"collection":[{"href":"https:\/\/sinoextrud.com\/cs\/wp-json\/wp\/v2\/product"}],"about":[{"href":"https:\/\/sinoextrud.com\/cs\/wp-json\/wp\/v2\/types\/product"}],"wp:featuredmedia":[{"embeddable":true,"href":"https:\/\/sinoextrud.com\/cs\/wp-json\/wp\/v2\/media\/7732"}],"wp:attachment":[{"href":"https:\/\/sinoextrud.com\/cs\/wp-json\/wp\/v2\/media?parent=7733"}],"wp:term":[{"taxonomy":"category","embeddable":true,"href":"https:\/\/sinoextrud.com\/cs\/wp-json\/wp\/v2\/categories?post=7733"}],"curies":[{"name":"wp","href":"https:\/\/api.w.org\/{rel}","templated":true}]}}