{"id":7729,"date":"2025-06-10T02:43:40","date_gmt":"2025-06-10T02:43:40","guid":{"rendered":"https:\/\/sinoextrud.com\/product\/anodised-aluminium\/"},"modified":"2025-06-24T06:13:31","modified_gmt":"2025-06-24T06:13:31","slug":"eloxovany-hlinik-2","status":"publish","type":"product","link":"https:\/\/sinoextrud.com\/cs\/product\/anodised-aluminium\/","title":{"rendered":"Eloxovan\u00fd hlin\u00edk"},"content":{"rendered":"<h2>Podrobnosti o produktech<\/h2>\n<table class=\"custom-table\">\n<tbody>\n<tr>\n<td> N\u00e1zev zna\u010dky<\/td>\n<td> Sinoextrud\/Sinoextrud<\/td>\n<\/tr>\n<tr>\n<td> OEM nebo ODM<\/td>\n<td> Dostupn\u00e9 na<br \/>\neloxovan\u00e9 hlin\u00edkov\u00e9 profily<\/td>\n<\/tr>\n<tr>\n<td> Slitina<\/td>\n<td> 6063 T5, 6463 T5,6061<\/td>\n<\/tr>\n<tr>\n<td> Tlou\u0161\u0165ka profilu<\/td>\n<td> Minim\u00e1ln\u011b 0,5 mm.<\/td>\n<\/tr>\n<tr>\n<td> Eloxovan\u00e1 f\u00f3lie<\/td>\n<td> Tlou\u0161\u0165ka 5-20 \u03bcm<\/td>\n<\/tr>\n<tr>\n<td> Pr\u00e1\u0161kov\u00e9 lakov\u00e1n\u00ed<\/td>\n<td> Tlou\u0161\u0165ka 30-100 \u03bcm<\/td>\n<\/tr>\n<tr>\n<td> Dokon\u010den\u00ed<\/td>\n<td> eloxov\u00e1n\u00ed, kart\u00e1\u010dov\u00e1n\u00ed, le\u0161t\u011bn\u00ed (zrcadlo), p\u00edskov\u00e1n\u00ed, pr\u00e1\u0161kov\u00e9 lakov\u00e1n\u00ed<\/td>\n<\/tr>\n<tr>\n<td> Barva<\/td>\n<td> St\u0159\u00edbro, \u0161ampa\u0148sk\u00e9, b\u00edl\u00e1, mosaz, \u010dern\u00e1, titan, \u0161ed\u00e1, tmav\u011b modr\u00e1, fialov\u00e9 zlato, zlato, r\u016f\u017eov\u00e9 zlato.<\/td>\n<\/tr>\n<tr>\n<td> D\u00e9lka<\/td>\n<td> 3 m nebo 6 m, nebo podle po\u017eadavku z\u00e1kazn\u00edka.<\/td>\n<\/tr>\n<tr>\n<td> Aplikace<\/td>\n<td> Kuchyn\u011b, posuvn\u00e9 sk\u0159\u00edn\u011b, posuvn\u00e9 dve\u0159e, sprchov\u00e9 dve\u0159e, okna a dve\u0159e, podlahov\u00e9 krytiny, kobercov\u00e9 li\u0161ty, pr\u016fmysl.<\/td>\n<\/tr>\n<tr>\n<td> Balen\u00ed<\/td>\n<td> Selektivn\u00ed: ochrann\u00e1 f\u00f3lie, polybag, smr\u0161\u0165ovac\u00ed f\u00f3lie, nepromokav\u00fd pap\u00edr, kartonov\u00e1 krabice, EPE p\u011bna, tkan\u00fd p\u00e1s.<\/td>\n<\/tr>\n<tr>\n<td> Z\u00e1ruka<\/td>\n<td> Dokon\u010den\u00e9 a barevn\u00e9 proveden\u00ed m\u016f\u017ee b\u00fdt stabiln\u00ed po dobu 10-20 let pro vnit\u0159n\u00ed pou\u017eit\u00ed.<\/td>\n<\/tr>\n<tr>\n<td> V\u00fdrobn\u00ed kapacita<\/td>\n<td> 15 000 tun\/m\u011bs\u00edc<\/td>\n<\/tr>\n<tr>\n<td> V\u00fdroba forem<\/td>\n<td> 7-10 dn\u00ed<\/td>\n<\/tr>\n<tr>\n<td> N\u00e1klady na pl\u00edsn\u011b<\/td>\n<td> Podle ceny od v\u00fdrobce forem je a\u017e 5 tun forem zdarma.<\/td>\n<\/tr>\n<tr>\n<td> Dod\u00e1vka<\/td>\n<td> 20 dn\u00ed po obdr\u017een\u00ed z\u00e1lohov\u00e9 platby nebo L\/C na vid\u011bnou.<\/td>\n<\/tr>\n<tr>\n<td> MOQ<\/td>\n<td> 200KG\/polo\u017eka<\/td>\n<\/tr>\n<tr>\n<td> Term\u00edn platby<\/td>\n<td> T\/T, L\/C na vid\u011bnou.<\/td>\n<\/tr>\n<tr>\n<td> Vypo\u0159\u00e1d\u00e1n\u00ed<\/td>\n<td> podle teoretick\u00e9 hmotnosti nebo podle skute\u010dn\u00e9 hrub\u00e9 hmotnosti.<\/td>\n<\/tr>\n<tr>\n<td> Nakl\u00e1dac\u00ed port<\/td>\n<td> Guangzhou\/FOSHAN<\/td>\n<\/tr>\n<\/tbody>\n<\/table>\n<h2>Na\u0161e v\u00fdrobn\u00ed z\u00e1kladna<\/h2>\n<h3>Panorama tov\u00e1rny<\/h3>\n<p><img decoding=\"async\" src=\"\/wp-content\/uploads\/factory-01.webp\"\/><\/p>\n<h3>D\u00edlna na v\u00fdrobu hlin\u00edkov\u00fdch ty\u010d\u00ed<\/h3>\n<p><img decoding=\"async\" src=\"\/wp-content\/uploads\/factory-02.webp\"\/><\/p>\n<\/p>\n<p><img decoding=\"async\" src=\"\/wp-content\/uploads\/factory-03.webp\"\/><\/p>\n<h3>Sklad pl\u00edsn\u00ed<\/h3>\n<p><img decoding=\"async\" src=\"\/wp-content\/uploads\/factory-04.webp\"\/><\/p>\n<h3>43 linek na vytla\u010dov\u00e1n\u00ed hlin\u00edku (500-5500 tun)<\/h3>\n<p><img decoding=\"async\" src=\"\/wp-content\/uploads\/factory-05.webp\"\/><\/p>\n<p><img decoding=\"async\" src=\"\/wp-content\/uploads\/factory-06.webp\"\/><\/p>\n<p><img decoding=\"async\" src=\"\/wp-content\/uploads\/factory-07.webp\"\/><\/p>\n<h3>D\u00edlna pr\u00e1\u0161kov\u00e9ho lakov\u00e1n\u00ed<\/h3>\n<p><img decoding=\"async\" src=\"\/wp-content\/uploads\/factory-09.webp\"\/><\/p>\n<h3>D\u00edlna eloxov\u00e1n\u00ed<\/h3>\n<p><img decoding=\"async\" src=\"\/wp-content\/uploads\/factory-10.webp\"\/><\/p>\n<h3>Workshop o hloubkov\u00e9m zpracov\u00e1n\u00ed<\/h3>\n<p><img decoding=\"async\" src=\"\/wp-content\/uploads\/factory-11.webp\"\/><\/p>\n<h3>D\u00edlna CNC p\u0159esn\u00e9ho obr\u00e1b\u011bn\u00ed<\/h3>\n<p><img decoding=\"async\" src=\"\/wp-content\/uploads\/factory-11.5.webp\"\/><\/p>\n<h3>Sklad hotov\u00fdch v\u00fdrobk\u016f a exportn\u00ed sklad<\/h3>\n<p><img decoding=\"async\" src=\"\/wp-content\/uploads\/factory-12.webp\"\/><\/p>\n<p><img decoding=\"async\" src=\"\/wp-content\/uploads\/factory-13.webp\"\/><\/p>\n<p><img decoding=\"async\" src=\"\/wp-content\/uploads\/factory-14.webp\"\/><\/p>\n<h2>\u010cASTO KLADEN\u00c9 DOTAZY<\/h2>\n<p><b>1.Co je eloxovan\u00fd hlin\u00edk?<\/b><\/p>\n<p>Eloxovan\u00fd hlin\u00edk je hlin\u00edk, kter\u00fd pro\u0161el elektrochemick\u00fdm procesem, p\u0159i n\u011bm\u017e se na jeho povrchu vytvo\u0159ila odoln\u00e1, korozivzdorn\u00e1 a dekorativn\u00ed vrstva oxidu.\n<\/p>\n<p><\/p>\n<p><b>2.Jak\u00e9 jsou v\u00fdhody eloxov\u00e1n\u00ed hlin\u00edku?<\/b><\/p>\n<p>Eloxov\u00e1n\u00ed zvy\u0161uje odolnost proti korozi, tvrdost povrchu, odolnost proti opot\u0159eben\u00ed a umo\u017e\u0148uje barevnou \u00fapravu p\u0159i zachov\u00e1n\u00ed kovov\u00e9ho vzhledu.\n<\/p>\n<p><\/p>\n<p><b>3.Je eloxovan\u00fd hlin\u00edk vhodn\u00fd pro venkovn\u00ed pou\u017eit\u00ed?<\/b><\/p>\n<p>Ano, d\u00edky ochrann\u00e9 vrstv\u011b oxidu je ide\u00e1ln\u00ed pro venkovn\u00ed prost\u0159ed\u00ed vystaven\u00e9 pov\u011btrnostn\u00edm vliv\u016fm a UV z\u00e1\u0159en\u00ed.\n<\/p>\n<p><\/p>\n<p><b>4.M\u016f\u017ee b\u00fdt eloxovan\u00fd hlin\u00edk barevn\u00fd?<\/b><\/p>\n<p>Eloxov\u00e1n\u00ed umo\u017e\u0148uje nan\u00e1\u0161et r\u016fzn\u00e9 barvy p\u0159i zachov\u00e1n\u00ed trvanliv\u00e9 povrchov\u00e9 \u00fapravy odoln\u00e9 proti vyblednut\u00ed.\n<\/p>\n<p><\/p>\n<p><b>5.Vy\u017eaduje eloxovan\u00fd hlin\u00edk \u00fadr\u017ebu?<\/b><\/p>\n<p>K udr\u017een\u00ed vzhledu a v\u00fdkonu obvykle sta\u010d\u00ed velmi m\u00e1lo - pravideln\u00e9 \u010di\u0161t\u011bn\u00ed.\n<\/p>\n<p><\/p>\n<p><b>6.Je eloxov\u00e1n\u00ed \u0161etrn\u00e9 k \u017eivotn\u00edmu prost\u0159ed\u00ed?<\/b><\/p>\n<p>Ano, proces eloxov\u00e1n\u00ed je netoxick\u00fd, produkuje minimum odpadu a podporuje recyklovateln\u00e9 pou\u017eit\u00ed hlin\u00edku.\n<\/p>\n<p><\/p>\n<p><b>7.V jak\u00fdch pr\u016fmyslov\u00fdch odv\u011btv\u00edch se pou\u017e\u00edv\u00e1 eloxovan\u00fd hlin\u00edk?<\/b><\/p>\n<p>Pou\u017e\u00edv\u00e1 se v architektu\u0159e, automobilov\u00e9m pr\u016fmyslu, elektronice, spot\u0159ebn\u00edm zbo\u017e\u00ed, leteck\u00e9m a n\u00e1mo\u0159n\u00edm pr\u016fmyslu pro funk\u010dn\u00ed i estetick\u00e9 \u00fa\u010dely.\n<\/p>\n<p><\/p>\n<p><b>8.Je eloxovan\u00fd hlin\u00edk odoln\u011bj\u0161\u00ed ne\u017e lakovan\u00fd hlin\u00edk?<\/b><\/p>\n<p>Ano, eloxovan\u00e1 vrstva je ned\u00edlnou sou\u010d\u00e1st\u00ed kovu a ve srovn\u00e1n\u00ed s povrchov\u00fdmi n\u00e1t\u011bry je odoln\u011bj\u0161\u00ed proti po\u0161kr\u00e1b\u00e1n\u00ed, od\u0161t\u00edpnut\u00ed a vyblednut\u00ed.\n<\/p>\n<p><\/p>","protected":false},"featured_media":7728,"template":"","categories":[67],"class_list":["post-7729","product","type-product","status-publish","has-post-thumbnail","hentry","category-architectural-aluminium-profile"],"meta_box":{"hilight_text_group":{"product_hilight_text":"<li>Enhanced surface hardness and scratch resistance<\/li>\r\r\n<li>Excellent corrosion resistance for outdoor and industrial use<\/li>\r\r\n<li>Attractive metallic finish available in various colors<\/li>\r\r\n<li>Improved paint and adhesive bonding capabilities<\/li>\r\r\n<li>Long-lasting performance with minimal maintenance<\/li>\r\r\n<li>Environmentally friendly and non-toxic anodizing process<\/li>\r\r\n<li>Customizable thickness and finish for diverse applications<\/li>","product_chanpin_blog":"<ul>\r\r\n<li><a href=\"https:\/\/sinoextrud.com\/t-slot-v-slot-differences\/\" target=\"_blank\">t slot vs v slot<\/a><\/li>\r\r\n<li><a href=\"https:\/\/sinoextrud.com\/what-is-4040-aluminium-extrud\/\" target=\"_blank\">4040 aluminium extrusion<\/a><\/li>\r\r\n<li><a href=\"https:\/\/sinoextrud.com\/what-is-4040-aluminium-extrud\/\" target=\"_blank\">aluminum extrusions for industrial racks<\/a><\/li>\r\r\n<li><a href=\"https:\/\/sinoextrud.com\/powder-coating-aluminium-process\/\" target=\"_blank\">powder coating aluminium<\/a><\/li>\r\r\n<li><a href=\"https:\/\/sinoextrud.com\/what-is-an-aluminium-strip-ceiling\/\" target=\"_blank\">aluminium strip ceiling<\/a><\/li>\r\r\n<li><a href=\"https:\/\/sinoextrud.com\/what-is-a-heat-sink\/\" target=\"_blank\">what is a heat sink<\/a><\/li>\r\r\n<\/ul>","product_chanpin_chanpin":"<li><a href=\"https:\/\/sinoextrud.com\/product\/aluminum-profile-glass-curtain-wall-system\/\" target=\"_blank\">Aluminum Profile Glass Curtain Wall System<\/a><\/li>\r\n<li><a href=\"https:\/\/sinoextrud.com\/product\/profiles-aluminum\/\" target=\"_blank\">Profiles aluminum<\/a><\/li>\r\n<li><a href=\"https:\/\/sinoextrud.com\/product\/aluminium-frame\/\" target=\"_blank\">Aluminium Frame<\/a><\/li>\r\n<li><a href=\"https:\/\/sinoextrud.com\/product\/bending-aluminium-tube\/\" target=\"_blank\">Bending Aluminium Tube<\/a><\/li>\r\n<li><a href=\"https:\/\/sinoextrud.com\/product\/anodised-aluminium\/\" target=\"_blank\">Anodised Aluminium<\/a><\/li>\r\n<li><a href=\"https:\/\/sinoextrud.com\/product\/aluminium-profile-to-make-doors-and-windows\/\" target=\"_blank\">Aluminium Profile to Make Doors And Windows<\/a><\/li>\r\n<li><a href=\"https:\/\/sinoextrud.com\/product\/structural-aluminium-profiles\/\" target=\"_blank\">Structural Aluminium Profiles<\/a><\/li>\r\n<li><a href=\"https:\/\/sinoextrud.com\/product\/aluminium-sliding-casement-window-profile\/\" target=\"_blank\">Aluminium Sliding Casement Window Profile<\/a><\/li>\r\n<li><a href=\"https:\/\/sinoextrud.com\/product\/industrial-aluminium-doors\/\" target=\"_blank\">Industrial Aluminium Doors<\/a><\/li>\r\n<li><a href=\"https:\/\/sinoextrud.com\/product\/special-shaped-baffle-ceiling-system\/\" target=\"_blank\">Special Shaped Baffle Ceiling System<\/a><\/li>\r\n<li><a href=\"https:\/\/sinoextrud.com\/product\/cutting-bending-aluminum-led-strip-heatsink\/\" target=\"_blank\">Cutting Bending Aluminum LED Strip Heatsink<\/a><\/li>"},"feature_list":[]},"_links":{"self":[{"href":"https:\/\/sinoextrud.com\/cs\/wp-json\/wp\/v2\/product\/7729","targetHints":{"allow":["GET"]}}],"collection":[{"href":"https:\/\/sinoextrud.com\/cs\/wp-json\/wp\/v2\/product"}],"about":[{"href":"https:\/\/sinoextrud.com\/cs\/wp-json\/wp\/v2\/types\/product"}],"wp:featuredmedia":[{"embeddable":true,"href":"https:\/\/sinoextrud.com\/cs\/wp-json\/wp\/v2\/media\/7728"}],"wp:attachment":[{"href":"https:\/\/sinoextrud.com\/cs\/wp-json\/wp\/v2\/media?parent=7729"}],"wp:term":[{"taxonomy":"category","embeddable":true,"href":"https:\/\/sinoextrud.com\/cs\/wp-json\/wp\/v2\/categories?post=7729"}],"curies":[{"name":"wp","href":"https:\/\/api.w.org\/{rel}","templated":true}]}}