{"id":7711,"date":"2025-06-10T02:15:15","date_gmt":"2025-06-10T02:15:15","guid":{"rendered":"https:\/\/sinoextrud.com\/product\/30-x-30-aluminum-extrusion-for-decoration\/"},"modified":"2025-06-24T06:13:28","modified_gmt":"2025-06-24T06:13:28","slug":"hlinikovy-vylisek-30-x-30-pro-dekoraci","status":"publish","type":"product","link":"https:\/\/sinoextrud.com\/cs\/product\/30-x-30-aluminum-extrusion-for-decoration\/","title":{"rendered":"30 X 30 hlin\u00edkov\u00fd v\u00fdlisek pro dekoraci"},"content":{"rendered":"<h2>Podrobnosti o produktech<\/h2>\n<table class=\"custom-table\">\n<tbody>\n<tr>\n<td> N\u00e1zev produktu<\/td>\n<td> 30 x 30 Hlin\u00edkov\u00fd v\u00fdlisek pro dekoraci stropu a dve\u0159\u00ed<\/td>\n<\/tr>\n<tr>\n<td> Slitina hlin\u00edku<\/td>\n<td> 6063-T5 nebo p\u0159izp\u016fsoben\u00ed<\/td>\n<\/tr>\n<tr>\n<td> Povrchov\u00e1 \u00faprava<\/td>\n<td> Eloxovan\u00e1 st\u0159\u00edbrn\u00e1, Polished nebo p\u0159izp\u016fsoben\u00ed na m\u00edru<\/td>\n<\/tr>\n<tr>\n<td> Velikost<\/td>\n<td> 1m-9m, p\u0159izp\u016fsoben\u00ed<\/td>\n<\/tr>\n<tr>\n<td> MOQ<\/td>\n<td> 200KGs \/ Polo\u017eka<\/td>\n<\/tr>\n<tr>\n<td> Aplikace<\/td>\n<td> Hotel, kancel\u00e1\u0159, domov, n\u00e1kupn\u00ed centrum, leti\u0161t\u011b, modern\u00ed, jednoduch\u00fd styl dekorace atd.<\/td>\n<\/tr>\n<tr>\n<td> Zna\u010dka<\/td>\n<td> Sinoextrud \/ Sinoextrud \/ Sinoextrud Aluminium<\/td>\n<\/tr>\n<tr>\n<td> P\u016fvod<\/td>\n<td> Foshan, \u010c\u00edna<\/td>\n<\/tr>\n<\/tbody>\n<\/table>\n<h2>Na\u0161e v\u00fdrobn\u00ed z\u00e1kladna<\/h2>\n<h3>Panorama tov\u00e1rny<\/h3>\n<p><img decoding=\"async\" src=\"\/wp-content\/uploads\/factory-01.webp\"\/><\/p>\n<h3>D\u00edlna na v\u00fdrobu hlin\u00edkov\u00fdch ty\u010d\u00ed<\/h3>\n<p><img decoding=\"async\" src=\"\/wp-content\/uploads\/factory-02.webp\"\/><\/p>\n<p><img decoding=\"async\" src=\"\/wp-content\/uploads\/factory-03.webp\"\/><\/p>\n<h3>Sklad pl\u00edsn\u00ed<\/h3>\n<p><img decoding=\"async\" src=\"\/wp-content\/uploads\/factory-04.webp\"\/><\/p>\n<h3>43 linek na vytla\u010dov\u00e1n\u00ed hlin\u00edku (500 - 5500 tun)<\/h3>\n<p><img decoding=\"async\" src=\"\/wp-content\/uploads\/factory-05.webp\"\/><\/p>\n<p><img decoding=\"async\" src=\"\/wp-content\/uploads\/factory-06.webp\"\/><\/p>\n<p><img decoding=\"async\" src=\"\/wp-content\/uploads\/factory-07.webp\"\/><\/p>\n<h3>D\u00edlna pr\u00e1\u0161kov\u00e9ho lakov\u00e1n\u00ed<\/h3>\n<p><img decoding=\"async\" src=\"\/wp-content\/uploads\/factory-09.webp\"\/><\/p>\n<h3>D\u00edlna eloxov\u00e1n\u00ed<\/h3>\n<p><img decoding=\"async\" src=\"\/wp-content\/uploads\/factory-10.webp\"\/><\/p>\n<h3>Workshop o hloubkov\u00e9m zpracov\u00e1n\u00ed<\/h3>\n<p><img decoding=\"async\" src=\"\/wp-content\/uploads\/factory-11.webp\"\/><\/p>\n<h3>D\u00edlna CNC p\u0159esn\u00e9ho obr\u00e1b\u011bn\u00ed<\/h3>\n<p><img decoding=\"async\" src=\"\/wp-content\/uploads\/factory-11.5.webp\"\/><\/p>\n<h3>Sklad hotov\u00fdch v\u00fdrobk\u016f a exportn\u00ed sklad<\/h3>\n<p><img decoding=\"async\" src=\"\/wp-content\/uploads\/factory-12.webp\"\/><\/p>\n<p><img decoding=\"async\" src=\"\/wp-content\/uploads\/factory-13.webp\"\/><\/p>\n<p><img decoding=\"async\" src=\"\/wp-content\/uploads\/factory-14.webp\"\/><\/p>\n<h2>\u010cASTO KLADEN\u00c9 DOTAZY<\/h2>\n<p><p><b>1.Co je 30 X 30 hlin\u00edkov\u00fd v\u00fdlisek pro dekoraci?<\/b><\/p>\n<p>Hlin\u00edkov\u00fd v\u00fdlisek 30 X 30 pro dekorace je \u010dtvercov\u00fd hlin\u00edkov\u00fd profil ur\u010den\u00fd pro architektonick\u00e9 a dekorativn\u00ed aplikace s modern\u00edm vzhledem.<br \/>\n<\/p><br \/>\n<br \/>\n<p><b>2.Jak\u00e9 jsou v\u00fdhody pou\u017eit\u00ed 30 X 30 hlin\u00edkov\u00fdch v\u00fdlisk\u016f pro dekoraci?<\/b><\/p>\n<p>Nab\u00edz\u00ed lehkou pevnost, odolnost proti korozi, snadnou instalaci a estetickou flexibilitu pro komer\u010dn\u00ed i obytn\u00e9 prostory.<br \/>\n<\/p><br \/>\n<br \/>\n<p><b>3.Je 30 X 30 hlin\u00edkov\u00fd v\u00fdlisek vhodn\u00fd pro vnit\u0159n\u00ed dekoraci?<\/b><\/p>\n<p>Ano, d\u00edky sv\u00e9 \u010dist\u00e9 povrchov\u00e9 \u00faprav\u011b a odolnosti je ide\u00e1ln\u00ed pro interi\u00e9rov\u00e9 prvky, jako jsou p\u0159\u00ed\u010dky, r\u00e1my a v\u00fdstavn\u00ed konstrukce.<br \/>\n<\/p><br \/>\n<br \/>\n<p><b>4.Lze hlin\u00edkov\u00fd v\u00fdlisek 30 X 30 pou\u017e\u00edt venku?<\/b><\/p>\n<p>Je vhodn\u00fd pro lehk\u00e9 venkovn\u00ed pou\u017eit\u00ed, zejm\u00e9na pokud je opat\u0159en povrchovou \u00fapravou odolnou proti pov\u011btrnostn\u00edm vliv\u016fm, jako je eloxov\u00e1n\u00ed nebo pr\u00e1\u0161kov\u00e9 lakov\u00e1n\u00ed.<br \/>\n<\/p><br \/>\n<br \/>\n<p><b>5.Je k dispozici p\u0159izp\u016fsoben\u00ed pro 30 X 30 hlin\u00edkov\u00e9 v\u00fdlisky?<\/b><\/p>\n<p>Ano, k dispozici jsou vlastn\u00ed d\u00e9lky, povrchov\u00e9 \u00fapravy a povrchov\u00e9 \u00fapravy, kter\u00e9 odpov\u00eddaj\u00ed va\u0161im po\u017eadavk\u016fm na design.<br \/>\n<\/p><br \/>\n<br \/>\n<p><b>6.Jak\u00e9 aplikace b\u011b\u017en\u011b pou\u017e\u00edvaj\u00ed 30 X 30 hlin\u00edkov\u00e9 v\u00fdlisky pro dekoraci?<\/b><\/p>\n<p>B\u011b\u017en\u011b se pou\u017e\u00edvaj\u00ed jako v\u00fdstavn\u00ed expozice, dekorativn\u00ed r\u00e1my, architektonick\u00e9 akcenty a modul\u00e1rn\u00ed n\u00e1bytkov\u00e9 prvky.<br \/>\n<\/p><br \/>\n<br \/>\n<p><b>7.Jsou tyto v\u00fdlisky snadno sestaviteln\u00e9?<\/b><\/p>\n<p>Ano, hlin\u00edkov\u00e9 profily 30 X 30 jsou kompatibiln\u00ed se standardn\u00edmi kov\u00e1n\u00edmi a konektory, tak\u017ee mont\u00e1\u017e je rychl\u00e1 a nen\u00e1ro\u010dn\u00e1 na n\u00e1\u0159ad\u00ed.<br \/>\n<\/p><br \/>\n<br \/>\n<p><b>8.Zachov\u00e1vaj\u00ed hlin\u00edkov\u00e9 v\u00fdlisky 30 X 30 sv\u016fj vzhled v pr\u016fb\u011bhu \u010dasu?<\/b><\/p>\n<p>Ano, p\u0159i spr\u00e1vn\u00e9 povrchov\u00e9 \u00faprav\u011b jsou odoln\u00e9 proti vyblednut\u00ed, korozi a po\u0161kr\u00e1b\u00e1n\u00ed, co\u017e zaru\u010duje dlouhotrvaj\u00edc\u00ed dekorativn\u00ed vzhled.<br \/>\n<\/p><br \/><\/p>","protected":false},"featured_media":7710,"template":"","categories":[67],"class_list":["post-7711","product","type-product","status-publish","has-post-thumbnail","hentry","category-architectural-aluminium-profile"],"meta_box":{"hilight_text_group":{"product_hilight_text":"<li>30x30 size provides balanced proportions for decorative structures<\/li>\r\r\n<li>Lightweight aluminum material ensures easy handling and installation<\/li>\r\r\n<li>Corrosion-resistant surface suitable for long-term indoor and light outdoor use<\/li>\r\r\n<li>Sleek appearance enhances modern and minimalist design aesthetics<\/li>\r\r\n<li>Custom finishes available to match various interior styles<\/li>\r\r\n<li>Precision extrusion guarantees clean edges and uniform shape<\/li>\r\r\n<li>Compatible with standard connectors for versatile applications<\/li>","product_chanpin_blog":"<ul>\r\r\n<li><a href=\"https:\/\/sinoextrud.com\/t-slot-v-slot-differences\/\" target=\"_blank\">t slot vs v slot<\/a><\/li>\r\r\n<li><a href=\"https:\/\/sinoextrud.com\/what-is-4040-aluminium-extrud\/\" target=\"_blank\">4040 aluminium extrusion<\/a><\/li>\r\r\n<li><a href=\"https:\/\/sinoextrud.com\/what-is-4040-aluminium-extrud\/\" target=\"_blank\">aluminum extrusions for industrial racks<\/a><\/li>\r\r\n<li><a href=\"https:\/\/sinoextrud.com\/powder-coating-aluminium-process\/\" target=\"_blank\">powder coating aluminium<\/a><\/li>\r\r\n<li><a href=\"https:\/\/sinoextrud.com\/what-is-an-aluminium-strip-ceiling\/\" target=\"_blank\">aluminium strip ceiling<\/a><\/li>\r\r\n<li><a href=\"https:\/\/sinoextrud.com\/what-is-a-heat-sink\/\" target=\"_blank\">what is a heat sink<\/a><\/li>\r\r\n<\/ul>","product_chanpin_chanpin":"<li><a href=\"https:\/\/sinoextrud.com\/product\/curved-aluminium-extrusion\/\" target=\"_blank\">Curved Aluminium Extrusion<\/a><\/li>\r\n<li><a href=\"https:\/\/sinoextrud.com\/product\/modular-aluminum-framing-system\/\" target=\"_blank\">Modular Aluminum Framing System<\/a><\/li>\r\n<li><a href=\"https:\/\/sinoextrud.com\/product\/greenhouse-aluminium-extrusions-aluminium-sunroom-profile\/\" target=\"_blank\">Greenhouse Aluminium Extrusions Aluminium Sunroom Profile<\/a><\/li>\r\n<li><a href=\"https:\/\/sinoextrud.com\/product\/aluminum-curtain-wall-extrusions\/\" target=\"_blank\">Aluminum Curtain Wall Extrusions<\/a><\/li>\r\n<li><a href=\"https:\/\/sinoextrud.com\/product\/30-x-30-aluminum-extrusion-for-decoration\/\" target=\"_blank\">30 X 30 Aluminum Extrusion For Decoration<\/a><\/li>\r\n<li><a href=\"https:\/\/sinoextrud.com\/product\/30mm-aluminum-extrusion\/\" target=\"_blank\">30mm Aluminum Extrusion<\/a><\/li>\r\n<li><a href=\"https:\/\/sinoextrud.com\/product\/aluminium-rail-extrusions\/\" target=\"_blank\">Aluminium Rail Extrusions<\/a><\/li>\r\n<li><a href=\"https:\/\/sinoextrud.com\/product\/aluminium-door-window-fittings\/\" target=\"_blank\">Aluminium Door Window Fittings<\/a><\/li>\r\n<li><a href=\"https:\/\/sinoextrud.com\/product\/aluminium-extruded-products\/\" target=\"_blank\">Aluminium Extruded Products<\/a><\/li>\r\n<li><a href=\"https:\/\/sinoextrud.com\/product\/aluminium-t-bar-extrusions\/\" target=\"_blank\">Aluminium T Bar Extrusions<\/a><\/li>\r\n<li><a href=\"https:\/\/sinoextrud.com\/product\/triangular-aluminum-extrusion\/\" target=\"_blank\">Triangular Aluminum Extrusion<\/a><\/li>"},"feature_list":[]},"_links":{"self":[{"href":"https:\/\/sinoextrud.com\/cs\/wp-json\/wp\/v2\/product\/7711","targetHints":{"allow":["GET"]}}],"collection":[{"href":"https:\/\/sinoextrud.com\/cs\/wp-json\/wp\/v2\/product"}],"about":[{"href":"https:\/\/sinoextrud.com\/cs\/wp-json\/wp\/v2\/types\/product"}],"wp:featuredmedia":[{"embeddable":true,"href":"https:\/\/sinoextrud.com\/cs\/wp-json\/wp\/v2\/media\/7710"}],"wp:attachment":[{"href":"https:\/\/sinoextrud.com\/cs\/wp-json\/wp\/v2\/media?parent=7711"}],"wp:term":[{"taxonomy":"category","embeddable":true,"href":"https:\/\/sinoextrud.com\/cs\/wp-json\/wp\/v2\/categories?post=7711"}],"curies":[{"name":"wp","href":"https:\/\/api.w.org\/{rel}","templated":true}]}}