{"id":7691,"date":"2025-06-10T01:44:33","date_gmt":"2025-06-10T01:44:33","guid":{"rendered":"https:\/\/sinoextrud.com\/product\/round-aluminum-extrusion-architeture-fabrication\/"},"modified":"2025-06-24T06:13:25","modified_gmt":"2025-06-24T06:13:25","slug":"kulate-hlinikove-vylisky-architeturni-vyroba","status":"publish","type":"product","link":"https:\/\/sinoextrud.com\/cs\/product\/round-aluminum-extrusion-architeture-fabrication\/","title":{"rendered":"Kulat\u00fd hlin\u00edkov\u00fd v\u00fdlisek Architeture Fabrication"},"content":{"rendered":"<h2>Podrobnosti o produktech<\/h2>\n<table class=\"custom-table\">\n<tbody>\n<tr>\n<td> N\u00e1zev produktu<\/td>\n<td> Kulat\u00fd hlin\u00edkov\u00fd v\u00fdlisek Architeture Fabrication<\/td>\n<\/tr>\n<tr>\n<td> Povrchov\u00e1 \u00faprava<\/td>\n<td> Ml\u00fdn dokon\u010den<\/td>\n<\/tr>\n<tr>\n<td> Slitina hlin\u00edku<\/td>\n<td> 6063-T5<\/td>\n<\/tr>\n<tr>\n<td> Barva<\/td>\n<td> Hotov\u00e9 ml\u00fdny nebo p\u0159izp\u016fsoben\u00ed<\/td>\n<\/tr>\n<tr>\n<td> Aplikace<\/td>\n<td> vytla\u010dov\u00e1n\u00ed hlin\u00edku pro pr\u016fmysl, architekturu a v\u00fdrobu<\/td>\n<\/tr>\n<tr>\n<td> Zna\u010dka<\/td>\n<td> Sinoextrud \/ Sinoextrud \/ Sinoextrud Aluminium<\/td>\n<\/tr>\n<tr>\n<td> P\u016fvod<\/td>\n<td> Foshan, \u010c\u00edna<\/td>\n<\/tr>\n<\/tbody>\n<\/table>\n<h2>Na\u0161e v\u00fdrobn\u00ed z\u00e1kladna<\/h2>\n<h3>Panorama tov\u00e1rny<\/h3>\n<p><img decoding=\"async\" src=\"\/wp-content\/uploads\/factory-01.webp\"\/><\/p>\n<h3>D\u00edlna na v\u00fdrobu hlin\u00edkov\u00fdch ty\u010d\u00ed<\/h3>\n<p><img decoding=\"async\" src=\"\/wp-content\/uploads\/factory-02.webp\"\/><\/p>\n<p><img decoding=\"async\" src=\"\/wp-content\/uploads\/factory-03.webp\"\/><\/p>\n<h3>Sklad pl\u00edsn\u00ed<\/h3>\n<p><img decoding=\"async\" src=\"\/wp-content\/uploads\/factory-04.webp\"\/><\/p>\n<h3>43 linek na vytla\u010dov\u00e1n\u00ed hlin\u00edku (500 - 5500 tun)<\/h3>\n<p><img decoding=\"async\" src=\"\/wp-content\/uploads\/factory-05.webp\"\/><\/p>\n<p><img decoding=\"async\" src=\"\/wp-content\/uploads\/factory-06.webp\"\/><\/p>\n<p><img decoding=\"async\" src=\"\/wp-content\/uploads\/factory-07.webp\"\/><\/p>\n<h3>D\u00edlna pr\u00e1\u0161kov\u00e9ho lakov\u00e1n\u00ed<\/h3>\n<p><img decoding=\"async\" src=\"\/wp-content\/uploads\/factory-09.webp\"\/><\/p>\n<h3>D\u00edlna eloxov\u00e1n\u00ed<\/h3>\n<p><img decoding=\"async\" src=\"\/wp-content\/uploads\/factory-10.webp\"\/><\/p>\n<h3>Workshop o hloubkov\u00e9m zpracov\u00e1n\u00ed<\/h3>\n<p><img decoding=\"async\" src=\"\/wp-content\/uploads\/factory-11.webp\"\/><\/p>\n<h3>D\u00edlna CNC p\u0159esn\u00e9ho obr\u00e1b\u011bn\u00ed<\/h3>\n<p><img decoding=\"async\" src=\"\/wp-content\/uploads\/factory-11.5.webp\"\/><\/p>\n<h3>Sklad hotov\u00fdch v\u00fdrobk\u016f a exportn\u00ed sklad<\/h3>\n<p><img decoding=\"async\" src=\"\/wp-content\/uploads\/factory-12.webp\"\/><\/p>\n<p><img decoding=\"async\" src=\"\/wp-content\/uploads\/factory-13.webp\"\/><\/p>\n<p><img decoding=\"async\" src=\"\/wp-content\/uploads\/factory-14.webp\"\/><\/p>\n<h2>\u010cASTO KLADEN\u00c9 DOTAZY<\/h2>\n<p><p><b>1.Co je kulat\u00fd hlin\u00edkov\u00fd v\u00fdlisek pro v\u00fdrobu architektury? <\/b><\/p>\n<p> Jedn\u00e1 se o kruhov\u00fd hlin\u00edkov\u00fd profil pou\u017e\u00edvan\u00fd v architektonick\u00e9 v\u00fdrob\u011b pro konstruk\u010dn\u00ed nebo dekorativn\u00ed aplikace, jako jsou sloupy, z\u00e1bradl\u00ed a r\u00e1my.<br \/>\n<\/p><br \/>\n<br \/>\n<p><b>2.Pro\u010d zvolit kulat\u00e9 hlin\u00edkov\u00e9 v\u00fdlisky v architektu\u0159e? <\/b><\/p>\n<p> Kulat\u00e9 hlin\u00edkov\u00e9 v\u00fdlisky kombinuj\u00ed \u010distou estetiku s pevnost\u00ed, odolnost\u00ed proti korozi a snadnou v\u00fdrobou pro pou\u017eit\u00ed v architektu\u0159e.<br \/>\n<\/p><br \/>\n<br \/>\n<p><b>3.Lze pr\u016fm\u011br a tlou\u0161\u0165ku p\u0159izp\u016fsobit? <\/b><\/p>\n<p> Ano, kulat\u00e9 hlin\u00edkov\u00e9 v\u00fdlisky lze pln\u011b p\u0159izp\u016fsobit z hlediska velikosti, tlou\u0161\u0165ky, slitiny a povrchov\u00e9 \u00fapravy tak, aby odpov\u00eddaly specifikac\u00edm projektu.<br \/>\n<\/p><br \/>\n<br \/>\n<p><b>4.Jsou tyto v\u00fdlisky vhodn\u00e9 pro venkovn\u00ed instalace? <\/b><\/p>\n<p> D\u00edky eloxovan\u00fdm nebo pr\u00e1\u0161kov\u00fdm povrchov\u00fdm \u00faprav\u00e1m se v\u00fdjime\u010dn\u011b dob\u0159e osv\u011bd\u010duj\u00ed v exteri\u00e9ru.<br \/>\n<\/p><br \/>\n<br \/>\n<p><b>5.Jak\u00e9 jsou typick\u00e9 aplikace pro kulat\u00e9 hlin\u00edkov\u00e9 v\u00fdlisky? <\/b><\/p>\n<p> B\u011b\u017en\u011b se pou\u017e\u00edvaj\u00ed jako z\u00e1bradl\u00ed, balustr\u00e1dy, r\u00e1my obvodov\u00fdch st\u011bn, n\u00e1pisy a modern\u00ed fas\u00e1dn\u00ed prvky.<br \/>\n<\/p><br \/>\n<br \/>\n<p><b>6.Snadno se s materi\u00e1lem pracuje p\u0159i v\u00fdrob\u011b? <\/b><\/p>\n<p> Ano, hlin\u00edk je lehk\u00fd a snadno se \u0159e\u017ee, sva\u0159uje, vrt\u00e1 a tvaruje, co\u017e je ide\u00e1ln\u00ed pro architektonick\u00e9 \u00fapravy.<br \/>\n<\/p><br \/>\n<br \/>\n<p><b>7.Podporuje vytla\u010dov\u00e1n\u00ed povrchovou \u00fapravu? <\/b><\/p>\n<p> Ano, m\u016f\u017ee b\u00fdt eloxovan\u00fd, kart\u00e1\u010dovan\u00fd, pr\u00e1\u0161kov\u011b lakovan\u00fd nebo lakovan\u00fd, aby se dos\u00e1hlo r\u016fzn\u00fdch textur, barev a \u00farovn\u00ed ochrany.<br \/>\n<\/p><br \/>\n<br \/>\n<p><b>8.Je hlin\u00edk pro architektonick\u00e9 projekty \u0161etrn\u00fd k \u017eivotn\u00edmu prost\u0159ed\u00ed? <\/b><\/p>\n<p> Ano, hlin\u00edk je 100% recyklovateln\u00fd a p\u0159isp\u00edv\u00e1 k certifikaci ekologick\u00fdch budov, jako je LEED.<br \/>\n<\/p><br \/><\/p>","protected":false},"featured_media":7690,"template":"","categories":[67],"class_list":["post-7691","product","type-product","status-publish","has-post-thumbnail","hentry","category-architectural-aluminium-profile"],"meta_box":{"hilight_text_group":{"product_hilight_text":"<li>Round aluminum extrusion provides smooth aesthetics for architectural applications.<\/li>\r\r\n<li>Lightweight yet strong material simplifies fabrication and installation.<\/li>\r\r\n<li>Corrosion-resistant finish ensures long-term performance in indoor and outdoor use.<\/li>\r\r\n<li>Customizable in diameter, wall thickness, and alloy to suit design needs.<\/li>\r\r\n<li>Ideal for railings, columns, curtain wall systems, and structural detailing.<\/li>\r\r\n<li>Supports various surface treatments including anodizing and powder coating.<\/li>","product_chanpin_blog":"<ul>\r\r\n<li><a href=\"https:\/\/sinoextrud.com\/t-slot-v-slot-differences\/\" target=\"_blank\">t slot vs v slot<\/a><\/li>\r\r\n<li><a href=\"https:\/\/sinoextrud.com\/what-is-4040-aluminium-extrud\/\" target=\"_blank\">4040 aluminium extrusion<\/a><\/li>\r\r\n<li><a href=\"https:\/\/sinoextrud.com\/what-is-4040-aluminium-extrud\/\" target=\"_blank\">aluminum extrusions for industrial racks<\/a><\/li>\r\r\n<li><a href=\"https:\/\/sinoextrud.com\/powder-coating-aluminium-process\/\" target=\"_blank\">powder coating aluminium<\/a><\/li>\r\r\n<li><a href=\"https:\/\/sinoextrud.com\/what-is-an-aluminium-strip-ceiling\/\" target=\"_blank\">aluminium strip ceiling<\/a><\/li>\r\r\n<li><a href=\"https:\/\/sinoextrud.com\/what-is-a-heat-sink\/\" target=\"_blank\">what is a heat sink<\/a><\/li>\r\r\n<\/ul>","product_chanpin_chanpin":"<li><a href=\"https:\/\/sinoextrud.com\/product\/extruded-aluminum-sections\/\" target=\"_blank\">Extruded Aluminum Sections<\/a><\/li>\r\n<li><a href=\"https:\/\/sinoextrud.com\/product\/slotted-extruded-aluminum-u-shaped-bending-punching\/\" target=\"_blank\">Slotted Extruded Aluminum U Shaped Bending Punching<\/a><\/li>\r\n<li><a href=\"https:\/\/sinoextrud.com\/product\/extruded-aluminium-channel\/\" target=\"_blank\">Extruded Aluminium Channel<\/a><\/li>\r\n<li><a href=\"https:\/\/sinoextrud.com\/product\/y-section-aluminium-extrusion\/\" target=\"_blank\">Y Section Aluminium Extrusion<\/a><\/li>\r\n<li><a href=\"https:\/\/sinoextrud.com\/product\/round-aluminum-extrusion-architeture-fabrication\/\" target=\"_blank\">Round Aluminum Extrusion Architeture Fabrication<\/a><\/li>\r\n<li><a href=\"https:\/\/sinoextrud.com\/product\/building-materials-aluminium-profile-curtain-rod\/\" target=\"_blank\">Building Materials Aluminium Profile Curtain Rod<\/a><\/li>\r\n<li><a href=\"https:\/\/sinoextrud.com\/product\/factory-offer-extrude-aluminium-track-profile\/\" target=\"_blank\">Factory Offer Extrude Aluminium Track Profile<\/a><\/li>\r\n<li><a href=\"https:\/\/sinoextrud.com\/product\/clip-on-aluminium-profiles\/\" target=\"_blank\">Clip On Aluminium Profiles<\/a><\/li>\r\n<li><a href=\"https:\/\/sinoextrud.com\/product\/extruded-aluminum-connectors-for-door\/\" target=\"_blank\">Extruded Aluminum Connectors For Door<\/a><\/li>\r\n<li><a href=\"https:\/\/sinoextrud.com\/product\/color-polishing-aluminium-for-sliding-door\/\" target=\"_blank\">Color Polishing Aluminium For Sliding Door<\/a><\/li>\r\n<li><a href=\"https:\/\/sinoextrud.com\/product\/anodized-small-aluminum-extrusions\/\" target=\"_blank\">Anodized Small Aluminum Extrusions<\/a><\/li>"},"feature_list":[]},"_links":{"self":[{"href":"https:\/\/sinoextrud.com\/cs\/wp-json\/wp\/v2\/product\/7691","targetHints":{"allow":["GET"]}}],"collection":[{"href":"https:\/\/sinoextrud.com\/cs\/wp-json\/wp\/v2\/product"}],"about":[{"href":"https:\/\/sinoextrud.com\/cs\/wp-json\/wp\/v2\/types\/product"}],"wp:featuredmedia":[{"embeddable":true,"href":"https:\/\/sinoextrud.com\/cs\/wp-json\/wp\/v2\/media\/7690"}],"wp:attachment":[{"href":"https:\/\/sinoextrud.com\/cs\/wp-json\/wp\/v2\/media?parent=7691"}],"wp:term":[{"taxonomy":"category","embeddable":true,"href":"https:\/\/sinoextrud.com\/cs\/wp-json\/wp\/v2\/categories?post=7691"}],"curies":[{"name":"wp","href":"https:\/\/api.w.org\/{rel}","templated":true}]}}