{"id":7683,"date":"2025-06-10T01:36:09","date_gmt":"2025-06-10T01:36:09","guid":{"rendered":"https:\/\/sinoextrud.com\/product\/extruded-aluminum-sections\/"},"modified":"2025-06-24T06:13:23","modified_gmt":"2025-06-24T06:13:23","slug":"extrudovane-hlinikove-profily","status":"publish","type":"product","link":"https:\/\/sinoextrud.com\/cs\/product\/extruded-aluminum-sections\/","title":{"rendered":"Extrudovan\u00e9 hlin\u00edkov\u00e9 profily"},"content":{"rendered":"<h2>Podrobnosti o produktech<\/h2>\n<table class=\"custom-table\">\n<tbody>\n<tr>\n<td> N\u00e1zev produktu<\/td>\n<td> Extrudovan\u00e9 hlin\u00edkov\u00e9 profily<\/td>\n<\/tr>\n<tr>\n<td> P\u0159\u00edsady<\/td>\n<td> 6063,6061,6082,6005,6005A,6463 ect.<\/td>\n<\/tr>\n<tr>\n<td> Temperament<\/td>\n<td> T3-T8<\/td>\n<\/tr>\n<tr>\n<td> Tvar<\/td>\n<td> R\u016fzn\u00e9 druhy vlastn\u00edch tvar\u016f<\/td>\n<\/tr>\n<tr>\n<td> Tlou\u0161\u0165ka<\/td>\n<td> 0,7 mm-10 mm, jin\u00e1 tlou\u0161\u0165ka k jedn\u00e1n\u00ed<\/td>\n<\/tr>\n<tr>\n<td> Barva<\/td>\n<td> Na m\u00edru<\/td>\n<\/tr>\n<tr>\n<td> D\u00e9lka<\/td>\n<td> Standardn\u00ed d\u00e9lka 1-9M nebo jin\u00e1 vlastn\u00ed d\u00e9lka<\/td>\n<\/tr>\n<tr>\n<td> Aplikace<\/td>\n<td> Pr\u016fmyslov\u00e9, architektonick\u00e9, dekorace atd.<\/td>\n<\/tr>\n<tr>\n<td> Zna\u010dka<\/td>\n<td> Sinoextrud nebo OEM<\/td>\n<\/tr>\n<tr>\n<td> Proces CNC<\/td>\n<td> Podpora CNC fr\u00e9zov\u00e1n\u00ed, d\u011brov\u00e1n\u00ed, vrt\u00e1n\u00ed, z\u00e1vitov\u00e1n\u00ed, oh\u00fdb\u00e1n\u00ed<\/td>\n<\/tr>\n<tr>\n<td> MOQ<\/td>\n<td> 200 KG<\/td>\n<\/tr>\n<tr>\n<td> Povrchov\u00e1 \u00faprava<\/td>\n<td> Ml\u00fdn dokon\u010dil, d\u0159ev\u011bn\u00e9 zrno, eloxovan\u00e9, pr\u00e1\u0161kov\u00e9 lakov\u00e1n\u00ed, elektrofor\u00e9za, PVDF povlak, kart\u00e1\u010dovan\u00fd atd.<\/td>\n<\/tr>\n<tr>\n<td> Z\u00e1ruka<\/td>\n<td> ISO9001, ISO4001, CQM, SGS, CE, BV atd.<\/td>\n<\/tr>\n<tr>\n<td> P\u016fvod<\/td>\n<td> Guangdong, \u010c\u00edna<\/td>\n<\/tr>\n<\/tbody>\n<\/table>\n<h2>Na\u0161e v\u00fdrobn\u00ed z\u00e1kladna<\/h2>\n<h3>Panorama tov\u00e1rny<\/h3>\n<p><img decoding=\"async\" src=\"\/wp-content\/uploads\/factory-01.webp\"\/><\/p>\n<h3>D\u00edlna na v\u00fdrobu hlin\u00edkov\u00fdch ty\u010d\u00ed<\/h3>\n<p><img decoding=\"async\" src=\"\/wp-content\/uploads\/factory-02.webp\"\/><\/p>\n<\/p>\n<p><img decoding=\"async\" src=\"\/wp-content\/uploads\/factory-03.webp\"\/><\/p>\n<h3>Sklad pl\u00edsn\u00ed<\/h3>\n<p><img decoding=\"async\" src=\"\/wp-content\/uploads\/factory-04.webp\"\/><\/p>\n<h3>43 linek na vytla\u010dov\u00e1n\u00ed hlin\u00edku (500 - 5500 tun)<\/h3>\n<p><img decoding=\"async\" src=\"\/wp-content\/uploads\/factory-05.webp\"\/><\/p>\n<p><img decoding=\"async\" src=\"\/wp-content\/uploads\/factory-06.webp\"\/><\/p>\n<p><img decoding=\"async\" src=\"\/wp-content\/uploads\/factory-07.webp\"\/><\/p>\n<h3>D\u00edlna pr\u00e1\u0161kov\u00e9ho lakov\u00e1n\u00ed<\/h3>\n<p><img decoding=\"async\" src=\"\/wp-content\/uploads\/factory-09.webp\"\/><\/p>\n<h3>D\u00edlna eloxov\u00e1n\u00ed<\/h3>\n<p><img decoding=\"async\" src=\"\/wp-content\/uploads\/factory-10.webp\"\/><\/p>\n<h3>Workshop o hloubkov\u00e9m zpracov\u00e1n\u00ed<\/h3>\n<p><img decoding=\"async\" src=\"\/wp-content\/uploads\/factory-11.webp\"\/><\/p>\n<h3>D\u00edlna CNC p\u0159esn\u00e9ho obr\u00e1b\u011bn\u00ed<\/h3>\n<p><img decoding=\"async\" src=\"\/wp-content\/uploads\/factory-11.5.webp\"\/><\/p>\n<h3>Sklad hotov\u00fdch v\u00fdrobk\u016f a exportn\u00ed sklad<\/h3>\n<p><img decoding=\"async\" src=\"\/wp-content\/uploads\/factory-12.webp\"\/><\/p>\n<p><img decoding=\"async\" src=\"\/wp-content\/uploads\/factory-13.webp\"\/><\/p>\n<p><img decoding=\"async\" src=\"\/wp-content\/uploads\/factory-14.webp\"\/><\/p>\n<h2>\u010cASTO KLADEN\u00c9 DOTAZY<\/h2>\n<p><b>1.Co jsou extrudovan\u00e9 hlin\u00edkov\u00e9 profily? <\/b><\/p>\n<p> Extrudovan\u00e9 hlin\u00edkov\u00e9 profily jsou tvarovan\u00e9 hlin\u00edkov\u00e9 profily vytvo\u0159en\u00e9 procesem vytla\u010dov\u00e1n\u00ed, kter\u00e9 se pou\u017e\u00edvaj\u00ed v konstruk\u010dn\u00edch, architektonick\u00fdch a pr\u016fmyslov\u00fdch aplikac\u00edch.\n<\/p>\n<p><\/p>\n<p><b>2.Jak\u00e9 jsou v\u00fdhody pou\u017eit\u00ed extrudovan\u00e9ho hlin\u00edku? <\/b><\/p>\n<p> Extrudovan\u00fd hlin\u00edk nab\u00edz\u00ed n\u00edzkou hmotnost, odolnost proti korozi, flexibilitu konstrukce a vynikaj\u00edc\u00ed obrobitelnost.\n<\/p>\n<p><\/p>\n<p><b>3.Lze hlin\u00edkov\u00e9 profily p\u0159izp\u016fsobit? <\/b><\/p>\n<p> Ano, extrudovan\u00e9 hlin\u00edkov\u00e9 profily lze vyr\u00e1b\u011bt ve vlastn\u00edch tvarech, velikostech, tlou\u0161\u0165k\u00e1ch a povrchov\u00fdch \u00faprav\u00e1ch na z\u00e1klad\u011b po\u017eadavk\u016f projektu.\n<\/p>\n<p><\/p>\n<p><b>4.V jak\u00fdch pr\u016fmyslov\u00fdch odv\u011btv\u00edch se b\u011b\u017en\u011b pou\u017e\u00edvaj\u00ed lisovan\u00e9 hlin\u00edkov\u00e9 profily? <\/b><\/p>\n<p> Jsou \u0161iroce pou\u017e\u00edv\u00e1ny ve stavebnictv\u00ed, doprav\u011b, elektronice, stroj\u00edrenstv\u00ed a \u010dist\u00fdch prostor\u00e1ch.\n<\/p>\n<p><\/p>\n<p><b>5.Pracuje se s extrudovan\u00fdmi hlin\u00edkov\u00fdmi profily snadno? <\/b><\/p>\n<p> Rozhodn\u011b se snadno \u0159e\u017eou, vrtaj\u00ed a montuj\u00ed, tak\u017ee jsou ide\u00e1ln\u00ed pro modul\u00e1rn\u00ed syst\u00e9my a rychlou v\u00fdrobu prototyp\u016f.\n<\/p>\n<p><\/p>\n<p><b>6.Jak odoln\u00e9 jsou extrudovan\u00e9 hlin\u00edkov\u00e9 profily? <\/b><\/p>\n<p> P\u0159i vhodn\u00e9 povrchov\u00e9 \u00faprav\u011b, jako je eloxov\u00e1n\u00ed nebo pr\u00e1\u0161kov\u00e9 lakov\u00e1n\u00ed, maj\u00ed tyto profily vynikaj\u00edc\u00ed odolnost proti korozi, opot\u0159eben\u00ed a pov\u011btrnostn\u00edm vliv\u016fm.\n<\/p>\n<p><\/p>\n<p><b>7.Je hlin\u00edk \u0161etrn\u00fd k \u017eivotn\u00edmu prost\u0159ed\u00ed? <\/b><\/p>\n<p> Ano, hlin\u00edk je 100% recyklovateln\u00fd, tak\u017ee extrudovan\u00e9 profily jsou udr\u017eitelnou volbou pro ekologick\u00e9 stavebnictv\u00ed a v\u00fdrobu.\n<\/p>\n<p><\/p>\n<p><b>8.Mohou hlin\u00edkov\u00e9 profily un\u00e9st velk\u00e9 zat\u00ed\u017een\u00ed? <\/b><\/p>\n<p> Ano, v z\u00e1vislosti na konstrukci profilu a typu slitiny mohou extrudovan\u00e9 hlin\u00edkov\u00e9 profily zvl\u00e1dnout vysok\u00e9 mechanick\u00e9 zat\u00ed\u017een\u00ed pro pr\u016fmyslov\u00e9 pou\u017eit\u00ed.\n<\/p>\n<p><\/p>","protected":false},"featured_media":7682,"template":"","categories":[67],"class_list":["post-7683","product","type-product","status-publish","has-post-thumbnail","hentry","category-architectural-aluminium-profile"],"meta_box":{"hilight_text_group":{"product_hilight_text":"<li>High-strength aluminum construction suitable for structural and architectural use.<\/li>\r\r\n<li>Lightweight material reduces overall system weight and transportation costs.<\/li>\r\r\n<li>Corrosion-resistant surface finish for durability in harsh environments.<\/li>\r\r\n<li>Customizable shapes, sizes, and alloy grades to meet specific application needs.<\/li>\r\r\n<li>Excellent machinability for cutting, drilling, and fabrication.<\/li>\r\r\n<li>Suitable for automation, enclosures, framing systems, and transportation industries.<\/li>","product_chanpin_blog":"<ul>\r\r\n<li><a href=\"https:\/\/sinoextrud.com\/t-slot-v-slot-differences\/\" target=\"_blank\">t slot vs v slot<\/a><\/li>\r\r\n<li><a href=\"https:\/\/sinoextrud.com\/what-is-4040-aluminium-extrud\/\" target=\"_blank\">4040 aluminium extrusion<\/a><\/li>\r\r\n<li><a href=\"https:\/\/sinoextrud.com\/what-is-4040-aluminium-extrud\/\" target=\"_blank\">aluminum extrusions for industrial racks<\/a><\/li>\r\r\n<li><a href=\"https:\/\/sinoextrud.com\/powder-coating-aluminium-process\/\" target=\"_blank\">powder coating aluminium<\/a><\/li>\r\r\n<li><a href=\"https:\/\/sinoextrud.com\/what-is-an-aluminium-strip-ceiling\/\" target=\"_blank\">aluminium strip ceiling<\/a><\/li>\r\r\n<li><a href=\"https:\/\/sinoextrud.com\/what-is-a-heat-sink\/\" target=\"_blank\">what is a heat sink<\/a><\/li>\r\r\n<\/ul>","product_chanpin_chanpin":"<li><a href=\"https:\/\/sinoextrud.com\/product\/anodized-aluminium-profile-value-frame-extrusion\/\" target=\"_blank\">Anodized Aluminium Profile Value Frame Extrusion<\/a><\/li>\r\n<li><a href=\"https:\/\/sinoextrud.com\/product\/aluminum-track-extrusion\/\" target=\"_blank\">Aluminum Track Extrusion<\/a><\/li>\r\n<li><a href=\"https:\/\/sinoextrud.com\/product\/aluminum-trailer-decking\/\" target=\"_blank\">Aluminum Trailer Decking<\/a><\/li>\r\n<li><a href=\"https:\/\/sinoextrud.com\/product\/three-acid-oxidation-aluminium-u-shaped-channel\/\" target=\"_blank\">Three Acid Oxidation Aluminium U Shaped Channel<\/a><\/li>\r\n<li><a href=\"https:\/\/sinoextrud.com\/product\/extruded-aluminum-sections\/\" target=\"_blank\">Extruded Aluminum Sections<\/a><\/li>\r\n<li><a href=\"https:\/\/sinoextrud.com\/product\/slotted-extruded-aluminum-u-shaped-bending-punching\/\" target=\"_blank\">Slotted Extruded Aluminum U Shaped Bending Punching<\/a><\/li>\r\n<li><a href=\"https:\/\/sinoextrud.com\/product\/extruded-aluminium-channel\/\" target=\"_blank\">Extruded Aluminium Channel<\/a><\/li>\r\n<li><a href=\"https:\/\/sinoextrud.com\/product\/y-section-aluminium-extrusion\/\" target=\"_blank\">Y Section Aluminium Extrusion<\/a><\/li>\r\n<li><a href=\"https:\/\/sinoextrud.com\/product\/round-aluminum-extrusion-architeture-fabrication\/\" target=\"_blank\">Round Aluminum Extrusion Architeture Fabrication<\/a><\/li>\r\n<li><a href=\"https:\/\/sinoextrud.com\/product\/aluminum-extrusion-1060-2024-3003-5082-6061-6082-7003-7005-7075-aluminum-alloy-profile\/\" target=\"_blank\">Aluminum Extrusion 1060 2024 3003 5082 6061 6082 7003 7005 7075 Aluminum Alloy Profile<\/a><\/li>\r\n<li><a href=\"https:\/\/sinoextrud.com\/product\/aluminium-pipe\/\" target=\"_blank\">Aluminium Pipe<\/a><\/li>"},"feature_list":[]},"_links":{"self":[{"href":"https:\/\/sinoextrud.com\/cs\/wp-json\/wp\/v2\/product\/7683","targetHints":{"allow":["GET"]}}],"collection":[{"href":"https:\/\/sinoextrud.com\/cs\/wp-json\/wp\/v2\/product"}],"about":[{"href":"https:\/\/sinoextrud.com\/cs\/wp-json\/wp\/v2\/types\/product"}],"wp:featuredmedia":[{"embeddable":true,"href":"https:\/\/sinoextrud.com\/cs\/wp-json\/wp\/v2\/media\/7682"}],"wp:attachment":[{"href":"https:\/\/sinoextrud.com\/cs\/wp-json\/wp\/v2\/media?parent=7683"}],"wp:term":[{"taxonomy":"category","embeddable":true,"href":"https:\/\/sinoextrud.com\/cs\/wp-json\/wp\/v2\/categories?post=7683"}],"curies":[{"name":"wp","href":"https:\/\/api.w.org\/{rel}","templated":true}]}}