{"id":7681,"date":"2025-06-10T01:34:03","date_gmt":"2025-06-10T01:34:03","guid":{"rendered":"https:\/\/sinoextrud.com\/product\/three-acid-oxidation-aluminium-u-shaped-channel\/"},"modified":"2025-06-24T06:13:23","modified_gmt":"2025-06-24T06:13:23","slug":"hlinikovy-kanal-ve-tvaru-u-oxidovany-tremi-kyselinami","status":"publish","type":"product","link":"https:\/\/sinoextrud.com\/cs\/product\/three-acid-oxidation-aluminium-u-shaped-channel\/","title":{"rendered":"Hlin\u00edkov\u00fd kan\u00e1l ve tvaru p\u00edsmene U s oxidac\u00ed t\u0159emi kyselinami"},"content":{"rendered":"<h2>Podrobnosti o produktech<\/h2>\n<table class=\"custom-table\">\n<tbody>\n<tr>\n<td> Polo\u017eka:<\/td>\n<td> Hlin\u00edkov\u00fd kan\u00e1l ve tvaru p\u00edsmene U s oxidac\u00ed t\u0159emi kyselinami<\/td>\n<td> T\u0159\u00edda:<\/td>\n<td> \u0158ada 6000 6063<\/td>\n<\/tr>\n<tr>\n<td> M\u00edrnost:<\/td>\n<td> 6063-T5<\/td>\n<td> M\u00edsto p\u016fvodu:<\/td>\n<td> Foshan, Guangdong<\/td>\n<\/tr>\n<tr>\n<td> Tvar:<\/td>\n<td> Kan\u00e1l ve tvaru U<\/td>\n<td> Slitina nebo ne:<\/td>\n<td> Slitina Alunimun<\/td>\n<\/tr>\n<tr>\n<td> Tolerance:<\/td>\n<td> \u00b10,5%<\/td>\n<td> Zna\u010dka:<\/td>\n<td> Sinoextrud, Sinoextrud<\/td>\n<\/tr>\n<tr>\n<td> Standardn\u00ed:<\/td>\n<td> st\u0159edn\u00ed a vysok\u00e1 kvalita<\/td>\n<td> O\u0161et\u0159en\u00ed povrchu:<\/td>\n<td> pr\u00e1\u0161kov\u00e9 lakov\u00e1n\u00ed, elektrofor\u00e9za, kresba d\u0159eva, eloxov\u00e1n\u00ed, kart\u00e1\u010dov\u00e1n\u00ed, le\u0161t\u011bn\u00ed<\/td>\n<\/tr>\n<tr>\n<td> Doba dod\u00e1n\u00ed:<\/td>\n<td> 25-30 dn\u00ed<\/td>\n<td> MOQ:<\/td>\n<td> 200 kg<\/td>\n<\/tr>\n<tr>\n<td> Term\u00edn platby:<\/td>\n<td> T\/T (30% z\u00e1loha), L\/C<\/td>\n<td> Slu\u017eba zpracov\u00e1n\u00ed:<\/td>\n<td> Oh\u00fdb\u00e1n\u00ed, odv\u00edjen\u00ed, sva\u0159ov\u00e1n\u00ed, d\u011brov\u00e1n\u00ed, \u0159ez\u00e1n\u00ed<\/td>\n<\/tr>\n<tr>\n<td> P\u0159\u00edstav:<\/td>\n<td> Guangzhou, Shenzhen\uff0cFoshan<\/td>\n<td> D\u00e9lka::<\/td>\n<td> 1-9m nebo na m\u00edru<\/td>\n<\/tr>\n<\/tbody>\n<\/table>\n<h2>Na\u0161e v\u00fdrobn\u00ed z\u00e1kladna<\/h2>\n<h3>Panorama tov\u00e1rny<\/h3>\n<p><img decoding=\"async\" src=\"\/wp-content\/uploads\/factory-01.webp\"\/><\/p>\n<h3>D\u00edlna na v\u00fdrobu hlin\u00edkov\u00fdch ty\u010d\u00ed<\/h3>\n<p><img decoding=\"async\" src=\"\/wp-content\/uploads\/factory-02.webp\"\/><\/p>\n<\/p>\n<p><img decoding=\"async\" src=\"\/wp-content\/uploads\/factory-03.webp\"\/><\/p>\n<h3>Sklad pl\u00edsn\u00ed<\/h3>\n<p><img decoding=\"async\" src=\"\/wp-content\/uploads\/factory-04.webp\"\/><\/p>\n<h3>43 linek na vytla\u010dov\u00e1n\u00ed hlin\u00edku (500-5500 tun)<\/h3>\n<p><img decoding=\"async\" src=\"\/wp-content\/uploads\/factory-05.webp\"\/><\/p>\n<p><img decoding=\"async\" src=\"\/wp-content\/uploads\/factory-06.webp\"\/><\/p>\n<p><img decoding=\"async\" src=\"\/wp-content\/uploads\/factory-07.webp\"\/><\/p>\n<h3>D\u00edlna pr\u00e1\u0161kov\u00e9ho lakov\u00e1n\u00ed<\/h3>\n<p><img decoding=\"async\" src=\"\/wp-content\/uploads\/factory-09.webp\"\/><\/p>\n<h3>D\u00edlna eloxov\u00e1n\u00ed<\/h3>\n<p><img decoding=\"async\" src=\"\/wp-content\/uploads\/factory-10.webp\"\/><\/p>\n<h3>Workshop o hloubkov\u00e9m zpracov\u00e1n\u00ed<\/h3>\n<p><img decoding=\"async\" src=\"\/wp-content\/uploads\/factory-11.webp\"\/><\/p>\n<h3>D\u00edlna CNC p\u0159esn\u00e9ho obr\u00e1b\u011bn\u00ed<\/h3>\n<p><img decoding=\"async\" src=\"\/wp-content\/uploads\/factory-11.5.webp\"\/><\/p>\n<h3>Sklad hotov\u00fdch v\u00fdrobk\u016f a exportn\u00ed sklad<\/h3>\n<p><img decoding=\"async\" src=\"\/wp-content\/uploads\/factory-12.webp\"\/><\/p>\n<p><img decoding=\"async\" src=\"\/wp-content\/uploads\/factory-13.webp\"\/><\/p>\n<p><img decoding=\"async\" src=\"\/wp-content\/uploads\/factory-14.webp\"\/><\/p>\n<h2>\u010cASTO KLADEN\u00c9 DOTAZY<\/h2>\n<p><b>1.Co je to hlin\u00edkov\u00fd kan\u00e1l ve tvaru p\u00edsmene U oxidovan\u00fd t\u0159emi kyselinami? <\/b><\/p>\n<p> Jedn\u00e1 se o hlin\u00edkov\u00fd profil ve tvaru p\u00edsmene U, kter\u00fd je o\u0161et\u0159en oxidac\u00ed t\u0159emi kyselinami pro zv\u00fd\u0161en\u00ed odolnosti proti korozi, tvrdosti povrchu a dlouh\u00e9 \u017eivotnosti.\n<\/p>\n<p><\/p>\n<p><b>2.Pro\u010d se pou\u017e\u00edv\u00e1 proces oxidace t\u0159emi kyselinami? <\/b><\/p>\n<p> Oxidace t\u0159emi kyselinami zvy\u0161uje trvanlivost povrchu, zlep\u0161uje odolnost proti korozi a od\u011bru a dod\u00e1v\u00e1 hlin\u00edkov\u00e9mu kan\u00e1lu u\u0161lechtil\u00fd vzhled.\n<\/p>\n<p><\/p>\n<p><b>3.Jak\u00e9 jsou v\u00fdhody hlin\u00edkov\u00e9ho kan\u00e1lu ve tvaru U? <\/b><\/p>\n<p> Kan\u00e1ly ve tvaru U poskytuj\u00ed vynikaj\u00edc\u00ed podporu a vyrovn\u00e1n\u00ed pro konstruk\u010dn\u00ed, dekorativn\u00ed a mont\u00e1\u017en\u00ed aplikace ve stavebnictv\u00ed a v\u00fdrob\u011b.\n<\/p>\n<p><\/p>\n<p><b>4.Lze hlin\u00edkov\u00fd U kan\u00e1l p\u0159izp\u016fsobit? <\/b><\/p>\n<p> Ano, t\u0159i hlin\u00edkov\u00e9 kan\u00e1ly ve tvaru p\u00edsmene U s kyselou oxidac\u00ed lze p\u0159izp\u016fsobit d\u00e9lce, \u0161\u00ed\u0159ce, tlou\u0161\u0165ce st\u011bny a povrchov\u00e9 \u00faprav\u011b tak, aby vyhovovaly specifick\u00fdm pot\u0159eb\u00e1m projektu.\n<\/p>\n<p><\/p>\n<p><b>5.Je tento kan\u00e1l vhodn\u00fd pro venkovn\u00ed pou\u017eit\u00ed? <\/b><\/p>\n<p> Oxida\u010dn\u00ed \u00faprava poskytuje vynikaj\u00edc\u00ed ochranu proti pov\u011btrnostn\u00edm vliv\u016fm a vlhkosti, tak\u017ee je ide\u00e1ln\u00ed pro venkovn\u00ed a pr\u016fmyslov\u00e9 prost\u0159ed\u00ed.\n<\/p>\n<p><\/p>\n<p><b>6.Podporuje povrchov\u00e1 \u00faprava estetick\u00e9 aplikace? <\/b><\/p>\n<p> Ano, hladk\u00fd a rovnom\u011brn\u00fd povrch z oxidace kyselinou je vhodn\u00fd pro modern\u00ed architektonick\u00e9 n\u00e1vrhy a viditeln\u00e9 instalace.\n<\/p>\n<p><\/p>\n<p><b>7.Je v\u00fdrobek lehk\u00fd a snadno se instaluje? <\/b><\/p>\n<p> Ano, n\u00edzk\u00e1 hustota hlin\u00edku v kombinaci s tvarem U-kan\u00e1lu zaji\u0161\u0165uje snadnou manipulaci, p\u0159epravu a rychlou mont\u00e1\u017e.\n<\/p>\n<p><\/p>\n<p><b>8.V jak\u00fdch odv\u011btv\u00edch se tento typ hlin\u00edkov\u00e9ho kan\u00e1lu b\u011b\u017en\u011b pou\u017e\u00edv\u00e1? <\/b><\/p>\n<p> Je \u0161iroce pou\u017e\u00edv\u00e1n ve stavebnictv\u00ed, architektu\u0159e, interi\u00e9rov\u00e9m designu a pr\u016fmyslov\u00fdch konstrukc\u00edch, kde je d\u016fle\u017eit\u00e1 pevnost a odolnost proti korozi.\n<\/p>\n<p><\/p>","protected":false},"featured_media":7680,"template":"","categories":[67],"class_list":["post-7681","product","type-product","status-publish","has-post-thumbnail","hentry","category-architectural-aluminium-profile"],"meta_box":{"hilight_text_group":{"product_hilight_text":"<li>Three acid oxidation process ensures enhanced corrosion and wear resistance.<\/li>\r\r\n<li>U-shaped aluminum channel provides strong structural support and stability.<\/li>\r\r\n<li>Refined surface finish suitable for visible architectural and industrial applications.<\/li>\r\r\n<li>Lightweight yet durable aluminum alloy reduces load without compromising strength.<\/li>\r\r\n<li>Excellent compatibility with glass, panels, and other construction materials.<\/li>\r\r\n<li>Customizable dimensions and finishes to meet various project requirements.<\/li>","product_chanpin_blog":"<ul>\r\r\n<li><a href=\"https:\/\/sinoextrud.com\/t-slot-v-slot-differences\/\" target=\"_blank\">t slot vs v slot<\/a><\/li>\r\r\n<li><a href=\"https:\/\/sinoextrud.com\/what-is-4040-aluminium-extrud\/\" target=\"_blank\">4040 aluminium extrusion<\/a><\/li>\r\r\n<li><a href=\"https:\/\/sinoextrud.com\/what-is-4040-aluminium-extrud\/\" target=\"_blank\">aluminum extrusions for industrial racks<\/a><\/li>\r\r\n<li><a href=\"https:\/\/sinoextrud.com\/powder-coating-aluminium-process\/\" target=\"_blank\">powder coating aluminium<\/a><\/li>\r\r\n<li><a href=\"https:\/\/sinoextrud.com\/what-is-an-aluminium-strip-ceiling\/\" target=\"_blank\">aluminium strip ceiling<\/a><\/li>\r\r\n<li><a href=\"https:\/\/sinoextrud.com\/what-is-a-heat-sink\/\" target=\"_blank\">what is a heat sink<\/a><\/li>\r\r\n<\/ul>","product_chanpin_chanpin":"<li><a href=\"https:\/\/sinoextrud.com\/product\/modular-extruded-aluminum-framing\/\" target=\"_blank\">Modular Extruded Aluminum Framing<\/a><\/li>\r\n<li><a href=\"https:\/\/sinoextrud.com\/product\/anodized-aluminium-profile-value-frame-extrusion\/\" target=\"_blank\">Anodized Aluminium Profile Value Frame Extrusion<\/a><\/li>\r\n<li><a href=\"https:\/\/sinoextrud.com\/product\/aluminum-track-extrusion\/\" target=\"_blank\">Aluminum Track Extrusion<\/a><\/li>\r\n<li><a href=\"https:\/\/sinoextrud.com\/product\/aluminum-trailer-decking\/\" target=\"_blank\">Aluminum Trailer Decking<\/a><\/li>\r\n<li><a href=\"https:\/\/sinoextrud.com\/product\/three-acid-oxidation-aluminium-u-shaped-channel\/\" target=\"_blank\">Three Acid Oxidation Aluminium U Shaped Channel<\/a><\/li>\r\n<li><a href=\"https:\/\/sinoextrud.com\/product\/extruded-aluminum-sections\/\" target=\"_blank\">Extruded Aluminum Sections<\/a><\/li>\r\n<li><a href=\"https:\/\/sinoextrud.com\/product\/slotted-extruded-aluminum-u-shaped-bending-punching\/\" target=\"_blank\">Slotted Extruded Aluminum U Shaped Bending Punching<\/a><\/li>\r\n<li><a href=\"https:\/\/sinoextrud.com\/product\/extruded-aluminium-channel\/\" target=\"_blank\">Extruded Aluminium Channel<\/a><\/li>\r\n<li><a href=\"https:\/\/sinoextrud.com\/product\/y-section-aluminium-extrusion\/\" target=\"_blank\">Y Section Aluminium Extrusion<\/a><\/li>\r\n<li><a href=\"https:\/\/sinoextrud.com\/product\/anodized-matt-and-various-color-extruded-construction-aluminium-profile\/\" target=\"_blank\">Anodized Matt And Various Color Extruded Construction Aluminium Profile<\/a><\/li>\r\n<li><a href=\"https:\/\/sinoextrud.com\/product\/wood-grain-aluminum-extrusion-slider\/\" target=\"_blank\">Wood Grain Aluminum Extrusion Slider<\/a><\/li>"},"feature_list":[]},"_links":{"self":[{"href":"https:\/\/sinoextrud.com\/cs\/wp-json\/wp\/v2\/product\/7681","targetHints":{"allow":["GET"]}}],"collection":[{"href":"https:\/\/sinoextrud.com\/cs\/wp-json\/wp\/v2\/product"}],"about":[{"href":"https:\/\/sinoextrud.com\/cs\/wp-json\/wp\/v2\/types\/product"}],"wp:featuredmedia":[{"embeddable":true,"href":"https:\/\/sinoextrud.com\/cs\/wp-json\/wp\/v2\/media\/7680"}],"wp:attachment":[{"href":"https:\/\/sinoextrud.com\/cs\/wp-json\/wp\/v2\/media?parent=7681"}],"wp:term":[{"taxonomy":"category","embeddable":true,"href":"https:\/\/sinoextrud.com\/cs\/wp-json\/wp\/v2\/categories?post=7681"}],"curies":[{"name":"wp","href":"https:\/\/api.w.org\/{rel}","templated":true}]}}