{"id":7648,"date":"2025-06-09T07:22:21","date_gmt":"2025-06-09T07:22:21","guid":{"rendered":"https:\/\/sinoextrud.com\/product\/aluminum-shutter-extrusion-profiles\/"},"modified":"2025-06-24T06:13:19","modified_gmt":"2025-06-24T06:13:19","slug":"hlinikove-profily-pro-vytlacovani-zaluzii","status":"publish","type":"product","link":"https:\/\/sinoextrud.com\/cs\/product\/aluminum-shutter-extrusion-profiles\/","title":{"rendered":"Hlin\u00edkov\u00e9 profily pro vytla\u010dov\u00e1n\u00ed okenic"},"content":{"rendered":"<h2>Podrobnosti o produktech<\/h2>\n<table class=\"custom-table\">\n<tbody>\n<tr>\n<td> N\u00e1zev produktu<\/td>\n<td> Hlin\u00edkov\u00e9 profily pro vytla\u010dov\u00e1n\u00ed okenic<\/td>\n<\/tr>\n<tr>\n<td> Materi\u00e1l<\/td>\n<td> 6063-T5<\/td>\n<\/tr>\n<tr>\n<td> Tvar a velikost<\/td>\n<td> Podle v\u00fdkresu nebo vzorku dodan\u00e9ho z\u00e1kazn\u00edkem<\/td>\n<\/tr>\n<tr>\n<td> Tlou\u0161\u0165ka<\/td>\n<td> 1,0 mm-10 mm<\/td>\n<\/tr>\n<tr>\n<td> D\u00e9lka<\/td>\n<td> Standardn\u00ed 1-9M, k dispozici je speci\u00e1ln\u00ed d\u00e9lka<\/td>\n<\/tr>\n<tr>\n<td> Typick\u00e9 aplikace<\/td>\n<td> \u017daluzie, rolety, z\u00e1v\u011bsy a dal\u0161\u00ed.<\/td>\n<\/tr>\n<tr>\n<td> Vlastn\u00ed typ<\/td>\n<td> V\u00fdkres nebo vzorek dodan\u00fd klientem<\/td>\n<\/tr>\n<tr>\n<td> Hloubkov\u00fd proces<\/td>\n<td> CNC fr\u00e9zov\u00e1n\u00ed, vrt\u00e1n\u00ed, d\u011brov\u00e1n\u00ed, vrt\u00e1n\u00ed, z\u00e1vitov\u00e1n\u00ed, oh\u00fdb\u00e1n\u00ed, sva\u0159ov\u00e1n\u00ed atd.<\/td>\n<\/tr>\n<tr>\n<td> Zna\u010dka<\/td>\n<td> Sinoextrud, Sinoextrud,, vlastn\u00ed ochrann\u00e1 zn\u00e1mka avalaible<\/td>\n<\/tr>\n<tr>\n<td> Povrchov\u00e1 \u00faprava<\/td>\n<td> Ml\u00fdn dokon\u010dil, d\u0159ev\u011bn\u00e9 zrno, eloxovan\u00e9, pr\u00e1\u0161kov\u00e9 lakov\u00e1n\u00ed atd.<\/td>\n<\/tr>\n<tr>\n<td> Barva<\/td>\n<td> St\u0159\u00edbrn\u00e1, \u010dern\u00e1, \u0161ampa\u0148sk\u00e9 atd.<\/td>\n<\/tr>\n<tr>\n<td> MOQ<\/td>\n<td> 200 kg<\/td>\n<\/tr>\n<tr>\n<td> Standard kvality<\/td>\n<td> Vysok\u00e1 \u00farove\u0148 kvality<\/td>\n<\/tr>\n<tr>\n<td> Certifik\u00e1ty<\/td>\n<td> ISO9001, ISO4001, CQM, SGS, CE, BV atd.<\/td>\n<\/tr>\n<tr>\n<td> Kapacita<\/td>\n<td> 3000 tun m\u011bs\u00ed\u010dn\u011b<\/td>\n<\/tr>\n<\/tbody>\n<\/table>\n<h2>Na\u0161e v\u00fdrobn\u00ed z\u00e1kladna<\/h2>\n<h3>Panorama tov\u00e1rny<\/h3>\n<p><img decoding=\"async\" src=\"\/wp-content\/uploads\/factory-01.webp\"\/><\/p>\n<h3>D\u00edlna na v\u00fdrobu hlin\u00edkov\u00fdch ty\u010d\u00ed<\/h3>\n<p><img decoding=\"async\" src=\"\/wp-content\/uploads\/factory-02.webp\"\/><\/p>\n<p><img decoding=\"async\" src=\"\/wp-content\/uploads\/factory-03.webp\"\/><\/p>\n<h3>Sklad pl\u00edsn\u00ed<\/h3>\n<p><img decoding=\"async\" src=\"\/wp-content\/uploads\/factory-04.webp\"\/><\/p>\n<h3>43 linek na vytla\u010dov\u00e1n\u00ed hlin\u00edku (500 - 5500 tun)<\/h3>\n<p><img decoding=\"async\" src=\"\/wp-content\/uploads\/factory-05.webp\"\/><\/p>\n<p><img decoding=\"async\" src=\"\/wp-content\/uploads\/factory-06.webp\"\/><\/p>\n<p><img decoding=\"async\" src=\"\/wp-content\/uploads\/factory-07.webp\"\/><\/p>\n<h3>D\u00edlna pr\u00e1\u0161kov\u00e9ho lakov\u00e1n\u00ed<\/h3>\n<p><img decoding=\"async\" src=\"\/wp-content\/uploads\/factory-09.webp\"\/><\/p>\n<h3>D\u00edlna eloxov\u00e1n\u00ed<\/h3>\n<p><img decoding=\"async\" src=\"\/wp-content\/uploads\/factory-10.webp\"\/><\/p>\n<h3>Workshop o hloubkov\u00e9m zpracov\u00e1n\u00ed<\/h3>\n<p><img decoding=\"async\" src=\"\/wp-content\/uploads\/factory-11.webp\"\/><\/p>\n<h3>D\u00edlna CNC p\u0159esn\u00e9ho obr\u00e1b\u011bn\u00ed<\/h3>\n<p><img decoding=\"async\" src=\"\/wp-content\/uploads\/factory-11.5.webp\"\/><\/p>\n<h3>Sklad hotov\u00fdch v\u00fdrobk\u016f a exportn\u00ed sklad<\/h3>\n<p><img decoding=\"async\" src=\"\/wp-content\/uploads\/factory-12.webp\"\/><\/p>\n<p><img decoding=\"async\" src=\"\/wp-content\/uploads\/factory-13.webp\"\/><\/p>\n<p><img decoding=\"async\" src=\"\/wp-content\/uploads\/factory-14.webp\"\/><\/p>\n<h2>\u010cASTO KLADEN\u00c9 DOTAZY<\/h2>\n<p><p><b>1.Co jsou hlin\u00edkov\u00e9 okenicov\u00e9 vytla\u010dovac\u00ed profily?<\/b><\/p>\n<p>Hlin\u00edkov\u00e9 okenicov\u00e9 profily jsou speci\u00e1ln\u011b navr\u017een\u00e9 hlin\u00edkov\u00e9 profily, kter\u00e9 se pou\u017e\u00edvaj\u00ed p\u0159i v\u00fdrob\u011b okenic a dve\u0159\u00ed, aby byly odoln\u00e9 a funk\u010dn\u00ed.<br \/>\n<\/p><br \/>\n<br \/>\n<p><b>2.Jak\u00e9 jsou v\u00fdhody hlin\u00edkov\u00fdch okenicov\u00fdch profil\u016f?<\/b><\/p>\n<p>Nab\u00edzej\u00ed lehkou pevnost, odolnost proti korozi, flexibilitu konstrukce a ve srovn\u00e1n\u00ed se d\u0159evem nebo ocel\u00ed jsou nen\u00e1ro\u010dn\u00e9 na \u00fadr\u017ebu.<br \/>\n<\/p><br \/>\n<br \/>\n<p><b>3.Lze hlin\u00edkov\u00e9 okenicov\u00e9 profily pou\u017e\u00edvat ve venkovn\u00edm prost\u0159ed\u00ed?<\/b><\/p>\n<p>Ano, jsou odoln\u00e9 proti korozi a pov\u011btrnostn\u00edm vliv\u016fm, tak\u017ee jsou ide\u00e1ln\u00ed pro vnit\u0159n\u00ed i venkovn\u00ed \u017ealuzie.<br \/>\n<\/p><br \/>\n<br \/>\n<p><b>4.Jsou k dispozici r\u016fzn\u00e9 povrchov\u00e9 \u00fapravy a barvy?<\/b><\/p>\n<p>Ano, nab\u00edz\u00edme pr\u00e1\u0161kov\u00e9, eloxovan\u00e9 a d\u0159ev\u011bn\u00e9 povrchov\u00e9 \u00fapravy v r\u016fzn\u00fdch barv\u00e1ch, kter\u00e9 odpov\u00eddaj\u00ed designov\u00fdm preferenc\u00edm.<br \/>\n<\/p><br \/>\n<br \/>\n<p><b>5.Lze tyto profily p\u0159izp\u016fsobit?<\/b><\/p>\n<p>Ano, nab\u00edz\u00edme vlastn\u00ed d\u00e9lky, proveden\u00ed lamel a konfigurace mont\u00e1\u017ee, kter\u00e9 odpov\u00eddaj\u00ed specifick\u00fdm architektonick\u00fdm nebo funk\u010dn\u00edm pot\u0159eb\u00e1m.<br \/>\n<\/p><br \/>\n<br \/>\n<p><b>6.Jsou hlin\u00edkov\u00e9 okenice vhodn\u00e9 pro v\u011btr\u00e1n\u00ed a ochranu p\u0159ed sluncem?<\/b><\/p>\n<p>Rozhodn\u011b jsou navr\u017eeny tak, aby zlep\u0161ovaly proud\u011bn\u00ed vzduchu a z\u00e1rove\u0148 poskytovaly st\u00edn a soukrom\u00ed.<br \/>\n<\/p><br \/>\n<br \/>\n<p><b>7.Nab\u00edz\u00edte profily pro pevn\u00e9 i nastaviteln\u00e9 okenice?<\/b><\/p>\n<p>Ano, na\u0161e lisovan\u00e9 profily umo\u017e\u0148uj\u00ed pou\u017eit\u00ed jak pro pevn\u00e9 \u017ealuzie, tak pro \u017ealuzie s nastaviteln\u00fdmi lamelami.<br \/>\n<\/p><br \/>\n<br \/>\n<p><b>8.Kde se b\u011b\u017en\u011b pou\u017e\u00edvaj\u00ed hlin\u00edkov\u00e9 okenicov\u00e9 profily?<\/b><\/p>\n<p>Jsou \u0161iroce pou\u017e\u00edv\u00e1ny v oknech obytn\u00fdch dom\u016f, komer\u010dn\u00edch budov, na fas\u00e1d\u00e1ch, balkonech a v z\u00e1st\u011bn\u00e1ch pro ochranu soukrom\u00ed.<br \/>\n<\/p><br \/><\/p>","protected":false},"featured_media":7647,"template":"","categories":[67],"class_list":["post-7648","product","type-product","status-publish","has-post-thumbnail","hentry","category-architectural-aluminium-profile"],"meta_box":{"hilight_text_group":{"product_hilight_text":"<li>High-strength aluminum construction ensures long-term durability<\/li>\r\r\n<li>Corrosion-resistant for indoor and outdoor shutter applications<\/li>\r\r\n<li>Lightweight material allows easy handling and installation<\/li>\r\r\n<li>Available in a variety of profiles, finishes, and colors<\/li>\r\r\n<li>Supports both fixed and adjustable shutter systems<\/li>\r\r\n<li>Custom lengths and designs available for project-specific needs<\/li>\r\r\n<li>Enhances ventilation, sun shading, and privacy control<\/li>","product_chanpin_blog":"<ul>\r\r\n<li><a href=\"https:\/\/sinoextrud.com\/t-slot-v-slot-differences\/\" target=\"_blank\">t slot vs v slot<\/a><\/li>\r\r\n<li><a href=\"https:\/\/sinoextrud.com\/what-is-4040-aluminium-extrud\/\" target=\"_blank\">4040 aluminium extrusion<\/a><\/li>\r\r\n<li><a href=\"https:\/\/sinoextrud.com\/what-is-4040-aluminium-extrud\/\" target=\"_blank\">aluminum extrusions for industrial racks<\/a><\/li>\r\r\n<li><a href=\"https:\/\/sinoextrud.com\/powder-coating-aluminium-process\/\" target=\"_blank\">powder coating aluminium<\/a><\/li>\r\r\n<li><a href=\"https:\/\/sinoextrud.com\/what-is-an-aluminium-strip-ceiling\/\" target=\"_blank\">aluminium strip ceiling<\/a><\/li>\r\r\n<li><a href=\"https:\/\/sinoextrud.com\/what-is-a-heat-sink\/\" target=\"_blank\">what is a heat sink<\/a><\/li>\r\r\n<\/ul>","product_chanpin_chanpin":"<li><a href=\"https:\/\/sinoextrud.com\/product\/powder-coated-wooden-grain-aluminium-shutter-profile\/\" target=\"_blank\">Powder Coated Wooden Grain Aluminium Shutter Profile<\/a><\/li>\r\n<li><a href=\"https:\/\/sinoextrud.com\/product\/aluminum-profile-for-shower-enclosure\/\" target=\"_blank\">Aluminum Profile For Shower Enclosure<\/a><\/li>\r\n<li><a href=\"https:\/\/sinoextrud.com\/product\/wall-aluminum-profile-decoration-t-shaped-edge-trim\/\" target=\"_blank\">Wall Aluminum Profile Decoration T Shaped Edge Trim<\/a><\/li>\r\n<li><a href=\"https:\/\/sinoextrud.com\/product\/colorful-brushed-aluminium-photo-frame-manufacturer\/\" target=\"_blank\">Colorful Brushed Aluminium Photo Frame Manufacturer<\/a><\/li>\r\n<li><a href=\"https:\/\/sinoextrud.com\/product\/aluminum-shutter-extrusion-profiles\/\" target=\"_blank\">Aluminum Shutter Extrusion Profiles<\/a><\/li>\r\n<li><a href=\"https:\/\/sinoextrud.com\/product\/aluminum-profile-shutter\/\" target=\"_blank\">Aluminum Profile Shutter<\/a><\/li>\r\n<li><a href=\"https:\/\/sinoextrud.com\/product\/gb-matt-anodized-aluminium\/\" target=\"_blank\">GB Matt Anodized Aluminium<\/a><\/li>\r\n<li><a href=\"https:\/\/sinoextrud.com\/product\/indoor-and-outdoor-aluminium-louver-profile\/\" target=\"_blank\">Indoor and Outdoor Aluminium Louver Profile<\/a><\/li>\r\n<li><a href=\"https:\/\/sinoextrud.com\/product\/aluminum-profiles-anodized-for-cabinet-furniture-protection\/\" target=\"_blank\">Aluminum Profiles Anodized For Cabinet Furniture Protection<\/a><\/li>\r\n<li><a href=\"https:\/\/sinoextrud.com\/product\/aluminum-extrusion-box\/\" target=\"_blank\">aluminum extrusion box<\/a><\/li>\r\n<li><a href=\"https:\/\/sinoextrud.com\/product\/extruded-aluminum-flat-bar-6061-7075\/\" target=\"_blank\">Extruded Aluminum Flat Bar 6061 7075<\/a><\/li>"},"feature_list":[]},"_links":{"self":[{"href":"https:\/\/sinoextrud.com\/cs\/wp-json\/wp\/v2\/product\/7648","targetHints":{"allow":["GET"]}}],"collection":[{"href":"https:\/\/sinoextrud.com\/cs\/wp-json\/wp\/v2\/product"}],"about":[{"href":"https:\/\/sinoextrud.com\/cs\/wp-json\/wp\/v2\/types\/product"}],"wp:featuredmedia":[{"embeddable":true,"href":"https:\/\/sinoextrud.com\/cs\/wp-json\/wp\/v2\/media\/7647"}],"wp:attachment":[{"href":"https:\/\/sinoextrud.com\/cs\/wp-json\/wp\/v2\/media?parent=7648"}],"wp:term":[{"taxonomy":"category","embeddable":true,"href":"https:\/\/sinoextrud.com\/cs\/wp-json\/wp\/v2\/categories?post=7648"}],"curies":[{"name":"wp","href":"https:\/\/api.w.org\/{rel}","templated":true}]}}