{"id":7628,"date":"2025-06-09T06:56:01","date_gmt":"2025-06-09T06:56:01","guid":{"rendered":"https:\/\/sinoextrud.com\/product\/aluminum-outdoor-louvers\/"},"modified":"2025-06-24T06:13:16","modified_gmt":"2025-06-24T06:13:16","slug":"hlinikove-venkovni-zaluzie","status":"publish","type":"product","link":"https:\/\/sinoextrud.com\/cs\/product\/aluminum-outdoor-louvers\/","title":{"rendered":"Hlin\u00edkov\u00e9 venkovn\u00ed \u017ealuzie"},"content":{"rendered":"<h2>Podrobnosti o produktech<\/h2>\n<table class=\"custom-table\">\n<tr>\n<td class=\"label\">Polo\u017eka<\/td>\n<td>Hlin\u00edkov\u00e9 venkovn\u00ed \u017ealuzie<\/td>\n<\/tr>\n<tr>\n<td class=\"label\">Materi\u00e1l<\/td>\n<td>Hlin\u00edk \u0159ady 6000<\/td>\n<\/tr>\n<tr>\n<td class=\"label\">Temperament<\/td>\n<td>T4, T5, T6<\/td>\n<\/tr>\n<tr>\n<td class=\"label\">Velikost \/ tlou\u0161\u0165ka<\/td>\n<td>Tlou\u0161\u0165ka obecn\u00fdch profil\u016f od 0,8 do 5,0 mm, d\u00e9lka od 1 m do 9 m nebo na zak\u00e1zku; tlou\u0161\u0165ka eloxovac\u00edho ochrann\u00e9ho filmu od 8 do 25 um, pr\u00e1\u0161kov\u00e9 lakov\u00e1n\u00ed od 40 do 120 um.<\/td>\n<\/tr>\n<tr>\n<td class=\"label\">Tvar<\/td>\n<td>\u010dtvercov\u00e9, kulat\u00e9, obd\u00e9ln\u00edkov\u00e9, na m\u00edru<\/td>\n<\/tr>\n<tr>\n<td class=\"label\">Aplikace<\/td>\n<td>V n\u00e1bytku, oknech a dve\u0159\u00edch, dekorac\u00edch, pr\u016fmyslu, stavebnictv\u00ed atd.<\/td>\n<\/tr>\n<tr>\n<td class=\"label\">Povrchov\u00e1 \u00faprava<\/td>\n<td>pr\u00e1\u0161kov\u00e9 lakov\u00e1n\u00ed<\/td>\n<\/tr>\n<tr>\n<td class=\"label\">Hloubkov\u00fd proces<\/td>\n<td>CNC, vrt\u00e1n\u00ed, fr\u00e9zov\u00e1n\u00ed, \u0159ez\u00e1n\u00ed, sva\u0159ov\u00e1n\u00ed, oh\u00fdb\u00e1n\u00ed, mont\u00e1\u017e<\/td>\n<\/tr>\n<tr>\n<td class=\"label\">MOQ<\/td>\n<td>200 kg pro ka\u017edou polo\u017eku<\/td>\n<\/tr>\n<tr>\n<td class=\"label\">PackingDetails<\/td>\n<td>(1) Uvnit\u0159: baleno s plastovou ochrannou f\u00f3li\u00ed, kter\u00e1 chr\u00e1n\u00ed ka\u017ed\u00fd kus.<\/td>\n<\/tr>\n<tr>\n<td class=\"label\"><\/td>\n<td>(2) Venku: Zabalte svazky do vod\u011bodoln\u00e9ho pap\u00edru.<\/td>\n<\/tr>\n<tr>\n<td class=\"label\">Deliverytime<\/td>\n<td>(1) V\u00fdvoj a testov\u00e1n\u00ed vzork\u016f: 12-18 dn\u00ed.<\/td>\n<\/tr>\n<tr>\n<td class=\"label\"><\/td>\n<td>(2) Dokon\u010dena hromadn\u00e1 v\u00fdroba: 20-30 dn\u00ed po potvrzen\u00ed vzorku kupuj\u00edc\u00edm.<\/td>\n<\/tr>\n<tr>\n<td class=\"label\">P\u0159\u00edstav FOB<\/td>\n<td>SHENZHEN \/ GUANGZHOU \/ FOSHAN<\/td>\n<\/tr>\n<tr>\n<td class=\"label\">platebn\u00ed podm\u00ednky<\/td>\n<td>T\/T 30%pro z\u00e1lohu, z\u016fstatek p\u0159ed odesl\u00e1n\u00edm.<\/td>\n<\/tr>\n<tr>\n<td class=\"label\">vypo\u0159\u00e1d\u00e1n\u00edterm\u00edn<\/td>\n<td>Poplatek podle kone\u010dn\u00e9 skute\u010dn\u00e9 hmotnosti nebo podle teoretick\u00e9 hmotnosti.<\/td>\n<\/tr>\n<tr>\n<td class=\"label\">v\u00fdrobn\u00ed kapacita<\/td>\n<td>15 000 tun m\u011bs\u00ed\u010dn\u011b, 200 000 tun ro\u010dn\u011b.<\/td>\n<\/tr>\n<tr>\n<td class=\"label\">Certifik\u00e1t a norma<\/td>\n<td>CQM, SGS, CE, BV, SONCAP \/ GB, ISO, JIS, AS, NZS, QUALICOAT, QUOLANOD k dispozici<\/td>\n<\/tr>\n<tr>\n<td class=\"label\">Z\u00e1ruka<\/td>\n<td>Povrchov\u00e1barva m\u016f\u017ee vydr\u017eet 10 a\u017e 20 let ve venkovn\u00edm prost\u0159ed\u00ed.<\/td>\n<\/tr>\n<\/table>\n<h2>Na\u0161e v\u00fdrobn\u00ed z\u00e1kladna<\/h2>\n<h3>Panorama tov\u00e1rny<\/h3>\n<p><img decoding=\"async\" src=\"\/wp-content\/uploads\/factory-01.webp\"\/><\/p>\n<h3>D\u00edlna na v\u00fdrobu hlin\u00edkov\u00fdch ty\u010d\u00ed<\/h3>\n<p><img decoding=\"async\" src=\"\/wp-content\/uploads\/factory-02.webp\"\/><\/p>\n<\/p>\n<p><img decoding=\"async\" src=\"\/wp-content\/uploads\/factory-03.webp\"\/><\/p>\n<h3>Sklad pl\u00edsn\u00ed<\/h3>\n<p><img decoding=\"async\" src=\"\/wp-content\/uploads\/factory-04.webp\"\/><\/p>\n<h3>43 linek na vytla\u010dov\u00e1n\u00ed hlin\u00edku (500 - 5500 tun)<\/h3>\n<p><img decoding=\"async\" src=\"\/wp-content\/uploads\/factory-05.webp\"\/><\/p>\n<p><img decoding=\"async\" src=\"\/wp-content\/uploads\/factory-06.webp\"\/><\/p>\n<p><img decoding=\"async\" src=\"\/wp-content\/uploads\/factory-07.webp\"\/><\/p>\n<h3>D\u00edlna pr\u00e1\u0161kov\u00e9ho lakov\u00e1n\u00ed<\/h3>\n<p><img decoding=\"async\" src=\"\/wp-content\/uploads\/factory-09.webp\"\/><\/p>\n<h3>D\u00edlna eloxov\u00e1n\u00ed<\/h3>\n<p><img decoding=\"async\" src=\"\/wp-content\/uploads\/factory-10.webp\"\/><\/p>\n<h3>Workshop o hloubkov\u00e9m zpracov\u00e1n\u00ed<\/h3>\n<p><img decoding=\"async\" src=\"\/wp-content\/uploads\/factory-11.webp\"\/><\/p>\n<h3>D\u00edlna CNC p\u0159esn\u00e9ho obr\u00e1b\u011bn\u00ed<\/h3>\n<p><img decoding=\"async\" src=\"\/wp-content\/uploads\/factory-11.5.webp\"\/><\/p>\n<h3>Sklad hotov\u00fdch v\u00fdrobk\u016f a exportn\u00ed sklad<\/h3>\n<p><img decoding=\"async\" src=\"\/wp-content\/uploads\/factory-12.webp\"\/><\/p>\n<p><img decoding=\"async\" src=\"\/wp-content\/uploads\/factory-13.webp\"\/><\/p>\n<p><img decoding=\"async\" src=\"\/wp-content\/uploads\/factory-14.webp\"\/><\/p>\n<h2>\u010cASTO KLADEN\u00c9 DOTAZY<\/h2>\n<p><b>1.Co jsou hlin\u00edkov\u00e9 venkovn\u00ed \u017ealuzie?<\/b><\/p>\n<p>Hlin\u00edkov\u00e9 venkovn\u00ed \u017ealuzie jsou architektonick\u00e9 prvky ur\u010den\u00e9 k zaji\u0161t\u011bn\u00ed st\u00ednu, soukrom\u00ed a v\u011btr\u00e1n\u00ed venkovn\u00edch prostor pomoc\u00ed hlin\u00edkov\u00fdch profil\u016f odoln\u00fdch proti pov\u011btrnostn\u00edm vliv\u016fm.\n<\/p>\n<p><\/p>\n<p><b>2.Jak\u00e9 jsou v\u00fdhody pou\u017eit\u00ed hlin\u00edkov\u00fdch \u017ealuzi\u00ed ve venkovn\u00edm prost\u0159ed\u00ed?<\/b><\/p>\n<p>Nab\u00edzej\u00ed vysokou trvanlivost, odolnost proti korozi, nen\u00e1ro\u010dnou \u00fadr\u017ebu a zlep\u0161uj\u00ed proud\u011bn\u00ed vzduchu a energetickou \u00fa\u010dinnost budov.\n<\/p>\n<p><\/p>\n<p><b>3.Jsou hlin\u00edkov\u00e9 \u017ealuzie vhodn\u00e9 do v\u0161ech pov\u011btrnostn\u00edch podm\u00ednek?<\/b><\/p>\n<p>Ano, jsou navr\u017eeny tak, aby odol\u00e1valy korozi, UV z\u00e1\u0159en\u00ed a vlhkosti, tak\u017ee jsou ide\u00e1ln\u00ed pro v\u0161echny klimatick\u00e9 podm\u00ednky.\n<\/p>\n<p><\/p>\n<p><b>4.Can venkovn\u00ed hlin\u00edkov\u00e9 \u017ealuzie b\u00fdt p\u0159izp\u016fsoben?<\/b><\/p>\n<p>Ano, nab\u00edz\u00edme vlastn\u00ed velikosti, tvary, barvy a povrchov\u00e9 \u00fapravy, kter\u00e9 odpov\u00eddaj\u00ed r\u016fzn\u00fdm architektonick\u00fdm styl\u016fm a po\u017eadavk\u016fm projektu.\n<\/p>\n<p><\/p>\n<p><b>5.Zlep\u0161uj\u00ed hlin\u00edkov\u00e9 \u017ealuzie energetickou \u00fa\u010dinnost budov?<\/b><\/p>\n<p>Ano, st\u00edn\u011bn\u00edm oken a st\u011bn sni\u017euj\u00ed tepeln\u00e9 zisky ze slune\u010dn\u00edho z\u00e1\u0159en\u00ed, co\u017e vede ke sn\u00ed\u017een\u00ed n\u00e1klad\u016f na chlazen\u00ed.\n<\/p>\n<p><\/p>\n<p><b>6.Existuj\u00ed mo\u017enosti nastaven\u00ed hlin\u00edkov\u00fdch venkovn\u00edch \u017ealuzi\u00ed?<\/b><\/p>\n<p>Ano, nastaviteln\u00e9 \u017ealuzie umo\u017e\u0148uj\u00ed ovl\u00e1dat sv\u011btlo, proud\u011bn\u00ed vzduchu a soukrom\u00ed a zvy\u0161uj\u00ed funk\u010dnost.\n<\/p>\n<p><\/p>\n<p><b>7.Kde se b\u011b\u017en\u011b pou\u017e\u00edvaj\u00ed hlin\u00edkov\u00e9 venkovn\u00ed \u017ealuzie?<\/b><\/p>\n<p>Jsou \u0161iroce pou\u017e\u00edv\u00e1ny v obytn\u00fdch domech, komer\u010dn\u00edch budov\u00e1ch, parkovac\u00edch domech, na fas\u00e1d\u00e1ch a ve ventila\u010dn\u00edch clon\u00e1ch.\n<\/p>\n<p><\/p>\n<p><b>8.Jsou hlin\u00edkov\u00e9 \u017ealuzie snadn\u00e9 na \u00fadr\u017ebu?<\/b><\/p>\n<p>Ano, vy\u017eaduj\u00ed minim\u00e1ln\u00ed \u00fadr\u017ebu a lze je \u010distit vodou a jemn\u00fdm \u010distic\u00edm prost\u0159edkem, aby se zachoval jejich vzhled.\n<\/p>\n<p><\/p>","protected":false},"featured_media":7627,"template":"","categories":[67],"class_list":["post-7628","product","type-product","status-publish","has-post-thumbnail","hentry","category-architectural-aluminium-profile"],"meta_box":{"hilight_text_group":{"product_hilight_text":"<li>Durable aluminum construction ideal for long-term outdoor use<\/li>\r\r\n<li>Corrosion-resistant surface withstands harsh weather conditions<\/li>\r\r\n<li>Provides sun shading, privacy, and natural ventilation<\/li>\r\r\n<li>Available in fixed and adjustable louver designs<\/li>\r\r\n<li>Lightweight yet strong for easy installation and structural integrity<\/li>\r\r\n<li>Custom sizes, colors, and finishes available to match building designs<\/li>\r\r\n<li>Low maintenance and energy-efficient solution for facades and screens<\/li>","product_chanpin_blog":"<ul>\r\r\n<li><a href=\"https:\/\/sinoextrud.com\/t-slot-v-slot-differences\/\" target=\"_blank\">t slot vs v slot<\/a><\/li>\r\r\n<li><a href=\"https:\/\/sinoextrud.com\/what-is-4040-aluminium-extrud\/\" target=\"_blank\">4040 aluminium extrusion<\/a><\/li>\r\r\n<li><a href=\"https:\/\/sinoextrud.com\/what-is-4040-aluminium-extrud\/\" target=\"_blank\">aluminum extrusions for industrial racks<\/a><\/li>\r\r\n<li><a href=\"https:\/\/sinoextrud.com\/powder-coating-aluminium-process\/\" target=\"_blank\">powder coating aluminium<\/a><\/li>\r\r\n<li><a href=\"https:\/\/sinoextrud.com\/what-is-an-aluminium-strip-ceiling\/\" target=\"_blank\">aluminium strip ceiling<\/a><\/li>\r\r\n<li><a href=\"https:\/\/sinoextrud.com\/what-is-a-heat-sink\/\" target=\"_blank\">what is a heat sink<\/a><\/li>\r\r\n<\/ul>","product_chanpin_chanpin":"<li><a href=\"https:\/\/sinoextrud.com\/product\/square-aluminum-extrusion\/\" target=\"_blank\">Square Aluminum Extrusion<\/a><\/li>\r\n<li><a href=\"https:\/\/sinoextrud.com\/product\/extruded-aluminum-drawer-pulls\/\" target=\"_blank\">Extruded Aluminum Drawer Pulls<\/a><\/li>\r\n<li><a href=\"https:\/\/sinoextrud.com\/product\/picture-frame-extrusions\/\" target=\"_blank\">Picture Frame Extrusions<\/a><\/li>\r\n<li><a href=\"https:\/\/sinoextrud.com\/product\/architectural-aluminum-extrusion-profiles\/\" target=\"_blank\">Architectural Aluminum Extrusion Profiles<\/a><\/li>\r\n<li><a href=\"https:\/\/sinoextrud.com\/product\/aluminum-outdoor-louvers\/\" target=\"_blank\">Aluminum Outdoor Louvers<\/a><\/li>\r\n<li><a href=\"https:\/\/sinoextrud.com\/product\/anodized-aluminum-frame-profile-brushed-photo-aluminum-frame-modern-decorative-industrial-frame-profile\/\" target=\"_blank\">Anodized Aluminum Frame Profile Brushed Photo Aluminum Frame Modern Decorative Industrial Frame Profile<\/a><\/li>\r\n<li><a href=\"https:\/\/sinoextrud.com\/product\/aluminum-profil-louver-roof\/\" target=\"_blank\">Aluminum Profil Louver Roof<\/a><\/li>\r\n<li><a href=\"https:\/\/sinoextrud.com\/product\/aluminum-profile-connector\/\" target=\"_blank\">Aluminum Profile Connector<\/a><\/li>\r\n<li><a href=\"https:\/\/sinoextrud.com\/product\/anodized-powder-coated-window-louver-extrusion-shutter-aluminum-profiles\/\" target=\"_blank\">Anodized Powder Coated Window Louver Extrusion Shutter Aluminum Profiles<\/a><\/li>\r\n<li><a href=\"https:\/\/sinoextrud.com\/product\/aluminium-hollow-tube\/\" target=\"_blank\">Aluminium Hollow Tube<\/a><\/li>\r\n<li><a href=\"https:\/\/sinoextrud.com\/product\/aluminium-extrusion-enclosure\/\" target=\"_blank\">Aluminium Extrusion Enclosure<\/a><\/li>"},"feature_list":[]},"_links":{"self":[{"href":"https:\/\/sinoextrud.com\/cs\/wp-json\/wp\/v2\/product\/7628","targetHints":{"allow":["GET"]}}],"collection":[{"href":"https:\/\/sinoextrud.com\/cs\/wp-json\/wp\/v2\/product"}],"about":[{"href":"https:\/\/sinoextrud.com\/cs\/wp-json\/wp\/v2\/types\/product"}],"wp:featuredmedia":[{"embeddable":true,"href":"https:\/\/sinoextrud.com\/cs\/wp-json\/wp\/v2\/media\/7627"}],"wp:attachment":[{"href":"https:\/\/sinoextrud.com\/cs\/wp-json\/wp\/v2\/media?parent=7628"}],"wp:term":[{"taxonomy":"category","embeddable":true,"href":"https:\/\/sinoextrud.com\/cs\/wp-json\/wp\/v2\/categories?post=7628"}],"curies":[{"name":"wp","href":"https:\/\/api.w.org\/{rel}","templated":true}]}}