{"id":7618,"date":"2025-06-09T06:31:07","date_gmt":"2025-06-09T06:31:07","guid":{"rendered":"https:\/\/sinoextrud.com\/product\/profile-aluminium-extrusion-used-for-door\/"},"modified":"2025-06-24T06:13:15","modified_gmt":"2025-06-24T06:13:15","slug":"hlinikove-profily-pouzivane-pro-dvere","status":"publish","type":"product","link":"https:\/\/sinoextrud.com\/cs\/product\/profile-aluminium-extrusion-used-for-door\/","title":{"rendered":"Hlin\u00edkov\u00e9 profily pou\u017e\u00edvan\u00e9 pro dve\u0159e"},"content":{"rendered":"<h2>Podrobnosti o produktech<\/h2>\n<table class=\"custom-table\">\n<tbody>\n<tr>\n<td> N\u00e1zev spole\u010dnosti<\/td>\n<td> Sinoextrud <\/td>\n<\/tr>\n<tr>\n<td> Obchodn\u00ed styl<\/td>\n<td> V\u00fdrobce, dovozn\u00ed a v\u00fdvozn\u00ed spole\u010dnost<\/td>\n<\/tr>\n<tr>\n<td> Zna\u010dka<\/td>\n<td> Sinoextrud \/ Sinoextrud \/ Sinoextrud hlin\u00edkov\u00e9 profily<\/td>\n<\/tr>\n<tr>\n<td> T\u0159\u00edda materi\u00e1lu<\/td>\n<td> 6061, 6063, 6005A, 6005, 6082, 6463, k dispozici<\/td>\n<\/tr>\n<tr>\n<td> D\u00e9lka<\/td>\n<td> 1-9m nebo p\u0159izp\u016fsoben\u00ed<\/td>\n<\/tr>\n<tr>\n<td> MOQ<\/td>\n<td> 200KGS pro ka\u017edou polo\u017eku \/ barvu<\/td>\n<\/tr>\n<tr>\n<td> Povrchov\u00e1 \u00faprava<\/td>\n<td> Ml\u00fdnsk\u00e1 povrchov\u00e1 \u00faprava, eloxov\u00e1n\u00ed, pr\u00e1\u0161kov\u00e9 lakov\u00e1n\u00ed, elektrofor\u00e9za, fluorokarbon (PVDF), kresba d\u0159eva, le\u0161t\u011bn\u00ed, kart\u00e1\u010dov\u00e1n\u00ed, p\u00edskov\u00e1n\u00ed atd.<\/td>\n<\/tr>\n<tr>\n<td> Proces CNC<\/td>\n<td> Vrt\u00e1n\u00ed, oh\u00fdb\u00e1n\u00ed, sva\u0159ov\u00e1n\u00ed, \u0159ez\u00e1n\u00ed, d\u011brov\u00e1n\u00ed atd.<\/td>\n<\/tr>\n<tr>\n<td> Barva<\/td>\n<td> Mnoho barev nebo p\u0159izp\u016fsoben\u00ed<\/td>\n<\/tr>\n<tr>\n<td> Bal\u00ed\u010dek<\/td>\n<td> Uvnit\u0159 s ochrannou f\u00f3li\u00ed, smr\u0161\u0165ovac\u00ed f\u00f3li\u00ed nebo PE p\u011bnou, zvenku s kartonem, d\u0159ev\u011bn\u00fdm r\u00e1mem nebo na zak\u00e1zku.<\/td>\n<\/tr>\n<tr>\n<td> Term\u00edn platby<\/td>\n<td> 30% z\u00e1lohov\u00e1 platba, z\u016fstatek p\u0159ed odesl\u00e1n\u00edm<\/td>\n<\/tr>\n<tr>\n<td> Nakl\u00e1dac\u00ed port<\/td>\n<td> FOB Shenzhen, Guangzhou, Foshan<\/td>\n<\/tr>\n<tr>\n<td> Doba dod\u00e1n\u00ed<\/td>\n<td> 25-30 dn\u00ed po obdr\u017een\u00ed z\u00e1lohy od kupuj\u00edc\u00edho.<\/td>\n<\/tr>\n<\/tbody>\n<\/table>\n<h2>Na\u0161e v\u00fdrobn\u00ed z\u00e1kladna<\/h2>\n<h3>Panorama tov\u00e1rny<\/h3>\n<p><img decoding=\"async\" src=\"\/wp-content\/uploads\/factory-01.webp\"\/><\/p>\n<h3>D\u00edlna na v\u00fdrobu hlin\u00edkov\u00fdch ty\u010d\u00ed<\/h3>\n<p><img decoding=\"async\" src=\"\/wp-content\/uploads\/factory-02.webp\"\/><\/p>\n<\/p>\n<p><img decoding=\"async\" src=\"\/wp-content\/uploads\/factory-03.webp\"\/><\/p>\n<h3>Sklad pl\u00edsn\u00ed<\/h3>\n<p><img decoding=\"async\" src=\"\/wp-content\/uploads\/factory-04.webp\"\/><\/p>\n<h3>43 linek na vytla\u010dov\u00e1n\u00ed hlin\u00edku (500 - 5500 tun)<\/h3>\n<p><img decoding=\"async\" src=\"\/wp-content\/uploads\/factory-05.webp\"\/><\/p>\n<p><img decoding=\"async\" src=\"\/wp-content\/uploads\/factory-06.webp\"\/><\/p>\n<p><img decoding=\"async\" src=\"\/wp-content\/uploads\/factory-07.webp\"\/><\/p>\n<h3>D\u00edlna pr\u00e1\u0161kov\u00e9ho lakov\u00e1n\u00ed<\/h3>\n<p><img decoding=\"async\" src=\"\/wp-content\/uploads\/factory-09.webp\"\/><\/p>\n<h3>D\u00edlna eloxov\u00e1n\u00ed<\/h3>\n<p><img decoding=\"async\" src=\"\/wp-content\/uploads\/factory-10.webp\"\/><\/p>\n<h3>Workshop o hloubkov\u00e9m zpracov\u00e1n\u00ed<\/h3>\n<p><img decoding=\"async\" src=\"\/wp-content\/uploads\/factory-11.webp\"\/><\/p>\n<h3>D\u00edlna CNC p\u0159esn\u00e9ho obr\u00e1b\u011bn\u00ed<\/h3>\n<p><img decoding=\"async\" src=\"\/wp-content\/uploads\/factory-11.5.webp\"\/><\/p>\n<h3>Sklad hotov\u00fdch v\u00fdrobk\u016f a exportn\u00ed sklad<\/h3>\n<p><img decoding=\"async\" src=\"\/wp-content\/uploads\/factory-12.webp\"\/><\/p>\n<p><img decoding=\"async\" src=\"\/wp-content\/uploads\/factory-13.webp\"\/><\/p>\n<p><img decoding=\"async\" src=\"\/wp-content\/uploads\/factory-14.webp\"\/><\/p>\n<h2>\u010cASTO KLADEN\u00c9 DOTAZY<\/h2>\n<p><b>1.What je profil hlin\u00edkov\u00e9 v\u00fdlisky pou\u017e\u00edvan\u00e9 pro dve\u0159e?<\/b><\/p>\n<p>Hlin\u00edkov\u00e9 profily pou\u017e\u00edvan\u00e9 pro dve\u0159e jsou speci\u00e1ln\u011b navr\u017een\u00e9 hlin\u00edkov\u00e9 profily, kter\u00e9 tvo\u0159\u00ed konstruk\u010dn\u00ed r\u00e1m r\u016fzn\u00fdch typ\u016f dve\u0159\u00ed.\n<\/p>\n<p><\/p>\n<p><b>2.Jak\u00e9 jsou v\u00fdhody pou\u017eit\u00ed hlin\u00edkov\u00fdch profil\u016f pro dve\u0159e?<\/b><\/p>\n<p>Nab\u00edzej\u00ed pevnost, odolnost proti korozi, lehkou konstrukci a podporu tepeln\u00e9 izolace v modern\u00edch dve\u0159n\u00edch syst\u00e9mech.\n<\/p>\n<p><\/p>\n<p><b>3.Jsou hlin\u00edkov\u00e9 dve\u0159n\u00ed profily vhodn\u00e9 pro venkovn\u00ed pou\u017eit\u00ed?<\/b><\/p>\n<p>Ano, hlin\u00edkov\u00e9 profily jsou odoln\u00e9 proti korozi a jsou navr\u017eeny tak, aby odol\u00e1valy nep\u0159\u00edzniv\u00fdm pov\u011btrnostn\u00edm podm\u00ednk\u00e1m, tak\u017ee jsou ide\u00e1ln\u00ed pro venkovn\u00ed dve\u0159e.\n<\/p>\n<p><\/p>\n<p><b>4.Lze profilov\u00e9 hlin\u00edkov\u00e9 v\u00fdlisky p\u0159izp\u016fsobit r\u016fzn\u00fdm design\u016fm dve\u0159\u00ed?<\/b><\/p>\n<p>Ano, nab\u00edz\u00edme zak\u00e1zkov\u00e9 velikosti, barvy a povrchov\u00e9 \u00fapravy, kter\u00e9 odpov\u00eddaj\u00ed konkr\u00e9tn\u00edm typ\u016fm dve\u0159\u00ed a architektonick\u00fdm po\u017eadavk\u016fm.\n<\/p>\n<p><\/p>\n<p><b>5.U jak\u00fdch typ\u016f dve\u0159\u00ed se pou\u017e\u00edvaj\u00ed hlin\u00edkov\u00e9 lisovan\u00e9 profily?<\/b><\/p>\n<p>Tyto profily se pou\u017e\u00edvaj\u00ed u posuvn\u00fdch dve\u0159\u00ed, dve\u0159\u00ed s panty, skl\u00e1dac\u00edch dve\u0159\u00ed a bezr\u00e1mov\u00fdch sklen\u011bn\u00fdch dve\u0159\u00ed.\n<\/p>\n<p><\/p>\n<p><b>6.Je profilov\u00e9 hlin\u00edkov\u00e9 v\u00fdlisky energeticky \u00fa\u010dinn\u00e9?<\/b><\/p>\n<p>Ano, k dispozici jsou mo\u017enosti tepeln\u00e9 izolace, kter\u00e9 pom\u00e1haj\u00ed sn\u00ed\u017eit p\u0159enos tepla a zlep\u0161it energetickou \u00fa\u010dinnost budov.\n<\/p>\n<p><\/p>\n<p><b>7.Je mont\u00e1\u017e hlin\u00edkov\u00fdch dve\u0159n\u00edch profil\u016f snadn\u00e1?<\/b><\/p>\n<p>Ano, jsou lehk\u00e9 a navr\u017een\u00e9 tak, aby byly kompatibiln\u00ed se standardn\u00edmi armaturami, co\u017e umo\u017e\u0148uje rychlou a efektivn\u00ed instalaci.\n<\/p>\n<p><\/p>\n<p><b>8.Kde se b\u011b\u017en\u011b pou\u017e\u00edvaj\u00ed hlin\u00edkov\u00e9 dve\u0159n\u00ed profily?<\/b><\/p>\n<p>Jsou \u0161iroce pou\u017e\u00edv\u00e1ny v obytn\u00fdch, komer\u010dn\u00edch a pr\u016fmyslov\u00fdch budov\u00e1ch pro vstupn\u00ed dve\u0159e, dve\u0159e na terasu a vnit\u0159n\u00ed p\u0159\u00ed\u010dky.\n<\/p>\n<p><\/p>","protected":false},"featured_media":7617,"template":"","categories":[67],"class_list":["post-7618","product","type-product","status-publish","has-post-thumbnail","hentry","category-architectural-aluminium-profile"],"meta_box":{"hilight_text_group":{"product_hilight_text":"<li>High-strength aluminum profiles provide stable and durable door framing<\/li>\r\r\n<li>Corrosion-resistant finish ensures long service life in all climates<\/li>\r\r\n<li>Lightweight design allows for easier transportation and installation<\/li>\r\r\n<li>Compatible with various door types including sliding, hinged, and folding<\/li>\r\r\n<li>Supports thermal break for improved energy efficiency<\/li>\r\r\n<li>Custom sizes, colors, and finishes available to match architectural styles<\/li>\r\r\n<li>Precision extrusion ensures consistent fit and seamless integration<\/li>","product_chanpin_blog":"<ul>\r\r\n<li><a href=\"https:\/\/sinoextrud.com\/t-slot-v-slot-differences\/\" target=\"_blank\">t slot vs v slot<\/a><\/li>\r\r\n<li><a href=\"https:\/\/sinoextrud.com\/what-is-4040-aluminium-extrud\/\" target=\"_blank\">4040 aluminium extrusion<\/a><\/li>\r\r\n<li><a href=\"https:\/\/sinoextrud.com\/what-is-4040-aluminium-extrud\/\" target=\"_blank\">aluminum extrusions for industrial racks<\/a><\/li>\r\r\n<li><a href=\"https:\/\/sinoextrud.com\/powder-coating-aluminium-process\/\" target=\"_blank\">powder coating aluminium<\/a><\/li>\r\r\n<li><a href=\"https:\/\/sinoextrud.com\/what-is-an-aluminium-strip-ceiling\/\" target=\"_blank\">aluminium strip ceiling<\/a><\/li>\r\r\n<li><a href=\"https:\/\/sinoextrud.com\/what-is-a-heat-sink\/\" target=\"_blank\">what is a heat sink<\/a><\/li>\r\r\n<\/ul>","product_chanpin_chanpin":"<li><a href=\"https:\/\/sinoextrud.com\/product\/aluminium-profiles-for-bedroom-doors\/\" target=\"_blank\">Aluminium Profiles For Bedroom Doors<\/a><\/li>\r\n<li><a href=\"https:\/\/sinoextrud.com\/product\/extruded-aluminum-framing\/\" target=\"_blank\">Extruded Aluminum Framing<\/a><\/li>\r\n<li><a href=\"https:\/\/sinoextrud.com\/product\/aluminum-window-extrusion-profiles\/\" target=\"_blank\">Aluminum Window Extrusion Profiles<\/a><\/li>\r\n<li><a href=\"https:\/\/sinoextrud.com\/product\/extruded-aluminium-window-frames\/\" target=\"_blank\">Extruded Aluminium Window Frames<\/a><\/li>\r\n<li><a href=\"https:\/\/sinoextrud.com\/product\/profile-aluminium-extrusion-used-for-door\/\" target=\"_blank\">Profile Aluminium Extrusion Used For Door<\/a><\/li>\r\n<li><a href=\"https:\/\/sinoextrud.com\/product\/square-aluminum-extrusion\/\" target=\"_blank\">Square Aluminum Extrusion<\/a><\/li>\r\n<li><a href=\"https:\/\/sinoextrud.com\/product\/extruded-aluminum-drawer-pulls\/\" target=\"_blank\">Extruded Aluminum Drawer Pulls<\/a><\/li>\r\n<li><a href=\"https:\/\/sinoextrud.com\/product\/picture-frame-extrusions\/\" target=\"_blank\">Picture Frame Extrusions<\/a><\/li>\r\n<li><a href=\"https:\/\/sinoextrud.com\/product\/architectural-aluminum-extrusion-profiles\/\" target=\"_blank\">Architectural Aluminum Extrusion Profiles<\/a><\/li>\r\n<li><a href=\"https:\/\/sinoextrud.com\/product\/aluminum-extrusion-bathroom-mirror-cabinet-aluminum-profile\/\" target=\"_blank\">Aluminum Extrusion Bathroom Mirror Cabinet Aluminum Profile<\/a><\/li>\r\n<li><a href=\"https:\/\/sinoextrud.com\/product\/aluminum-extrusion-framing-components\/\" target=\"_blank\">Aluminum Extrusion Framing Components<\/a><\/li>"},"feature_list":[]},"_links":{"self":[{"href":"https:\/\/sinoextrud.com\/cs\/wp-json\/wp\/v2\/product\/7618","targetHints":{"allow":["GET"]}}],"collection":[{"href":"https:\/\/sinoextrud.com\/cs\/wp-json\/wp\/v2\/product"}],"about":[{"href":"https:\/\/sinoextrud.com\/cs\/wp-json\/wp\/v2\/types\/product"}],"wp:featuredmedia":[{"embeddable":true,"href":"https:\/\/sinoextrud.com\/cs\/wp-json\/wp\/v2\/media\/7617"}],"wp:attachment":[{"href":"https:\/\/sinoextrud.com\/cs\/wp-json\/wp\/v2\/media?parent=7618"}],"wp:term":[{"taxonomy":"category","embeddable":true,"href":"https:\/\/sinoextrud.com\/cs\/wp-json\/wp\/v2\/categories?post=7618"}],"curies":[{"name":"wp","href":"https:\/\/api.w.org\/{rel}","templated":true}]}}