{"id":7598,"date":"2025-06-09T02:50:00","date_gmt":"2025-06-09T02:50:00","guid":{"rendered":"https:\/\/sinoextrud.com\/product\/aluminum-mirror-frame-extrusions\/"},"modified":"2025-06-24T06:13:12","modified_gmt":"2025-06-24T06:13:12","slug":"hlinikove-vylisky-pro-ramy-zrcadel","status":"publish","type":"product","link":"https:\/\/sinoextrud.com\/cs\/product\/aluminum-mirror-frame-extrusions\/","title":{"rendered":"Hlin\u00edkov\u00e9 r\u00e1me\u010dky pro zrcadla"},"content":{"rendered":"<h2>Podrobnosti o produktech<\/h2>\n<table class=\"custom-table\">\n<tbody>\n<tr>\n<td> N\u00e1zev<\/td>\n<td> Hlin\u00edkov\u00e9 v\u00fdlisky pro r\u00e1my zrcadel<\/td>\n<\/tr>\n<tr>\n<td> Zna\u010dka<\/td>\n<td> Sinoextrud\/Sinoextrud<\/td>\n<\/tr>\n<tr>\n<td> Kategorie<\/td>\n<td> Hlin\u00edkov\u00e9 sekce<\/td>\n<\/tr>\n<tr>\n<td> Materi\u00e1l<\/td>\n<td> 6063 je \u0161iroce pou\u017e\u00edv\u00e1n. K dispozici jsou tak\u00e9 6061, 6463, 6005, 6082.<\/td>\n<\/tr>\n<tr>\n<td> Temperament<\/td>\n<td> T5-T8<\/td>\n<\/tr>\n<tr>\n<td> D\u00e9lka<\/td>\n<td> 1-9m nebo p\u0159izp\u016fsoben\u00ed<\/td>\n<\/tr>\n<tr>\n<td> Velikost (mm)<\/td>\n<td> R\u016fzn\u00e9 velikosti, pro podrobnosti se m\u016f\u017eete informovat.<\/td>\n<\/tr>\n<tr>\n<td> Tlou\u0161\u0165ka<\/td>\n<td> Podle va\u0161eho po\u017eadavku<\/td>\n<\/tr>\n<tr>\n<td> Tvar<\/td>\n<td> P\u0159izp\u016fsoben\u00ed<\/td>\n<\/tr>\n<tr>\n<td> Povrchov\u00e1 \u00faprava<\/td>\n<td> Fr\u00e9zov\u00e1n\u00ed, eloxov\u00e1n\u00ed, p\u00edskov\u00e1n\u00ed, elektrofor\u00e9za, povrchov\u00e1 \u00faprava atd.<\/td>\n<\/tr>\n<tr>\n<td> Barva<\/td>\n<td> St\u0159\u00edbrn\u00e1, \u010dern\u00e1, b\u00edl\u00e1, \u010derven\u00e1, \u017elut\u00e1, \u0161ampa\u0148sk\u00e9 nebo barva na m\u00edru<\/td>\n<\/tr>\n<tr>\n<td> Standardn\u00ed<\/td>\n<td> ASTM, GB, DIN<\/td>\n<\/tr>\n<tr>\n<td> Z<\/td>\n<td> Guangdong, \u010c\u00edna<\/td>\n<\/tr>\n<tr>\n<td> Aplikace<\/td>\n<td> Dekorace<\/td>\n<\/tr>\n<\/tbody>\n<\/table>\n<h2>Na\u0161e v\u00fdrobn\u00ed z\u00e1kladna<\/h2>\n<h3>Panorama tov\u00e1rny<\/h3>\n<p><img decoding=\"async\" src=\"\/wp-content\/uploads\/factory-01.webp\"\/><\/p>\n<h3>D\u00edlna na v\u00fdrobu hlin\u00edkov\u00fdch ty\u010d\u00ed<\/h3>\n<p><img decoding=\"async\" src=\"\/wp-content\/uploads\/factory-02.webp\"\/><\/p>\n<p><img decoding=\"async\" src=\"\/wp-content\/uploads\/factory-03.webp\"\/><\/p>\n<h3>Sklad pl\u00edsn\u00ed<\/h3>\n<p><img decoding=\"async\" src=\"\/wp-content\/uploads\/factory-04.webp\"\/><\/p>\n<h3>43 linek na vytla\u010dov\u00e1n\u00ed hlin\u00edku (500-5500 tun)<\/h3>\n<p><img decoding=\"async\" src=\"\/wp-content\/uploads\/factory-05.webp\"\/><\/p>\n<p><img decoding=\"async\" src=\"\/wp-content\/uploads\/factory-06.webp\"\/><\/p>\n<p><img decoding=\"async\" src=\"\/wp-content\/uploads\/factory-07.webp\"\/><\/p>\n<h3>D\u00edlna pr\u00e1\u0161kov\u00e9ho lakov\u00e1n\u00ed<\/h3>\n<p><img decoding=\"async\" src=\"\/wp-content\/uploads\/factory-09.webp\"\/><\/p>\n<h3>D\u00edlna eloxov\u00e1n\u00ed<\/h3>\n<p><img decoding=\"async\" src=\"\/wp-content\/uploads\/factory-10.webp\"\/><\/p>\n<h3>Workshop o hloubkov\u00e9m zpracov\u00e1n\u00ed<\/h3>\n<p><img decoding=\"async\" src=\"\/wp-content\/uploads\/factory-11.webp\"\/><\/p>\n<h3>D\u00edlna CNC p\u0159esn\u00e9ho obr\u00e1b\u011bn\u00ed<\/h3>\n<p><img decoding=\"async\" src=\"\/wp-content\/uploads\/factory-11.5.webp\"\/><\/p>\n<h3>Sklad hotov\u00fdch v\u00fdrobk\u016f a exportn\u00ed sklad<\/h3>\n<p><img decoding=\"async\" src=\"\/wp-content\/uploads\/factory-12.webp\"\/><\/p>\n<p><img decoding=\"async\" src=\"\/wp-content\/uploads\/factory-13.webp\"\/><\/p>\n<p><img decoding=\"async\" src=\"\/wp-content\/uploads\/factory-14.webp\"\/><\/p>\n<h2>\u010cASTO KLADEN\u00c9 DOTAZY<\/h2>\n<p><p><b>1.What jsou hlin\u00edkov\u00e9 r\u00e1my zrcadla v\u00fdlisky?<\/b><\/p>\n<p>Hlin\u00edkov\u00e9 r\u00e1my pro zrcadla jsou speci\u00e1ln\u011b navr\u017een\u00e9 profily pou\u017e\u00edvan\u00e9 k r\u00e1mov\u00e1n\u00ed zrcadel, kter\u00e9 kombinuj\u00ed odolnost s estetick\u00fdm vzhledem.<br \/>\n<\/p><br \/>\n<br \/>\n<p><b>2.Pro\u010d pou\u017e\u00edvat hlin\u00edk na r\u00e1my zrcadel?<\/b><\/p>\n<p>Hlin\u00edk je lehk\u00fd, odoln\u00fd proti korozi a m\u00e1 elegantn\u00ed povrchovou \u00fapravu, tak\u017ee je ide\u00e1ln\u00ed pro r\u00e1mov\u00e1n\u00ed zrcadel v obytn\u00fdch i komer\u010dn\u00edch prostor\u00e1ch.<br \/>\n<\/p><br \/>\n<br \/>\n<p><b>3.Can hlin\u00edkov\u00e9 r\u00e1my zrcadla v\u00fdlisky b\u00fdt p\u0159izp\u016fsobeny?<\/b><\/p>\n<p>Ano, lze je p\u0159izp\u016fsobit, pokud jde o tvar profilu, d\u00e9lku, povrchovou \u00fapravu a barvu, aby odpov\u00eddaly specifick\u00fdm po\u017eadavk\u016fm na design.<br \/>\n<\/p><br \/>\n<br \/>\n<p><b>4.Jsou tyto r\u00e1my vhodn\u00e9 do vlhk\u00e9ho prost\u0159ed\u00ed, jako jsou koupelny?<\/b><\/p>\n<p>Hlin\u00edk je d\u00edky sv\u00e9 odolnosti proti korozi ide\u00e1ln\u00ed pro pou\u017eit\u00ed v prostor\u00e1ch n\u00e1chyln\u00fdch na vlhkost, jako jsou koupelny a l\u00e1zn\u011b.<br \/>\n<\/p><br \/>\n<br \/>\n<p><b>5.Jak\u00e9 povrchov\u00e9 \u00fapravy jsou k dispozici pro hlin\u00edkov\u00e9 r\u00e1my zrcadel?<\/b><\/p>\n<p>Mezi b\u011b\u017en\u00e9 povrchov\u00e9 \u00fapravy pat\u0159\u00ed eloxovan\u00e1 st\u0159\u00edbrn\u00e1, matn\u00e1 \u010dern\u00e1, kart\u00e1\u010dovan\u00e1 zlat\u00e1 a pr\u00e1\u0161kov\u00e1 barva na zak\u00e1zku.<br \/>\n<\/p><br \/>\n<br \/>\n<p><b>6.Je hlin\u00edkov\u00fd r\u00e1m zrcadla snadno instalovateln\u00fd?<\/b><\/p>\n<p>Ano, v\u00fdlisky jsou navr\u017eeny pro rychlou a bezpe\u010dnou instalaci, \u010dasto s p\u0159edvrtan\u00fdmi otvory a hladk\u00fdmi hranami.<br \/>\n<\/p><br \/>\n<br \/>\n<p><b>7.Podporuj\u00ed v\u00fdrobci OEM a hromadn\u00e9 objedn\u00e1vky?<\/b><\/p>\n<p>Ano, v\u011bt\u0161ina dodavatel\u016f nab\u00edz\u00ed slu\u017eby OEM, zak\u00e1zkov\u00e9 n\u00e1stroje a velkov\u00fdrobu pro glob\u00e1ln\u00ed zna\u010dky a distributory.<br \/>\n<\/p><br \/><\/p>","protected":false},"featured_media":7597,"template":"","categories":[67],"class_list":["post-7598","product","type-product","status-publish","has-post-thumbnail","hentry","category-architectural-aluminium-profile"],"meta_box":{"hilight_text_group":{"product_hilight_text":"<li>Sleek and modern aluminum profile enhances mirror aesthetics<\/li>\r\r\n<li>Lightweight yet sturdy frame structure ensures long-lasting durability<\/li>\r\r\n<li>Corrosion-resistant surface ideal for bathrooms and humid environments<\/li>\r\r\n<li>Available in anodized, powder-coated, and brushed finishes<\/li>\r\r\n<li>Custom shapes, lengths, and finishes available for OEM requirements<\/li>\r\r\n<li>Easy installation and maintenance with precision-fit design<\/li>","product_chanpin_blog":"<ul>\r\r\n<li><a href=\"https:\/\/sinoextrud.com\/t-slot-v-slot-differences\/\" target=\"_blank\">t slot vs v slot<\/a><\/li>\r\r\n<li><a href=\"https:\/\/sinoextrud.com\/what-is-4040-aluminium-extrud\/\" target=\"_blank\">4040 aluminium extrusion<\/a><\/li>\r\r\n<li><a href=\"https:\/\/sinoextrud.com\/what-is-4040-aluminium-extrud\/\" target=\"_blank\">aluminum extrusions for industrial racks<\/a><\/li>\r\r\n<li><a href=\"https:\/\/sinoextrud.com\/powder-coating-aluminium-process\/\" target=\"_blank\">powder coating aluminium<\/a><\/li>\r\r\n<li><a href=\"https:\/\/sinoextrud.com\/what-is-an-aluminium-strip-ceiling\/\" target=\"_blank\">aluminium strip ceiling<\/a><\/li>\r\r\n<li><a href=\"https:\/\/sinoextrud.com\/what-is-a-heat-sink\/\" target=\"_blank\">what is a heat sink<\/a><\/li>\r\r\n<\/ul>","product_chanpin_chanpin":"<li><a href=\"https:\/\/sinoextrud.com\/product\/anodized-aluminum-kitchen-profile-for-handle-price\/\" target=\"_blank\">Anodized Aluminum Kitchen Profile For Handle Price<\/a><\/li>\r\n<li><a href=\"https:\/\/sinoextrud.com\/product\/triangular-aluminium-extrusion\/\" target=\"_blank\">Triangular Aluminium Extrusion<\/a><\/li>\r\n<li><a href=\"https:\/\/sinoextrud.com\/product\/aluminum-extrusion-alloys\/\" target=\"_blank\">Aluminum Extrusion Alloys<\/a><\/li>\r\n<li><a href=\"https:\/\/sinoextrud.com\/product\/aluminum-extrusion-frame\/\" target=\"_blank\">Aluminum Extrusion Frame<\/a><\/li>\r\n<li><a href=\"https:\/\/sinoextrud.com\/product\/aluminum-mirror-frame-extrusions\/\" target=\"_blank\">Aluminum Mirror Frame Extrusions<\/a><\/li>\r\n<li><a href=\"https:\/\/sinoextrud.com\/product\/aluminum-extrusion-profile-for-clean-room\/\" target=\"_blank\">Aluminum Extrusion Profile For Clean Room<\/a><\/li>\r\n<li><a href=\"https:\/\/sinoextrud.com\/product\/aluminum-extrusion-profile-rolling-shutter\/\" target=\"_blank\">Aluminum Extrusion Profile Rolling Shutter<\/a><\/li>\r\n<li><a href=\"https:\/\/sinoextrud.com\/product\/aluminum-fireproof-outdoor-terracce-decking-floor\/\" target=\"_blank\">Aluminum Fireproof Outdoor Terracce Decking Floor<\/a><\/li>\r\n<li><a href=\"https:\/\/sinoextrud.com\/product\/aluminium-profiles-for-bedroom-doors\/\" target=\"_blank\">Aluminium Profiles For Bedroom Doors<\/a><\/li>\r\n<li><a href=\"https:\/\/sinoextrud.com\/product\/aluminium-door-extrusions-profiles\/\" target=\"_blank\">Aluminium Door Extrusions Profiles<\/a><\/li>\r\n<li><a href=\"https:\/\/sinoextrud.com\/product\/aluminium-door-frame-extrusions\/\" target=\"_blank\">Aluminium Door Frame Extrusions<\/a><\/li>"},"feature_list":[]},"_links":{"self":[{"href":"https:\/\/sinoextrud.com\/cs\/wp-json\/wp\/v2\/product\/7598","targetHints":{"allow":["GET"]}}],"collection":[{"href":"https:\/\/sinoextrud.com\/cs\/wp-json\/wp\/v2\/product"}],"about":[{"href":"https:\/\/sinoextrud.com\/cs\/wp-json\/wp\/v2\/types\/product"}],"wp:featuredmedia":[{"embeddable":true,"href":"https:\/\/sinoextrud.com\/cs\/wp-json\/wp\/v2\/media\/7597"}],"wp:attachment":[{"href":"https:\/\/sinoextrud.com\/cs\/wp-json\/wp\/v2\/media?parent=7598"}],"wp:term":[{"taxonomy":"category","embeddable":true,"href":"https:\/\/sinoextrud.com\/cs\/wp-json\/wp\/v2\/categories?post=7598"}],"curies":[{"name":"wp","href":"https:\/\/api.w.org\/{rel}","templated":true}]}}