{"id":7588,"date":"2025-06-09T02:37:58","date_gmt":"2025-06-09T02:37:58","guid":{"rendered":"https:\/\/sinoextrud.com\/product\/aluminum-window-frames-mosquito-netting-suppliers\/"},"modified":"2025-06-24T06:13:11","modified_gmt":"2025-06-24T06:13:11","slug":"dodavatele-moskytier-z-hlinikovych-okennich-ramu","status":"publish","type":"product","link":"https:\/\/sinoextrud.com\/cs\/product\/aluminum-window-frames-mosquito-netting-suppliers\/","title":{"rendered":"Hlin\u00edkov\u00e9 okenn\u00ed r\u00e1my Dodavatel\u00e9 moskyti\u00e9r"},"content":{"rendered":"<h2>Podrobnosti o produktech<\/h2>\n<table class=\"custom-table\">\n<tr>\n<td class=\"label\">1. Polo\u017eka<\/td>\n<td>Hlin\u00edkov\u00e9 okenn\u00ed r\u00e1my Dodavatel\u00e9 moskyti\u00e9r<\/td>\n<\/tr>\n<tr>\n<td class=\"label\">2. Tvary \u0159ez\u016f<\/td>\n<td>I, U, T, C, Z, L, H, \u010dtvercov\u00e9, kulat\u00e9, ploch\u00e9, dut\u00e9, t-dr\u00e1\u017ekov\u00e9 a dal\u0161\u00ed slo\u017eit\u00e9 tvary podle vlastn\u00edho n\u00e1vrhu.<\/td>\n<\/tr>\n<tr>\n<td class=\"label\">3. Povrchov\u00e1 \u00faprava<\/td>\n<td>Ml\u00fdnsk\u00e1 povrchov\u00e1 \u00faprava\/Anodizov\u00e1no (oxidace)\/P\u00edskov\u00e1n\u00ed\/Pr\u00e1\u0161kov\u00e1 povrchov\u00e1 \u00faprava\/Elektrofor\u00e9za\/D\u0159ev\u011bn\u00e9 zrno<\/td>\n<\/tr>\n<tr>\n<td class=\"label\">4. MOQ<\/td>\n<td>200 kg pro ka\u017edou polo\u017eku<\/td>\n<\/tr>\n<tr>\n<td class=\"label\">5. Materi\u00e1l<\/td>\n<td>100% slitina: 6063 T5 \/ 6061 T6<\/td>\n<\/tr>\n<tr>\n<td class=\"label\">6. D\u00e9lka<\/td>\n<td>Norm\u00e1ln\u00ed = 6 m, 1-9 m nebo na m\u00edru<\/td>\n<\/tr>\n<tr>\n<td class=\"label\">7. Aplikace<\/td>\n<td>1) - pro r\u00e1my oken a dve\u0159\u00ed<br \/>\n3) - pro sklen\u011bn\u00e9 st\u011bny budov<br \/>\n4) - pro r\u00e1my sol\u00e1rn\u00edch panel\u016f, dr\u017e\u00e1ky pro mont\u00e1\u017e sol\u00e1rn\u00edch panel\u016f \/ st\u0159e\u0161n\u00ed krytiny<br \/>\n5) - pro za\u0159\u00edzen\u00ed pr\u016fmyslov\u00fdch mont\u00e1\u017en\u00edch linek<br \/>\n6) - pro chladi\u010de<br \/>\n7) - pro osv\u011btlen\u00ed LED<br \/>\n8) - jin\u00e9 podle velikosti a rozm\u011bru vlastn\u00edho n\u00e1vrhu<\/td>\n<\/tr>\n<tr>\n<td class=\"label\">8. Slu\u017eby<\/td>\n<td>1). Slu\u017eba OEM.<br \/>\n2). Design podle po\u017eadavk\u016f z\u00e1kazn\u00edk\u016f.<br \/>\n3). Na\u0161e modern\u00ed centrum pro hloubkov\u00e9 obr\u00e1b\u011bn\u00ed m\u016f\u017ee prov\u00e1d\u011bt obr\u00e1b\u011bn\u00ed, jako je \u0159ez\u00e1n\u00ed, d\u011brov\u00e1n\u00ed, vrt\u00e1n\u00ed, oh\u00fdb\u00e1n\u00ed, z\u00e1vitov\u00e1n\u00ed atd.<\/td>\n<\/tr>\n<tr>\n<td class=\"label\">9. Kontrola kvality<\/td>\n<td>Provozujeme nejp\u0159\u00edsn\u011bj\u0161\u00ed syst\u00e9m kontroly kvality, 100% kontrola p\u0159ed odesl\u00e1n\u00edm<\/td>\n<\/tr>\n<tr>\n<td class=\"label\">10. Proces<\/td>\n<td>Popt\u00e1vka - Vzorek nebo v\u00fdkres CAD (dodan\u00fd z\u00e1kazn\u00edkem) - V\u00fdkres CAD (na\u0161e spole\u010dnost) - Potvrzen\u00ed v\u00fdkresu - V\u00fdroba formy - Konformace vzorku - Hromadn\u00e1 v\u00fdroba - Kontrola - Dod\u00e1vka  <\/td>\n<\/tr>\n<tr>\n<td class=\"label\">11. Platba<\/td>\n<td>T\/T: 30% pro z\u00e1lohu, z\u016fstatek bude zaplacen p\u0159ed nebo po odesl\u00e1n\u00ed (nebo to v\u0161e z\u00e1vis\u00ed)<\/td>\n<\/tr>\n<tr>\n<td class=\"label\">12. Detail balen\u00ed<\/td>\n<td>Uvnit\u0159: Baleno s plastovou f\u00f3li\u00ed, kter\u00e1 chr\u00e1n\u00ed ka\u017ed\u00fd kus<br \/>\nVenku: Vn\u011bj\u0161\u00ed strana: Svazky zabalte do vod\u011bodoln\u00e9ho \u0159emesln\u00e9ho pap\u00edru nebo EPE f\u00f3lie. K dispozici je \u017e\u00e1dost na m\u00edru<\/td>\n<\/tr>\n<tr>\n<td class=\"label\">13. Doba realizace<\/td>\n<td>V\u00fdvoj forem a testov\u00e1n\u00ed vzork\u016f: 8-15dn\u00ed<\/td>\n<\/tr>\n<\/table>\n<h2>Na\u0161e v\u00fdrobn\u00ed z\u00e1kladna<\/h2>\n<h3>Panorama tov\u00e1rny<\/h3>\n<p><img decoding=\"async\" src=\"\/wp-content\/uploads\/factory-01.webp\"\/><\/p>\n<h3>D\u00edlna na v\u00fdrobu hlin\u00edkov\u00fdch ty\u010d\u00ed<\/h3>\n<p><img decoding=\"async\" src=\"\/wp-content\/uploads\/factory-02.webp\"\/><\/p>\n<\/p>\n<p><img decoding=\"async\" src=\"\/wp-content\/uploads\/factory-03.webp\"\/><\/p>\n<h3>Sklad pl\u00edsn\u00ed<\/h3>\n<p><img decoding=\"async\" src=\"\/wp-content\/uploads\/factory-04.webp\"\/><\/p>\n<h3>43 linek na vytla\u010dov\u00e1n\u00ed hlin\u00edku (500-5500 tun)<\/h3>\n<p><img decoding=\"async\" src=\"\/wp-content\/uploads\/factory-05.webp\"\/><\/p>\n<p><img decoding=\"async\" src=\"\/wp-content\/uploads\/factory-06.webp\"\/><\/p>\n<p><img decoding=\"async\" src=\"\/wp-content\/uploads\/factory-07.webp\"\/><\/p>\n<h3>D\u00edlna pr\u00e1\u0161kov\u00e9ho lakov\u00e1n\u00ed<\/h3>\n<p><img decoding=\"async\" src=\"\/wp-content\/uploads\/factory-09.webp\"\/><\/p>\n<h3>D\u00edlna eloxov\u00e1n\u00ed<\/h3>\n<p><img decoding=\"async\" src=\"\/wp-content\/uploads\/factory-10.webp\"\/><\/p>\n<h3>Workshop o hloubkov\u00e9m zpracov\u00e1n\u00ed<\/h3>\n<p><img decoding=\"async\" src=\"\/wp-content\/uploads\/factory-11.webp\"\/><\/p>\n<h3>D\u00edlna CNC p\u0159esn\u00e9ho obr\u00e1b\u011bn\u00ed<\/h3>\n<p><img decoding=\"async\" src=\"\/wp-content\/uploads\/factory-11.5.webp\"\/><\/p>\n<h3>Sklad hotov\u00fdch v\u00fdrobk\u016f a exportn\u00ed sklad<\/h3>\n<p><img decoding=\"async\" src=\"\/wp-content\/uploads\/factory-12.webp\"\/><\/p>\n<p><img decoding=\"async\" src=\"\/wp-content\/uploads\/factory-13.webp\"\/><\/p>\n<p><img decoding=\"async\" src=\"\/wp-content\/uploads\/factory-14.webp\"\/><\/p>\n<h2>\u010cASTO KLADEN\u00c9 DOTAZY<\/h2>\n<p><b>1.Co jsou hlin\u00edkov\u00e9 okenn\u00ed r\u00e1my s moskyti\u00e9rou?<\/b><\/p>\n<p>Jedn\u00e1 se o syst\u00e9my okenn\u00edch r\u00e1m\u016f z hlin\u00edku se zabudovan\u00fdmi nebo p\u0159ipevniteln\u00fdmi moskyti\u00e9rami, kter\u00e9 umo\u017e\u0148uj\u00ed v\u011btr\u00e1n\u00ed a z\u00e1rove\u0148 chr\u00e1n\u00ed p\u0159ed hmyzem.\n<\/p>\n<p><\/p>\n<p><b>2.Pro\u010d zvolit hlin\u00edkov\u00e9 r\u00e1my pro okna s moskyti\u00e9rou?<\/b><\/p>\n<p>Hlin\u00edkov\u00e9 r\u00e1my jsou pevn\u00e9, lehk\u00e9, odoln\u00e9 proti korozi a ide\u00e1ln\u00ed pro dlouhodob\u00e9 pou\u017e\u00edv\u00e1n\u00ed ve vnit\u0159n\u00edm i venkovn\u00edm prost\u0159ed\u00ed.\n<\/p>\n<p><\/p>\n<p><b>3.Jsou s\u00edt\u011b proti kom\u00e1r\u016fm integrov\u00e1ny do hlin\u00edkov\u00e9ho r\u00e1mu okna?<\/b><\/p>\n<p>Ano, mnoho dodavatel\u016f nab\u00edz\u00ed integrovan\u00e9 nebo zasouvac\u00ed moskyti\u00e9ry pro v\u011bt\u0161\u00ed pohodl\u00ed a funk\u010dnost.\n<\/p>\n<p><\/p>\n<p><b>4.Lze r\u00e1my a s\u00edt\u011b p\u0159izp\u016fsobit?<\/b><\/p>\n<p>Dodavatel\u00e9 samoz\u0159ejm\u011b poskytuj\u00ed p\u0159izp\u016fsoben\u00ed OEM pro rozm\u011bry r\u00e1mu, typ oka, barvu a zp\u016fsob instalace.\n<\/p>\n<p><\/p>\n<p><b>5.Jak\u00e9 typy pletiva se pou\u017e\u00edvaj\u00ed u hlin\u00edkov\u00fdch okenn\u00edch r\u00e1m\u016f?<\/b><\/p>\n<p>Mezi b\u011b\u017en\u00e9 typy pletiva pat\u0159\u00ed sklolamin\u00e1t, nerezov\u00e1 ocel, hlin\u00edk a polyester, kter\u00e9 vyhovuj\u00ed r\u016fzn\u00fdm \u00farovn\u00edm ochrany a estetice.\n<\/p>\n<p><\/p>\n<p><b>6.Jsou hlin\u00edkov\u00e9 r\u00e1my moskyti\u00e9r snadn\u00e9 na instalaci?<\/b><\/p>\n<p>Ano, jsou navr\u017eeny pro jednoduchou mont\u00e1\u017e a lze je namontovat s minimem n\u00e1\u0159ad\u00ed a n\u00e1mahy.\n<\/p>\n<p><\/p>\n<p><b>7.Nab\u00edzej\u00ed dodavatel\u00e9 hromadn\u00e9 ceny hlin\u00edkov\u00fdch r\u00e1m\u016f moskyti\u00e9r?<\/b><\/p>\n<p>Ano, v\u011bt\u0161ina v\u00fdrobc\u016f a dodavatel\u016f nab\u00edz\u00ed konkurenceschopn\u00e9 ceny pro hromadn\u00e9 objedn\u00e1vky a objedn\u00e1vky OEM, aby uspokojili po\u017eadavky projekt\u016f nebo dal\u0161\u00edho prodeje.\n<\/p>\n<p><\/p>","protected":false},"featured_media":7587,"template":"","categories":[67],"class_list":["post-7588","product","type-product","status-publish","has-post-thumbnail","hentry","category-architectural-aluminium-profile"],"meta_box":{"hilight_text_group":{"product_hilight_text":"<li>Durable aluminum window frames provide long-term structural integrity<\/li>\r\r\n<li>Integrated mosquito netting protects against insects without blocking airflow<\/li>\r\r\n<li>Corrosion-resistant and low-maintenance material for all-weather use<\/li>\r\r\n<li>Customizable sizes, mesh types, and frame colors available<\/li>\r\r\n<li>OEM services offered by reliable suppliers at competitive prices<\/li>\r\r\n<li>Easy installation and compatibility with various window systems<\/li>","product_chanpin_blog":"<ul>\r\r\n<li><a href=\"https:\/\/sinoextrud.com\/t-slot-v-slot-differences\/\" target=\"_blank\">t slot vs v slot<\/a><\/li>\r\r\n<li><a href=\"https:\/\/sinoextrud.com\/what-is-4040-aluminium-extrud\/\" target=\"_blank\">4040 aluminium extrusion<\/a><\/li>\r\r\n<li><a href=\"https:\/\/sinoextrud.com\/what-is-4040-aluminium-extrud\/\" target=\"_blank\">aluminum extrusions for industrial racks<\/a><\/li>\r\r\n<li><a href=\"https:\/\/sinoextrud.com\/powder-coating-aluminium-process\/\" target=\"_blank\">powder coating aluminium<\/a><\/li>\r\r\n<li><a href=\"https:\/\/sinoextrud.com\/what-is-an-aluminium-strip-ceiling\/\" target=\"_blank\">aluminium strip ceiling<\/a><\/li>\r\r\n<li><a href=\"https:\/\/sinoextrud.com\/what-is-a-heat-sink\/\" target=\"_blank\">what is a heat sink<\/a><\/li>\r\r\n<\/ul>","product_chanpin_chanpin":"<li><a href=\"https:\/\/sinoextrud.com\/product\/aluminium-windows-with-mosquito-net-profile-catalog-uses-best-factory-price-per-pound\/\" target=\"_blank\">aluminium windows with mosquito net profile catalog uses best Factory Price per pound<\/a><\/li>\r\n<li><a href=\"https:\/\/sinoextrud.com\/product\/aluminum-alloy-6061-h-beams-aluminum-for-medical-clean-room-aluminum-extrusion-t-slot-i-beams-profile-dust-free-frame\/\" target=\"_blank\">Aluminum Alloy 6061 H Beams Aluminum For Medical Clean Room Aluminum Extrusion T Slot I Beams Profile Dust-free Frame<\/a><\/li>\r\n<li><a href=\"https:\/\/sinoextrud.com\/product\/extruded-profiles-aluminium\/\" target=\"_blank\">Extruded Profiles Aluminium<\/a><\/li>\r\n<li><a href=\"https:\/\/sinoextrud.com\/product\/customized-extruded-aluminum-flat-bar-profile\/\" target=\"_blank\">Customized Extruded Aluminum Flat Bar Profile<\/a><\/li>\r\n<li><a href=\"https:\/\/sinoextrud.com\/product\/aluminum-window-frames-mosquito-netting-suppliers\/\" target=\"_blank\">Aluminum Window Frames Mosquito Netting Suppliers<\/a><\/li>\r\n<li><a href=\"https:\/\/sinoextrud.com\/product\/anodized-aluminum-kitchen-profile-for-handle-price\/\" target=\"_blank\">Anodized Aluminum Kitchen Profile For Handle Price<\/a><\/li>\r\n<li><a href=\"https:\/\/sinoextrud.com\/product\/triangular-aluminium-extrusion\/\" target=\"_blank\">Triangular Aluminium Extrusion<\/a><\/li>\r\n<li><a href=\"https:\/\/sinoextrud.com\/product\/aluminum-extrusion-alloys\/\" target=\"_blank\">Aluminum Extrusion Alloys<\/a><\/li>\r\n<li><a href=\"https:\/\/sinoextrud.com\/product\/aluminum-extrusion-frame\/\" target=\"_blank\">Aluminum Extrusion Frame<\/a><\/li>\r\n<li><a href=\"https:\/\/sinoextrud.com\/product\/40mm-aluminium-extrusion\/\" target=\"_blank\">40mm Aluminium Extrusion<\/a><\/li>\r\n<li><a href=\"https:\/\/sinoextrud.com\/product\/factory-cnc-precision-aluminum-parts\/\" target=\"_blank\">Factory Cnc Precision Aluminum Parts<\/a><\/li>"},"feature_list":[]},"_links":{"self":[{"href":"https:\/\/sinoextrud.com\/cs\/wp-json\/wp\/v2\/product\/7588","targetHints":{"allow":["GET"]}}],"collection":[{"href":"https:\/\/sinoextrud.com\/cs\/wp-json\/wp\/v2\/product"}],"about":[{"href":"https:\/\/sinoextrud.com\/cs\/wp-json\/wp\/v2\/types\/product"}],"wp:featuredmedia":[{"embeddable":true,"href":"https:\/\/sinoextrud.com\/cs\/wp-json\/wp\/v2\/media\/7587"}],"wp:attachment":[{"href":"https:\/\/sinoextrud.com\/cs\/wp-json\/wp\/v2\/media?parent=7588"}],"wp:term":[{"taxonomy":"category","embeddable":true,"href":"https:\/\/sinoextrud.com\/cs\/wp-json\/wp\/v2\/categories?post=7588"}],"curies":[{"name":"wp","href":"https:\/\/api.w.org\/{rel}","templated":true}]}}