{"id":7584,"date":"2025-06-09T02:32:59","date_gmt":"2025-06-09T02:32:59","guid":{"rendered":"https:\/\/sinoextrud.com\/product\/extruded-profiles-aluminium\/"},"modified":"2025-06-24T06:13:10","modified_gmt":"2025-06-24T06:13:10","slug":"vytlacovane-hlinikove-profily-2","status":"publish","type":"product","link":"https:\/\/sinoextrud.com\/cs\/product\/extruded-profiles-aluminium\/","title":{"rendered":"Extrudovan\u00e9 profily Hlin\u00edk"},"content":{"rendered":"<h2>Podrobnosti o produktech<\/h2>\n<table class=\"custom-table\">\n<tbody>\n<tr>\n<td> Model NO:<\/td>\n<td> Extrudovan\u00e9 profily Hlin\u00edk<\/td>\n<\/tr>\n<tr>\n<td> Tvar:<\/td>\n<td> \u010ctverec<\/td>\n<\/tr>\n<tr>\n<td> M\u00edrnost:<\/td>\n<td> T3-T8<\/td>\n<\/tr>\n<tr>\n<td> Slitina:<\/td>\n<td> Slitina<\/td>\n<\/tr>\n<tr>\n<td> Leguj\u00edc\u00ed slo\u017eka:<\/td>\n<td> 6063<\/td>\n<\/tr>\n<tr>\n<td> Dokon\u010deno:<\/td>\n<td> eloxovan\u00e9, pr\u00e1\u0161kov\u00e9 lakov\u00e1n\u00ed, d\u0159ev\u011bn\u00e9 zrno atd.<\/td>\n<\/tr>\n<tr>\n<td> Barva:<\/td>\n<td> Siver, \u010dern\u00e1, b\u00edl\u00e1, \u0161ampa\u0148sk\u00e9, bronzov\u00e1, Ral atd.<\/td>\n<\/tr>\n<tr>\n<td> Zna\u010dka:<\/td>\n<td> Zna\u010dka Sinoextrud<\/td>\n<\/tr>\n<tr>\n<td> Datum dod\u00e1n\u00ed:<\/td>\n<td> 15-20 dn\u00ed<\/td>\n<\/tr>\n<tr>\n<td> Ochrann\u00e1 zn\u00e1mka:<\/td>\n<td> Zna\u010dka Sinoextrud<\/td>\n<\/tr>\n<tr>\n<td> P\u016fvod:<\/td>\n<td> Foshan, \u010c\u00edna<\/td>\n<\/tr>\n<tr>\n<td> Typ:<\/td>\n<td> Hlin\u00edkov\u00e9 profily pro okna a dve\u0159e, dekora\u010dn\u00ed hlin\u00edkov\u00e9 profily, hlin\u00edkov\u00e9 profily pro sklen\u011bn\u00e9 st\u011bny, pr\u016fmyslov\u00e9 profily<\/td>\n<\/tr>\n<tr>\n<td> T\u0159\u00edda:<\/td>\n<td> \u0158ada 6000<\/td>\n<\/tr>\n<tr>\n<td> Hlin\u00edkov\u00e9 profily oken a dve\u0159\u00ed:<\/td>\n<td> V\u0161echny serie<\/td>\n<\/tr>\n<tr>\n<td> Povrchov\u00e1 \u00faprava:<\/td>\n<td> eloxov\u00e1n\u00ed, povrchov\u00e1 \u00faprava Power Coating, elektroforetick\u00e1 \u00faprava atd.<\/td>\n<\/tr>\n<tr>\n<td> Certifikace:<\/td>\n<td> CE, ISO, RoHS, TUV<\/td>\n<\/tr>\n<tr>\n<td> Materi\u00e1l:<\/td>\n<td> Slitina hlin\u00edku<\/td>\n<\/tr>\n<tr>\n<td> Minim\u00e1ln\u00ed tlou\u0161\u0165ka:<\/td>\n<td> 1,5 mm<\/td>\n<\/tr>\n<tr>\n<td> Maxim\u00e1ln\u00ed d\u00e9lka:<\/td>\n<td> 7,2 metru<\/td>\n<\/tr>\n<tr>\n<td> Kvalita:<\/td>\n<td> Superior<\/td>\n<\/tr>\n<tr>\n<td> Cena:<\/td>\n<td> Rezonuj\u00edc\u00ed<\/td>\n<\/tr>\n<\/tbody>\n<\/table>\n<h2>Na\u0161e v\u00fdrobn\u00ed z\u00e1kladna<\/h2>\n<h3>Panorama tov\u00e1rny<\/h3>\n<p><img decoding=\"async\" src=\"\/wp-content\/uploads\/factory-01.webp\"\/><\/p>\n<h3>D\u00edlna na v\u00fdrobu hlin\u00edkov\u00fdch ty\u010d\u00ed<\/h3>\n<p><img decoding=\"async\" src=\"\/wp-content\/uploads\/factory-02.webp\"\/><\/p>\n<p><img decoding=\"async\" src=\"\/wp-content\/uploads\/factory-03.webp\"\/><\/p>\n<h3>Sklad pl\u00edsn\u00ed<\/h3>\n<p><img decoding=\"async\" src=\"\/wp-content\/uploads\/factory-04.webp\"\/><\/p>\n<h3>43 linek na vytla\u010dov\u00e1n\u00ed hlin\u00edku (500 - 5500 tun)<\/h3>\n<p><img decoding=\"async\" src=\"\/wp-content\/uploads\/factory-05.webp\"\/><\/p>\n<p><img decoding=\"async\" src=\"\/wp-content\/uploads\/factory-06.webp\"\/><\/p>\n<p><img decoding=\"async\" src=\"\/wp-content\/uploads\/factory-07.webp\"\/><\/p>\n<h3>D\u00edlna pr\u00e1\u0161kov\u00e9ho lakov\u00e1n\u00ed<\/h3>\n<p><img decoding=\"async\" src=\"\/wp-content\/uploads\/factory-09.webp\"\/><\/p>\n<h3>D\u00edlna eloxov\u00e1n\u00ed<\/h3>\n<p><img decoding=\"async\" src=\"\/wp-content\/uploads\/factory-10.webp\"\/><\/p>\n<h3>Workshop o hloubkov\u00e9m zpracov\u00e1n\u00ed<\/h3>\n<p><img decoding=\"async\" src=\"\/wp-content\/uploads\/factory-11.webp\"\/><\/p>\n<h3>D\u00edlna CNC p\u0159esn\u00e9ho obr\u00e1b\u011bn\u00ed<\/h3>\n<p><img decoding=\"async\" src=\"\/wp-content\/uploads\/factory-11.5.webp\"\/><\/p>\n<h3>Sklad hotov\u00fdch v\u00fdrobk\u016f a exportn\u00ed sklad<\/h3>\n<p><img decoding=\"async\" src=\"\/wp-content\/uploads\/factory-12.webp\"\/><\/p>\n<p><img decoding=\"async\" src=\"\/wp-content\/uploads\/factory-13.webp\"\/><\/p>\n<p><img decoding=\"async\" src=\"\/wp-content\/uploads\/factory-14.webp\"\/><\/p>\n<h2>\u010cASTO KLADEN\u00c9 DOTAZY<\/h2>\n<p><p><b>1.Co jsou extrudovan\u00e9 hlin\u00edkov\u00e9 profily?<\/b><\/p>\n<p>Extrudovan\u00e9 profily Hlin\u00edk jsou hlin\u00edkov\u00e9 sou\u010d\u00e1sti, kter\u00e9 se vytv\u00e1\u0159ej\u00ed protla\u010dov\u00e1n\u00edm hlin\u00edku p\u0159es lisovac\u00ed formu a vytv\u00e1\u0159ej\u00ed specifick\u00e9 tvary pr\u016f\u0159ezu pro pr\u016fmyslov\u00e9 a architektonick\u00e9 pou\u017eit\u00ed.<br \/>\n<\/p><br \/>\n<br \/>\n<p><b>2.Pro\u010d pou\u017e\u00edvat lisovan\u00e9 hlin\u00edkov\u00e9 profily?<\/b><\/p>\n<p>Jsou lehk\u00e9, trvanliv\u00e9, odoln\u00e9 proti korozi a snadno se vyr\u00e1b\u011bj\u00ed, tak\u017ee jsou ide\u00e1ln\u00ed pro konstruk\u010dn\u00ed, dekorativn\u00ed a funk\u010dn\u00ed aplikace.<br \/>\n<\/p><br \/>\n<br \/>\n<p><b>3.Lze hlin\u00edkov\u00e9 lisovan\u00e9 profily p\u0159izp\u016fsobit?<\/b><\/p>\n<p>Ano, lze je vyrobit v nestandardn\u00edch tvarech, velikostech, tlou\u0161\u0165k\u00e1ch st\u011bn a povrchov\u00fdch \u00faprav\u00e1ch, aby spl\u0148ovaly specifick\u00e9 po\u017eadavky projektu nebo OEM.<br \/>\n<\/p><br \/>\n<br \/>\n<p><b>4.V jak\u00fdch pr\u016fmyslov\u00fdch odv\u011btv\u00edch se b\u011b\u017en\u011b pou\u017e\u00edvaj\u00ed lisovan\u00e9 hlin\u00edkov\u00e9 profily?<\/b><\/p>\n<p>Jsou \u0161iroce pou\u017e\u00edv\u00e1ny ve stavebnictv\u00ed, automobilov\u00e9m pr\u016fmyslu, elektronice, n\u00e1bytku, sol\u00e1rn\u00edch panelech a strojn\u00edch sou\u010d\u00e1stech.<br \/>\n<\/p><br \/>\n<br \/>\n<p><b>5.Jsou hlin\u00edkov\u00e9 v\u00fdlisky vhodn\u00e9 pro venkovn\u00ed pou\u017eit\u00ed?<\/b><\/p>\n<p>D\u00edky p\u0159irozen\u00e9 vrstv\u011b oxidu hlin\u00edku a voliteln\u00fdm povrchov\u00fdm \u00faprav\u00e1m, jako je eloxov\u00e1n\u00ed, je hlin\u00edk vysoce odoln\u00fd v\u016f\u010di pov\u011btrnostn\u00edm vliv\u016fm a korozi.<br \/>\n<\/p><br \/>\n<br \/>\n<p><b>6.Jak\u00e9 povrchov\u00e9 \u00fapravy jsou k dispozici pro extrudovan\u00e9 hlin\u00edkov\u00e9 profily?<\/b><\/p>\n<p>Mezi b\u011b\u017en\u00e9 povrchov\u00e9 \u00fapravy pat\u0159\u00ed eloxov\u00e1n\u00ed, pr\u00e1\u0161kov\u00e9 lakov\u00e1n\u00ed, elektrofor\u00e9za, p\u00edskov\u00e1n\u00ed a le\u0161t\u011bn\u00ed pro zv\u00fd\u0161en\u00ed odolnosti a estetiky.<br \/>\n<\/p><br \/>\n<br \/>\n<p><b>7.Jsou hlin\u00edkov\u00e9 lisovan\u00e9 profily \u0161etrn\u00e9 k \u017eivotn\u00edmu prost\u0159ed\u00ed?<\/b><\/p>\n<p>Ano, hlin\u00edk je 100% recyklovateln\u00fd a po recyklaci si zachov\u00e1v\u00e1 sv\u00e9 vlastnosti, tak\u017ee je pro v\u00fdrobce udr\u017eitelnou volbou.<br \/>\n<\/p><br \/><\/p>","protected":false},"featured_media":7583,"template":"","categories":[67],"class_list":["post-7584","product","type-product","status-publish","has-post-thumbnail","hentry","category-architectural-aluminium-profile"],"meta_box":{"hilight_text_group":{"product_hilight_text":"<li>High-strength aluminum material suitable for structural and decorative applications<\/li>\r\r\n<li>Lightweight design reduces transportation and installation costs<\/li>\r\r\n<li>Customizable shapes and dimensions for versatile OEM use<\/li>\r\r\n<li>Corrosion-resistant surface for long-term durability in various environments<\/li>\r\r\n<li>Precision extruded for consistent quality and tight tolerances<\/li>\r\r\n<li>Available in a variety of finishes including anodizing and powder coating<\/li>","product_chanpin_blog":"<ul>\r\r\n<li><a href=\"https:\/\/sinoextrud.com\/t-slot-v-slot-differences\/\" target=\"_blank\">t slot vs v slot<\/a><\/li>\r\r\n<li><a href=\"https:\/\/sinoextrud.com\/what-is-4040-aluminium-extrud\/\" target=\"_blank\">4040 aluminium extrusion<\/a><\/li>\r\r\n<li><a href=\"https:\/\/sinoextrud.com\/what-is-4040-aluminium-extrud\/\" target=\"_blank\">aluminum extrusions for industrial racks<\/a><\/li>\r\r\n<li><a href=\"https:\/\/sinoextrud.com\/powder-coating-aluminium-process\/\" target=\"_blank\">powder coating aluminium<\/a><\/li>\r\r\n<li><a href=\"https:\/\/sinoextrud.com\/what-is-an-aluminium-strip-ceiling\/\" target=\"_blank\">aluminium strip ceiling<\/a><\/li>\r\r\n<li><a href=\"https:\/\/sinoextrud.com\/what-is-a-heat-sink\/\" target=\"_blank\">what is a heat sink<\/a><\/li>\r\r\n<\/ul>","product_chanpin_chanpin":"<li><a href=\"https:\/\/sinoextrud.com\/product\/aluminum-curtain-wall-extrusion\/\" target=\"_blank\">Aluminum Curtain Wall Extrusion<\/a><\/li>\r\n<li><a href=\"https:\/\/sinoextrud.com\/product\/aluminium-v-slot-extrusion\/\" target=\"_blank\">Aluminium V Slot Extrusion<\/a><\/li>\r\n<li><a href=\"https:\/\/sinoextrud.com\/product\/aluminium-windows-with-mosquito-net-profile-catalog-uses-best-factory-price-per-pound\/\" target=\"_blank\">aluminium windows with mosquito net profile catalog uses best Factory Price per pound<\/a><\/li>\r\n<li><a href=\"https:\/\/sinoextrud.com\/product\/aluminum-alloy-6061-h-beams-aluminum-for-medical-clean-room-aluminum-extrusion-t-slot-i-beams-profile-dust-free-frame\/\" target=\"_blank\">Aluminum Alloy 6061 H Beams Aluminum For Medical Clean Room Aluminum Extrusion T Slot I Beams Profile Dust-free Frame<\/a><\/li>\r\n<li><a href=\"https:\/\/sinoextrud.com\/product\/extruded-profiles-aluminium\/\" target=\"_blank\">Extruded Profiles Aluminium<\/a><\/li>\r\n<li><a href=\"https:\/\/sinoextrud.com\/product\/customized-extruded-aluminum-flat-bar-profile\/\" target=\"_blank\">Customized Extruded Aluminum Flat Bar Profile<\/a><\/li>\r\n<li><a href=\"https:\/\/sinoextrud.com\/product\/aluminum-window-frames-mosquito-netting-suppliers\/\" target=\"_blank\">Aluminum Window Frames Mosquito Netting Suppliers<\/a><\/li>\r\n<li><a href=\"https:\/\/sinoextrud.com\/product\/anodized-aluminum-kitchen-profile-for-handle-price\/\" target=\"_blank\">Anodized Aluminum Kitchen Profile For Handle Price<\/a><\/li>\r\n<li><a href=\"https:\/\/sinoextrud.com\/product\/triangular-aluminium-extrusion\/\" target=\"_blank\">Triangular Aluminium Extrusion<\/a><\/li>\r\n<li><a href=\"https:\/\/sinoextrud.com\/product\/extrusion-aluminum-shutter-profile-free-mould\/\" target=\"_blank\">Extrusion Aluminum Shutter Profile Free Mould<\/a><\/li>\r\n<li><a href=\"https:\/\/sinoextrud.com\/product\/aluminum-profile-solar\/\" target=\"_blank\">Aluminum Profile Solar<\/a><\/li>"},"feature_list":[]},"_links":{"self":[{"href":"https:\/\/sinoextrud.com\/cs\/wp-json\/wp\/v2\/product\/7584","targetHints":{"allow":["GET"]}}],"collection":[{"href":"https:\/\/sinoextrud.com\/cs\/wp-json\/wp\/v2\/product"}],"about":[{"href":"https:\/\/sinoextrud.com\/cs\/wp-json\/wp\/v2\/types\/product"}],"wp:featuredmedia":[{"embeddable":true,"href":"https:\/\/sinoextrud.com\/cs\/wp-json\/wp\/v2\/media\/7583"}],"wp:attachment":[{"href":"https:\/\/sinoextrud.com\/cs\/wp-json\/wp\/v2\/media?parent=7584"}],"wp:term":[{"taxonomy":"category","embeddable":true,"href":"https:\/\/sinoextrud.com\/cs\/wp-json\/wp\/v2\/categories?post=7584"}],"curies":[{"name":"wp","href":"https:\/\/api.w.org\/{rel}","templated":true}]}}