{"id":7572,"date":"2025-06-09T01:59:12","date_gmt":"2025-06-09T01:59:12","guid":{"rendered":"https:\/\/sinoextrud.com\/product\/oem-aluminum-manufacturing-processes-cnc-machining\/"},"modified":"2025-06-24T06:13:08","modified_gmt":"2025-06-24T06:13:08","slug":"oem-hlinikove-vyrobni-procesy-cnc-obrabeni","status":"publish","type":"product","link":"https:\/\/sinoextrud.com\/cs\/product\/oem-aluminum-manufacturing-processes-cnc-machining\/","title":{"rendered":"OEM hlin\u00edkov\u00e9 v\u00fdrobn\u00ed procesy CNC obr\u00e1b\u011bn\u00ed"},"content":{"rendered":"<h2>Podrobnosti o produktech<\/h2>\n<table class=\"custom-table\">\n<tr>\n<td class=\"label\">Certifikace:<\/td>\n<td> CE, RoHS, SGS, ISO9001<\/td>\n<\/tr>\n<tr>\n<td class=\"label\">Polo\u017eka:<\/td>\n<td> CNC strojn\u00ed hlin\u00edk<\/td>\n<\/tr>\n<tr>\n<td class=\"label\">Materi\u00e1l:<\/td>\n<td> Kov<\/td>\n<\/tr>\n<tr>\n<td class=\"label\">N\u00e1zev produktu:<\/td>\n<td> CNC obr\u00e1b\u011bn\u00ed<\/td>\n<\/tr>\n<tr>\n<td class=\"label\">Povrchov\u00e1 \u00faprava:<\/td>\n<td> Lakov\u00e1n\u00ed, p\u00edskov\u00e1n\u00ed, eloxov\u00e1n\u00ed atd.<\/td>\n<\/tr>\n<tr>\n<td class=\"label\">MOQ:<\/td>\n<td> Podle typu Tvar <\/td>\n<\/tr>\n<tr>\n<td class=\"label\">Kontrola kvality:<\/td>\n<td> 100% Kontrola kvality<\/td>\n<\/tr>\n<tr>\n<td class=\"label\">Kl\u00ed\u010dov\u00e9 vlastnosti:<\/td>\n<td> P\u0159esn\u00e1 velikost, barevn\u00e9<\/td>\n<\/tr>\n<tr>\n<td class=\"label\">Specifikace:<\/td>\n<td> OEM<\/td>\n<\/tr>\n<tr>\n<td class=\"label\">Stav:<\/td>\n<td> Nov\u00fd<\/td>\n<\/tr>\n<tr>\n<td class=\"label\">Na m\u00edru:<\/td>\n<td> P\u0159izp\u016fsoben\u00e9<\/td>\n<\/tr>\n<tr>\n<td class=\"label\">Pou\u017eit\u00ed:<\/td>\n<td> Recykla\u010dn\u00ed stroje na kovy, \u0159ezac\u00ed stroje na kovy, sou\u010d\u00e1sti stroj\u016f na zpracov\u00e1n\u00ed kov\u016f, stroje na grav\u00edrov\u00e1n\u00ed kov\u016f, stroje na odl\u00e9v\u00e1n\u00ed kov\u016f, CNC \u0159ezac\u00ed stroje na hlin\u00edk<\/td>\n<\/tr>\n<tr>\n<td class=\"label\">Um\u00edst\u011bn\u00ed tov\u00e1rny:<\/td>\n<td> Guangzhou, Foshan, Shenzhen \u010c\u00edna<\/td>\n<\/tr>\n<tr>\n<td class=\"label\">Uk\u00e1zka:<\/td>\n<td> Dostupn\u00e9 na<\/td>\n<\/tr>\n<tr>\n<td class=\"label\">OEM\/ODM:<\/td>\n<td> P\u0159ijateln\u00e9<\/td>\n<\/tr>\n<tr>\n<td class=\"label\">P\u0159epravn\u00ed bal\u00ed\u010dek:<\/td>\n<td> (1) Uvnit\u0159: baleno s plastovou ochrannou f\u00f3li\u00ed, kter\u00e1 chr\u00e1n\u00ed ka\u017ed\u00fd profil.<\/td>\n<\/tr>\n<tr>\n<td class=\"label\">            <\/td>\n<td> (2) Vn\u011bj\u0161\u00ed strana: zabalen\u00e1 s vodn\u00edm pap\u00edrem.<\/td>\n<\/tr>\n<tr>\n<td class=\"label\">P\u016fvod:<\/td>\n<td> Foshan \u010c\u00edna<\/td>\n<\/tr>\n<\/table>\n<h2>Na\u0161e v\u00fdrobn\u00ed z\u00e1kladna<\/h2>\n<h3>Panorama tov\u00e1rny<\/h3>\n<p><img decoding=\"async\" src=\"\/wp-content\/uploads\/factory-01.webp\"\/><\/p>\n<h3>D\u00edlna na v\u00fdrobu hlin\u00edkov\u00fdch ty\u010d\u00ed<\/h3>\n<p><img decoding=\"async\" src=\"\/wp-content\/uploads\/factory-02.webp\"\/><\/p>\n<\/p>\n<p><img decoding=\"async\" src=\"\/wp-content\/uploads\/factory-03.webp\"\/><\/p>\n<h3>Sklad pl\u00edsn\u00ed<\/h3>\n<p><img decoding=\"async\" src=\"\/wp-content\/uploads\/factory-04.webp\"\/><\/p>\n<h3>43 linek na vytla\u010dov\u00e1n\u00ed hlin\u00edku (500-5500 tun)<\/h3>\n<p><img decoding=\"async\" src=\"\/wp-content\/uploads\/factory-05.webp\"\/><\/p>\n<p><img decoding=\"async\" src=\"\/wp-content\/uploads\/factory-06.webp\"\/><\/p>\n<p><img decoding=\"async\" src=\"\/wp-content\/uploads\/factory-07.webp\"\/><\/p>\n<h3>D\u00edlna pr\u00e1\u0161kov\u00e9ho lakov\u00e1n\u00ed<\/h3>\n<p><img decoding=\"async\" src=\"\/wp-content\/uploads\/factory-09.webp\"\/><\/p>\n<h3>D\u00edlna eloxov\u00e1n\u00ed<\/h3>\n<p><img decoding=\"async\" src=\"\/wp-content\/uploads\/factory-10.webp\"\/><\/p>\n<h3>Workshop o hloubkov\u00e9m zpracov\u00e1n\u00ed<\/h3>\n<p><img decoding=\"async\" src=\"\/wp-content\/uploads\/factory-11.webp\"\/><\/p>\n<h3>D\u00edlna CNC p\u0159esn\u00e9ho obr\u00e1b\u011bn\u00ed<\/h3>\n<p><img decoding=\"async\" src=\"\/wp-content\/uploads\/factory-11.5.webp\"\/><\/p>\n<h3>Sklad hotov\u00fdch v\u00fdrobk\u016f a exportn\u00ed sklad<\/h3>\n<p><img decoding=\"async\" src=\"\/wp-content\/uploads\/factory-12.webp\"\/><\/p>\n<p><img decoding=\"async\" src=\"\/wp-content\/uploads\/factory-13.webp\"\/><\/p>\n<p><img decoding=\"async\" src=\"\/wp-content\/uploads\/factory-14.webp\"\/><\/p>\n<h2>\u010cASTO KLADEN\u00c9 DOTAZY<\/h2>\n<p><b>1.Co je OEM v\u00fdroba hlin\u00edku s CNC obr\u00e1b\u011bn\u00edm?<\/b><\/p>\n<p>Jedn\u00e1 se o zak\u00e1zkovou v\u00fdrobu hlin\u00edkov\u00fdch d\u00edl\u016f pomoc\u00ed CNC obr\u00e1b\u011bn\u00ed, kter\u00e9 jsou navr\u017eeny tak, aby spl\u0148ovaly specifick\u00e9 po\u017eadavky OEM s vysokou p\u0159esnost\u00ed.\n<\/p>\n<p><\/p>\n<p><b>2.Pro\u010d zvolit CNC obr\u00e1b\u011bn\u00ed pro v\u00fdrobu hlin\u00edku?<\/b><\/p>\n<p>CNC obr\u00e1b\u011bn\u00ed nab\u00edz\u00ed p\u0159\u00edsn\u00e9 tolerance, vysokou opakovatelnost a schopnost vytv\u00e1\u0159et slo\u017eit\u00e9 geometrie hlin\u00edkov\u00fdch d\u00edl\u016f.\n<\/p>\n<p><\/p>\n<p><b>3.Je CNC obr\u00e1b\u011bn\u00fd hlin\u00edk vhodn\u00fd pro vysoce v\u00fdkonn\u00e9 aplikace?<\/b><\/p>\n<p>Ano, CNC obr\u00e1b\u011bn\u00e9 hlin\u00edkov\u00e9 d\u00edly se d\u00edky sv\u00e9 pevnosti a p\u0159esnosti pou\u017e\u00edvaj\u00ed v leteck\u00e9m, automobilov\u00e9m, elektronick\u00e9m a zdravotnick\u00e9m pr\u016fmyslu.\n<\/p>\n<p><\/p>\n<p><b>4.Can OEM hlin\u00edkov\u00e9 CNC d\u00edly b\u00fdt p\u0159izp\u016fsobeny?<\/b><\/p>\n<p>V\u0161echny rozm\u011bry, vlastnosti a povrchov\u00e9 \u00fapravy lze zcela p\u0159izp\u016fsobit na z\u00e1klad\u011b technick\u00fdch v\u00fdkres\u016f nebo vzork\u016f z\u00e1kazn\u00edka.\n<\/p>\n<p><\/p>\n<p><b>5.Jak\u00e9 jsou v\u00fdhody spolupr\u00e1ce s OEM v\u00fdrobcem hlin\u00edku?<\/b><\/p>\n<p>Spolupr\u00e1ce s OEM v\u00fdrobcem hlin\u00edku zaji\u0161\u0165uje kontrolu kvality, flexibilitu designu, efektivitu n\u00e1klad\u016f a rychl\u00e9 v\u00fdrobn\u00ed \u010dasy.\n<\/p>\n<p><\/p>\n<p><b>6.Jak\u00e9 povrchov\u00e9 \u00fapravy jsou k dispozici pro CNC obr\u00e1b\u011bn\u00e9 hlin\u00edkov\u00e9 d\u00edly?<\/b><\/p>\n<p>Dostupn\u00e9 povrchov\u00e9 \u00fapravy zahrnuj\u00ed eloxov\u00e1n\u00ed, pr\u00e1\u0161kov\u00e9 lakov\u00e1n\u00ed, p\u00edskov\u00e1n\u00ed, le\u0161t\u011bn\u00ed a dal\u0161\u00ed v z\u00e1vislosti na funk\u010dn\u00edch a estetick\u00fdch po\u017eadavc\u00edch.\n<\/p>\n<p><\/p>\n<p><b>7.Je CNC obr\u00e1b\u011bn\u00ed pro v\u00fdrobu hlin\u00edkov\u00fdch prototyp\u016f n\u00e1kladov\u011b efektivn\u00ed?<\/b><\/p>\n<p>Ano, CNC obr\u00e1b\u011bn\u00ed je ide\u00e1ln\u00ed pro v\u00fdrobu prototyp\u016f d\u00edky sv\u00e9 rychlosti, p\u0159esnosti a flexibilit\u011b, kter\u00e1 umo\u017e\u0148uje rychl\u00e9 ov\u011b\u0159en\u00ed n\u00e1vrhu p\u0159ed s\u00e9riovou v\u00fdrobou.\n<\/p>\n<p><\/p>","protected":false},"featured_media":7571,"template":"","categories":[67],"class_list":["post-7572","product","type-product","status-publish","has-post-thumbnail","hentry","category-architectural-aluminium-profile"],"meta_box":{"hilight_text_group":{"product_hilight_text":"<li>High-precision CNC machining for complex aluminum parts<\/li>\r\r\n<li>Custom OEM production tailored to client specifications<\/li>\r\r\n<li>Fast turnaround with consistent quality and tight tolerances<\/li>\r\r\n<li>Supports low- to high-volume manufacturing requirements<\/li>\r\r\n<li>Advanced equipment ensures smooth surface finish and accuracy<\/li>\r\r\n<li>Cost-effective solution for aluminum prototyping and production<\/li>","product_chanpin_blog":"<ul>\r\r\n<li><a href=\"https:\/\/sinoextrud.com\/t-slot-v-slot-differences\/\" target=\"_blank\">t slot vs v slot<\/a><\/li>\r\r\n<li><a href=\"https:\/\/sinoextrud.com\/what-is-4040-aluminium-extrud\/\" target=\"_blank\">4040 aluminium extrusion<\/a><\/li>\r\r\n<li><a href=\"https:\/\/sinoextrud.com\/what-is-4040-aluminium-extrud\/\" target=\"_blank\">aluminum extrusions for industrial racks<\/a><\/li>\r\r\n<li><a href=\"https:\/\/sinoextrud.com\/powder-coating-aluminium-process\/\" target=\"_blank\">powder coating aluminium<\/a><\/li>\r\r\n<li><a href=\"https:\/\/sinoextrud.com\/what-is-an-aluminium-strip-ceiling\/\" target=\"_blank\">aluminium strip ceiling<\/a><\/li>\r\r\n<li><a href=\"https:\/\/sinoextrud.com\/what-is-a-heat-sink\/\" target=\"_blank\">what is a heat sink<\/a><\/li>\r\r\n<\/ul>","product_chanpin_chanpin":"<li><a href=\"https:\/\/sinoextrud.com\/product\/aluminum-u-profile-glass-railing\/\" target=\"_blank\">Aluminum U profile Glass Railing<\/a><\/li>\r\n<li><a href=\"https:\/\/sinoextrud.com\/product\/aluminium-screen-door-extrusions\/\" target=\"_blank\">Aluminium Screen Door Extrusions<\/a><\/li>\r\n<li><a href=\"https:\/\/sinoextrud.com\/product\/anodized-colorful-oem-aluminium-profile-for-decoration-furniture-accessory-price\/\" target=\"_blank\">Anodized Colorful OEM Aluminium Profile For Decoration Furniture Accessory price<\/a><\/li>\r\n<li><a href=\"https:\/\/sinoextrud.com\/product\/sliver-anodized-aluminum-extrusions-kitchen-cabinets-profiles-frame\/\" target=\"_blank\">Sliver Anodized Aluminum Extrusions Kitchen Cabinets Profiles Frame<\/a><\/li>\r\n<li><a href=\"https:\/\/sinoextrud.com\/product\/oem-aluminum-manufacturing-processes-cnc-machining\/\" target=\"_blank\">OEM Aluminum Manufacturing Processes CNC Machining<\/a><\/li>\r\n<li><a href=\"https:\/\/sinoextrud.com\/product\/extruded-aluminum-louver-blade-profile\/\" target=\"_blank\">Extruded Aluminum Louver Blade Profile<\/a><\/li>\r\n<li><a href=\"https:\/\/sinoextrud.com\/product\/aluminum-curtain-wall-extrusion\/\" target=\"_blank\">Aluminum Curtain Wall Extrusion<\/a><\/li>\r\n<li><a href=\"https:\/\/sinoextrud.com\/product\/aluminium-v-slot-extrusion\/\" target=\"_blank\">Aluminium V Slot Extrusion<\/a><\/li>\r\n<li><a href=\"https:\/\/sinoextrud.com\/product\/aluminium-windows-with-mosquito-net-profile-catalog-uses-best-factory-price-per-pound\/\" target=\"_blank\">aluminium windows with mosquito net profile catalog uses best Factory Price per pound<\/a><\/li>\r\n<li><a href=\"https:\/\/sinoextrud.com\/product\/sand-blastedsand-blastedaluminium-profile-extuded-for-handrail-and-barrier-with-internation-standard\/\" target=\"_blank\">Sand BlastedSand BlastedAluminium Profile Extuded For Handrail And Barrier With Internation Standard<\/a><\/li>\r\n<li><a href=\"https:\/\/sinoextrud.com\/product\/soundproofed-watertigh\/\" target=\"_blank\">Soundproofed Watertight Wind resistant occulting frame powder coated Facade Cladding and Glass wall aluminium profile<\/a><\/li>"},"feature_list":[]},"_links":{"self":[{"href":"https:\/\/sinoextrud.com\/cs\/wp-json\/wp\/v2\/product\/7572","targetHints":{"allow":["GET"]}}],"collection":[{"href":"https:\/\/sinoextrud.com\/cs\/wp-json\/wp\/v2\/product"}],"about":[{"href":"https:\/\/sinoextrud.com\/cs\/wp-json\/wp\/v2\/types\/product"}],"wp:featuredmedia":[{"embeddable":true,"href":"https:\/\/sinoextrud.com\/cs\/wp-json\/wp\/v2\/media\/7571"}],"wp:attachment":[{"href":"https:\/\/sinoextrud.com\/cs\/wp-json\/wp\/v2\/media?parent=7572"}],"wp:term":[{"taxonomy":"category","embeddable":true,"href":"https:\/\/sinoextrud.com\/cs\/wp-json\/wp\/v2\/categories?post=7572"}],"curies":[{"name":"wp","href":"https:\/\/api.w.org\/{rel}","templated":true}]}}