{"id":7568,"date":"2025-06-09T01:52:18","date_gmt":"2025-06-09T01:52:18","guid":{"rendered":"https:\/\/sinoextrud.com\/product\/anodized-colorful-oem-aluminium-profile-for-decoration-furniture-accessory-price\/"},"modified":"2025-06-24T06:13:06","modified_gmt":"2025-06-24T06:13:06","slug":"eloxovany-barevny-oem-hlinikovy-profil-pro-dekoraci-nabytku-cena-prislusenstvi","status":"publish","type":"product","link":"https:\/\/sinoextrud.com\/cs\/product\/anodized-colorful-oem-aluminium-profile-for-decoration-furniture-accessory-price\/","title":{"rendered":"eloxovan\u00fd barevn\u00fd hlin\u00edkov\u00fd profil OEM pro dekoraci n\u00e1bytku p\u0159\u00edslu\u0161enstv\u00ed cena"},"content":{"rendered":"<h2>Podrobnosti o produktech<\/h2>\n<table class=\"custom-table\">\n<tbody>\n<tr>\n<td> <strong>N\u00e1zev produktu<\/strong><\/td>\n<td> S\u00e9rie 6000 hlin\u00edkov\u00e9 slitiny vytla\u010dov\u00e1n\u00ed n\u00e1bytku profil<\/td>\n<\/tr>\n<tr>\n<td> <strong>Materi\u00e1l<\/strong><\/td>\n<td> slitina hlin\u00edku<\/td>\n<\/tr>\n<tr>\n<td> <strong>Barva<\/strong><\/td>\n<td> p\u0159\u00edrodn\u00ed<\/td>\n<\/tr>\n<tr>\n<td> <strong>Standardn\u00ed<\/strong><\/td>\n<td> GB\/5237-2004<\/td>\n<\/tr>\n<tr>\n<td> <strong>T\u0159\u00edda<\/strong><\/td>\n<td> 6005\/6061\/6063<\/td>\n<\/tr>\n<tr>\n<td> <strong>Povrch<\/strong><\/td>\n<td> fr\u00e9zov\u00e1n\u00ed, eloxov\u00e1n\u00ed, p\u00edskov\u00e1n\u00ed, pr\u00e1\u0161kov\u00e9 lakov\u00e1n\u00ed atd.<\/td>\n<\/tr>\n<tr>\n<td> <strong>Hloubkov\u00e9 zpracov\u00e1n\u00ed<\/strong><\/td>\n<td> \u0159ez\u00e1n\u00ed, vrt\u00e1n\u00ed, z\u00e1vitov\u00e1n\u00ed, oh\u00fdb\u00e1n\u00ed atd.<\/td>\n<\/tr>\n<tr>\n<td> <strong>Pou\u017eit\u00e9<\/strong><\/td>\n<td> stavebn\u00ed stroje<\/td>\n<\/tr>\n<\/tbody>\n<\/table>\n<h2>Na\u0161e v\u00fdrobn\u00ed z\u00e1kladna<\/h2>\n<h3>Panorama tov\u00e1rny<\/h3>\n<p><img decoding=\"async\" src=\"\/wp-content\/uploads\/factory-01.webp\"\/><\/p>\n<h3>D\u00edlna na v\u00fdrobu hlin\u00edkov\u00fdch ty\u010d\u00ed<\/h3>\n<p><img decoding=\"async\" src=\"\/wp-content\/uploads\/factory-02.webp\"\/><\/p>\n<p><img decoding=\"async\" src=\"\/wp-content\/uploads\/factory-03.webp\"\/><\/p>\n<h3>Sklad pl\u00edsn\u00ed<\/h3>\n<p><img decoding=\"async\" src=\"\/wp-content\/uploads\/factory-04.webp\"\/><\/p>\n<h3>43 linek na vytla\u010dov\u00e1n\u00ed hlin\u00edku (500 - 5500 tun)<\/h3>\n<p><img decoding=\"async\" src=\"\/wp-content\/uploads\/factory-05.webp\"\/><\/p>\n<p><img decoding=\"async\" src=\"\/wp-content\/uploads\/factory-06.webp\"\/><\/p>\n<p><img decoding=\"async\" src=\"\/wp-content\/uploads\/factory-07.webp\"\/><\/p>\n<h3>D\u00edlna pr\u00e1\u0161kov\u00e9ho lakov\u00e1n\u00ed<\/h3>\n<p><img decoding=\"async\" src=\"\/wp-content\/uploads\/factory-09.webp\"\/><\/p>\n<h3>D\u00edlna eloxov\u00e1n\u00ed<\/h3>\n<p><img decoding=\"async\" src=\"\/wp-content\/uploads\/factory-10.webp\"\/><\/p>\n<h3>Workshop o hloubkov\u00e9m zpracov\u00e1n\u00ed<\/h3>\n<p><img decoding=\"async\" src=\"\/wp-content\/uploads\/factory-11.webp\"\/><\/p>\n<h3>D\u00edlna CNC p\u0159esn\u00e9ho obr\u00e1b\u011bn\u00ed<\/h3>\n<p><img decoding=\"async\" src=\"\/wp-content\/uploads\/factory-11.5.webp\"\/><\/p>\n<h3>Sklad hotov\u00fdch v\u00fdrobk\u016f a exportn\u00ed sklad<\/h3>\n<p><img decoding=\"async\" src=\"\/wp-content\/uploads\/factory-12.webp\"\/><\/p>\n<p><img decoding=\"async\" src=\"\/wp-content\/uploads\/factory-13.webp\"\/><\/p>\n<p><img decoding=\"async\" src=\"\/wp-content\/uploads\/factory-14.webp\"\/><\/p>\n<h2>\u010cASTO KLADEN\u00c9 DOTAZY<\/h2>\n<p><p><b>1.Co je eloxovan\u00fd barevn\u00fd hlin\u00edkov\u00fd profil OEM pro dekoraci n\u00e1bytku?<\/b><\/p>\n<p>Jedn\u00e1 se o na zak\u00e1zku navr\u017een\u00fd hlin\u00edkov\u00fd v\u00fdlisek s eloxovanou barevnou \u00fapravou, kter\u00fd se pou\u017e\u00edv\u00e1 v dekorativn\u00edch n\u00e1bytkov\u00fdch dopl\u0148c\u00edch pro modern\u00ed a odoln\u00fd vzhled.<br \/>\n<\/p><br \/>\n<br \/>\n<p><b>2.Pro\u010d zvolit eloxovan\u00e9 hlin\u00edkov\u00e9 profily pro n\u00e1bytkov\u00e9 dopl\u0148ky?<\/b><\/p>\n<p>Eloxovan\u00e9 hlin\u00edkov\u00e9 profily nab\u00edzej\u00ed zv\u00fd\u0161enou trvanlivost, odolnost proti korozi a \u017eiv\u00e9 barvy odoln\u00e9 proti vyblednut\u00ed, kter\u00e9 jsou ide\u00e1ln\u00ed pro dekorativn\u00ed aplikace.<br \/>\n<\/p><br \/>\n<br \/>\n<p><b>3.Lze hlin\u00edkov\u00e9 profily OEM tvarov\u011b a barevn\u011b p\u0159izp\u016fsobit?<\/b><\/p>\n<p>Ano, hlin\u00edkov\u00e9 profily OEM lze barevn\u011b, tvarov\u011b a rozm\u011brov\u011b p\u0159izp\u016fsobit konkr\u00e9tn\u00edmu designu n\u00e1bytku a pot\u0159eb\u00e1m zna\u010dky.<br \/>\n<\/p><br \/>\n<br \/>\n<p><b>4.Je eloxovan\u00e1 povrchov\u00e1 \u00faprava vhodn\u00e1 pro dlouhodob\u00e9 pou\u017e\u00edv\u00e1n\u00ed v interi\u00e9ru?<\/b><\/p>\n<p>Eloxovan\u00e9 povrchov\u00e9 \u00fapravy jsou vysoce odoln\u00e9 a ide\u00e1ln\u00ed pro pou\u017eit\u00ed v interi\u00e9ru n\u00e1bytku, kde si v pr\u016fb\u011bhu \u010dasu zachov\u00e1vaj\u00ed barvu a vzhled.<br \/>\n<\/p><br \/>\n<br \/>\n<p><b>5.Jak je na tom eloxovan\u00fd hlin\u00edk v porovn\u00e1n\u00ed s lakovan\u00fdmi nebo lakovan\u00fdmi profily?<\/b><\/p>\n<p>Eloxovan\u00fd hlin\u00edk poskytuje tvrd\u0161\u00ed a odoln\u011bj\u0161\u00ed povrch s lep\u0161\u00ed barevnou st\u00e1lost\u00ed a odolnost\u00ed proti opot\u0159eben\u00ed ve srovn\u00e1n\u00ed s lakovan\u00fdmi nebo pr\u00e1\u0161kov\u011b lakovan\u00fdmi profily.<br \/>\n<\/p><br \/>\n<br \/>\n<p><b>6.Lze tyto hlin\u00edkov\u00e9 profily pou\u017e\u00edvat v prost\u0159ed\u00ed s vysokou vlhkost\u00ed?<\/b><\/p>\n<p>Ano, eloxovan\u00fd povrch zvy\u0161uje odolnost proti korozi, tak\u017ee jsou vhodn\u00e9 do kuchyn\u00ed, koupelen a dal\u0161\u00edch prostor n\u00e1chyln\u00fdch k vlhkosti.<br \/>\n<\/p><br \/>\n<br \/>\n<p><b>7.Jak\u00e9 je typick\u00e9 cenov\u00e9 rozp\u011bt\u00ed pro OEM eloxovan\u00e9 hlin\u00edkov\u00e9 profily?<\/b><\/p>\n<p>Ceny se li\u0161\u00ed v z\u00e1vislosti na slo\u017eitosti designu, mno\u017estv\u00ed a povrchov\u00e9 \u00faprav\u011b, ale jsou konkurenceschopn\u00e9 pro standardn\u00ed i zak\u00e1zkov\u00e9 hromadn\u00e9 objedn\u00e1vky.<br \/>\n<\/p><br \/><\/p>","protected":false},"featured_media":7567,"template":"","categories":[67],"class_list":["post-7568","product","type-product","status-publish","has-post-thumbnail","hentry","category-architectural-aluminium-profile"],"meta_box":{"hilight_text_group":{"product_hilight_text":"<li>High-quality anodized finish offers vibrant, long-lasting color<\/li>\r\r\n<li>Custom OEM designs available for unique furniture applications<\/li>\r\r\n<li>Corrosion-resistant surface ideal for indoor and light-duty outdoor use<\/li>\r\r\n<li>Lightweight and easy to integrate into decorative furniture systems<\/li>\r\r\n<li>Precise extrusion ensures seamless fit and professional appearance<\/li>\r\r\n<li>Competitive pricing for bulk orders and customized specifications<\/li>","product_chanpin_blog":"<ul>\r\r\n<li><a href=\"https:\/\/sinoextrud.com\/t-slot-v-slot-differences\/\" target=\"_blank\">t slot vs v slot<\/a><\/li>\r\r\n<li><a href=\"https:\/\/sinoextrud.com\/what-is-4040-aluminium-extrud\/\" target=\"_blank\">4040 aluminium extrusion<\/a><\/li>\r\r\n<li><a href=\"https:\/\/sinoextrud.com\/what-is-4040-aluminium-extrud\/\" target=\"_blank\">aluminum extrusions for industrial racks<\/a><\/li>\r\r\n<li><a href=\"https:\/\/sinoextrud.com\/powder-coating-aluminium-process\/\" target=\"_blank\">powder coating aluminium<\/a><\/li>\r\r\n<li><a href=\"https:\/\/sinoextrud.com\/what-is-an-aluminium-strip-ceiling\/\" target=\"_blank\">aluminium strip ceiling<\/a><\/li>\r\r\n<li><a href=\"https:\/\/sinoextrud.com\/what-is-a-heat-sink\/\" target=\"_blank\">what is a heat sink<\/a><\/li>\r\r\n<\/ul>","product_chanpin_chanpin":"<li><a href=\"https:\/\/sinoextrud.com\/product\/extruded-aluminium-skirting-aluminium-skirting-board\/\" target=\"_blank\">Extruded Aluminium Skirting Aluminium Skirting Board<\/a><\/li>\r\n<li><a href=\"https:\/\/sinoextrud.com\/product\/aluminum-section-window\/\" target=\"_blank\">Aluminum Section Window<\/a><\/li>\r\n<li><a href=\"https:\/\/sinoextrud.com\/product\/aluminum-u-profile-glass-railing\/\" target=\"_blank\">Aluminum U profile Glass Railing<\/a><\/li>\r\n<li><a href=\"https:\/\/sinoextrud.com\/product\/aluminium-screen-door-extrusions\/\" target=\"_blank\">Aluminium Screen Door Extrusions<\/a><\/li>\r\n<li><a href=\"https:\/\/sinoextrud.com\/product\/anodized-colorful-oem-aluminium-profile-for-decoration-furniture-accessory-price\/\" target=\"_blank\">Anodized Colorful OEM Aluminium Profile For Decoration Furniture Accessory price<\/a><\/li>\r\n<li><a href=\"https:\/\/sinoextrud.com\/product\/sliver-anodized-aluminum-extrusions-kitchen-cabinets-profiles-frame\/\" target=\"_blank\">Sliver Anodized Aluminum Extrusions Kitchen Cabinets Profiles Frame<\/a><\/li>\r\n<li><a href=\"https:\/\/sinoextrud.com\/product\/oem-aluminum-manufacturing-processes-cnc-machining\/\" target=\"_blank\">OEM Aluminum Manufacturing Processes CNC Machining<\/a><\/li>\r\n<li><a href=\"https:\/\/sinoextrud.com\/product\/extruded-aluminum-louver-blade-profile\/\" target=\"_blank\">Extruded Aluminum Louver Blade Profile<\/a><\/li>\r\n<li><a href=\"https:\/\/sinoextrud.com\/product\/aluminum-curtain-wall-extrusion\/\" target=\"_blank\">Aluminum Curtain Wall Extrusion<\/a><\/li>\r\n<li><a href=\"https:\/\/sinoextrud.com\/product\/aluminium-shower-extrusions\/\" target=\"_blank\">Aluminium Shower Extrusions<\/a><\/li>\r\n<li><a href=\"https:\/\/sinoextrud.com\/product\/customized-structural-aluminum-profiles\/\" target=\"_blank\">Customized Structural Aluminum Profiles<\/a><\/li>"},"feature_list":[]},"_links":{"self":[{"href":"https:\/\/sinoextrud.com\/cs\/wp-json\/wp\/v2\/product\/7568","targetHints":{"allow":["GET"]}}],"collection":[{"href":"https:\/\/sinoextrud.com\/cs\/wp-json\/wp\/v2\/product"}],"about":[{"href":"https:\/\/sinoextrud.com\/cs\/wp-json\/wp\/v2\/types\/product"}],"wp:featuredmedia":[{"embeddable":true,"href":"https:\/\/sinoextrud.com\/cs\/wp-json\/wp\/v2\/media\/7567"}],"wp:attachment":[{"href":"https:\/\/sinoextrud.com\/cs\/wp-json\/wp\/v2\/media?parent=7568"}],"wp:term":[{"taxonomy":"category","embeddable":true,"href":"https:\/\/sinoextrud.com\/cs\/wp-json\/wp\/v2\/categories?post=7568"}],"curies":[{"name":"wp","href":"https:\/\/api.w.org\/{rel}","templated":true}]}}