{"id":7566,"date":"2025-06-09T01:51:03","date_gmt":"2025-06-09T01:51:03","guid":{"rendered":"https:\/\/sinoextrud.com\/product\/aluminium-screen-door-extrusions\/"},"modified":"2025-06-24T06:13:06","modified_gmt":"2025-06-24T06:13:06","slug":"hlinikove-sitove-dverni-vylisky","status":"publish","type":"product","link":"https:\/\/sinoextrud.com\/cs\/product\/aluminium-screen-door-extrusions\/","title":{"rendered":"V\u00fdlisky pro hlin\u00edkov\u00e9 s\u00edtov\u00e9 dve\u0159e"},"content":{"rendered":"<h2>Podrobnosti o produktech<\/h2>\n<table class=\"custom-table\">\n<tbody>\n<tr>\n<td> Polo\u017eka:<\/td>\n<td> V\u00fdlisky pro hlin\u00edkov\u00e9 s\u00edtov\u00e9 dve\u0159e<\/td>\n<\/tr>\n<tr>\n<td> Materila:<\/td>\n<td> 6063<\/td>\n<\/tr>\n<tr>\n<td> M\u00edrnost:<\/td>\n<td> T5<\/td>\n<\/tr>\n<tr>\n<td> Tvar:<\/td>\n<td> stejn\u011b jako v\u00fdkres<\/td>\n<\/tr>\n<tr>\n<td> Zahu\u0161t\u011bn\u00ed profilu:<\/td>\n<td> 1,4 mm v\u00fd\u0161e.<\/td>\n<\/tr>\n<tr>\n<td> Povrchov\u00e1 \u00faprava:<\/td>\n<td> pr\u00e1\u0161kov\u00e9 lakov\u00e1n\u00ed<\/td>\n<\/tr>\n<tr>\n<td> Barva:<\/td>\n<td> B\u00edl\u00e1, barva k dispozici<\/td>\n<\/tr>\n<tr>\n<td> Firma prov\u00e1d\u011bj\u00edc\u00ed n\u00e1t\u011bry:<\/td>\n<td> 80-120 um<\/td>\n<\/tr>\n<tr>\n<td> Pou\u017eit\u00ed:<\/td>\n<td> profil okenn\u00ed tabule<\/td>\n<\/tr>\n<tr>\n<td> MOQ:<\/td>\n<td> 200 kg pro ka\u017edou polo\u017eku<\/td>\n<\/tr>\n<tr>\n<td> Certifik\u00e1t a norma:<\/td>\n<td> ISO 9008-2001. CQM, SGS<\/td>\n<\/tr>\n<tr>\n<td> Z\u00e1ruka:<\/td>\n<td> Barva povrchu m\u016f\u017ee b\u00fdt stabiln\u00ed po dobu 10 let p\u0159i pou\u017eit\u00ed v interi\u00e9ru.<\/td>\n<\/tr>\n<tr>\n<td> Hloubkov\u00e9 zpracov\u00e1n\u00ed<\/td>\n<td> jako je vrt\u00e1n\u00ed, fr\u00e9zov\u00e1n\u00ed, \u0159ez\u00e1n\u00ed, sva\u0159ov\u00e1n\u00ed, oh\u00fdb\u00e1n\u00ed.<\/td>\n<\/tr>\n<tr>\n<td> P\u016fvod:<\/td>\n<td> Foshan, Guangdong.<\/td>\n<\/tr>\n<tr>\n<td> K\u00f3d HS:<\/td>\n<td> 761699000<\/td>\n<\/tr>\n<\/tbody>\n<\/table>\n<h2>Na\u0161e v\u00fdrobn\u00ed z\u00e1kladna<\/h2>\n<h3>Panorama tov\u00e1rny<\/h3>\n<p><img decoding=\"async\" src=\"\/wp-content\/uploads\/factory-01.webp\"\/><\/p>\n<h3>D\u00edlna na v\u00fdrobu hlin\u00edkov\u00fdch ty\u010d\u00ed<\/h3>\n<p><img decoding=\"async\" src=\"\/wp-content\/uploads\/factory-02.webp\"\/><\/p>\n<p><img decoding=\"async\" src=\"\/wp-content\/uploads\/factory-03.webp\"\/><\/p>\n<h3>Sklad pl\u00edsn\u00ed<\/h3>\n<p><img decoding=\"async\" src=\"\/wp-content\/uploads\/factory-04.webp\"\/><\/p>\n<h3>43 linek na vytla\u010dov\u00e1n\u00ed hlin\u00edku (500 - 5500 tun)<\/h3>\n<p><img decoding=\"async\" src=\"\/wp-content\/uploads\/factory-05.webp\"\/><\/p>\n<p><img decoding=\"async\" src=\"\/wp-content\/uploads\/factory-06.webp\"\/><\/p>\n<p><img decoding=\"async\" src=\"\/wp-content\/uploads\/factory-07.webp\"\/><\/p>\n<h3>D\u00edlna pr\u00e1\u0161kov\u00e9ho lakov\u00e1n\u00ed<\/h3>\n<p><img decoding=\"async\" src=\"\/wp-content\/uploads\/factory-09.webp\"\/><\/p>\n<h3>D\u00edlna eloxov\u00e1n\u00ed<\/h3>\n<p><img decoding=\"async\" src=\"\/wp-content\/uploads\/factory-10.webp\"\/><\/p>\n<h3>Workshop o hloubkov\u00e9m zpracov\u00e1n\u00ed<\/h3>\n<p><img decoding=\"async\" src=\"\/wp-content\/uploads\/factory-11.webp\"\/><\/p>\n<h3>D\u00edlna CNC p\u0159esn\u00e9ho obr\u00e1b\u011bn\u00ed<\/h3>\n<p><img decoding=\"async\" src=\"\/wp-content\/uploads\/factory-11.5.webp\"\/><\/p>\n<h3>Sklad hotov\u00fdch v\u00fdrobk\u016f a exportn\u00ed sklad<\/h3>\n<p><img decoding=\"async\" src=\"\/wp-content\/uploads\/factory-12.webp\"\/><\/p>\n<p><img decoding=\"async\" src=\"\/wp-content\/uploads\/factory-13.webp\"\/><\/p>\n<p><img decoding=\"async\" src=\"\/wp-content\/uploads\/factory-14.webp\"\/><\/p>\n<h2>\u010cASTO KLADEN\u00c9 DOTAZY<\/h2>\n<p><p><b>1.Co jsou hlin\u00edkov\u00e9 s\u00edtov\u00e9 dve\u0159n\u00ed v\u00fdlisky?<\/b><\/p>\n<p>Hlin\u00edkov\u00e9 v\u00fdlisky pro parav\u00e1nov\u00e9 dve\u0159e jsou hlin\u00edkov\u00e9 profily pou\u017e\u00edvan\u00e9 k v\u00fdrob\u011b odoln\u00fdch a lehk\u00fdch r\u00e1m\u016f pro parav\u00e1nov\u00e9 dve\u0159e.<br \/>\n<\/p><br \/>\n<br \/>\n<p><b>2.Pro\u010d zvolit hlin\u00edkov\u00e9 v\u00fdlisky pro parav\u00e1nov\u00e9 dve\u0159e?<\/b><\/p>\n<p>Hlin\u00edk je odoln\u00fd proti korozi, lehk\u00fd a pevn\u00fd, tak\u017ee je ide\u00e1ln\u00ed pro pou\u017eit\u00ed v interi\u00e9ru i exteri\u00e9ru.<br \/>\n<\/p><br \/>\n<br \/>\n<p><b>3.Daj\u00ed se tyto v\u00fdlisky na dve\u0159e p\u0159izp\u016fsobit?<\/b><\/p>\n<p>Ano, lze je p\u0159izp\u016fsobit z hlediska velikosti, barvy, tvaru, tlou\u0161\u0165ky st\u011bny a povrchov\u00e9 \u00fapravy tak, aby spl\u0148ovaly po\u017eadavky projektu nebo OEM.<br \/>\n<\/p><br \/>\n<br \/>\n<p><b>4.Jak\u00e9 typy pletiva jsou kompatibiln\u00ed s hlin\u00edkov\u00fdmi s\u00edtov\u00fdmi dve\u0159n\u00edmi r\u00e1my?<\/b><\/p>\n<p>Jsou kompatibiln\u00ed se skeln\u00fdmi vl\u00e1kny, nerezovou ocel\u00ed, hlin\u00edkem a polyesterov\u00fdmi oky pro r\u016fzn\u00e9 funk\u010dn\u00ed pot\u0159eby.<br \/>\n<\/p><br \/>\n<br \/>\n<p><b>5.Jsou hlin\u00edkov\u00e9 s\u00edtov\u00e9 dve\u0159e odoln\u00e9 proti pov\u011btrnostn\u00edm vliv\u016fm?<\/b><\/p>\n<p>D\u00edky antikorozn\u00edm n\u00e1t\u011br\u016fm odol\u00e1vaj\u00ed de\u0161ti, slunci a zm\u011bn\u00e1m teplot.<br \/>\n<\/p><br \/>\n<br \/>\n<p><b>6.Vy\u017eaduj\u00ed hlin\u00edkov\u00e9 s\u00edtov\u00e9 dve\u0159e velkou \u00fadr\u017ebu?<\/b><\/p>\n<p>Ne, jsou nen\u00e1ro\u010dn\u00e9 na \u00fadr\u017ebu a obvykle vy\u017eaduj\u00ed pouze ob\u010dasn\u00e9 \u010di\u0161t\u011bn\u00ed jemnou vodou a m\u00fddlem.<br \/>\n<\/p><br \/>\n<br \/>\n<p><b>7.Lze tyto profily pou\u017e\u00edt pro komer\u010dn\u00ed nebo pr\u016fmyslov\u00e1 vrata?<\/b><\/p>\n<p>Ano, jsou vhodn\u00e9 pro obytn\u00e9, komer\u010dn\u00ed a pr\u016fmyslov\u00e9 syst\u00e9my s\u00edtov\u00fdch dve\u0159\u00ed, kter\u00e9 vy\u017eaduj\u00ed odolnost a estetiku.<br \/>\n<\/p><br \/><\/p>","protected":false},"featured_media":7565,"template":"","categories":[67],"class_list":["post-7566","product","type-product","status-publish","has-post-thumbnail","hentry","category-architectural-aluminium-profile"],"meta_box":{"hilight_text_group":{"product_hilight_text":"<li>Durable aluminum construction provides long-lasting structural support<\/li>\r\r\n<li>Lightweight material ensures easy handling and installation<\/li>\r\r\n<li>Corrosion-resistant finish suitable for all weather conditions<\/li>\r\r\n<li>Compatible with various mesh types for insect protection and ventilation<\/li>\r\r\n<li>Customizable designs, sizes, and colors for OEM and project needs<\/li>\r\r\n<li>Ideal for residential, commercial, and industrial screen door systems<\/li>","product_chanpin_blog":"<ul>\r\r\n<li><a href=\"https:\/\/sinoextrud.com\/t-slot-v-slot-differences\/\" target=\"_blank\">t slot vs v slot<\/a><\/li>\r\r\n<li><a href=\"https:\/\/sinoextrud.com\/what-is-4040-aluminium-extrud\/\" target=\"_blank\">4040 aluminium extrusion<\/a><\/li>\r\r\n<li><a href=\"https:\/\/sinoextrud.com\/what-is-4040-aluminium-extrud\/\" target=\"_blank\">aluminum extrusions for industrial racks<\/a><\/li>\r\r\n<li><a href=\"https:\/\/sinoextrud.com\/powder-coating-aluminium-process\/\" target=\"_blank\">powder coating aluminium<\/a><\/li>\r\r\n<li><a href=\"https:\/\/sinoextrud.com\/what-is-an-aluminium-strip-ceiling\/\" target=\"_blank\">aluminium strip ceiling<\/a><\/li>\r\r\n<li><a href=\"https:\/\/sinoextrud.com\/what-is-a-heat-sink\/\" target=\"_blank\">what is a heat sink<\/a><\/li>\r\r\n<\/ul>","product_chanpin_chanpin":"<li><a href=\"https:\/\/sinoextrud.com\/product\/office-partition-aluminum-profile\/\" target=\"_blank\">Office Partition Aluminum Profile<\/a><\/li>\r\n<li><a href=\"https:\/\/sinoextrud.com\/product\/extruded-aluminium-skirting-aluminium-skirting-board\/\" target=\"_blank\">Extruded Aluminium Skirting Aluminium Skirting Board<\/a><\/li>\r\n<li><a href=\"https:\/\/sinoextrud.com\/product\/aluminum-section-window\/\" target=\"_blank\">Aluminum Section Window<\/a><\/li>\r\n<li><a href=\"https:\/\/sinoextrud.com\/product\/aluminum-u-profile-glass-railing\/\" target=\"_blank\">Aluminum U profile Glass Railing<\/a><\/li>\r\n<li><a href=\"https:\/\/sinoextrud.com\/product\/aluminium-screen-door-extrusions\/\" target=\"_blank\">Aluminium Screen Door Extrusions<\/a><\/li>\r\n<li><a href=\"https:\/\/sinoextrud.com\/product\/anodized-colorful-oem-aluminium-profile-for-decoration-furniture-accessory-price\/\" target=\"_blank\">Anodized Colorful OEM Aluminium Profile For Decoration Furniture Accessory price<\/a><\/li>\r\n<li><a href=\"https:\/\/sinoextrud.com\/product\/sliver-anodized-aluminum-extrusions-kitchen-cabinets-profiles-frame\/\" target=\"_blank\">Sliver Anodized Aluminum Extrusions Kitchen Cabinets Profiles Frame<\/a><\/li>\r\n<li><a href=\"https:\/\/sinoextrud.com\/product\/oem-aluminum-manufacturing-processes-cnc-machining\/\" target=\"_blank\">OEM Aluminum Manufacturing Processes CNC Machining<\/a><\/li>\r\n<li><a href=\"https:\/\/sinoextrud.com\/product\/extruded-aluminum-louver-blade-profile\/\" target=\"_blank\">Extruded Aluminum Louver Blade Profile<\/a><\/li>\r\n<li><a href=\"https:\/\/sinoextrud.com\/product\/bulk-extruded-aluminum\/\" target=\"_blank\">Bulk Extruded Aluminum<\/a><\/li>\r\n<li><a href=\"https:\/\/sinoextrud.com\/product\/aluminium-furniture\/\" target=\"_blank\">Aluminium Furniture<\/a><\/li>"},"feature_list":[]},"_links":{"self":[{"href":"https:\/\/sinoextrud.com\/cs\/wp-json\/wp\/v2\/product\/7566","targetHints":{"allow":["GET"]}}],"collection":[{"href":"https:\/\/sinoextrud.com\/cs\/wp-json\/wp\/v2\/product"}],"about":[{"href":"https:\/\/sinoextrud.com\/cs\/wp-json\/wp\/v2\/types\/product"}],"wp:featuredmedia":[{"embeddable":true,"href":"https:\/\/sinoextrud.com\/cs\/wp-json\/wp\/v2\/media\/7565"}],"wp:attachment":[{"href":"https:\/\/sinoextrud.com\/cs\/wp-json\/wp\/v2\/media?parent=7566"}],"wp:term":[{"taxonomy":"category","embeddable":true,"href":"https:\/\/sinoextrud.com\/cs\/wp-json\/wp\/v2\/categories?post=7566"}],"curies":[{"name":"wp","href":"https:\/\/api.w.org\/{rel}","templated":true}]}}