{"id":7562,"date":"2025-06-09T01:46:08","date_gmt":"2025-06-09T01:46:08","guid":{"rendered":"https:\/\/sinoextrud.com\/product\/aluminum-section-window\/"},"modified":"2025-06-24T06:13:06","modified_gmt":"2025-06-24T06:13:06","slug":"okno-z-hlinikoveho-profilu","status":"publish","type":"product","link":"https:\/\/sinoextrud.com\/cs\/product\/aluminum-section-window\/","title":{"rendered":"Okno z hlin\u00edkov\u00e9 sekce"},"content":{"rendered":"<h2>Podrobnosti o produktech<\/h2>\n<table class=\"custom-table\">\n<tbody>\n<tr>\n<td> Model NO:<\/td>\n<td> Okno z hlin\u00edkov\u00e9 sekce<\/td>\n<\/tr>\n<tr>\n<td> Velikost\uff1a<\/td>\n<td> 200*180 mm<\/td>\n<\/tr>\n<tr>\n<td> Tlou\u0161\u0165ka:<\/td>\n<td> 1,4\/2,0 mm<\/td>\n<\/tr>\n<tr>\n<td> Barva:<\/td>\n<td> Elektrofor\u00e9za matn\u00e9 zlato<\/td>\n<\/tr>\n<tr>\n<td> Materi\u00e1l r\u00e1mu<\/td>\n<td> Hlin\u00edk 6063-t5<\/td>\n<\/tr>\n<tr>\n<td> Tvar:<\/td>\n<td> \u010ctverec<\/td>\n<\/tr>\n<tr>\n<td> Pou\u017eit\u00ed:<\/td>\n<td> Balkonov\u00e9 pln\u00e9 dve\u0159e, balkonov\u00e1 okna, okna do lo\u017enice, okna do lo\u017enice, balkonov\u00e9 dve\u0159e, koupelnov\u00e9 dve\u0159e<\/td>\n<\/tr>\n<tr>\n<td> Uk\u00e1zka:<\/td>\n<td> v\u0161echny vzorky v showroomu k dispozici<\/td>\n<\/tr>\n<tr>\n<td> Dod\u00e1n\u00ed:<\/td>\n<td> 30-35 dn\u00ed na 40FT kontejner<\/td>\n<\/tr>\n<tr>\n<td> V\u00fdhody:<\/td>\n<td> flexibiln\u00ed pou\u017eit\u00ed, bezpe\u010dn\u00e9 a spolehliv\u00e9, dlouh\u00e1 \u017eivotnost, otev\u00edr\u00e1n\u00ed v jedn\u00e9 rovin\u011b<\/td>\n<\/tr>\n<tr>\n<td> P\u0159epravn\u00ed bal\u00ed\u010dek:<\/td>\n<td> Plastov\u00fd pap\u00edr a plastov\u00e1 f\u00f3lie<\/td>\n<\/tr>\n<tr>\n<td> P\u016fvod:<\/td>\n<td> \u010c\u00edna<\/td>\n<\/tr>\n<tr>\n<td> Typ:<\/td>\n<td> okno z hlin\u00edkov\u00e9ho profilu<\/td>\n<\/tr>\n<tr>\n<td> Povrchov\u00e1 \u00faprava:<\/td>\n<td> Elektrofor\u00e9za<\/td>\n<\/tr>\n<tr>\n<td> Certifikace:<\/td>\n<td> ISO, CE, SGS<\/td>\n<\/tr>\n<tr>\n<td> Povrchov\u00e1 \u00faprava:<\/td>\n<td> Pr\u00e1\u0161kov\u00e9 lakov\u00e1n\u00ed libovoln\u00e9 barvy, PVDF, d\u0159ev\u011bn\u00e9 barvy atd.<\/td>\n<\/tr>\n<tr>\n<td> Design:<\/td>\n<td> Podle va\u0161ich po\u017eadavk\u016f<\/td>\n<\/tr>\n<tr>\n<td> MOQ:<\/td>\n<td> 200 metr\u016f \u010dtvere\u010dn\u00edch<\/td>\n<\/tr>\n<tr>\n<td> Ochrann\u00e1 zn\u00e1mka:<\/td>\n<td> Sinoextrud<\/td>\n<\/tr>\n<\/tbody>\n<\/table>\n<h2>Na\u0161e v\u00fdrobn\u00ed z\u00e1kladna<\/h2>\n<h3>Panorama tov\u00e1rny<\/h3>\n<p><img decoding=\"async\" src=\"\/wp-content\/uploads\/factory-01.webp\"\/><\/p>\n<h3>D\u00edlna na v\u00fdrobu hlin\u00edkov\u00fdch ty\u010d\u00ed<\/h3>\n<p><img decoding=\"async\" src=\"\/wp-content\/uploads\/factory-02.webp\"\/><\/p>\n<\/p>\n<p><img decoding=\"async\" src=\"\/wp-content\/uploads\/factory-03.webp\"\/><\/p>\n<h3>Sklad pl\u00edsn\u00ed<\/h3>\n<p><img decoding=\"async\" src=\"\/wp-content\/uploads\/factory-04.webp\"\/><\/p>\n<h3>43 linek na vytla\u010dov\u00e1n\u00ed hlin\u00edku (500-5500 tun)<\/h3>\n<p><img decoding=\"async\" src=\"\/wp-content\/uploads\/factory-05.webp\"\/><\/p>\n<p><img decoding=\"async\" src=\"\/wp-content\/uploads\/factory-06.webp\"\/><\/p>\n<p><img decoding=\"async\" src=\"\/wp-content\/uploads\/factory-07.webp\"\/><\/p>\n<h3>D\u00edlna pr\u00e1\u0161kov\u00e9ho lakov\u00e1n\u00ed<\/h3>\n<p><img decoding=\"async\" src=\"\/wp-content\/uploads\/factory-09.webp\"\/><\/p>\n<h3>D\u00edlna eloxov\u00e1n\u00ed<\/h3>\n<p><img decoding=\"async\" src=\"\/wp-content\/uploads\/factory-10.webp\"\/><\/p>\n<h3>Workshop o hloubkov\u00e9m zpracov\u00e1n\u00ed<\/h3>\n<p><img decoding=\"async\" src=\"\/wp-content\/uploads\/factory-11.webp\"\/><\/p>\n<h3>D\u00edlna CNC p\u0159esn\u00e9ho obr\u00e1b\u011bn\u00ed<\/h3>\n<p><img decoding=\"async\" src=\"\/wp-content\/uploads\/factory-11.5.webp\"\/><\/p>\n<h3>Sklad hotov\u00fdch v\u00fdrobk\u016f a exportn\u00ed sklad<\/h3>\n<p><img decoding=\"async\" src=\"\/wp-content\/uploads\/factory-12.webp\"\/><\/p>\n<p><img decoding=\"async\" src=\"\/wp-content\/uploads\/factory-13.webp\"\/><\/p>\n<p><img decoding=\"async\" src=\"\/wp-content\/uploads\/factory-14.webp\"\/><\/p>\n<h2>\u010cASTO KLADEN\u00c9 DOTAZY<\/h2>\n<p><b>1.Co je okno z hlin\u00edkov\u00e9ho profilu?<\/b><\/p>\n<p>Okno z hlin\u00edkov\u00fdch profil\u016f je okenn\u00ed syst\u00e9m vyroben\u00fd z p\u0159esn\u00fdch hlin\u00edkov\u00fdch profil\u016f, kter\u00fd nab\u00edz\u00ed pevnost, odolnost a modern\u00ed estetiku.\n<\/p>\n<p><\/p>\n<p><b>2.Pro\u010d zvolit hlin\u00edkov\u00e1 okna m\u00edsto jin\u00fdch materi\u00e1l\u016f?<\/b><\/p>\n<p>Okna z hlin\u00edkov\u00fdch profil\u016f maj\u00ed ve srovn\u00e1n\u00ed s d\u0159ev\u011bn\u00fdmi nebo plastov\u00fdmi alternativami vy\u0161\u0161\u00ed trvanlivost, odolnost proti korozi a elegantn\u00ed design.\n<\/p>\n<p><\/p>\n<p><b>3.Jsou okna z hlin\u00edkov\u00fdch profil\u016f energeticky \u00fa\u010dinn\u00e1?<\/b><\/p>\n<p>Ano, tato okna maj\u00ed vynikaj\u00edc\u00ed tepelnou izolaci, kter\u00e1 pom\u00e1h\u00e1 sni\u017eovat n\u00e1klady na energie v obytn\u00fdch i komer\u010dn\u00edch budov\u00e1ch.\n<\/p>\n<p><\/p>\n<p><b>4.Mohou okna z hlin\u00edkov\u00fdch profil\u016f sn\u00ed\u017eit hluk?<\/b><\/p>\n<p>P\u0159i spr\u00e1vn\u00e9m zasklen\u00ed poskytuj\u00ed hlin\u00edkov\u00e1 profilov\u00e1 okna silnou akustickou izolaci pro ti\u0161\u0161\u00ed vnit\u0159n\u00ed prost\u0159ed\u00ed.\n<\/p>\n<p><\/p>\n<p><b>5.Jsou okna z hlin\u00edkov\u00fdch profil\u016f vhodn\u00e1 pro pob\u0159e\u017en\u00ed oblasti nebo oblasti s vysokou vlhkost\u00ed?<\/b><\/p>\n<p>Ano, jejich hlin\u00edkov\u00e1 konstrukce odoln\u00e1 proti korozi je ide\u00e1ln\u00ed pro pou\u017eit\u00ed v drsn\u00e9m a vlhk\u00e9m prost\u0159ed\u00ed.\n<\/p>\n<p><\/p>\n<p><b>6.Mohou b\u00fdt okna z hlin\u00edkov\u00fdch profil\u016f p\u0159izp\u016fsobena?<\/b><\/p>\n<p>Ano, jsou k dispozici v r\u016fzn\u00fdch velikostech, barv\u00e1ch, povrchov\u00fdch \u00faprav\u00e1ch a konfigurac\u00edch, kter\u00e9 odpov\u00eddaj\u00ed r\u016fzn\u00fdm po\u017eadavk\u016fm projektu.\n<\/p>\n<p><\/p>\n<p><b>7.Jak\u00fd druh skla funguje s okny z hlin\u00edkov\u00e9ho profilu?<\/b><\/p>\n<p>Okna z hlin\u00edkov\u00fdch profil\u016f jsou kompatibiln\u00ed s jednoduch\u00fdm, dvojit\u00fdm nebo vrstven\u00fdm zasklen\u00edm v z\u00e1vislosti na pot\u0159eb\u011b v\u00fdkonu.\n<\/p>\n<p><\/p>","protected":false},"featured_media":7561,"template":"","categories":[67],"class_list":["post-7562","product","type-product","status-publish","has-post-thumbnail","hentry","category-architectural-aluminium-profile"],"meta_box":{"hilight_text_group":{"product_hilight_text":"<li>High-quality aluminum sections ensure structural strength and durability<\/li>\r\r\n<li>Slim profile design allows maximum natural light and clear views<\/li>\r\r\n<li>Excellent thermal and acoustic insulation performance<\/li>\r\r\n<li>Corrosion-resistant finish suitable for all weather conditions<\/li>\r\r\n<li>Compatible with various glazing and hardware options<\/li>\r\r\n<li>Customizable in size, color, and configuration for diverse architectural needs<\/li>","product_chanpin_blog":"<ul>\r\r\n<li><a href=\"https:\/\/sinoextrud.com\/t-slot-v-slot-differences\/\" target=\"_blank\">t slot vs v slot<\/a><\/li>\r\r\n<li><a href=\"https:\/\/sinoextrud.com\/what-is-4040-aluminium-extrud\/\" target=\"_blank\">4040 aluminium extrusion<\/a><\/li>\r\r\n<li><a href=\"https:\/\/sinoextrud.com\/what-is-4040-aluminium-extrud\/\" target=\"_blank\">aluminum extrusions for industrial racks<\/a><\/li>\r\r\n<li><a href=\"https:\/\/sinoextrud.com\/powder-coating-aluminium-process\/\" target=\"_blank\">powder coating aluminium<\/a><\/li>\r\r\n<li><a href=\"https:\/\/sinoextrud.com\/what-is-an-aluminium-strip-ceiling\/\" target=\"_blank\">aluminium strip ceiling<\/a><\/li>\r\r\n<li><a href=\"https:\/\/sinoextrud.com\/what-is-a-heat-sink\/\" target=\"_blank\">what is a heat sink<\/a><\/li>\r\r\n<\/ul>","product_chanpin_chanpin":"<li><a href=\"https:\/\/sinoextrud.com\/product\/aluminum-u-shape-channel-profile\/\" target=\"_blank\">Aluminum U Shape Channel Profile<\/a><\/li>\r\n<li><a href=\"https:\/\/sinoextrud.com\/product\/aluminium-profile-glass-curtain-wall-system\/\" target=\"_blank\">Aluminium Profile Glass Curtain Wall System<\/a><\/li>\r\n<li><a href=\"https:\/\/sinoextrud.com\/product\/office-partition-aluminum-profile\/\" target=\"_blank\">Office Partition Aluminum Profile<\/a><\/li>\r\n<li><a href=\"https:\/\/sinoextrud.com\/product\/extruded-aluminium-skirting-aluminium-skirting-board\/\" target=\"_blank\">Extruded Aluminium Skirting Aluminium Skirting Board<\/a><\/li>\r\n<li><a href=\"https:\/\/sinoextrud.com\/product\/aluminum-section-window\/\" target=\"_blank\">Aluminum Section Window<\/a><\/li>\r\n<li><a href=\"https:\/\/sinoextrud.com\/product\/aluminum-u-profile-glass-railing\/\" target=\"_blank\">Aluminum U profile Glass Railing<\/a><\/li>\r\n<li><a href=\"https:\/\/sinoextrud.com\/product\/aluminium-screen-door-extrusions\/\" target=\"_blank\">Aluminium Screen Door Extrusions<\/a><\/li>\r\n<li><a href=\"https:\/\/sinoextrud.com\/product\/anodized-colorful-oem-aluminium-profile-for-decoration-furniture-accessory-price\/\" target=\"_blank\">Anodized Colorful OEM Aluminium Profile For Decoration Furniture Accessory price<\/a><\/li>\r\n<li><a href=\"https:\/\/sinoextrud.com\/product\/sliver-anodized-aluminum-extrusions-kitchen-cabinets-profiles-frame\/\" target=\"_blank\">Sliver Anodized Aluminum Extrusions Kitchen Cabinets Profiles Frame<\/a><\/li>\r\n<li><a href=\"https:\/\/sinoextrud.com\/product\/custom-extra-large-industrial-equipment-aluminum-profile\/\" target=\"_blank\">Custom Extra Large Industrial Equipment Aluminum Profile<\/a><\/li>\r\n<li><a href=\"https:\/\/sinoextrud.com\/product\/aluminium-fence\/\" target=\"_blank\">Aluminium Fence<\/a><\/li>"},"feature_list":[]},"_links":{"self":[{"href":"https:\/\/sinoextrud.com\/cs\/wp-json\/wp\/v2\/product\/7562","targetHints":{"allow":["GET"]}}],"collection":[{"href":"https:\/\/sinoextrud.com\/cs\/wp-json\/wp\/v2\/product"}],"about":[{"href":"https:\/\/sinoextrud.com\/cs\/wp-json\/wp\/v2\/types\/product"}],"wp:featuredmedia":[{"embeddable":true,"href":"https:\/\/sinoextrud.com\/cs\/wp-json\/wp\/v2\/media\/7561"}],"wp:attachment":[{"href":"https:\/\/sinoextrud.com\/cs\/wp-json\/wp\/v2\/media?parent=7562"}],"wp:term":[{"taxonomy":"category","embeddable":true,"href":"https:\/\/sinoextrud.com\/cs\/wp-json\/wp\/v2\/categories?post=7562"}],"curies":[{"name":"wp","href":"https:\/\/api.w.org\/{rel}","templated":true}]}}