{"id":7558,"date":"2025-06-09T01:39:03","date_gmt":"2025-06-09T01:39:03","guid":{"rendered":"https:\/\/sinoextrud.com\/product\/office-partition-aluminum-profile\/"},"modified":"2025-06-24T06:13:05","modified_gmt":"2025-06-24T06:13:05","slug":"kancelarske-pricky-z-hlinikoveho-profilu","status":"publish","type":"product","link":"https:\/\/sinoextrud.com\/cs\/product\/office-partition-aluminum-profile\/","title":{"rendered":"Kancel\u00e1\u0159sk\u00e9 p\u0159\u00ed\u010dky z hlin\u00edkov\u00e9ho profilu"},"content":{"rendered":"<h2>Podrobnosti o produktech<\/h2>\n<table class=\"custom-table\">\n<tr>\n<td class=\"label\">Polo\u017eka<\/td>\n<td>Kancel\u00e1\u0159sk\u00e9 p\u0159\u00ed\u010dky z hlin\u00edkov\u00e9ho profilu<\/td>\n<\/tr>\n<tr>\n<td class=\"label\">Materi\u00e1l<\/td>\n<td>Hlin\u00edk \u0159ady 6000<\/td>\n<\/tr>\n<tr>\n<td class=\"label\">Temperament<\/td>\n<td>T4, T5, T6<\/td>\n<\/tr>\n<tr>\n<td class=\"label\">Velikost \/ tlou\u0161\u0165ka<\/td>\n<td>Obecn\u00e1 tlou\u0161\u0165ka profil\u016f od 0,8 do 5,0 mm, d\u00e9lka od 1 m do 9 m nebo na zak\u00e1zku; tlou\u0161\u0165ka eloxovac\u00ed ochrann\u00e9 vrstvy od 8 do 25 um, pr\u00e1\u0161kov\u00e9 lakov\u00e1n\u00ed od 40 do 120 um.<\/td>\n<\/tr>\n<tr>\n<td class=\"label\">Tvar<\/td>\n<td>P\u0159izp\u016fsoben\u00e9<\/td>\n<\/tr>\n<tr>\n<td class=\"label\">Aplikace<\/td>\n<td>V oknech a dve\u0159\u00edch, dekorac\u00edch, pr\u016fmyslu, stavebnictv\u00ed atd.<\/td>\n<\/tr>\n<tr>\n<td class=\"label\">Povrchov\u00e1 \u00faprava<\/td>\n<td>pr\u00e1\u0161kov\u00e9 lakov\u00e1n\u00ed, elektrofor\u00e9za, d\u0159ev\u011bn\u00e1 struktura , eloxov\u00e1n\u00ed atd.<\/td>\n<\/tr>\n<tr>\n<td class=\"label\">Barvy<\/td>\n<td>Ref pr\u00e1\u0161kov\u00e9 lakov\u00e1n\u00ed barevn\u00fd list a p\u0159izp\u016fsoben\u00e9 barvy k dispozici<\/td>\n<\/tr>\n<tr>\n<td class=\"label\">Hloubkov\u00fd proces<\/td>\n<td>CNC, vrt\u00e1n\u00ed, fr\u00e9zov\u00e1n\u00ed, \u0159ez\u00e1n\u00ed, sva\u0159ov\u00e1n\u00ed, oh\u00fdb\u00e1n\u00ed, mont\u00e1\u017e<\/td>\n<\/tr>\n<tr>\n<td class=\"label\">MOQ<\/td>\n<td>200 kg pro ka\u017edou polo\u017eku<\/td>\n<\/tr>\n<tr>\n<td class=\"label\">Podrobnosti o balen\u00ed<\/td>\n<td>(1) Uvnit\u0159: baleno s plastovou ochrannou f\u00f3li\u00ed, kter\u00e1 chr\u00e1n\u00ed ka\u017ed\u00fd kus.<\/td>\n<\/tr>\n<tr>\n<td class=\"label\"><\/td>\n<td>(2) Venku: Zabalte svazky do vod\u011bodoln\u00e9ho \u0159emesln\u00e9ho pap\u00edru.<\/td>\n<\/tr>\n<tr>\n<td class=\"label\">Doba dod\u00e1n\u00ed<\/td>\n<td>(1) V\u00fdvoj a testov\u00e1n\u00ed vzork\u016f: 12-18 dn\u00ed.<\/td>\n<\/tr>\n<tr>\n<td class=\"label\"><\/td>\n<td>(2) Dokon\u010den\u00ed hromadn\u00e9 v\u00fdroby: 20-30 dn\u00ed po potvrzen\u00ed vzorku kupuj\u00edc\u00edm.<\/td>\n<\/tr>\n<tr>\n<td class=\"label\">P\u0159\u00edstav FOB<\/td>\n<td>SHENZHEN \/ GUANGZHOU \/ FOSHAN<\/td>\n<\/tr>\n<tr>\n<td class=\"label\">platebn\u00ed podm\u00ednky<\/td>\n<td>T\/T 30% pro vklad, z\u016fstatek p\u0159ed odesl\u00e1n\u00edm.<\/td>\n<\/tr>\n<tr>\n<td class=\"label\">term\u00edn vypo\u0159\u00e1d\u00e1n\u00ed<\/td>\n<td>\u00da\u010dtujte podle kone\u010dn\u00e9 skute\u010dn\u00e9 hmotnosti nebo podle teoretick\u00e9 hmotnosti p\u0159i \u010derp\u00e1n\u00ed.<\/td>\n<\/tr>\n<tr>\n<td class=\"label\">v\u00fdrobn\u00ed kapacita<\/td>\n<td>5000 tun m\u011bs\u00ed\u010dn\u011b, 60000 tun ro\u010dn\u011b.<\/td>\n<\/tr>\n<tr>\n<td class=\"label\">Certifik\u00e1t a norma<\/td>\n<td>CQM, SGS, CE, BV, SONCAP \/ GB, ISO, JIS, AS, NZS, QUALICOAT, QUOLANOD k dispozici<\/td>\n<\/tr>\n<tr>\n<td class=\"label\">Z\u00e1ruka<\/td>\n<td>Barva povrchu m\u016f\u017ee b\u00fdt stabiln\u00ed po dobu 10 ~ 20 let pou\u017e\u00edv\u00e1n\u00ed v interi\u00e9ru.<\/td>\n<\/tr>\n<\/table>\n<h2>Na\u0161e v\u00fdrobn\u00ed z\u00e1kladna<\/h2>\n<h3>Panorama tov\u00e1rny<\/h3>\n<p><img decoding=\"async\" src=\"\/wp-content\/uploads\/factory-01.webp\"\/><\/p>\n<h3>D\u00edlna na v\u00fdrobu hlin\u00edkov\u00fdch ty\u010d\u00ed<\/h3>\n<p><img decoding=\"async\" src=\"\/wp-content\/uploads\/factory-02.webp\"\/><\/p>\n<p><img decoding=\"async\" src=\"\/wp-content\/uploads\/factory-03.webp\"\/><\/p>\n<h3>Sklad pl\u00edsn\u00ed<\/h3>\n<p><img decoding=\"async\" src=\"\/wp-content\/uploads\/factory-04.webp\"\/><\/p>\n<h3>43 linek na vytla\u010dov\u00e1n\u00ed hlin\u00edku (500 - 5500 tun)<\/h3>\n<p><img decoding=\"async\" src=\"\/wp-content\/uploads\/factory-05.webp\"\/><\/p>\n<p><img decoding=\"async\" src=\"\/wp-content\/uploads\/factory-06.webp\"\/><\/p>\n<p><img decoding=\"async\" src=\"\/wp-content\/uploads\/factory-07.webp\"\/><\/p>\n<h3>D\u00edlna pr\u00e1\u0161kov\u00e9ho lakov\u00e1n\u00ed<\/h3>\n<p><img decoding=\"async\" src=\"\/wp-content\/uploads\/factory-09.webp\"\/><\/p>\n<h3>D\u00edlna eloxov\u00e1n\u00ed<\/h3>\n<p><img decoding=\"async\" src=\"\/wp-content\/uploads\/factory-10.webp\"\/><\/p>\n<h3>Workshop o hloubkov\u00e9m zpracov\u00e1n\u00ed<\/h3>\n<p><img decoding=\"async\" src=\"\/wp-content\/uploads\/factory-11.webp\"\/><\/p>\n<h3>D\u00edlna CNC p\u0159esn\u00e9ho obr\u00e1b\u011bn\u00ed<\/h3>\n<p><img decoding=\"async\" src=\"\/wp-content\/uploads\/factory-11.5.webp\"\/><\/p>\n<h3>Sklad hotov\u00fdch v\u00fdrobk\u016f a exportn\u00ed sklad<\/h3>\n<p><img decoding=\"async\" src=\"\/wp-content\/uploads\/factory-12.webp\"\/><\/p>\n<p><img decoding=\"async\" src=\"\/wp-content\/uploads\/factory-13.webp\"\/><\/p>\n<p><img decoding=\"async\" src=\"\/wp-content\/uploads\/factory-14.webp\"\/><\/p>\n<h2>\u010cASTO KLADEN\u00c9 DOTAZY<\/h2>\n<p><p><b>1.Co je to hlin\u00edkov\u00fd profil kancel\u00e1\u0159sk\u00e9 p\u0159\u00ed\u010dky?<\/b><\/p>\n<p>Jedn\u00e1 se o extrudovan\u00fd hlin\u00edkov\u00fd r\u00e1m, kter\u00fd se pou\u017e\u00edv\u00e1 k v\u00fdrob\u011b modul\u00e1rn\u00edch kancel\u00e1\u0159sk\u00fdch p\u0159\u00ed\u010dek a poskytuje strukturu a styl.<br \/>\n<\/p><br \/>\n<br \/>\n<p><b>2.Pro\u010d zvolit hlin\u00edkov\u00e9 profily pro kancel\u00e1\u0159sk\u00e9 p\u0159\u00ed\u010dky?<\/b><\/p>\n<p>Jsou lehk\u00e9, trvanliv\u00e9 a odoln\u00e9 proti korozi, co\u017e p\u0159in\u00e1\u0161\u00ed funk\u010dn\u00ed i estetick\u00e9 v\u00fdhody.<br \/>\n<\/p><br \/>\n<br \/>\n<p><b>3.Jsou hlin\u00edkov\u00e9 profily vhodn\u00e9 pro sklen\u011bn\u00e9 kancel\u00e1\u0159sk\u00e9 p\u0159\u00ed\u010dky?<\/b><\/p>\n<p>Ano, jsou navr\u017eeny tak, aby bezpe\u010dn\u011b dr\u017eely sklen\u011bn\u00e9 tabule a dal\u0161\u00ed materi\u00e1ly, jako je d\u0159evo nebo PVC.<br \/>\n<\/p><br \/>\n<br \/>\n<p><b>4.Lze tyto profily p\u0159izp\u016fsobit?<\/b><\/p>\n<p>Lze je vyrobit v r\u016fzn\u00fdch tvarech, velikostech, povrchov\u00fdch \u00faprav\u00e1ch a konfigurac\u00edch, aby vyhovovaly r\u016fzn\u00fdm design\u016fm kancel\u00e1\u0159\u00ed.<br \/>\n<\/p><br \/>\n<br \/>\n<p><b>5.Je snadn\u00e9 instalovat profily kancel\u00e1\u0159sk\u00fdch odd\u00edl\u016f?<\/b><\/p>\n<p>Ano, maj\u00ed modul\u00e1rn\u00ed mo\u017enosti mont\u00e1\u017ee, kter\u00e9 umo\u017e\u0148uj\u00ed rychlou a flexibiln\u00ed instalaci.<br \/>\n<\/p><br \/>\n<br \/>\n<p><b>6.Podporuj\u00ed hlin\u00edkov\u00e9 p\u0159\u00ed\u010dkov\u00e9 profily zvukovou izolaci?<\/b><\/p>\n<p>Ano, v kombinaci s vhodn\u00fdmi sklen\u011bn\u00fdmi nebo deskov\u00fdmi v\u00fdpln\u011bmi mohou zlep\u0161it akustick\u00e9 vlastnosti kancel\u00e1\u0159sk\u00fdch prostor.<br \/>\n<\/p><br \/>\n<br \/>\n<p><b>7.Jak\u00e9 povrchov\u00e9 \u00fapravy jsou k dispozici pro profily kancel\u00e1\u0159sk\u00fdch p\u0159\u00ed\u010dek?<\/b><\/p>\n<p>Mezi b\u011b\u017en\u00e9 povrchov\u00e9 \u00fapravy pat\u0159\u00ed eloxov\u00e1n\u00ed, pr\u00e1\u0161kov\u00e9 lakov\u00e1n\u00ed a kart\u00e1\u010dovan\u00fd hlin\u00edk pro profesion\u00e1ln\u00ed vzhled.<br \/>\n<\/p><br \/>\n<br \/>\n<p><b>8.Je hlin\u00edk udr\u017eiteln\u00fdm materi\u00e1lem pro kancel\u00e1\u0159sk\u00e9 syst\u00e9my?<\/b><\/p>\n<p>Ano, hlin\u00edk je 100% recyklovateln\u00fd a podporuje ekologick\u00e9 stavebn\u00ed postupy.<br \/>\n<\/p><br \/><\/p>","protected":false},"featured_media":7557,"template":"","categories":[67],"class_list":["post-7558","product","type-product","status-publish","has-post-thumbnail","hentry","category-architectural-aluminium-profile"],"meta_box":{"hilight_text_group":{"product_hilight_text":"<li>Sleek and modern aluminum profiles enhance office aesthetics<\/li>\r\r\n<li>Lightweight yet strong for stable partition framing<\/li>\r\r\n<li>Corrosion-resistant surface ideal for long-term indoor use<\/li>\r\r\n<li>Supports glass, wood, or composite panel integration<\/li>\r\r\n<li>Easy installation with modular connection systems<\/li>\r\r\n<li>Customizable sizes, finishes, and configurations available<\/li>\r\r\n<li>Eco-friendly and fully recyclable aluminum material<\/li>","product_chanpin_blog":"<ul>\r\r\n<li><a href=\"https:\/\/sinoextrud.com\/t-slot-v-slot-differences\/\" target=\"_blank\">t slot vs v slot<\/a><\/li>\r\r\n<li><a href=\"https:\/\/sinoextrud.com\/what-is-4040-aluminium-extrud\/\" target=\"_blank\">4040 aluminium extrusion<\/a><\/li>\r\r\n<li><a href=\"https:\/\/sinoextrud.com\/what-is-4040-aluminium-extrud\/\" target=\"_blank\">aluminum extrusions for industrial racks<\/a><\/li>\r\r\n<li><a href=\"https:\/\/sinoextrud.com\/powder-coating-aluminium-process\/\" target=\"_blank\">powder coating aluminium<\/a><\/li>\r\r\n<li><a href=\"https:\/\/sinoextrud.com\/what-is-an-aluminium-strip-ceiling\/\" target=\"_blank\">aluminium strip ceiling<\/a><\/li>\r\r\n<li><a href=\"https:\/\/sinoextrud.com\/what-is-a-heat-sink\/\" target=\"_blank\">what is a heat sink<\/a><\/li>\r\r\n<\/ul>","product_chanpin_chanpin":"<li><a href=\"https:\/\/sinoextrud.com\/product\/greenhouse-aluminum-profile-customized-aluminum-profile-beam-powder-coated\/\" target=\"_blank\">greenhouse aluminum profile customized aluminum profile beam powder coated<\/a><\/li>\r\n<li><a href=\"https:\/\/sinoextrud.com\/product\/aluminium-profile-bracket\/\" target=\"_blank\">Aluminium Profile Bracket<\/a><\/li>\r\n<li><a href=\"https:\/\/sinoextrud.com\/product\/aluminum-u-shape-channel-profile\/\" target=\"_blank\">Aluminum U Shape Channel Profile<\/a><\/li>\r\n<li><a href=\"https:\/\/sinoextrud.com\/product\/aluminium-profile-glass-curtain-wall-system\/\" target=\"_blank\">Aluminium Profile Glass Curtain Wall System<\/a><\/li>\r\n<li><a href=\"https:\/\/sinoextrud.com\/product\/office-partition-aluminum-profile\/\" target=\"_blank\">Office Partition Aluminum Profile<\/a><\/li>\r\n<li><a href=\"https:\/\/sinoextrud.com\/product\/extruded-aluminium-skirting-aluminium-skirting-board\/\" target=\"_blank\">Extruded Aluminium Skirting Aluminium Skirting Board<\/a><\/li>\r\n<li><a href=\"https:\/\/sinoextrud.com\/product\/aluminum-section-window\/\" target=\"_blank\">Aluminum Section Window<\/a><\/li>\r\n<li><a href=\"https:\/\/sinoextrud.com\/product\/aluminum-u-profile-glass-railing\/\" target=\"_blank\">Aluminum U profile Glass Railing<\/a><\/li>\r\n<li><a href=\"https:\/\/sinoextrud.com\/product\/aluminium-screen-door-extrusions\/\" target=\"_blank\">Aluminium Screen Door Extrusions<\/a><\/li>\r\n<li><a href=\"https:\/\/sinoextrud.com\/product\/lay-in-tile-ceiling-system\/\" target=\"_blank\">Lay-in Tile Ceiling System<\/a><\/li>\r\n<li><a href=\"https:\/\/sinoextrud.com\/product\/aluminium-profile-for-window\/\" target=\"_blank\">Aluminium Profile For Window<\/a><\/li>"},"feature_list":[]},"_links":{"self":[{"href":"https:\/\/sinoextrud.com\/cs\/wp-json\/wp\/v2\/product\/7558","targetHints":{"allow":["GET"]}}],"collection":[{"href":"https:\/\/sinoextrud.com\/cs\/wp-json\/wp\/v2\/product"}],"about":[{"href":"https:\/\/sinoextrud.com\/cs\/wp-json\/wp\/v2\/types\/product"}],"wp:featuredmedia":[{"embeddable":true,"href":"https:\/\/sinoextrud.com\/cs\/wp-json\/wp\/v2\/media\/7557"}],"wp:attachment":[{"href":"https:\/\/sinoextrud.com\/cs\/wp-json\/wp\/v2\/media?parent=7558"}],"wp:term":[{"taxonomy":"category","embeddable":true,"href":"https:\/\/sinoextrud.com\/cs\/wp-json\/wp\/v2\/categories?post=7558"}],"curies":[{"name":"wp","href":"https:\/\/api.w.org\/{rel}","templated":true}]}}