{"id":7556,"date":"2025-06-09T01:37:15","date_gmt":"2025-06-09T01:37:15","guid":{"rendered":"https:\/\/sinoextrud.com\/product\/aluminium-profile-glass-curtain-wall-system\/"},"modified":"2025-06-24T06:13:05","modified_gmt":"2025-06-24T06:13:05","slug":"system-sklenenych-obvodovych-sten-z-hlinikovych-profilu","status":"publish","type":"product","link":"https:\/\/sinoextrud.com\/cs\/product\/aluminium-profile-glass-curtain-wall-system\/","title":{"rendered":"Syst\u00e9m sklen\u011bn\u00fdch z\u00e1clonov\u00fdch st\u011bn z hlin\u00edkov\u00fdch profil\u016f"},"content":{"rendered":"<h2>Podrobnosti o produktech<\/h2>\n<table class=\"custom-table\">\n<tr>\n<td class=\"label\">Pou\u017eit\u00ed:<\/td>\n<td>Syst\u00e9m sklen\u011bn\u00fdch z\u00e1clonov\u00fdch st\u011bn z hlin\u00edkov\u00fdch profil\u016f<\/td>\n<\/tr>\n<tr>\n<td class=\"label\">T\u0159\u00edda:<\/td>\n<td> \u0158ada 6000<\/td>\n<\/tr>\n<tr>\n<td class=\"label\">M\u00edrnost:<\/td>\n<td> T3-T8<\/td>\n<\/tr>\n<tr>\n<td class=\"label\">Kontrola kvality:<\/td>\n<td> 100% kontrola p\u0159ed odesl\u00e1n\u00edm<\/td>\n<\/tr>\n<tr>\n<td class=\"label\">(1) Uvnit\u0159:<\/td>\n<td> balen\u00ed s plastovou ochrannou f\u00f3li\u00ed na ochranu ka\u017ed\u00e9ho profilu.<\/td>\n<\/tr>\n<tr>\n<td class=\"label\">(2) Venku:<\/td>\n<td> balen\u00ed s vod\u011bodoln\u00fdm \u0159emesln\u00fdm pap\u00edrem<\/td>\n<\/tr>\n<tr>\n<td class=\"label\">Slitina:<\/td>\n<td> slitina<\/td>\n<\/tr>\n<tr>\n<td class=\"label\">Velikost:<\/td>\n<td> na m\u00edru<\/td>\n<\/tr>\n<\/table>\n<h2>Na\u0161e v\u00fdrobn\u00ed z\u00e1kladna<\/h2>\n<h3>Panorama tov\u00e1rny<\/h3>\n<p><img decoding=\"async\" src=\"\/wp-content\/uploads\/factory-01.webp\"\/><\/p>\n<h3>D\u00edlna na v\u00fdrobu hlin\u00edkov\u00fdch ty\u010d\u00ed<\/h3>\n<p><img decoding=\"async\" src=\"\/wp-content\/uploads\/factory-02.webp\"\/><\/p>\n<p><img decoding=\"async\" src=\"\/wp-content\/uploads\/factory-03.webp\"\/><\/p>\n<h3>Sklad pl\u00edsn\u00ed<\/h3>\n<p><img decoding=\"async\" src=\"\/wp-content\/uploads\/factory-04.webp\"\/><\/p>\n<h3>43 linek na vytla\u010dov\u00e1n\u00ed hlin\u00edku (500 - 5500 tun)<\/h3>\n<p><img decoding=\"async\" src=\"\/wp-content\/uploads\/factory-05.webp\"\/><\/p>\n<p><img decoding=\"async\" src=\"\/wp-content\/uploads\/factory-06.webp\"\/><\/p>\n<p><img decoding=\"async\" src=\"\/wp-content\/uploads\/factory-07.webp\"\/><\/p>\n<h3>D\u00edlna pr\u00e1\u0161kov\u00e9ho lakov\u00e1n\u00ed<\/h3>\n<p><img decoding=\"async\" src=\"\/wp-content\/uploads\/factory-09.webp\"\/><\/p>\n<h3>D\u00edlna eloxov\u00e1n\u00ed<\/h3>\n<p><img decoding=\"async\" src=\"\/wp-content\/uploads\/factory-10.webp\"\/><\/p>\n<h3>Workshop o hloubkov\u00e9m zpracov\u00e1n\u00ed<\/h3>\n<p><img decoding=\"async\" src=\"\/wp-content\/uploads\/factory-11.webp\"\/><\/p>\n<h3>D\u00edlna CNC p\u0159esn\u00e9ho obr\u00e1b\u011bn\u00ed<\/h3>\n<p><img decoding=\"async\" src=\"\/wp-content\/uploads\/factory-11.5.webp\"\/><\/p>\n<h3>Sklad hotov\u00fdch v\u00fdrobk\u016f a exportn\u00ed sklad<\/h3>\n<p><img decoding=\"async\" src=\"\/wp-content\/uploads\/factory-12.webp\"\/><\/p>\n<p><img decoding=\"async\" src=\"\/wp-content\/uploads\/factory-13.webp\"\/><\/p>\n<p><img decoding=\"async\" src=\"\/wp-content\/uploads\/factory-14.webp\"\/><\/p>\n<h2>\u010cASTO KLADEN\u00c9 DOTAZY<\/h2>\n<p><p><b>1.Co je syst\u00e9m sklen\u011bn\u00fdch z\u00e1st\u011bn z hlin\u00edkov\u00fdch profil\u016f?<\/b><\/p>\n<p>Jedn\u00e1 se o konstruk\u010dn\u00ed fas\u00e1dn\u00ed syst\u00e9m vyu\u017e\u00edvaj\u00edc\u00ed hlin\u00edkov\u00e9 profily k podep\u0159en\u00ed velk\u00fdch sklen\u011bn\u00fdch tabul\u00ed, kter\u00fd se b\u011b\u017en\u011b pou\u017e\u00edv\u00e1 v komer\u010dn\u00edch a v\u00fd\u0161kov\u00fdch budov\u00e1ch.<br \/>\n<\/p><br \/>\n<br \/>\n<p><b>2.Pro\u010d zvolit hlin\u00edkov\u00e9 profily pro syst\u00e9my obvodov\u00fdch st\u011bn?<\/b><\/p>\n<p>Hlin\u00edkov\u00e9 profily se vyzna\u010duj\u00ed vysokou pevnost\u00ed, odolnost\u00ed proti korozi a flexibilitou designu, tak\u017ee jsou ide\u00e1ln\u00ed pro modern\u00ed sklen\u011bn\u00e9 fas\u00e1dy.<br \/>\n<\/p><br \/>\n<br \/>\n<p><b>3.Jsou syst\u00e9my sklen\u011bn\u00fdch obvodov\u00fdch st\u011bn energeticky \u00fa\u010dinn\u00e9?<\/b><\/p>\n<p>Ano, v kombinaci s profily s tepelnou mezerou a izola\u010dn\u00edm sklem poskytuj\u00ed vynikaj\u00edc\u00ed tepelnou izolaci a \u00faspory energie.<br \/>\n<\/p><br \/>\n<br \/>\n<p><b>4.Lze syst\u00e9m hlin\u00edkov\u00fdch z\u00e1v\u011bs\u016f p\u0159izp\u016fsobit?<\/b><\/p>\n<p>Tvar, velikost, povrchovou \u00fapravu a barvu profil\u016f lze zcela jist\u011b p\u0159izp\u016fsobit specifick\u00fdm architektonick\u00fdm n\u00e1vrh\u016fm a po\u017eadavk\u016fm na v\u00fdkon.<br \/>\n<\/p><br \/>\n<br \/>\n<p><b>5.Jak\u00e9 typy skel jsou kompatibiln\u00ed se z\u00e1v\u011bsn\u00fdmi st\u011bnami z hlin\u00edkov\u00fdch profil\u016f?<\/b><\/p>\n<p>Tyto syst\u00e9my jsou kompatibiln\u00ed s tvrzen\u00fdm, vrstven\u00fdm, dvojsklem a n\u00edzkoemisn\u00edm sklem, kter\u00e9 zaji\u0161\u0165uje pevnost, bezpe\u010dnost a tepeln\u00e9 vlastnosti.<br \/>\n<\/p><br \/>\n<br \/>\n<p><b>6.Je syst\u00e9m vhodn\u00fd pro v\u00fd\u0161kov\u00e9 budovy?<\/b><\/p>\n<p>Ano, hlin\u00edkov\u00e9 syst\u00e9my obvodov\u00fdch st\u011bn jsou konstruov\u00e1ny tak, aby odol\u00e1valy zat\u00ed\u017een\u00ed v\u011btrem a seismick\u00fdm pohyb\u016fm, tak\u017ee jsou ide\u00e1ln\u00ed pro vysok\u00e9 stavby.<br \/>\n<\/p><br \/>\n<br \/>\n<p><b>7.Jak\u00e9 povrchov\u00e9 \u00fapravy jsou k dispozici pro hlin\u00edkov\u00e9 profily obvodov\u00fdch st\u011bn?<\/b><\/p>\n<p>Mezi b\u011b\u017en\u00e9 povrchov\u00e9 \u00fapravy pat\u0159\u00ed eloxov\u00e1n\u00ed, pr\u00e1\u0161kov\u00e9 lakov\u00e1n\u00ed a PVDF lakov\u00e1n\u00ed pro zv\u00fd\u0161en\u00ed odolnosti a vizu\u00e1ln\u00ed p\u0159ita\u017elivosti.<br \/>\n<\/p><br \/><\/p>","protected":false},"featured_media":0,"template":"","categories":[67],"class_list":["post-7556","product","type-product","status-publish","hentry","category-architectural-aluminium-profile"],"meta_box":{"hilight_text_group":{"product_hilight_text":"<li>High-strength aluminium profiles ensure structural integrity of glass curtain walls<\/li>\r\r\n<li>Sleek design allows for large glass panels and maximum natural light<\/li>\r\r\n<li>Excellent thermal insulation and weather resistance for energy efficiency<\/li>\r\r\n<li>Lightweight material reduces construction load and simplifies installation<\/li>\r\r\n<li>Customizable shapes, sizes, and finishes to match architectural requirements<\/li>\r\r\n<li>Compatible with double-glazed and laminated glass for enhanced safety<\/li>","product_chanpin_blog":"<ul>\r\r\n<li><a href=\"https:\/\/sinoextrud.com\/t-slot-v-slot-differences\/\" target=\"_blank\">t slot vs v slot<\/a><\/li>\r\r\n<li><a href=\"https:\/\/sinoextrud.com\/what-is-4040-aluminium-extrud\/\" target=\"_blank\">4040 aluminium extrusion<\/a><\/li>\r\r\n<li><a href=\"https:\/\/sinoextrud.com\/what-is-4040-aluminium-extrud\/\" target=\"_blank\">aluminum extrusions for industrial racks<\/a><\/li>\r\r\n<li><a href=\"https:\/\/sinoextrud.com\/powder-coating-aluminium-process\/\" target=\"_blank\">powder coating aluminium<\/a><\/li>\r\r\n<li><a href=\"https:\/\/sinoextrud.com\/what-is-an-aluminium-strip-ceiling\/\" target=\"_blank\">aluminium strip ceiling<\/a><\/li>\r\r\n<li><a href=\"https:\/\/sinoextrud.com\/what-is-a-heat-sink\/\" target=\"_blank\">what is a heat sink<\/a><\/li>\r\r\n<\/ul>","product_chanpin_chanpin":"<li><a href=\"https:\/\/sinoextrud.com\/product\/aluminium-powder-coating\/\" target=\"_blank\">Aluminium Powder Coating<\/a><\/li>\r\n<li><a href=\"https:\/\/sinoextrud.com\/product\/greenhouse-aluminum-profile-customized-aluminum-profile-beam-powder-coated\/\" target=\"_blank\">greenhouse aluminum profile customized aluminum profile beam powder coated<\/a><\/li>\r\n<li><a href=\"https:\/\/sinoextrud.com\/product\/aluminium-profile-bracket\/\" target=\"_blank\">Aluminium Profile Bracket<\/a><\/li>\r\n<li><a href=\"https:\/\/sinoextrud.com\/product\/aluminum-u-shape-channel-profile\/\" target=\"_blank\">Aluminum U Shape Channel Profile<\/a><\/li>\r\n<li><a href=\"https:\/\/sinoextrud.com\/product\/aluminium-profile-glass-curtain-wall-system\/\" target=\"_blank\">Aluminium Profile Glass Curtain Wall System<\/a><\/li>\r\n<li><a href=\"https:\/\/sinoextrud.com\/product\/office-partition-aluminum-profile\/\" target=\"_blank\">Office Partition Aluminum Profile<\/a><\/li>\r\n<li><a href=\"https:\/\/sinoextrud.com\/product\/extruded-aluminium-skirting-aluminium-skirting-board\/\" target=\"_blank\">Extruded Aluminium Skirting Aluminium Skirting Board<\/a><\/li>\r\n<li><a href=\"https:\/\/sinoextrud.com\/product\/aluminum-section-window\/\" target=\"_blank\">Aluminum Section Window<\/a><\/li>\r\n<li><a href=\"https:\/\/sinoextrud.com\/product\/aluminum-u-profile-glass-railing\/\" target=\"_blank\">Aluminum U profile Glass Railing<\/a><\/li>\r\n<li><a href=\"https:\/\/sinoextrud.com\/product\/30mm-aluminum-extrusion\/\" target=\"_blank\">30mm Aluminum Extrusion<\/a><\/li>\r\n<li><a href=\"https:\/\/sinoextrud.com\/product\/custom-high-quality-aluminum-shower-room-mirror-frame-aluminum-profile\/\" target=\"_blank\">Custom High-quality Aluminum Shower Room Mirror Frame Aluminum Profile<\/a><\/li>"},"feature_list":[]},"_links":{"self":[{"href":"https:\/\/sinoextrud.com\/cs\/wp-json\/wp\/v2\/product\/7556","targetHints":{"allow":["GET"]}}],"collection":[{"href":"https:\/\/sinoextrud.com\/cs\/wp-json\/wp\/v2\/product"}],"about":[{"href":"https:\/\/sinoextrud.com\/cs\/wp-json\/wp\/v2\/types\/product"}],"wp:attachment":[{"href":"https:\/\/sinoextrud.com\/cs\/wp-json\/wp\/v2\/media?parent=7556"}],"wp:term":[{"taxonomy":"category","embeddable":true,"href":"https:\/\/sinoextrud.com\/cs\/wp-json\/wp\/v2\/categories?post=7556"}],"curies":[{"name":"wp","href":"https:\/\/api.w.org\/{rel}","templated":true}]}}