{"id":7554,"date":"2025-06-09T01:35:32","date_gmt":"2025-06-09T01:35:32","guid":{"rendered":"https:\/\/sinoextrud.com\/product\/aluminum-u-shape-channel-profile\/"},"modified":"2025-06-24T06:13:05","modified_gmt":"2025-06-24T06:13:05","slug":"hlinikovy-kanalovy-profil-ve-tvaru-u","status":"publish","type":"product","link":"https:\/\/sinoextrud.com\/cs\/product\/aluminum-u-shape-channel-profile\/","title":{"rendered":"Hlin\u00edkov\u00fd kan\u00e1lov\u00fd profil tvaru U"},"content":{"rendered":"<h2>Podrobnosti o produktech<\/h2>\n<table class=\"custom-table\">\n<tr>\n<td class=\"label\">Polo\u017eka:<\/td>\n<td>Hlin\u00edkov\u00fd kan\u00e1lov\u00fd profil tvaru U<\/td>\n<\/tr>\n<tr>\n<td class=\"label\">M\u00edrnost:<\/td>\n<td>T3-T8<\/td>\n<\/tr>\n<tr>\n<td class=\"label\">Slitina:<\/td>\n<td>Slitina<\/td>\n<\/tr>\n<tr>\n<td class=\"label\">T\u0159\u00edda:<\/td>\n<td>\u0158ada 6000<\/td>\n<\/tr>\n<tr>\n<td class=\"label\">Velikost:<\/td>\n<td>Vlastn\u00ed<\/td>\n<\/tr>\n<tr>\n<td class=\"label\">Typ:<\/td>\n<td>Extrudovan\u00e9 hlin\u00edkov\u00e9 profily<\/td>\n<\/tr>\n<tr>\n<td class=\"label\">Materi\u00e1l:<\/td>\n<td>6063-T5, 6063-T6, 6061-T5, 6061-T6, 6463-T5<\/td>\n<\/tr>\n<tr>\n<td class=\"label\">M\u011bs\u00ed\u010dn\u00ed produkce:<\/td>\n<td>2400-3000 tun<\/td>\n<\/tr>\n<tr>\n<td class=\"label\">Kontrola kvality:<\/td>\n<td>100% kontrola p\u0159ed odesl\u00e1n\u00edm<\/td>\n<\/tr>\n<tr>\n<td class=\"label\">Specifikace:<\/td>\n<td>ISO9001, ISO14001<\/td>\n<\/tr>\n<tr>\n<td class=\"label\">Ochrann\u00e1 zn\u00e1mka:<\/td>\n<td>Sinoextrud(Sinoextrud)\/OEM<\/td>\n<\/tr>\n<tr>\n<td class=\"label\">P\u016fvod:<\/td>\n<td>Foshan, \u010c\u00edna<\/td>\n<\/tr>\n<\/table>\n<h2>Na\u0161e v\u00fdrobn\u00ed z\u00e1kladna<\/h2>\n<h3>Panorama tov\u00e1rny<\/h3>\n<p><img decoding=\"async\" src=\"\/wp-content\/uploads\/factory-01.webp\"\/><\/p>\n<h3>D\u00edlna na v\u00fdrobu hlin\u00edkov\u00fdch ty\u010d\u00ed<\/h3>\n<p><img decoding=\"async\" src=\"\/wp-content\/uploads\/factory-02.webp\"\/><\/p>\n<p><img decoding=\"async\" src=\"\/wp-content\/uploads\/factory-03.webp\"\/><\/p>\n<h3>Sklad pl\u00edsn\u00ed<\/h3>\n<p><img decoding=\"async\" src=\"\/wp-content\/uploads\/factory-04.webp\"\/><\/p>\n<h3>43 linek na vytla\u010dov\u00e1n\u00ed hlin\u00edku (500 - 5500 tun)<\/h3>\n<p><img decoding=\"async\" src=\"\/wp-content\/uploads\/factory-05.webp\"\/><\/p>\n<p><img decoding=\"async\" src=\"\/wp-content\/uploads\/factory-06.webp\"\/><\/p>\n<p><img decoding=\"async\" src=\"\/wp-content\/uploads\/factory-07.webp\"\/><\/p>\n<h3>D\u00edlna pr\u00e1\u0161kov\u00e9ho lakov\u00e1n\u00ed<\/h3>\n<p><img decoding=\"async\" src=\"\/wp-content\/uploads\/factory-09.webp\"\/><\/p>\n<h3>D\u00edlna eloxov\u00e1n\u00ed<\/h3>\n<p><img decoding=\"async\" src=\"\/wp-content\/uploads\/factory-10.webp\"\/><\/p>\n<h3>Workshop o hloubkov\u00e9m zpracov\u00e1n\u00ed<\/h3>\n<p><img decoding=\"async\" src=\"\/wp-content\/uploads\/factory-11.webp\"\/><\/p>\n<h3>D\u00edlna CNC p\u0159esn\u00e9ho obr\u00e1b\u011bn\u00ed<\/h3>\n<p><img decoding=\"async\" src=\"\/wp-content\/uploads\/factory-11.5.webp\"\/><\/p>\n<h3>Sklad hotov\u00fdch v\u00fdrobk\u016f a exportn\u00ed sklad<\/h3>\n<p><img decoding=\"async\" src=\"\/wp-content\/uploads\/factory-12.webp\"\/><\/p>\n<p><img decoding=\"async\" src=\"\/wp-content\/uploads\/factory-13.webp\"\/><\/p>\n<p><img decoding=\"async\" src=\"\/wp-content\/uploads\/factory-14.webp\"\/><\/p>\n<h2>\u010cASTO KLADEN\u00c9 DOTAZY<\/h2>\n<p><p><b>1.Co je hlin\u00edkov\u00fd kan\u00e1lov\u00fd profil ve tvaru U?<\/b><\/p>\n<p>Hlin\u00edkov\u00fd kan\u00e1lov\u00fd profil ve tvaru p\u00edsmene U je v\u00fdlisek ve tvaru p\u00edsmene U, kter\u00fd se pou\u017e\u00edv\u00e1 pro r\u00e1mov\u00e1n\u00ed, mont\u00e1\u017e a konstruk\u010dn\u00ed aplikace ve stavebnictv\u00ed a pr\u016fmyslu.<br \/>\n<\/p><br \/>\n<br \/>\n<p><b>2.Jak\u00e9 jsou v\u00fdhody pou\u017eit\u00ed hlin\u00edkov\u00e9ho U kan\u00e1lu?<\/b><\/p>\n<p>Hlin\u00edkov\u00e9 U kan\u00e1ly nab\u00edzej\u00ed lehkou pevnost, odolnost proti korozi a v\u0161estrannost v r\u016fzn\u00fdch konstruk\u010dn\u00edch a designov\u00fdch projektech.<br \/>\n<\/p><br \/>\n<br \/>\n<p><b>3.Je hlin\u00edkov\u00fd U kan\u00e1l odoln\u00fd proti korozi?<\/b><\/p>\n<p>Ano, na\u0161e hlin\u00edkov\u00e9 profily ve tvaru p\u00edsmene U maj\u00ed eloxovanou nebo pr\u00e1\u0161kovou povrchovou \u00fapravu, kter\u00e1 zaji\u0161\u0165uje dlouhodobou odolnost proti korozi.<br \/>\n<\/p><br \/>\n<br \/>\n<p><b>4.Mohu z\u00edskat vlastn\u00ed velikosti hlin\u00edkov\u00fdch kan\u00e1l\u016f ve tvaru U?<\/b><\/p>\n<p>Ano, nab\u00edz\u00edme pln\u011b p\u0159izp\u016fsobiteln\u00e9 hlin\u00edkov\u00e9 U-kan\u00e1ly s konkr\u00e9tn\u00edmi rozm\u011bry a tlou\u0161\u0165kou st\u011bny, kter\u00e9 vyhov\u00ed pot\u0159eb\u00e1m va\u0161eho projektu.<br \/>\n<\/p><br \/>\n<br \/>\n<p><b>5.V jak\u00fdch pr\u016fmyslov\u00fdch odv\u011btv\u00edch se b\u011b\u017en\u011b pou\u017e\u00edvaj\u00ed hlin\u00edkov\u00e9 profily ve tvaru U?<\/b><\/p>\n<p>Hlin\u00edkov\u00e9 U-kan\u00e1ly se \u0161iroce pou\u017e\u00edvaj\u00ed ve stavebnictv\u00ed, automobilov\u00e9m pr\u016fmyslu, p\u0159i v\u00fdrob\u011b n\u00e1bytku a v architektonick\u00e9m r\u00e1mov\u00e1n\u00ed.<br \/>\n<\/p><br \/>\n<br \/>\n<p><b>6.Jsou hlin\u00edkov\u00e9 U kan\u00e1ly snadno zpracovateln\u00e9?<\/b><\/p>\n<p>Ano, hlin\u00edkov\u00e9 profily ve tvaru U se snadno \u0159e\u017eou, vrtaj\u00ed a sva\u0159uj\u00ed, tak\u017ee jsou vhodn\u00e9 pro standardn\u00ed i zak\u00e1zkovou v\u00fdrobu.<br \/>\n<\/p><br \/>\n<br \/>\n<p><b>7.Nab\u00edz\u00edte mo\u017enosti povrchov\u00e9 \u00fapravy kan\u00e1lu U?<\/b><\/p>\n<p>Ano, nab\u00edz\u00edme r\u016fzn\u00e9 povrchov\u00e9 \u00fapravy v\u010detn\u011b eloxov\u00e1n\u00ed, pr\u00e1\u0161kov\u00e9ho lakov\u00e1n\u00ed a fr\u00e9zov\u00e1n\u00ed pro r\u016fzn\u00e9 aplikace a prost\u0159ed\u00ed.<br \/>\n<\/p><br \/>\n<br \/>\n<p><b>8.Je hlin\u00edkov\u00fd U kan\u00e1l vhodn\u00fd pro venkovn\u00ed pou\u017eit\u00ed?<\/b><\/p>\n<p>Ano, p\u0159i spr\u00e1vn\u00e9 povrchov\u00e9 \u00faprav\u011b jsou na\u0161e hlin\u00edkov\u00e9 profily ve tvaru U ide\u00e1ln\u00ed pro venkovn\u00ed pou\u017eit\u00ed d\u00edky sv\u00e9 vynikaj\u00edc\u00ed odolnosti v\u016f\u010di pov\u011btrnostn\u00edm vliv\u016fm.<br \/>\n<\/p><br \/><\/p>","protected":false},"featured_media":7553,"template":"","categories":[67],"class_list":["post-7554","product","type-product","status-publish","has-post-thumbnail","hentry","category-architectural-aluminium-profile"],"meta_box":{"hilight_text_group":{"product_hilight_text":"<li>Durable aluminum alloy construction with excellent strength-to-weight ratio<\/li>\r\r\n<li>Customizable dimensions and wall thickness for various industrial needs<\/li>\r\r\n<li>Corrosion-resistant finish suitable for both indoor and outdoor use<\/li>\r\r\n<li>Clean U-shaped design ideal for framing, tracks, and edge protection<\/li>\r\r\n<li>Easy to fabricate, drill, and cut for flexible application<\/li>","product_chanpin_blog":"<ul>\r\r\n<li><a href=\"https:\/\/sinoextrud.com\/t-slot-v-slot-differences\/\" target=\"_blank\">t slot vs v slot<\/a><\/li>\r\r\n<li><a href=\"https:\/\/sinoextrud.com\/what-is-4040-aluminium-extrud\/\" target=\"_blank\">4040 aluminium extrusion<\/a><\/li>\r\r\n<li><a href=\"https:\/\/sinoextrud.com\/what-is-4040-aluminium-extrud\/\" target=\"_blank\">aluminum extrusions for industrial racks<\/a><\/li>\r\r\n<li><a href=\"https:\/\/sinoextrud.com\/powder-coating-aluminium-process\/\" target=\"_blank\">powder coating aluminium<\/a><\/li>\r\r\n<li><a href=\"https:\/\/sinoextrud.com\/what-is-an-aluminium-strip-ceiling\/\" target=\"_blank\">aluminium strip ceiling<\/a><\/li>\r\r\n<li><a href=\"https:\/\/sinoextrud.com\/what-is-a-heat-sink\/\" target=\"_blank\">what is a heat sink<\/a><\/li>\r\r\n<\/ul>","product_chanpin_chanpin":"<li><a href=\"https:\/\/sinoextrud.com\/product\/aluminium-picture-frame-extrusions\/\" target=\"_blank\">Aluminium Picture Frame Extrusions<\/a><\/li>\r\n<li><a href=\"https:\/\/sinoextrud.com\/product\/aluminium-powder-coating\/\" target=\"_blank\">Aluminium Powder Coating<\/a><\/li>\r\n<li><a href=\"https:\/\/sinoextrud.com\/product\/greenhouse-aluminum-profile-customized-aluminum-profile-beam-powder-coated\/\" target=\"_blank\">greenhouse aluminum profile customized aluminum profile beam powder coated<\/a><\/li>\r\n<li><a href=\"https:\/\/sinoextrud.com\/product\/aluminium-profile-bracket\/\" target=\"_blank\">Aluminium Profile Bracket<\/a><\/li>\r\n<li><a href=\"https:\/\/sinoextrud.com\/product\/aluminum-u-shape-channel-profile\/\" target=\"_blank\">Aluminum U Shape Channel Profile<\/a><\/li>\r\n<li><a href=\"https:\/\/sinoextrud.com\/product\/aluminium-profile-glass-curtain-wall-system\/\" target=\"_blank\">Aluminium Profile Glass Curtain Wall System<\/a><\/li>\r\n<li><a href=\"https:\/\/sinoextrud.com\/product\/office-partition-aluminum-profile\/\" target=\"_blank\">Office Partition Aluminum Profile<\/a><\/li>\r\n<li><a href=\"https:\/\/sinoextrud.com\/product\/extruded-aluminium-skirting-aluminium-skirting-board\/\" target=\"_blank\">Extruded Aluminium Skirting Aluminium Skirting Board<\/a><\/li>\r\n<li><a href=\"https:\/\/sinoextrud.com\/product\/aluminum-section-window\/\" target=\"_blank\">Aluminum Section Window<\/a><\/li>\r\n<li><a href=\"https:\/\/sinoextrud.com\/product\/aluminium-extrusion-machining\/\" target=\"_blank\">Aluminium Extrusion Machining<\/a><\/li>\r\n<li><a href=\"https:\/\/sinoextrud.com\/product\/extruded-aluminum-channel-stock\/\" target=\"_blank\">Extruded Aluminum Channel Stock<\/a><\/li>"},"feature_list":[]},"_links":{"self":[{"href":"https:\/\/sinoextrud.com\/cs\/wp-json\/wp\/v2\/product\/7554","targetHints":{"allow":["GET"]}}],"collection":[{"href":"https:\/\/sinoextrud.com\/cs\/wp-json\/wp\/v2\/product"}],"about":[{"href":"https:\/\/sinoextrud.com\/cs\/wp-json\/wp\/v2\/types\/product"}],"wp:featuredmedia":[{"embeddable":true,"href":"https:\/\/sinoextrud.com\/cs\/wp-json\/wp\/v2\/media\/7553"}],"wp:attachment":[{"href":"https:\/\/sinoextrud.com\/cs\/wp-json\/wp\/v2\/media?parent=7554"}],"wp:term":[{"taxonomy":"category","embeddable":true,"href":"https:\/\/sinoextrud.com\/cs\/wp-json\/wp\/v2\/categories?post=7554"}],"curies":[{"name":"wp","href":"https:\/\/api.w.org\/{rel}","templated":true}]}}