{"id":7550,"date":"2025-06-09T01:29:03","date_gmt":"2025-06-09T01:29:03","guid":{"rendered":"https:\/\/sinoextrud.com\/product\/greenhouse-aluminum-profile-customized-aluminum-profile-beam-powder-coated\/"},"modified":"2025-06-24T06:13:04","modified_gmt":"2025-06-24T06:13:04","slug":"sklenik-hlinikovy-profil-prizpusobeny-hlinikovy-profil-nosnik-praskove-lakovany","status":"publish","type":"product","link":"https:\/\/sinoextrud.com\/cs\/product\/greenhouse-aluminum-profile-customized-aluminum-profile-beam-powder-coated\/","title":{"rendered":"sklen\u00edk hlin\u00edkov\u00fd profil p\u0159izp\u016fsoben\u00fd hlin\u00edkov\u00fd profil nosn\u00edk pr\u00e1\u0161kov\u011b lakovan\u00fd"},"content":{"rendered":"<h2>Podrobnosti o produktech<\/h2>\n<table class=\"custom-table\">\n<tr>\n<td class=\"label\">Tvar:<\/td>\n<td>sklen\u00edk hlin\u00edkov\u00fd profil p\u0159izp\u016fsoben\u00fd hlin\u00edkov\u00fd profil nosn\u00edk pr\u00e1\u0161kov\u011b lakovan\u00fd<\/td>\n<\/tr>\n<tr>\n<td class=\"label\">Slitina:<\/td>\n<td>Slitina hlin\u00edkov\u00e9ho profilu<\/td>\n<\/tr>\n<tr>\n<td class=\"label\">Leguj\u00edc\u00ed slo\u017eka:<\/td>\n<td>6063<\/td>\n<\/tr>\n<tr>\n<td class=\"label\">Profil z le\u0161t\u011bn\u00e9ho hlin\u00edku:<\/td>\n<td>pr\u00e1\u0161kov\u00e9 lakov\u00e1n\u00ed<\/td>\n<\/tr>\n<tr>\n<td class=\"label\">Barvy:<\/td>\n<td>K dispozici je libovoln\u00fd<\/td>\n<\/tr>\n<tr>\n<td class=\"label\">Zpracov\u00e1no na CNC:<\/td>\n<td>Je zpracov\u00e1v\u00e1no CNC<\/td>\n<\/tr>\n<tr>\n<td class=\"label\">P\u0159ijateln\u00e9 OEM\/ODM:<\/td>\n<td>Je OEM\/ODM p\u0159ijateln\u00fd<\/td>\n<\/tr>\n<tr>\n<td class=\"label\">P\u0159epravn\u00ed bal\u00ed\u010dek:<\/td>\n<td>Smr\u0161\u0165ovac\u00ed f\u00f3lie a d\u0159ev\u011bn\u00e9 pouzdro<\/td>\n<\/tr>\n<tr>\n<td class=\"label\">P\u016fvod:<\/td>\n<td>Foshan, Guangdong \u010c\u00edna.<\/td>\n<\/tr>\n<tr>\n<td class=\"label\">Typ:<\/td>\n<td>Hlin\u00edkov\u00e9 v\u00fdrobky pro stavebnictv\u00ed.<\/td>\n<\/tr>\n<tr>\n<td class=\"label\">T\u0159\u00edda:<\/td>\n<td>\u0158ada 6000<\/td>\n<\/tr>\n<tr>\n<td class=\"label\">Ostatn\u00ed povrchov\u00e9 \u00fapravy:<\/td>\n<td>eloxovan\u00e9, d\u0159ev\u011bn\u00e9 zrno atd.<\/td>\n<\/tr>\n<tr>\n<td class=\"label\">Certifikace:<\/td>\n<td>CE, ISO, ISO9001, Aama, DIN<\/td>\n<\/tr>\n<tr>\n<td class=\"label\">Na\u0161e kvalita:<\/td>\n<td>100% Testov\u00e1n\u00ed kontroly kvality<\/td>\n<\/tr>\n<tr>\n<td class=\"label\">N\u00e1\u0161 slib:<\/td>\n<td>100% Dobr\u00e9 produkty p\u0159ed odesl\u00e1n\u00edm<\/td>\n<\/tr>\n<tr>\n<td class=\"label\">Specifikace:<\/td>\n<td>ISO 9001<\/td>\n<\/tr>\n<\/table>\n<h2>Na\u0161e v\u00fdrobn\u00ed z\u00e1kladna<\/h2>\n<h3>Panorama tov\u00e1rny<\/h3>\n<p><img decoding=\"async\" src=\"\/wp-content\/uploads\/factory-01.webp\"\/><\/p>\n<h3>D\u00edlna na v\u00fdrobu hlin\u00edkov\u00fdch ty\u010d\u00ed<\/h3>\n<p><img decoding=\"async\" src=\"\/wp-content\/uploads\/factory-02.webp\"\/><\/p>\n<\/p>\n<p><img decoding=\"async\" src=\"\/wp-content\/uploads\/factory-03.webp\"\/><\/p>\n<h3>Sklad pl\u00edsn\u00ed<\/h3>\n<p><img decoding=\"async\" src=\"\/wp-content\/uploads\/factory-04.webp\"\/><\/p>\n<h3>43 linek na vytla\u010dov\u00e1n\u00ed hlin\u00edku (500 - 5500 tun)<\/h3>\n<p><img decoding=\"async\" src=\"\/wp-content\/uploads\/factory-05.webp\"\/><\/p>\n<p><img decoding=\"async\" src=\"\/wp-content\/uploads\/factory-06.webp\"\/><\/p>\n<p><img decoding=\"async\" src=\"\/wp-content\/uploads\/factory-07.webp\"\/><\/p>\n<h3>D\u00edlna pr\u00e1\u0161kov\u00e9ho lakov\u00e1n\u00ed<\/h3>\n<p><img decoding=\"async\" src=\"\/wp-content\/uploads\/factory-09.webp\"\/><\/p>\n<h3>D\u00edlna eloxov\u00e1n\u00ed<\/h3>\n<p><img decoding=\"async\" src=\"\/wp-content\/uploads\/factory-10.webp\"\/><\/p>\n<h3>Workshop o hloubkov\u00e9m zpracov\u00e1n\u00ed<\/h3>\n<p><img decoding=\"async\" src=\"\/wp-content\/uploads\/factory-11.webp\"\/><\/p>\n<h3>D\u00edlna CNC p\u0159esn\u00e9ho obr\u00e1b\u011bn\u00ed<\/h3>\n<p><img decoding=\"async\" src=\"\/wp-content\/uploads\/factory-11.5.webp\"\/><\/p>\n<h3>Sklad hotov\u00fdch v\u00fdrobk\u016f a exportn\u00ed sklad<\/h3>\n<p><img decoding=\"async\" src=\"\/wp-content\/uploads\/factory-12.webp\"\/><\/p>\n<p><img decoding=\"async\" src=\"\/wp-content\/uploads\/factory-13.webp\"\/><\/p>\n<p><img decoding=\"async\" src=\"\/wp-content\/uploads\/factory-14.webp\"\/><\/p>\n<h2>\u010cASTO KLADEN\u00c9 DOTAZY<\/h2>\n<p><b>1.Co je sklen\u00edkov\u00fd hlin\u00edkov\u00fd profilov\u00fd nosn\u00edk?<\/b><\/p>\n<p>Sklen\u00edkov\u00fd hlin\u00edkov\u00fd profilov\u00fd nosn\u00edk je konstruk\u010dn\u00ed hlin\u00edkov\u00fd prvek ur\u010den\u00fd pro r\u00e1my sklen\u00edk\u016f, kter\u00fd nab\u00edz\u00ed pevnost a odolnost proti pov\u011btrnostn\u00edm vliv\u016fm.\n<\/p>\n<p><\/p>\n<p><b>2.Je hlin\u00edkov\u00fd profilov\u00fd nosn\u00edk pr\u00e1\u0161kov\u011b lakovan\u00fd?<\/b><\/p>\n<p>Ano, hlin\u00edkov\u00fd profilov\u00fd nosn\u00edk je opat\u0159en vysoce kvalitn\u00ed pr\u00e1\u0161kovou povrchovou \u00fapravou, kter\u00e1 zvy\u0161uje odolnost proti korozi a estetick\u00fd vzhled.\n<\/p>\n<p><\/p>\n<p><b>3.Mohu pro sv\u016fj sklen\u00edk z\u00edskat hlin\u00edkov\u00e9 profily na m\u00edru?<\/b><\/p>\n<p>Ano, poskytujeme hlin\u00edkov\u00e9 profily pro sklen\u00edky pln\u011b p\u0159izp\u016fsoben\u00e9 va\u0161im specifick\u00fdm po\u017eadavk\u016fm na projekt.\n<\/p>\n<p><\/p>\n<p><b>4.Jak\u00e9 jsou v\u00fdhody pr\u00e1\u0161kov\u00e9ho lakov\u00e1n\u00ed hlin\u00edkov\u00fdch profil\u016f?<\/b><\/p>\n<p>Pr\u00e1\u0161kov\u00e9 lakov\u00e1n\u00ed zvy\u0161uje trvanlivost, odolnost proti korozi a vizu\u00e1ln\u00ed p\u0159ita\u017elivost hlin\u00edkov\u00fdch profilov\u00fdch nosn\u00edk\u016f pou\u017e\u00edvan\u00fdch ve sklen\u00edc\u00edch.\n<\/p>\n<p><\/p>\n<p><b>5.Snadno se va\u0161e hlin\u00edkov\u00e9 nosn\u00edky sklen\u00edku instaluj\u00ed?<\/b><\/p>\n<p>Ano, na\u0161e lehk\u00e9 a p\u0159esn\u011b \u0159ezan\u00e9 hlin\u00edkov\u00e9 profilov\u00e9 nosn\u00edky jsou navr\u017eeny pro snadnou a efektivn\u00ed mont\u00e1\u017e.\n<\/p>\n<p><\/p>\n<p><b>6.Nab\u00edz\u00edte slu\u017eby OEM pro hlin\u00edkov\u00e9 profily na m\u00edru?<\/b><\/p>\n<p>Ano, nab\u00edz\u00edme OEM \u0159e\u0161en\u00ed hlin\u00edkov\u00fdch profil\u016f pro sklen\u00edky s rozm\u011bry a povrchovou \u00fapravou na m\u00edru.\n<\/p>\n<p><\/p>\n<p><b>7.Jak\u00e1 je \u017eivotnost va\u0161ich pr\u00e1\u0161kov\u011b lakovan\u00fdch hlin\u00edkov\u00fdch nosn\u00edk\u016f?<\/b><\/p>\n<p>Na\u0161e hlin\u00edkov\u00e9 profilov\u00e9 nosn\u00edky s pr\u00e1\u0161kov\u00fdm n\u00e1st\u0159ikem jsou navr\u017eeny tak, aby odol\u00e1valy venkovn\u00edm podm\u00ednk\u00e1m a m\u011bly dlouhou \u017eivotnost.\n<\/p>\n<p><\/p>\n<p><b>8.Jak mohou hlin\u00edkov\u00e9 profily na m\u00edru vylep\u0161it konstrukci sklen\u00edk\u016f?<\/b><\/p>\n<p>Hlin\u00edkov\u00e9 profily na m\u00edru umo\u017e\u0148uj\u00ed optimalizovat konstruk\u010dn\u00ed \u0159e\u0161en\u00ed, co\u017e zvy\u0161uje stabilitu a funk\u010dnost sklen\u00edku.\n<\/p>\n<p><\/p>","protected":false},"featured_media":7549,"template":"","categories":[67],"class_list":["post-7550","product","type-product","status-publish","has-post-thumbnail","hentry","category-architectural-aluminium-profile"],"meta_box":{"hilight_text_group":{"product_hilight_text":"<li>High-strength aluminum alloy structure ensures durability and stability<\/li>\r\r\n<li>Customized dimensions and profiles to meet specific greenhouse designs<\/li>\r\r\n<li>Corrosion-resistant powder coated finish for extended lifespan<\/li>\r\r\n<li>Lightweight profile beam for easy transportation and installation<\/li>\r\r\n<li>Precision-engineered for seamless assembly and integration<\/li>","product_chanpin_blog":"<ul>\r\r\n<li><a href=\"https:\/\/sinoextrud.com\/t-slot-v-slot-differences\/\" target=\"_blank\">t slot vs v slot<\/a><\/li>\r\r\n<li><a href=\"https:\/\/sinoextrud.com\/what-is-4040-aluminium-extrud\/\" target=\"_blank\">4040 aluminium extrusion<\/a><\/li>\r\r\n<li><a href=\"https:\/\/sinoextrud.com\/what-is-4040-aluminium-extrud\/\" target=\"_blank\">aluminum extrusions for industrial racks<\/a><\/li>\r\r\n<li><a href=\"https:\/\/sinoextrud.com\/powder-coating-aluminium-process\/\" target=\"_blank\">powder coating aluminium<\/a><\/li>\r\r\n<li><a href=\"https:\/\/sinoextrud.com\/what-is-an-aluminium-strip-ceiling\/\" target=\"_blank\">aluminium strip ceiling<\/a><\/li>\r\r\n<li><a href=\"https:\/\/sinoextrud.com\/what-is-a-heat-sink\/\" target=\"_blank\">what is a heat sink<\/a><\/li>\r\r\n<\/ul>","product_chanpin_chanpin":"<li><a href=\"https:\/\/sinoextrud.com\/product\/anodizing-aluminium-extrusion-profiles-for-windows-and-door\/\" target=\"_blank\">Anodizing Aluminium Extrusion Profiles for Windows and Door<\/a><\/li>\r\n<li><a href=\"https:\/\/sinoextrud.com\/product\/aluminium-louver-extrusions\/\" target=\"_blank\">Aluminium Louver Extrusions<\/a><\/li>\r\n<li><a href=\"https:\/\/sinoextrud.com\/product\/aluminium-picture-frame-extrusions\/\" target=\"_blank\">Aluminium Picture Frame Extrusions<\/a><\/li>\r\n<li><a href=\"https:\/\/sinoextrud.com\/product\/aluminium-powder-coating\/\" target=\"_blank\">Aluminium Powder Coating<\/a><\/li>\r\n<li><a href=\"https:\/\/sinoextrud.com\/product\/greenhouse-aluminum-profile-customized-aluminum-profile-beam-powder-coated\/\" target=\"_blank\">greenhouse aluminum profile customized aluminum profile beam powder coated<\/a><\/li>\r\n<li><a href=\"https:\/\/sinoextrud.com\/product\/aluminium-profile-bracket\/\" target=\"_blank\">Aluminium Profile Bracket<\/a><\/li>\r\n<li><a href=\"https:\/\/sinoextrud.com\/product\/aluminum-u-shape-channel-profile\/\" target=\"_blank\">Aluminum U Shape Channel Profile<\/a><\/li>\r\n<li><a href=\"https:\/\/sinoextrud.com\/product\/aluminium-profile-glass-curtain-wall-system\/\" target=\"_blank\">Aluminium Profile Glass Curtain Wall System<\/a><\/li>\r\n<li><a href=\"https:\/\/sinoextrud.com\/product\/office-partition-aluminum-profile\/\" target=\"_blank\">Office Partition Aluminum Profile<\/a><\/li>\r\n<li><a href=\"https:\/\/sinoextrud.com\/product\/aluminum-extrusion-car-truck-aluminum-profile\/\" target=\"_blank\">Aluminum Extrusion Car & Truck Aluminum Profile<\/a><\/li>\r\n<li><a href=\"https:\/\/sinoextrud.com\/product\/cutting-extruded-aluminum-for-led\/\" target=\"_blank\">Cutting Extruded Aluminum For LED<\/a><\/li>"},"feature_list":[]},"_links":{"self":[{"href":"https:\/\/sinoextrud.com\/cs\/wp-json\/wp\/v2\/product\/7550","targetHints":{"allow":["GET"]}}],"collection":[{"href":"https:\/\/sinoextrud.com\/cs\/wp-json\/wp\/v2\/product"}],"about":[{"href":"https:\/\/sinoextrud.com\/cs\/wp-json\/wp\/v2\/types\/product"}],"wp:featuredmedia":[{"embeddable":true,"href":"https:\/\/sinoextrud.com\/cs\/wp-json\/wp\/v2\/media\/7549"}],"wp:attachment":[{"href":"https:\/\/sinoextrud.com\/cs\/wp-json\/wp\/v2\/media?parent=7550"}],"wp:term":[{"taxonomy":"category","embeddable":true,"href":"https:\/\/sinoextrud.com\/cs\/wp-json\/wp\/v2\/categories?post=7550"}],"curies":[{"name":"wp","href":"https:\/\/api.w.org\/{rel}","templated":true}]}}