{"id":7519,"date":"2025-06-07T09:57:42","date_gmt":"2025-06-07T09:57:42","guid":{"rendered":"https:\/\/sinoextrud.com\/product\/aluminium-fence\/"},"modified":"2025-06-24T06:13:01","modified_gmt":"2025-06-24T06:13:01","slug":"hlinikovy-plot","status":"publish","type":"product","link":"https:\/\/sinoextrud.com\/cs\/product\/aluminium-fence\/","title":{"rendered":"Hlin\u00edkov\u00fd plot"},"content":{"rendered":"<h2>Podrobnosti o produktech<\/h2>\n<table class=\"custom-table\">\n<tr>\n<td class=\"label\">Produkt<\/td>\n<td>Vysoce kvalitn\u00ed hlin\u00edkov\u00fd plot Facrory direct<\/td>\n<\/tr>\n<tr>\n<td class=\"label\">Slitina<\/td>\n<td>6061\/6063<\/td>\n<\/tr>\n<tr>\n<td class=\"label\">Temperament<\/td>\n<td>O\/T1\/T2\/T3\/T4\/T5\/T6\/T7\/T8<\/td>\n<\/tr>\n<tr>\n<td class=\"label\">Povrchov\u00e1 \u00faprava<\/td>\n<td>Ml\u00fdnsk\u00e1 \u00faprava\/nodizace\/povrchov\u00e1 \u00faprava pr\u00e1\u0161kem\/imitace d\u0159eva atd.<\/td>\n<\/tr>\n<tr>\n<td class=\"label\">Certifik\u00e1t<\/td>\n<td>1.ISO9001<\/td>\n<\/tr>\n<tr>\n<td class=\"label\">Pou\u017eit\u00ed<\/td>\n<td>\u0160irok\u00e9 vyu\u017eit\u00ed ve stavebnictv\u00ed a pr\u016fmyslu<\/td>\n<\/tr>\n<tr>\n<td class=\"label\">Slu\u017eby na jednom m\u00edst\u011b<\/td>\n<td>Design-V\u00fdroba formy-Extrudov\u00e1n\u00ed-Obr\u00e1b\u011bn\u00ed-Balen\u00ed-Dod\u00e1vka<\/td>\n<\/tr>\n<tr>\n<td class=\"label\">Obr\u00e1b\u011bn\u00ed<\/td>\n<td>\u0158ez\u00e1n\u00ed, d\u011brov\u00e1n\u00ed, vrt\u00e1n\u00ed, oh\u00fdb\u00e1n\u00ed, sva\u0159ov\u00e1n\u00ed, fr\u00e9zov\u00e1n\u00ed, CNC atd.<\/td>\n<\/tr>\n<tr>\n<td class=\"label\">Vytla\u010dovac\u00ed za\u0159\u00edzen\u00ed<\/td>\n<td>Max: 5500 tun Min: 500 tun<\/td>\n<\/tr>\n<\/table>\n<h2>Na\u0161e v\u00fdrobn\u00ed z\u00e1kladna<\/h2>\n<h3>Panorama tov\u00e1rny<\/h3>\n<p><img decoding=\"async\" src=\"\/wp-content\/uploads\/factory-01.webp\"\/><\/p>\n<h3>D\u00edlna na v\u00fdrobu hlin\u00edkov\u00fdch ty\u010d\u00ed<\/h3>\n<p><img decoding=\"async\" src=\"\/wp-content\/uploads\/factory-02.webp\"\/><\/p>\n<\/p>\n<p><img decoding=\"async\" src=\"\/wp-content\/uploads\/factory-03.webp\"\/><\/p>\n<h3>Sklad pl\u00edsn\u00ed<\/h3>\n<p><img decoding=\"async\" src=\"\/wp-content\/uploads\/factory-04.webp\"\/><\/p>\n<h3>43 linek na vytla\u010dov\u00e1n\u00ed hlin\u00edku (500-5500 tun)<\/h3>\n<p><img decoding=\"async\" src=\"\/wp-content\/uploads\/factory-05.webp\"\/><\/p>\n<p><img decoding=\"async\" src=\"\/wp-content\/uploads\/factory-06.webp\"\/><\/p>\n<p><img decoding=\"async\" src=\"\/wp-content\/uploads\/factory-07.webp\"\/><\/p>\n<h3>D\u00edlna pr\u00e1\u0161kov\u00e9ho lakov\u00e1n\u00ed<\/h3>\n<p><img decoding=\"async\" src=\"\/wp-content\/uploads\/factory-09.webp\"\/><\/p>\n<h3>D\u00edlna eloxov\u00e1n\u00ed<\/h3>\n<p><img decoding=\"async\" src=\"\/wp-content\/uploads\/factory-10.webp\"\/><\/p>\n<h3>Workshop o hloubkov\u00e9m zpracov\u00e1n\u00ed<\/h3>\n<p><img decoding=\"async\" src=\"\/wp-content\/uploads\/factory-11.webp\"\/><\/p>\n<h3>D\u00edlna CNC p\u0159esn\u00e9ho obr\u00e1b\u011bn\u00ed<\/h3>\n<p><img decoding=\"async\" src=\"\/wp-content\/uploads\/factory-11.5.webp\"\/><\/p>\n<h3>Sklad hotov\u00fdch v\u00fdrobk\u016f a exportn\u00ed sklad<\/h3>\n<p><img decoding=\"async\" src=\"\/wp-content\/uploads\/factory-12.webp\"\/><\/p>\n<p><img decoding=\"async\" src=\"\/wp-content\/uploads\/factory-13.webp\"\/><\/p>\n<p><img decoding=\"async\" src=\"\/wp-content\/uploads\/factory-14.webp\"\/><\/p>\n<h2>\u010cASTO KLADEN\u00c9 DOTAZY<\/h2>\n<p><b>1.Co je hlin\u00edkov\u00fd plot?<\/b><\/p>\n<p>Hlin\u00edkov\u00fd plot je lehk\u00e9 oplocen\u00ed odoln\u00e9 proti korozi, kter\u00e9 se pou\u017e\u00edv\u00e1 pro obytn\u00e9, komer\u010dn\u00ed a pr\u016fmyslov\u00e9 objekty.\n<\/p>\n<p><\/p>\n<p><b>2.Pro\u010d si vybrat hlin\u00edkov\u00e9 oplocen\u00ed m\u00edsto ocelov\u00e9ho nebo d\u0159ev\u011bn\u00e9ho?<\/b><\/p>\n<p>Hlin\u00edk je odoln\u00fd proti korozi, vy\u017eaduje minim\u00e1ln\u00ed \u00fadr\u017ebu a nab\u00edz\u00ed elegantn\u00ed, modern\u00ed vzhled, kter\u00fd vydr\u017e\u00ed dlouh\u00e1 l\u00e9ta.\n<\/p>\n<p><\/p>\n<p><b>3.Je hlin\u00edkov\u00e9 oplocen\u00ed odoln\u00e9 v\u016f\u010di pov\u011btrnostn\u00edm vliv\u016fm?<\/b><\/p>\n<p>Ano, hlin\u00edkov\u00e9 ploty jsou opat\u0159eny pr\u00e1\u0161kovou nebo eloxovanou barvou, kter\u00e1 odol\u00e1v\u00e1 de\u0161ti, UV z\u00e1\u0159en\u00ed a zm\u011bn\u00e1m teplot.\n<\/p>\n<p><\/p>\n<p><b>4.Lze hlin\u00edkov\u00e9 ploty upravit na m\u00edru?<\/b><\/p>\n<p>Hlin\u00edkov\u00e9 ploty se dod\u00e1vaj\u00ed v r\u016fzn\u00fdch v\u00fd\u0161k\u00e1ch, barv\u00e1ch a proveden\u00edch, aby vyhovovaly r\u016fzn\u00fdm architektonick\u00fdm styl\u016fm a bezpe\u010dnostn\u00edm pot\u0159eb\u00e1m.\n<\/p>\n<p><\/p>\n<p><b>5.Je instalace hlin\u00edkov\u00fdch plot\u016f snadn\u00e1?<\/b><\/p>\n<p>Ano, jejich lehk\u00e1 konstrukce a modul\u00e1rn\u00ed komponenty umo\u017e\u0148uj\u00ed rychlou a snadnou instalaci s minimem n\u00e1\u0159ad\u00ed.\n<\/p>\n<p><\/p>\n<p><b>6.Je hlin\u00edkov\u00e9 oplocen\u00ed vhodn\u00e9 pro pob\u0159e\u017en\u00ed nebo vlhk\u00e9 oblasti?<\/b><\/p>\n<p>Ano, je to ide\u00e1ln\u00ed volba d\u00edky sv\u00e9 vynikaj\u00edc\u00ed odolnosti proti korozi ve slan\u00fdch nebo vlhk\u00fdch podm\u00ednk\u00e1ch.\n<\/p>\n<p><\/p>\n<p><b>7.Vy\u017eaduje hlin\u00edkov\u00e9 oplocen\u00ed n\u00e1t\u011br nebo ut\u011bsn\u011bn\u00ed?<\/b><\/p>\n<p>Ne, pr\u00e1\u0161kov\u011b lakovan\u00e9 povrchy nevy\u017eaduj\u00ed pravideln\u00e9 nat\u00edr\u00e1n\u00ed nebo ut\u011bs\u0148ov\u00e1n\u00ed.\n<\/p>\n<p><\/p>\n<p><b>8.Je hlin\u00edk ekologick\u00fd materi\u00e1l pro oplocen\u00ed?<\/b><\/p>\n<p>Ano, hlin\u00edk je 100% recyklovateln\u00fd, co\u017e z n\u011bj \u010din\u00ed udr\u017eitelnou volbu pro ekologicky uv\u011bdom\u011bl\u00e9 projekty.\n<\/p>\n<p><\/p>","protected":false},"featured_media":7518,"template":"","categories":[67],"class_list":["post-7519","product","type-product","status-publish","has-post-thumbnail","hentry","category-architectural-aluminium-profile"],"meta_box":{"hilight_text_group":{"product_hilight_text":"<li>Lightweight and easy to install with minimal labor<\/li>\r\r\n<li>Corrosion-resistant aluminum ideal for outdoor environments<\/li>\r\r\n<li>Low maintenance and long-lasting surface finish<\/li>\r\r\n<li>Modern and elegant designs suitable for residential and commercial use<\/li>\r\r\n<li>Available in various colors, heights, and styles<\/li>\r\r\n<li>Environmentally friendly and fully recyclable material<\/li>\r\r\n<li>Provides security without blocking visibility or airflow<\/li>","product_chanpin_blog":"<ul>\r\r\n<li><a href=\"https:\/\/sinoextrud.com\/t-slot-v-slot-differences\/\" target=\"_blank\">t slot vs v slot<\/a><\/li>\r\r\n<li><a href=\"https:\/\/sinoextrud.com\/what-is-4040-aluminium-extrud\/\" target=\"_blank\">4040 aluminium extrusion<\/a><\/li>\r\r\n<li><a href=\"https:\/\/sinoextrud.com\/what-is-4040-aluminium-extrud\/\" target=\"_blank\">aluminum extrusions for industrial racks<\/a><\/li>\r\r\n<li><a href=\"https:\/\/sinoextrud.com\/powder-coating-aluminium-process\/\" target=\"_blank\">powder coating aluminium<\/a><\/li>\r\r\n<li><a href=\"https:\/\/sinoextrud.com\/what-is-an-aluminium-strip-ceiling\/\" target=\"_blank\">aluminium strip ceiling<\/a><\/li>\r\r\n<li><a href=\"https:\/\/sinoextrud.com\/what-is-a-heat-sink\/\" target=\"_blank\">what is a heat sink<\/a><\/li>\r\r\n<\/ul>","product_chanpin_chanpin":"<li><a href=\"https:\/\/sinoextrud.com\/product\/aluminium-extruded-sections\/\" target=\"_blank\">Aluminium Extruded Sections<\/a><\/li>\r\n<li><a href=\"https:\/\/sinoextrud.com\/product\/wholesale-electrophoresis-aluminium-profile-price\/\" target=\"_blank\">Wholesale Electrophoresis Aluminium Profile Price<\/a><\/li>\r\n<li><a href=\"https:\/\/sinoextrud.com\/product\/aluminium-sections-for-sliding-doors\/\" target=\"_blank\">Aluminium Sections For Sliding Doors<\/a><\/li>\r\n<li><a href=\"https:\/\/sinoextrud.com\/product\/aluminum-profile-manufacturer\/\" target=\"_blank\">Aluminum Profile Manufacturer<\/a><\/li>\r\n<li><a href=\"https:\/\/sinoextrud.com\/product\/aluminium-fence\/\" target=\"_blank\">Aluminium Fence<\/a><\/li>\r\n<li><a href=\"https:\/\/sinoextrud.com\/product\/aluminium-flat-bar\/\" target=\"_blank\">Aluminium Flat Bar<\/a><\/li>\r\n<li><a href=\"https:\/\/sinoextrud.com\/product\/anodizing-aluminium-extrusion-profiles-for-windows-and-door\/\" target=\"_blank\">Anodizing Aluminium Extrusion Profiles for Windows and Door<\/a><\/li>\r\n<li><a href=\"https:\/\/sinoextrud.com\/product\/aluminium-louver-extrusions\/\" target=\"_blank\">Aluminium Louver Extrusions<\/a><\/li>\r\n<li><a href=\"https:\/\/sinoextrud.com\/product\/aluminium-picture-frame-extrusions\/\" target=\"_blank\">Aluminium Picture Frame Extrusions<\/a><\/li>\r\n<li><a href=\"https:\/\/sinoextrud.com\/product\/shining-polishing-aluminum-profile-anodizing-silver\/\" target=\"_blank\">Shining Polishing Aluminum Profile Anodizing Silver<\/a><\/li>\r\n<li><a href=\"https:\/\/sinoextrud.com\/product\/aluminium-cnc-factory-punching-extrusion-profile-tubing-sizes-oem\/\" target=\"_blank\">aluminium cnc factory punching extrusion profile tubing sizes OEM<\/a><\/li>"},"feature_list":[]},"_links":{"self":[{"href":"https:\/\/sinoextrud.com\/cs\/wp-json\/wp\/v2\/product\/7519","targetHints":{"allow":["GET"]}}],"collection":[{"href":"https:\/\/sinoextrud.com\/cs\/wp-json\/wp\/v2\/product"}],"about":[{"href":"https:\/\/sinoextrud.com\/cs\/wp-json\/wp\/v2\/types\/product"}],"wp:featuredmedia":[{"embeddable":true,"href":"https:\/\/sinoextrud.com\/cs\/wp-json\/wp\/v2\/media\/7518"}],"wp:attachment":[{"href":"https:\/\/sinoextrud.com\/cs\/wp-json\/wp\/v2\/media?parent=7519"}],"wp:term":[{"taxonomy":"category","embeddable":true,"href":"https:\/\/sinoextrud.com\/cs\/wp-json\/wp\/v2\/categories?post=7519"}],"curies":[{"name":"wp","href":"https:\/\/api.w.org\/{rel}","templated":true}]}}