{"id":7517,"date":"2025-06-07T09:55:49","date_gmt":"2025-06-07T09:55:49","guid":{"rendered":"https:\/\/sinoextrud.com\/product\/aluminum-profile-manufacturer\/"},"modified":"2025-06-24T06:13:01","modified_gmt":"2025-06-24T06:13:01","slug":"vyrobce-hlinikovych-profilu","status":"publish","type":"product","link":"https:\/\/sinoextrud.com\/cs\/product\/aluminum-profile-manufacturer\/","title":{"rendered":"V\u00fdrobce hlin\u00edkov\u00fdch profil\u016f"},"content":{"rendered":"<h2>Podrobnosti o produktech<\/h2>\n<table class=\"custom-table\">\n<tr>\n<td class=\"label\">Typ podnik\u00e1n\u00ed:<\/td>\n<td>V\u00fdrobce hlin\u00edkov\u00fdch profil\u016f<\/td>\n<\/tr>\n<tr>\n<td class=\"label\">S\u00e9rie v\u00fdrobk\u016f:<\/td>\n<td>hlin\u00edkov\u00fd vytla\u010dovac\u00ed profil<\/td>\n<\/tr>\n<tr>\n<td class=\"label\">Stanoven\u00ed ceny:<\/td>\n<td>Na z\u00e1klad\u011b ceny hlin\u00edkov\u00fdch ingot\u016f + n\u00e1klad\u016f na zpracov\u00e1n\u00ed<\/td>\n<\/tr>\n<tr>\n<td class=\"label\">Term\u00edn platby:<\/td>\n<td>30% T\/T jako z\u00e1loha p\u0159edem, z\u016fstatek 70% T\/T p\u0159ed dod\u00e1n\u00edm.<\/td>\n<\/tr>\n<tr>\n<td class=\"label\">Barva:<\/td>\n<td>M\u016f\u017eeme dodat b\u00edl\u00e9, d\u0159ev\u011bn\u00e9, \u010dern\u00e9, zlat\u00e9, modr\u00e9, \u0161ampa\u0148sk\u00e9 a dal\u0161\u00ed barvy podle pot\u0159eby.<\/td>\n<\/tr>\n<tr>\n<td class=\"label\">Specifikace:<\/td>\n<td>1. Slitina: 6063-T5\/T6<br \/>\n2. D\u00e9lka: 1-9 metr\u016f nebo podle va\u0161eho po\u017eadavku<br \/>\n3. Norm\u00e1ln\u00ed tlou\u0161\u0165ka eloxov\u00e1n\u00ed: 8 a\u017e 15 mikro<br \/>\n4.Norm\u00e1ln\u00ed tlou\u0161\u0165ka pr\u00e1\u0161kov\u00e9ho n\u00e1t\u011bru: 60 - 100 mikro<br \/>\n5. Pevnost v tahu: \u2265160 MPa<br \/>\n6. Mez kluzu: \u2265110 MPa<br \/>\n7. Roz\u0161i\u0159itelnost: \u22658%<br \/>\n8. Tvrdost (HW): \u22658<\/td>\n<\/tr>\n<tr>\n<td class=\"label\">Balen\u00ed:<\/td>\n<td>EPE se smr\u0161\u0165ovac\u00ed f\u00f3li\u00ed, kraftov\u00fdm pap\u00edrem, k dispozici je i jin\u00fd zp\u016fsob balen\u00ed podle po\u017eadavk\u016f z\u00e1kazn\u00edk\u016f.<\/td>\n<\/tr>\n<tr>\n<td class=\"label\">Doba dod\u00e1n\u00ed:<\/td>\n<td>20 a\u017e 25 dn\u00ed, pokud je forma p\u0159ipravena.<\/td>\n<\/tr>\n<tr>\n<td class=\"label\">Norm\u00e1ln\u00ed po\u0159ad\u00ed:<\/td>\n<td>1. Potvr\u010fte v\u00fdkresy, barvy, cenu a dal\u0161\u00ed detaily;<br \/>\n2. Zapla\u0165te poplatek za formu a my v\u00e1m vyrob\u00edme formy;<br \/>\n3. Pro potvrzen\u00ed v\u00e1m za\u0161leme vzorky;<br \/>\n4. Prove\u010fte platbu z\u00e1lohy 30% a zahajte v\u00fdrobu;<br \/>\n5. Kontrola zbo\u017e\u00ed<br \/>\n6.Dod\u00e1n\u00ed po obdr\u017een\u00ed z\u016fstatku<\/td>\n<\/tr>\n<tr>\n<td class=\"label\">Pozn\u00e1mka:<\/td>\n<td>M\u016f\u017eeme v\u00e1m p\u0159edstavit na\u0161e n\u00e1vrhy a m\u016f\u017eeme tak\u00e9 vyr\u00e1b\u011bt podle va\u0161eho n\u00e1vrhu.<\/td>\n<\/tr>\n<\/table>\n<h2>Na\u0161e v\u00fdrobn\u00ed z\u00e1kladna<\/h2>\n<h3>Panorama tov\u00e1rny<\/h3>\n<p><img decoding=\"async\" src=\"\/wp-content\/uploads\/factory-01.webp\"\/><\/p>\n<h3>D\u00edlna na v\u00fdrobu hlin\u00edkov\u00fdch ty\u010d\u00ed<\/h3>\n<p><img decoding=\"async\" src=\"\/wp-content\/uploads\/factory-02.webp\"\/><\/p>\n<p><img decoding=\"async\" src=\"\/wp-content\/uploads\/factory-03.webp\"\/><\/p>\n<h3>Sklad pl\u00edsn\u00ed<\/h3>\n<p><img decoding=\"async\" src=\"\/wp-content\/uploads\/factory-04.webp\"\/><\/p>\n<h3>43 linek na vytla\u010dov\u00e1n\u00ed hlin\u00edku (500-5500 tun)<\/h3>\n<p><img decoding=\"async\" src=\"\/wp-content\/uploads\/factory-05.webp\"\/><\/p>\n<p><img decoding=\"async\" src=\"\/wp-content\/uploads\/factory-06.webp\"\/><\/p>\n<p><img decoding=\"async\" src=\"\/wp-content\/uploads\/factory-07.webp\"\/><\/p>\n<h3>D\u00edlna pr\u00e1\u0161kov\u00e9ho lakov\u00e1n\u00ed<\/h3>\n<p><img decoding=\"async\" src=\"\/wp-content\/uploads\/factory-09.webp\"\/><\/p>\n<h3>D\u00edlna eloxov\u00e1n\u00ed<\/h3>\n<p><img decoding=\"async\" src=\"\/wp-content\/uploads\/factory-10.webp\"\/><\/p>\n<h3>Workshop o hloubkov\u00e9m zpracov\u00e1n\u00ed<\/h3>\n<p><img decoding=\"async\" src=\"\/wp-content\/uploads\/factory-11.webp\"\/><\/p>\n<h3>D\u00edlna CNC p\u0159esn\u00e9ho obr\u00e1b\u011bn\u00ed<\/h3>\n<p><img decoding=\"async\" src=\"\/wp-content\/uploads\/factory-11.5.webp\"\/><\/p>\n<h3>Sklad hotov\u00fdch v\u00fdrobk\u016f a exportn\u00ed sklad<\/h3>\n<p><img decoding=\"async\" src=\"\/wp-content\/uploads\/factory-12.webp\"\/><\/p>\n<p><img decoding=\"async\" src=\"\/wp-content\/uploads\/factory-13.webp\"\/><\/p>\n<p><img decoding=\"async\" src=\"\/wp-content\/uploads\/factory-14.webp\"\/><\/p>\n<h2>\u010cASTO KLADEN\u00c9 DOTAZY<\/h2>\n<p><p><b>1.Co d\u011bl\u00e1 v\u00fdrobce hlin\u00edkov\u00fdch profil\u016f?<\/b><\/p>\n<p>V\u00fdrobce hlin\u00edkov\u00fdch profil\u016f navrhuje a vyr\u00e1b\u00ed extrudovan\u00e9 hlin\u00edkov\u00e9 profily pro pr\u016fmyslov\u00e9, architektonick\u00e9 a komer\u010dn\u00ed pou\u017eit\u00ed.<br \/>\n<\/p><br \/>\n<br \/>\n<p><b>2.Pro\u010d si vybrat profesion\u00e1ln\u00edho v\u00fdrobce hlin\u00edkov\u00fdch profil\u016f?<\/b><\/p>\n<p>Spolehliv\u00fd v\u00fdrobce zaji\u0161\u0165uje vysoce kvalitn\u00ed v\u00fdrobu, p\u0159esn\u00e9 zpracov\u00e1n\u00ed a st\u00e1l\u00e9 dod\u00e1vky pro va\u0161e projekty.<br \/>\n<\/p><br \/>\n<br \/>\n<p><b>3.M\u016f\u017ee v\u00fdrobce hlin\u00edkov\u00fdch profil\u016f poskytovat profily na zak\u00e1zku?<\/b><\/p>\n<p>Ano, v\u011bt\u0161ina v\u00fdrobc\u016f nab\u00edz\u00ed slu\u017eby OEM\/ODM pro v\u00fdrobu vlastn\u00edch tvar\u016f, velikost\u00ed a povrchov\u00fdch \u00faprav podle va\u0161ich specifikac\u00ed.<br \/>\n<\/p><br \/>\n<br \/>\n<p><b>4.V jak\u00fdch odv\u011btv\u00edch se pou\u017e\u00edvaj\u00ed hlin\u00edkov\u00e9 profily od v\u00fdrobc\u016f?<\/b><\/p>\n<p>Hlin\u00edkov\u00e9 profily se b\u011b\u017en\u011b pou\u017e\u00edvaj\u00ed ve stavebnictv\u00ed, automobilov\u00e9m pr\u016fmyslu, elektronice, n\u00e1bytk\u00e1\u0159stv\u00ed a sol\u00e1rn\u00ed energetice.<br \/>\n<\/p><br \/>\n<br \/>\n<p><b>5.Jsou hlin\u00edkov\u00e9 profily vyr\u00e1b\u011bny z ekologick\u00fdch materi\u00e1l\u016f?<\/b><\/p>\n<p>Ano, hlin\u00edk je 100% recyklovateln\u00fd a renomovan\u00ed v\u00fdrobci pou\u017e\u00edvaj\u00ed udr\u017eiteln\u00e9 v\u00fdrobn\u00ed postupy.<br \/>\n<\/p><br \/>\n<br \/>\n<p><b>6.Jak\u00e9 povrchov\u00e9 \u00fapravy m\u016f\u017ee v\u00fdrobce nab\u00eddnout?<\/b><\/p>\n<p>Mezi b\u011b\u017en\u00e9 mo\u017enosti pat\u0159\u00ed eloxov\u00e1n\u00ed, pr\u00e1\u0161kov\u00e9 lakov\u00e1n\u00ed, kresba d\u0159eva, kart\u00e1\u010dov\u00e1n\u00ed a le\u0161t\u011bn\u00ed pro r\u016fzn\u00e9 funk\u010dn\u00ed a estetick\u00e9 pot\u0159eby.<br \/>\n<\/p><br \/>\n<br \/>\n<p><b>7.Jak mohu zajistit kvalitu hlin\u00edkov\u00fdch profil\u016f?<\/b><\/p>\n<p>Vyb\u00edrejte si v\u00fdrobce s certifikac\u00ed ISO, vlastn\u00ed kontrolou kvality a syst\u00e9my sledovatelnosti materi\u00e1lu.<br \/>\n<\/p><br \/>\n<br \/>\n<p><b>8.Podporuje v\u00fdrobce hromadn\u00e9 nebo velkoobchodn\u00ed objedn\u00e1vky?<\/b><\/p>\n<p>Ano, v\u00fdrobci hlin\u00edkov\u00fdch profil\u016f obvykle nab\u00edzej\u00ed konkurenceschopn\u00e9 ceny a flexibiln\u00ed podm\u00ednky pro velkoobjemov\u00e9 zak\u00e1zky.<br \/>\n<\/p><br \/><\/p>","protected":false},"featured_media":7516,"template":"","categories":[67],"class_list":["post-7517","product","type-product","status-publish","has-post-thumbnail","hentry","category-architectural-aluminium-profile"],"meta_box":{"hilight_text_group":{"product_hilight_text":"<li>Experienced aluminum profile manufacturer with advanced production equipment<\/li>\r\r\n<li>Offers custom extrusion solutions for various industrial applications<\/li>\r\r\n<li>High precision manufacturing ensures consistent product quality<\/li>\r\r\n<li>Wide range of profile shapes, sizes, and surface finishes available<\/li>\r\r\n<li>Strict quality control system for reliable and durable profiles<\/li>\r\r\n<li>Fast lead times and flexible OEM\/ODM services<\/li>\r\r\n<li>Eco-friendly production using recyclable aluminum materials<\/li>","product_chanpin_blog":"<ul>\r\r\n<li><a href=\"https:\/\/sinoextrud.com\/t-slot-v-slot-differences\/\" target=\"_blank\">t slot vs v slot<\/a><\/li>\r\r\n<li><a href=\"https:\/\/sinoextrud.com\/what-is-4040-aluminium-extrud\/\" target=\"_blank\">4040 aluminium extrusion<\/a><\/li>\r\r\n<li><a href=\"https:\/\/sinoextrud.com\/what-is-4040-aluminium-extrud\/\" target=\"_blank\">aluminum extrusions for industrial racks<\/a><\/li>\r\r\n<li><a href=\"https:\/\/sinoextrud.com\/powder-coating-aluminium-process\/\" target=\"_blank\">powder coating aluminium<\/a><\/li>\r\r\n<li><a href=\"https:\/\/sinoextrud.com\/what-is-an-aluminium-strip-ceiling\/\" target=\"_blank\">aluminium strip ceiling<\/a><\/li>\r\r\n<li><a href=\"https:\/\/sinoextrud.com\/what-is-a-heat-sink\/\" target=\"_blank\">what is a heat sink<\/a><\/li>\r\r\n<\/ul>","product_chanpin_chanpin":"<li><a href=\"https:\/\/sinoextrud.com\/product\/aluminium-u-channels\/\" target=\"_blank\">Aluminium U Channels<\/a><\/li>\r\n<li><a href=\"https:\/\/sinoextrud.com\/product\/aluminium-extruded-sections\/\" target=\"_blank\">Aluminium Extruded Sections<\/a><\/li>\r\n<li><a href=\"https:\/\/sinoextrud.com\/product\/wholesale-electrophoresis-aluminium-profile-price\/\" target=\"_blank\">Wholesale Electrophoresis Aluminium Profile Price<\/a><\/li>\r\n<li><a href=\"https:\/\/sinoextrud.com\/product\/aluminium-sections-for-sliding-doors\/\" target=\"_blank\">Aluminium Sections For Sliding Doors<\/a><\/li>\r\n<li><a href=\"https:\/\/sinoextrud.com\/product\/aluminum-profile-manufacturer\/\" target=\"_blank\">Aluminum Profile Manufacturer<\/a><\/li>\r\n<li><a href=\"https:\/\/sinoextrud.com\/product\/aluminium-fence\/\" target=\"_blank\">Aluminium Fence<\/a><\/li>\r\n<li><a href=\"https:\/\/sinoextrud.com\/product\/aluminium-flat-bar\/\" target=\"_blank\">Aluminium Flat Bar<\/a><\/li>\r\n<li><a href=\"https:\/\/sinoextrud.com\/product\/anodizing-aluminium-extrusion-profiles-for-windows-and-door\/\" target=\"_blank\">Anodizing Aluminium Extrusion Profiles for Windows and Door<\/a><\/li>\r\n<li><a href=\"https:\/\/sinoextrud.com\/product\/aluminium-louver-extrusions\/\" target=\"_blank\">Aluminium Louver Extrusions<\/a><\/li>\r\n<li><a href=\"https:\/\/sinoextrud.com\/product\/aluminum-window-frame\/\" target=\"_blank\">Aluminum Window Frame<\/a><\/li>\r\n<li><a href=\"https:\/\/sinoextrud.com\/product\/aluminum-skirting-profile\/\" target=\"_blank\">Aluminum Skirting Profile<\/a><\/li>"},"feature_list":[]},"_links":{"self":[{"href":"https:\/\/sinoextrud.com\/cs\/wp-json\/wp\/v2\/product\/7517","targetHints":{"allow":["GET"]}}],"collection":[{"href":"https:\/\/sinoextrud.com\/cs\/wp-json\/wp\/v2\/product"}],"about":[{"href":"https:\/\/sinoextrud.com\/cs\/wp-json\/wp\/v2\/types\/product"}],"wp:featuredmedia":[{"embeddable":true,"href":"https:\/\/sinoextrud.com\/cs\/wp-json\/wp\/v2\/media\/7516"}],"wp:attachment":[{"href":"https:\/\/sinoextrud.com\/cs\/wp-json\/wp\/v2\/media?parent=7517"}],"wp:term":[{"taxonomy":"category","embeddable":true,"href":"https:\/\/sinoextrud.com\/cs\/wp-json\/wp\/v2\/categories?post=7517"}],"curies":[{"name":"wp","href":"https:\/\/api.w.org\/{rel}","templated":true}]}}