{"id":7506,"date":"2025-06-07T09:33:55","date_gmt":"2025-06-07T09:33:55","guid":{"rendered":"https:\/\/sinoextrud.com\/product\/aluminium-structural-framing\/"},"modified":"2025-06-24T06:13:00","modified_gmt":"2025-06-24T06:13:00","slug":"hlinikove-konstrukcni-ramy","status":"publish","type":"product","link":"https:\/\/sinoextrud.com\/cs\/product\/aluminium-structural-framing\/","title":{"rendered":"Hlin\u00edkov\u00e9 konstruk\u010dn\u00ed r\u00e1my"},"content":{"rendered":"<h2>Podrobnosti o produktech<\/h2>\n<table class=\"custom-table\">\n<tr>\n<td class=\"label\">Model NO:<\/td>\n<td> hlin\u00edkov\u00e9 konstruk\u010dn\u00ed r\u00e1my<\/td>\n<\/tr>\n<tr>\n<td class=\"label\">Typ:<\/td>\n<td> profil okna<\/td>\n<\/tr>\n<tr>\n<td class=\"label\">M\u00edsto p\u016fvodu:<\/td>\n<td> Guangdong, \u010c\u00edna (pevninsk\u00e1 \u010d\u00e1st)<\/td>\n<\/tr>\n<tr>\n<td class=\"label\">Ochrann\u00e1 zn\u00e1mka:<\/td>\n<td> Sinoextrud<\/td>\n<\/tr>\n<tr>\n<td class=\"label\">P\u016fvod:<\/td>\n<td> \u010c\u00edna<\/td>\n<\/tr>\n<tr>\n<td class=\"label\">Pou\u017eit\u00ed:<\/td>\n<td> Konstruk\u010dn\u00ed stavebn\u00ed hlin\u00edkov\u00fd profil<\/td>\n<\/tr>\n<tr>\n<td class=\"label\">Materi\u00e1l:<\/td>\n<td> slitina hlin\u00edku<\/td>\n<\/tr>\n<tr>\n<td class=\"label\">MOQ:<\/td>\n<td> 200 kg<\/td>\n<\/tr>\n<tr>\n<td class=\"label\">Specifikace:<\/td>\n<td> tlou\u0161\u0165ka 1,0-3,5 (mm)<\/td>\n<\/tr>\n<\/table>\n<h2>Na\u0161e v\u00fdrobn\u00ed z\u00e1kladna<\/h2>\n<h3>Panorama tov\u00e1rny<\/h3>\n<p><img decoding=\"async\" src=\"\/wp-content\/uploads\/factory-01.webp\"\/><\/p>\n<h3>D\u00edlna na v\u00fdrobu hlin\u00edkov\u00fdch ty\u010d\u00ed<\/h3>\n<p><img decoding=\"async\" src=\"\/wp-content\/uploads\/factory-02.webp\"\/><\/p>\n<\/p>\n<p><img decoding=\"async\" src=\"\/wp-content\/uploads\/factory-03.webp\"\/><\/p>\n<h3>Sklad pl\u00edsn\u00ed<\/h3>\n<p><img decoding=\"async\" src=\"\/wp-content\/uploads\/factory-04.webp\"\/><\/p>\n<h3>43 linek na vytla\u010dov\u00e1n\u00ed hlin\u00edku (500-5500 tun)<\/h3>\n<p><img decoding=\"async\" src=\"\/wp-content\/uploads\/factory-05.webp\"\/><\/p>\n<p><img decoding=\"async\" src=\"\/wp-content\/uploads\/factory-06.webp\"\/><\/p>\n<p><img decoding=\"async\" src=\"\/wp-content\/uploads\/factory-07.webp\"\/><\/p>\n<h3>D\u00edlna pr\u00e1\u0161kov\u00e9ho lakov\u00e1n\u00ed<\/h3>\n<p><img decoding=\"async\" src=\"\/wp-content\/uploads\/factory-09.webp\"\/><\/p>\n<h3>D\u00edlna eloxov\u00e1n\u00ed<\/h3>\n<p><img decoding=\"async\" src=\"\/wp-content\/uploads\/factory-10.webp\"\/><\/p>\n<h3>Workshop o hloubkov\u00e9m zpracov\u00e1n\u00ed<\/h3>\n<p><img decoding=\"async\" src=\"\/wp-content\/uploads\/factory-11.webp\"\/><\/p>\n<h3>D\u00edlna CNC p\u0159esn\u00e9ho obr\u00e1b\u011bn\u00ed<\/h3>\n<p><img decoding=\"async\" src=\"\/wp-content\/uploads\/factory-11.5.webp\"\/><\/p>\n<h3>Sklad hotov\u00fdch v\u00fdrobk\u016f a exportn\u00ed sklad<\/h3>\n<p><img decoding=\"async\" src=\"\/wp-content\/uploads\/factory-12.webp\"\/><\/p>\n<p><img decoding=\"async\" src=\"\/wp-content\/uploads\/factory-13.webp\"\/><\/p>\n<p><img decoding=\"async\" src=\"\/wp-content\/uploads\/factory-14.webp\"\/><\/p>\n<h2>\u010cASTO KLADEN\u00c9 DOTAZY<\/h2>\n<p><b>1.Co je to hlin\u00edkov\u00e9 konstruk\u010dn\u00ed r\u00e1mov\u00e1n\u00ed?<\/b><\/p>\n<p>Hlin\u00edkov\u00e9 konstruk\u010dn\u00ed r\u00e1my se vztahuj\u00ed k vysoce pevn\u00fdm hlin\u00edkov\u00fdm profil\u016fm pou\u017e\u00edvan\u00fdm k v\u00fdrob\u011b modul\u00e1rn\u00edch r\u00e1m\u016f pro pr\u016fmyslov\u00e9 a komer\u010dn\u00ed stavby.\n<\/p>\n<p><\/p>\n<p><b>2.Pro\u010d pou\u017e\u00edvat hlin\u00edkov\u00e9 konstruk\u010dn\u00ed r\u00e1my ve stavebnictv\u00ed?<\/b><\/p>\n<p>Hlin\u00edkov\u00e9 konstruk\u010dn\u00ed r\u00e1my p\u0159edstavuj\u00ed lehk\u00e9, trvanliv\u00e9 a korozivzdorn\u00e9 \u0159e\u0161en\u00ed ide\u00e1ln\u00ed pro rychlou a flexibiln\u00ed v\u00fdstavbu.\n<\/p>\n<p><\/p>\n<p><b>3.Jsou hlin\u00edkov\u00e9 konstruk\u010dn\u00ed r\u00e1my dostate\u010dn\u011b pevn\u00e9 pro pr\u016fmyslov\u00e9 pou\u017eit\u00ed?<\/b><\/p>\n<p>Ano, slitiny hlin\u00edku konstruk\u010dn\u00ed t\u0159\u00eddy nab\u00edzej\u00ed vynikaj\u00edc\u00ed nosnost pro pr\u016fmyslov\u00e9 aplikace.\n<\/p>\n<p><\/p>\n<p><b>4.Lze hlin\u00edkov\u00e9 konstruk\u010dn\u00ed r\u00e1my p\u0159izp\u016fsobit?<\/b><\/p>\n<p>Hlin\u00edkov\u00e9 r\u00e1mov\u00e9 syst\u00e9my jsou modul\u00e1rn\u00ed a lze je p\u0159izp\u016fsobit velikosti, tvaru a konfiguraci tak, aby vyhovovaly konkr\u00e9tn\u00edm pot\u0159eb\u00e1m.\n<\/p>\n<p><\/p>\n<p><b>5.V jak\u00fdch pr\u016fmyslov\u00fdch odv\u011btv\u00edch se pou\u017e\u00edvaj\u00ed hlin\u00edkov\u00e9 konstruk\u010dn\u00ed r\u00e1my?<\/b><\/p>\n<p>Odv\u011btv\u00ed, jako je automatizace, v\u00fdroba, \u010dist\u00e9 prostory a logistika, b\u011b\u017en\u011b pou\u017e\u00edvaj\u00ed hlin\u00edkov\u00e9 r\u00e1my pro stroje, sk\u0159\u00edn\u011b a pracovn\u00ed stanice.\n<\/p>\n<p><\/p>\n<p><b>6.Jsou hlin\u00edkov\u00e9 konstruk\u010dn\u00ed r\u00e1my odoln\u00e9 proti korozi?<\/b><\/p>\n<p>Ano, hlin\u00edk je d\u00edky sv\u00e9 p\u0159irozen\u00e9 odolnosti proti korozi ide\u00e1ln\u00ed pro drsn\u00e9 nebo vlhk\u00e9 prost\u0159ed\u00ed.\n<\/p>\n<p><\/p>\n<p><b>7.Je hlin\u00edkov\u00e9 konstruk\u010dn\u00ed r\u00e1mov\u00e1n\u00ed \u0161etrn\u00e9 k \u017eivotn\u00edmu prost\u0159ed\u00ed?<\/b><\/p>\n<p>Ano, hlin\u00edk je 100% recyklovateln\u00fd a podporuje udr\u017eiteln\u00e9 stavebn\u00ed postupy.\n<\/p>\n<p><\/p>\n<p><b>8.Jak snadn\u00e1 je mont\u00e1\u017e hlin\u00edkov\u00fdch konstruk\u010dn\u00edch r\u00e1m\u016f?<\/b><\/p>\n<p>Je velmi jednoduch\u00fd - modul\u00e1rn\u00ed komponenty umo\u017e\u0148uj\u00ed rychlou mont\u00e1\u017e s minimem n\u00e1\u0159ad\u00ed a pr\u00e1ce.\n<\/p>\n<p><\/p>","protected":false},"featured_media":7505,"template":"","categories":[67],"class_list":["post-7506","product","type-product","status-publish","has-post-thumbnail","hentry","category-architectural-aluminium-profile"],"meta_box":{"hilight_text_group":{"product_hilight_text":"<li>High-strength aluminum alloy ensures robust structural support<\/li>\r\r\n<li>Lightweight framing reduces installation time and transportation costs<\/li>\r\r\n<li>Corrosion-resistant for long-term indoor and outdoor use<\/li>\r\r\n<li>Modular design enables flexible customization and scalability<\/li>\r\r\n<li>Compatible with a wide range of industrial connectors and accessories<\/li>\r\r\n<li>Clean, professional appearance suitable for various environments<\/li>\r\r\n<li>Environmentally friendly and fully recyclable material<\/li>","product_chanpin_blog":"<ul>\r\r\n<li><a href=\"https:\/\/sinoextrud.com\/t-slot-v-slot-differences\/\" target=\"_blank\">t slot vs v slot<\/a><\/li>\r\r\n<li><a href=\"https:\/\/sinoextrud.com\/what-is-4040-aluminium-extrud\/\" target=\"_blank\">4040 aluminium extrusion<\/a><\/li>\r\r\n<li><a href=\"https:\/\/sinoextrud.com\/what-is-4040-aluminium-extrud\/\" target=\"_blank\">aluminum extrusions for industrial racks<\/a><\/li>\r\r\n<li><a href=\"https:\/\/sinoextrud.com\/powder-coating-aluminium-process\/\" target=\"_blank\">powder coating aluminium<\/a><\/li>\r\r\n<li><a href=\"https:\/\/sinoextrud.com\/what-is-an-aluminium-strip-ceiling\/\" target=\"_blank\">aluminium strip ceiling<\/a><\/li>\r\r\n<li><a href=\"https:\/\/sinoextrud.com\/what-is-a-heat-sink\/\" target=\"_blank\">what is a heat sink<\/a><\/li>\r\r\n<\/ul>","product_chanpin_chanpin":"<li><a href=\"https:\/\/sinoextrud.com\/product\/aluminium-railings\/\" target=\"_blank\">Aluminium Railings<\/a><\/li>\r\n<li><a href=\"https:\/\/sinoextrud.com\/product\/alloy-extrusion-profiles\/\" target=\"_blank\">Alloy Extrusion Profiles<\/a><\/li>\r\n<li><a href=\"https:\/\/sinoextrud.com\/product\/aluminum-frame\/\" target=\"_blank\">Aluminum Frame<\/a><\/li>\r\n<li><a href=\"https:\/\/sinoextrud.com\/product\/standard-aluminium-extrusions\/\" target=\"_blank\">Standard Aluminium Extrusions<\/a><\/li>\r\n<li><a href=\"https:\/\/sinoextrud.com\/product\/aluminium-structural-framing\/\" target=\"_blank\">Aluminium Structural Framing<\/a><\/li>\r\n<li><a href=\"https:\/\/sinoextrud.com\/product\/aluminium-u-channels\/\" target=\"_blank\">Aluminium U Channels<\/a><\/li>\r\n<li><a href=\"https:\/\/sinoextrud.com\/product\/aluminium-extruded-sections\/\" target=\"_blank\">Aluminium Extruded Sections<\/a><\/li>\r\n<li><a href=\"https:\/\/sinoextrud.com\/product\/wholesale-electrophoresis-aluminium-profile-price\/\" target=\"_blank\">Wholesale Electrophoresis Aluminium Profile Price<\/a><\/li>\r\n<li><a href=\"https:\/\/sinoextrud.com\/product\/aluminium-sections-for-sliding-doors\/\" target=\"_blank\">Aluminium Sections For Sliding Doors<\/a><\/li>\r\n<li><a href=\"https:\/\/sinoextrud.com\/product\/modular-aluminium-extrusions\/\" target=\"_blank\">Modular Aluminium Extrusions<\/a><\/li>\r\n<li><a href=\"https:\/\/sinoextrud.com\/product\/aluminium-powder-coating\/\" target=\"_blank\">Aluminium Powder Coating<\/a><\/li>"},"feature_list":[]},"_links":{"self":[{"href":"https:\/\/sinoextrud.com\/cs\/wp-json\/wp\/v2\/product\/7506","targetHints":{"allow":["GET"]}}],"collection":[{"href":"https:\/\/sinoextrud.com\/cs\/wp-json\/wp\/v2\/product"}],"about":[{"href":"https:\/\/sinoextrud.com\/cs\/wp-json\/wp\/v2\/types\/product"}],"wp:featuredmedia":[{"embeddable":true,"href":"https:\/\/sinoextrud.com\/cs\/wp-json\/wp\/v2\/media\/7505"}],"wp:attachment":[{"href":"https:\/\/sinoextrud.com\/cs\/wp-json\/wp\/v2\/media?parent=7506"}],"wp:term":[{"taxonomy":"category","embeddable":true,"href":"https:\/\/sinoextrud.com\/cs\/wp-json\/wp\/v2\/categories?post=7506"}],"curies":[{"name":"wp","href":"https:\/\/api.w.org\/{rel}","templated":true}]}}