{"id":7502,"date":"2025-06-07T09:27:30","date_gmt":"2025-06-07T09:27:30","guid":{"rendered":"https:\/\/sinoextrud.com\/product\/aluminum-frame\/"},"modified":"2025-06-24T06:13:00","modified_gmt":"2025-06-24T06:13:00","slug":"hlinikovy-ram","status":"publish","type":"product","link":"https:\/\/sinoextrud.com\/cs\/product\/aluminum-frame\/","title":{"rendered":"Hlin\u00edkov\u00fd r\u00e1m"},"content":{"rendered":"<h2>Podrobnosti o produktech<\/h2>\n<table class=\"custom-table\">\n<tbody>\n<tr>\n<td> N\u00e1zev produktu<\/td>\n<td> hlin\u00edkov\u00fd r\u00e1m<\/td>\n<\/tr>\n<tr>\n<td> Materi\u00e1l<\/td>\n<td> \u0158ada 6000, jako 6063-t5<\/td>\n<\/tr>\n<tr>\n<td> Tlou\u0161\u0165ka<\/td>\n<td> Tlou\u0161\u0165ka profil\u016f: 1,0 mm;<br \/>\nTlou\u0161\u0165ka barvy pr\u00e1\u0161kov\u00e9ho n\u00e1t\u011bru: 80 mikron\u016f firma<br \/>\nTlou\u0161\u0165ka d\u0159ev\u011bn\u00e9ho zrna: 80 - 120 mikron\u016f pevn\u00e1<\/td>\n<\/tr>\n<tr>\n<td> D\u00e9lka<\/td>\n<td> 1m -9m na kus.<\/td>\n<\/tr>\n<tr>\n<td> Tvar<\/td>\n<td> hlin\u00edkov\u00e9 L-profily<\/td>\n<\/tr>\n<tr>\n<td> Povrchov\u00e1 \u00faprava<\/td>\n<td> b\u00edl\u00e1 kresba d\u0159eva<\/td>\n<\/tr>\n<tr>\n<td> Barva<\/td>\n<td> b\u00edl\u00e1 kresba d\u0159eva<\/td>\n<\/tr>\n<tr>\n<td> Aplikace<\/td>\n<td> okna a dve\u0159e, n\u00e1bytek, kuchyn\u011b<\/td>\n<\/tr>\n<tr>\n<td> MOQ<\/td>\n<td> 200 kg pro ka\u017edou polo\u017eku<\/td>\n<\/tr>\n<\/tbody>\n<\/table>\n<h2>Na\u0161e v\u00fdrobn\u00ed z\u00e1kladna<\/h2>\n<h3>Panorama tov\u00e1rny<\/h3>\n<p><img decoding=\"async\" src=\"\/wp-content\/uploads\/factory-01.webp\"\/><\/p>\n<h3>D\u00edlna na v\u00fdrobu hlin\u00edkov\u00fdch ty\u010d\u00ed<\/h3>\n<p><img decoding=\"async\" src=\"\/wp-content\/uploads\/factory-02.webp\"\/><\/p>\n<\/p>\n<p><img decoding=\"async\" src=\"\/wp-content\/uploads\/factory-03.webp\"\/><\/p>\n<h3>Sklad pl\u00edsn\u00ed<\/h3>\n<p><img decoding=\"async\" src=\"\/wp-content\/uploads\/factory-04.webp\"\/><\/p>\n<h3>43 linek na vytla\u010dov\u00e1n\u00ed hlin\u00edku (500 - 5500 tun)<\/h3>\n<p><img decoding=\"async\" src=\"\/wp-content\/uploads\/factory-05.webp\"\/><\/p>\n<p><img decoding=\"async\" src=\"\/wp-content\/uploads\/factory-06.webp\"\/><\/p>\n<p><img decoding=\"async\" src=\"\/wp-content\/uploads\/factory-07.webp\"\/><\/p>\n<h3>D\u00edlna pr\u00e1\u0161kov\u00e9ho lakov\u00e1n\u00ed<\/h3>\n<p><img decoding=\"async\" src=\"\/wp-content\/uploads\/factory-09.webp\"\/><\/p>\n<h3>D\u00edlna eloxov\u00e1n\u00ed<\/h3>\n<p><img decoding=\"async\" src=\"\/wp-content\/uploads\/factory-10.webp\"\/><\/p>\n<h3>Workshop o hloubkov\u00e9m zpracov\u00e1n\u00ed<\/h3>\n<p><img decoding=\"async\" src=\"\/wp-content\/uploads\/factory-11.webp\"\/><\/p>\n<h3>D\u00edlna CNC p\u0159esn\u00e9ho obr\u00e1b\u011bn\u00ed<\/h3>\n<p><img decoding=\"async\" src=\"\/wp-content\/uploads\/factory-11.5.webp\"\/><\/p>\n<h3>Sklad hotov\u00fdch v\u00fdrobk\u016f a exportn\u00ed sklad<\/h3>\n<p><img decoding=\"async\" src=\"\/wp-content\/uploads\/factory-12.webp\"\/><\/p>\n<p><img decoding=\"async\" src=\"\/wp-content\/uploads\/factory-13.webp\"\/><\/p>\n<p><img decoding=\"async\" src=\"\/wp-content\/uploads\/factory-14.webp\"\/><\/p>\n<h2>\u010cASTO KLADEN\u00c9 DOTAZY<\/h2>\n<p><b>1.Co je hlin\u00edkov\u00fd r\u00e1m?<\/b><\/p>\n<p>Hlin\u00edkov\u00fd r\u00e1m je konstruk\u010dn\u00ed \u0159e\u0161en\u00ed z lehk\u00e9ho hlin\u00edku odoln\u00e9ho proti korozi, ide\u00e1ln\u00ed pro pr\u016fmyslov\u00e9 a komer\u010dn\u00ed pou\u017eit\u00ed.\n<\/p>\n<p><\/p>\n<p><b>2.Pro\u010d zvolit hlin\u00edkov\u00e9 r\u00e1my pro pr\u016fmyslov\u00e9 projekty?<\/b><\/p>\n<p>Hlin\u00edkov\u00e9 r\u00e1my se vyzna\u010duj\u00ed vysokou pevnost\u00ed, odolnost\u00ed a snadn\u00fdm p\u0159izp\u016fsoben\u00edm, tak\u017ee jsou ide\u00e1ln\u00ed pro n\u00e1ro\u010dn\u00e9 pr\u016fmyslov\u00e9 prost\u0159ed\u00ed.\n<\/p>\n<p><\/p>\n<p><b>3.Jsou hlin\u00edkov\u00e9 r\u00e1my odoln\u00e9 proti korozi?<\/b><\/p>\n<p>Ano, hlin\u00edkov\u00e9 r\u00e1my jsou p\u0159irozen\u011b odoln\u00e9 proti korozi, tak\u017ee jsou ide\u00e1ln\u00ed pro vnit\u0159n\u00ed i venkovn\u00ed pou\u017eit\u00ed.\n<\/p>\n<p><\/p>\n<p><b>4.Je hlin\u00edkov\u00fd r\u00e1m lehk\u00fd?<\/b><\/p>\n<p>Ano, hlin\u00edkov\u00e9 r\u00e1my jsou v\u00fdrazn\u011b leh\u010d\u00ed ne\u017e ocelov\u00e9, co\u017e umo\u017e\u0148uje snadn\u011bj\u0161\u00ed manipulaci a rychlej\u0161\u00ed instalaci.\n<\/p>\n<p><\/p>\n<p><b>5.Lze hlin\u00edkov\u00e9 r\u00e1my p\u0159izp\u016fsobit?<\/b><\/p>\n<p>Hlin\u00edkov\u00e9 r\u00e1my lze samoz\u0159ejm\u011b p\u0159izp\u016fsobit konkr\u00e9tn\u00edm rozm\u011br\u016fm a konfigurac\u00edm, aby vyhovovaly r\u016fzn\u00fdm aplikac\u00edm.\n<\/p>\n<p><\/p>\n<p><b>6.Jak\u00e1 jsou b\u011b\u017en\u00e1 pou\u017eit\u00ed hlin\u00edkov\u00fdch r\u00e1m\u016f?<\/b><\/p>\n<p>Hlin\u00edkov\u00e9 r\u00e1my se b\u011b\u017en\u011b pou\u017e\u00edvaj\u00ed ve sk\u0159\u00edn\u00edch stroj\u016f, automatiza\u010dn\u00edch syst\u00e9mech, pracovn\u00edch stanic\u00edch a zobrazovac\u00edch struktur\u00e1ch.\n<\/p>\n<p><\/p>\n<p><b>7.Podporuj\u00ed hlin\u00edkov\u00e9 r\u00e1my modul\u00e1rn\u00ed konstrukci?<\/b><\/p>\n<p>Ano, hlin\u00edkov\u00e9 r\u00e1my jsou d\u00edky sv\u00e9 p\u0159izp\u016fsobivosti a snadn\u00e9 mont\u00e1\u017ei ide\u00e1ln\u00ed pro modul\u00e1rn\u00ed v\u00fdstavbu.\n<\/p>\n<p><\/p>\n<p><b>8.Jak\u00fd p\u0159\u00ednos maj\u00ed hlin\u00edkov\u00e9 r\u00e1my pro prost\u0159ed\u00ed \u010dist\u00fdch prostor?<\/b><\/p>\n<p>Hlin\u00edkov\u00e9 r\u00e1my jsou ide\u00e1ln\u00ed pro \u010dist\u00e9 prostory d\u00edky sv\u00e9 nekoroduj\u00edc\u00ed povaze, hladk\u00e9mu povrchu a snadno \u010distiteln\u00e9 konstrukci.\n<\/p>\n<p><\/p>","protected":false},"featured_media":7501,"template":"","categories":[67],"class_list":["post-7502","product","type-product","status-publish","has-post-thumbnail","hentry","category-architectural-aluminium-profile"],"meta_box":{"hilight_text_group":{"product_hilight_text":"<li>Lightweight structure for easy transportation and installation<\/li>\r\r\n<li>Corrosion-resistant aluminum ensures long-term durability<\/li>\r\r\n<li>High precision and strength suitable for industrial applications<\/li>\r\r\n<li>Flexible design options for custom frame configurations<\/li>\r\r\n<li>Low maintenance and environmentally friendly material<\/li>\r\r\n<li>Excellent compatibility with various industrial components<\/li>\r\r\n<li>Ideal for cleanroom and automation system frameworks<\/li>","product_chanpin_blog":"<ul>\r\r\n<li><a href=\"https:\/\/sinoextrud.com\/t-slot-v-slot-differences\/\" target=\"_blank\">t slot vs v slot<\/a><\/li>\r\r\n<li><a href=\"https:\/\/sinoextrud.com\/what-is-4040-aluminium-extrud\/\" target=\"_blank\">4040 aluminium extrusion<\/a><\/li>\r\r\n<li><a href=\"https:\/\/sinoextrud.com\/what-is-4040-aluminium-extrud\/\" target=\"_blank\">aluminum extrusions for industrial racks<\/a><\/li>\r\r\n<li><a href=\"https:\/\/sinoextrud.com\/powder-coating-aluminium-process\/\" target=\"_blank\">powder coating aluminium<\/a><\/li>\r\r\n<li><a href=\"https:\/\/sinoextrud.com\/what-is-an-aluminium-strip-ceiling\/\" target=\"_blank\">aluminium strip ceiling<\/a><\/li>\r\r\n<li><a href=\"https:\/\/sinoextrud.com\/what-is-a-heat-sink\/\" target=\"_blank\">what is a heat sink<\/a><\/li>\r\r\n<\/ul>","product_chanpin_chanpin":"<li><a href=\"https:\/\/sinoextrud.com\/product\/6063-t5-oem-aluminum-profile-conner-angle-for-window-and-door-or-led-light-display-2\/\" target=\"_blank\">6063 T5  OEM  aluminum  profile  conner angle for window and door or led light display<\/a><\/li>\r\n<li><a href=\"https:\/\/sinoextrud.com\/product\/aluminum-beam-extrusion-curtain-wall-profile-hollow-bar-price-by-per-ton\/\" target=\"_blank\">aluminum beam Extrusion Curtain Wall Profile hollow bar price by per ton<\/a><\/li>\r\n<li><a href=\"https:\/\/sinoextrud.com\/product\/aluminium-railings\/\" target=\"_blank\">Aluminium Railings<\/a><\/li>\r\n<li><a href=\"https:\/\/sinoextrud.com\/product\/alloy-extrusion-profiles\/\" target=\"_blank\">Alloy Extrusion Profiles<\/a><\/li>\r\n<li><a href=\"https:\/\/sinoextrud.com\/product\/aluminum-frame\/\" target=\"_blank\">Aluminum Frame<\/a><\/li>\r\n<li><a href=\"https:\/\/sinoextrud.com\/product\/standard-aluminium-extrusions\/\" target=\"_blank\">Standard Aluminium Extrusions<\/a><\/li>\r\n<li><a href=\"https:\/\/sinoextrud.com\/product\/aluminium-structural-framing\/\" target=\"_blank\">Aluminium Structural Framing<\/a><\/li>\r\n<li><a href=\"https:\/\/sinoextrud.com\/product\/aluminium-u-channels\/\" target=\"_blank\">Aluminium U Channels<\/a><\/li>\r\n<li><a href=\"https:\/\/sinoextrud.com\/product\/aluminium-extruded-sections\/\" target=\"_blank\">Aluminium Extruded Sections<\/a><\/li>\r\n<li><a href=\"https:\/\/sinoextrud.com\/product\/aluminum-partitioning-windows-doors-nigeria-design\/\" target=\"_blank\">Aluminum Partitioning Windows Doors Nigeria Design<\/a><\/li>\r\n<li><a href=\"https:\/\/sinoextrud.com\/product\/aluminum-profiles-led-strip-lighting\/\" target=\"_blank\">Aluminum Profiles Led Strip Lighting<\/a><\/li>"},"feature_list":[]},"_links":{"self":[{"href":"https:\/\/sinoextrud.com\/cs\/wp-json\/wp\/v2\/product\/7502","targetHints":{"allow":["GET"]}}],"collection":[{"href":"https:\/\/sinoextrud.com\/cs\/wp-json\/wp\/v2\/product"}],"about":[{"href":"https:\/\/sinoextrud.com\/cs\/wp-json\/wp\/v2\/types\/product"}],"wp:featuredmedia":[{"embeddable":true,"href":"https:\/\/sinoextrud.com\/cs\/wp-json\/wp\/v2\/media\/7501"}],"wp:attachment":[{"href":"https:\/\/sinoextrud.com\/cs\/wp-json\/wp\/v2\/media?parent=7502"}],"wp:term":[{"taxonomy":"category","embeddable":true,"href":"https:\/\/sinoextrud.com\/cs\/wp-json\/wp\/v2\/categories?post=7502"}],"curies":[{"name":"wp","href":"https:\/\/api.w.org\/{rel}","templated":true}]}}