{"id":7486,"date":"2025-06-07T08:39:40","date_gmt":"2025-06-07T08:39:40","guid":{"rendered":"https:\/\/sinoextrud.com\/product\/6063-slotted-aluminum-bar-extrusion-profiles\/"},"modified":"2025-06-24T06:12:58","modified_gmt":"2025-06-24T06:12:58","slug":"6063-drazkovane-hlinikove-tycove-profily-pro-vytlacovani","status":"publish","type":"product","link":"https:\/\/sinoextrud.com\/cs\/product\/6063-slotted-aluminum-bar-extrusion-profiles\/","title":{"rendered":"6063 dr\u00e1\u017ekovan\u00e9 hlin\u00edkov\u00e9 ty\u010de vytla\u010dovac\u00ed profily"},"content":{"rendered":"<h2>Podrobnosti o produktech<\/h2>\n<table class=\"custom-table\">\n<tbody>\n<tr>\n<td> Polo\u017eka:<\/td>\n<td> 6063 dr\u00e1\u017ekovan\u00e9 hlin\u00edkov\u00e9 ty\u010de vytla\u010dovac\u00ed profily<\/td>\n<\/tr>\n<tr>\n<td> T\u0159\u00edda:<\/td>\n<td> 6063 -t5<\/td>\n<\/tr>\n<tr>\n<td> Technika:<\/td>\n<td> Extrudovan\u00e9 hlin\u00edkov\u00e9 profily<\/td>\n<\/tr>\n<tr>\n<td> M\u00edrnost:<\/td>\n<td> T3 - T8<\/td>\n<\/tr>\n<tr>\n<td> Obr\u00e1b\u011bc\u00ed slu\u017eby:<\/td>\n<td> Vrt\u00e1n\u00ed, z\u00e1vitov\u00e1n\u00ed, n\u00fdtov\u00e1n\u00ed, mont\u00e1\u017e atd.<\/td>\n<\/tr>\n<tr>\n<td> Ochrann\u00e1 zn\u00e1mka:<\/td>\n<td> Sinoextrud Sinoextrud <\/td>\n<\/tr>\n<tr>\n<td> Typ:<\/td>\n<td> Hlin\u00edkov\u00e1 ty\u010d s dr\u00e1\u017ekou 6063<\/td>\n<\/tr>\n<tr>\n<td> Tvar:<\/td>\n<td> Vyrobeno podle n\u00e1vrhu klienta<\/td>\n<\/tr>\n<tr>\n<td> Povrchov\u00e1 \u00faprava:<\/td>\n<td> eloxovan\u00e1 povrchov\u00e1 \u00faprava Mill Finish<\/td>\n<\/tr>\n<tr>\n<td> D\u00e9lka:<\/td>\n<td> 1m a\u017e 9m na d\u00e9lku<\/td>\n<\/tr>\n<tr>\n<td> Barvy:<\/td>\n<td> St\u0159\u00edbrn\u00e1 \u010dern\u00e1<\/td>\n<\/tr>\n<tr>\n<td> K\u00f3d HS:<\/td>\n<td> 76042990<\/td>\n<\/tr>\n<\/tbody>\n<\/table>\n<h2>Na\u0161e v\u00fdrobn\u00ed z\u00e1kladna<\/h2>\n<h3>Panorama tov\u00e1rny<\/h3>\n<p><img decoding=\"async\" src=\"\/wp-content\/uploads\/factory-01.webp\"\/><\/p>\n<h3>D\u00edlna na v\u00fdrobu hlin\u00edkov\u00fdch ty\u010d\u00ed<\/h3>\n<p><img decoding=\"async\" src=\"\/wp-content\/uploads\/factory-02.webp\"\/><\/p>\n<p><img decoding=\"async\" src=\"\/wp-content\/uploads\/factory-03.webp\"\/><\/p>\n<h3>Sklad pl\u00edsn\u00ed<\/h3>\n<p><img decoding=\"async\" src=\"\/wp-content\/uploads\/factory-04.webp\"\/><\/p>\n<h3>43 linek na vytla\u010dov\u00e1n\u00ed hlin\u00edku (500 - 5500 tun)<\/h3>\n<p><img decoding=\"async\" src=\"\/wp-content\/uploads\/factory-05.webp\"\/><\/p>\n<p><img decoding=\"async\" src=\"\/wp-content\/uploads\/factory-06.webp\"\/><\/p>\n<p><img decoding=\"async\" src=\"\/wp-content\/uploads\/factory-07.webp\"\/><\/p>\n<h3>D\u00edlna pr\u00e1\u0161kov\u00e9ho lakov\u00e1n\u00ed<\/h3>\n<p><img decoding=\"async\" src=\"\/wp-content\/uploads\/factory-09.webp\"\/><\/p>\n<h3>D\u00edlna eloxov\u00e1n\u00ed<\/h3>\n<p><img decoding=\"async\" src=\"\/wp-content\/uploads\/factory-10.webp\"\/><\/p>\n<h3>Workshop o hloubkov\u00e9m zpracov\u00e1n\u00ed<\/h3>\n<p><img decoding=\"async\" src=\"\/wp-content\/uploads\/factory-11.webp\"\/><\/p>\n<h3>D\u00edlna CNC p\u0159esn\u00e9ho obr\u00e1b\u011bn\u00ed<\/h3>\n<p><img decoding=\"async\" src=\"\/wp-content\/uploads\/factory-11.5.webp\"\/><\/p>\n<h3>Sklad hotov\u00fdch v\u00fdrobk\u016f a exportn\u00ed sklad<\/h3>\n<p><img decoding=\"async\" src=\"\/wp-content\/uploads\/factory-12.webp\"\/><\/p>\n<p><img decoding=\"async\" src=\"\/wp-content\/uploads\/factory-13.webp\"\/><\/p>\n<p><img decoding=\"async\" src=\"\/wp-content\/uploads\/factory-14.webp\"\/><\/p>\n<h2>\u010cASTO KLADEN\u00c9 DOTAZY<\/h2>\n<p><p><b>1.What jsou 6063 dr\u00e1\u017ekovan\u00e9 hlin\u00edkov\u00e9 ty\u010de vytla\u010dov\u00e1n\u00ed profily? <\/b><\/p>\n<p> Hlin\u00edkov\u00e9 ty\u010dov\u00e9 profily s dr\u00e1\u017ekami 6063 jsou konstruk\u010dn\u00ed d\u00edly vyroben\u00e9 z hlin\u00edkov\u00e9 slitiny 6063 s T-dr\u00e1\u017ekami, kter\u00e9 umo\u017e\u0148uj\u00ed modul\u00e1rn\u00ed mont\u00e1\u017e v r\u016fzn\u00fdch aplikac\u00edch.<br \/>\n<\/p><br \/>\n<br \/>\n<p><b>2.Pro\u010d zvolit hlin\u00edk 6063 pro dr\u00e1\u017ekovan\u00e9 vytla\u010dovac\u00ed profily? <\/b><\/p>\n<p> Hlin\u00edk 6063 nab\u00edz\u00ed kombinaci pevnosti, odolnosti proti korozi, vynikaj\u00edc\u00ed povrchov\u00e9 \u00fapravy a dobr\u00e9 vytla\u010ditelnosti, tak\u017ee je ide\u00e1ln\u00ed pro dr\u00e1\u017ekovan\u00e9 vytla\u010dovac\u00ed profily pou\u017e\u00edvan\u00e9 v architektonick\u00fdch a konstruk\u010dn\u00edch aplikac\u00edch.<br \/>\n<\/p><br \/>\n<br \/>\n<p><b>3.Jak\u00e9 jsou b\u011b\u017en\u00e9 aplikace hlin\u00edkov\u00fdch v\u00fdlisk\u016f s dr\u00e1\u017ekou 6063? <\/b><\/p>\n<p> Tyto v\u00fdlisky se d\u00edky sv\u00e9 modularit\u011b a snadn\u00e9 mont\u00e1\u017ei b\u011b\u017en\u011b pou\u017e\u00edvaj\u00ed p\u0159i v\u00fdrob\u011b r\u00e1m\u016f, sk\u0159\u00edn\u00ed, pracovn\u00edch stanic, ochrann\u00fdch kryt\u016f stroj\u016f a zobrazovac\u00edch jednotek.<br \/>\n<\/p><br \/>\n<br \/>\n<p><b>4.Can 6063 dr\u00e1\u017ekovan\u00e9 hlin\u00edkov\u00e9 profily b\u00fdt p\u0159izp\u016fsobeny? <\/b><\/p>\n<p> Ano, lze je p\u0159izp\u016fsobit z hlediska velikosti, konfigurace dr\u00e1\u017eek a povrchov\u00e9 \u00fapravy tak, aby spl\u0148ovaly specifick\u00e9 po\u017eadavky na design a funk\u010dnost.<br \/>\n<\/p><br \/>\n<br \/>\n<p><b>5.Jsou dr\u00e1\u017ekovan\u00e9 hlin\u00edkov\u00e9 v\u00fdlisky 6063 vhodn\u00e9 pro venkovn\u00ed pou\u017eit\u00ed? <\/b><\/p>\n<p> D\u00edky sv\u00e9 odolnosti proti korozi jsou ide\u00e1ln\u00ed pro venkovn\u00ed pou\u017eit\u00ed a odol\u00e1vaj\u00ed r\u016fzn\u00fdm pov\u011btrnostn\u00edm podm\u00ednk\u00e1m bez po\u0161kozen\u00ed.<br \/>\n<\/p><br \/>\n<br \/>\n<p><b>6.Jak\u00e9 povrchov\u00e9 \u00fapravy jsou k dispozici pro dr\u00e1\u017ekovan\u00e9 hlin\u00edkov\u00e9 profily 6063? <\/b><\/p>\n<p> Mezi b\u011b\u017en\u00e9 povrchov\u00e9 \u00fapravy pat\u0159\u00ed eloxov\u00e1n\u00ed a pr\u00e1\u0161kov\u00e9 lakov\u00e1n\u00ed, kter\u00e9 zvy\u0161uj\u00ed odolnost proti korozi a umo\u017e\u0148uj\u00ed r\u016fzn\u00e9 barevn\u00e9 varianty, kter\u00e9 odpov\u00eddaj\u00ed estetick\u00e9mu designu.<br \/>\n<\/p><br \/>\n<br \/>\n<p><b>7.Jak sestavit konstrukce z hlin\u00edkov\u00fdch v\u00fdlisk\u016f s dr\u00e1\u017ekou 6063? <\/b><\/p>\n<p> Mont\u00e1\u017e obvykle zahrnuje pou\u017eit\u00ed kompatibiln\u00edch konektor\u016f, spojovac\u00edch prvk\u016f a p\u0159\u00edslu\u0161enstv\u00ed, kter\u00e9 se vejdou do T-dr\u00e1\u017eek, co\u017e umo\u017e\u0148uje snadnou konstrukci a \u00fapravy bez sva\u0159ov\u00e1n\u00ed.<br \/>\n<\/p><br \/>\n<br \/>\n<p><b>8.Jsou hlin\u00edkov\u00e9 profily s dr\u00e1\u017ekou 6063 \u0161etrn\u00e9 k \u017eivotn\u00edmu prost\u0159ed\u00ed? <\/b><\/p>\n<p> Ano, hlin\u00edk je pln\u011b recyklovateln\u00fd a pou\u017eit\u00ed hlin\u00edkov\u00fdch profil\u016f s dr\u00e1\u017ekou 6063 p\u0159isp\u00edv\u00e1 k udr\u017eiteln\u00fdm stavebn\u00edm postup\u016fm t\u00edm, \u017ee sni\u017euje mno\u017estv\u00ed odpadu a podporuje op\u011btovn\u00e9 pou\u017eit\u00ed materi\u00e1lu.<\/p>\n<p><\/p><br \/><\/p>","protected":false},"featured_media":7485,"template":"","categories":[67],"class_list":["post-7486","product","type-product","status-publish","has-post-thumbnail","hentry","category-architectural-aluminium-profile"],"meta_box":{"hilight_text_group":{"product_hilight_text":"<li>Manufactured from high-quality 6063 aluminum alloy, offering excellent corrosion resistance and surface finish, ideal for architectural and structural applications.<\/li>\r\r\n<li>Lightweight yet strong construction facilitates easy handling and installation without compromising structural integrity.<\/li>\r\r\n<li>Available in various T-slot configurations, enabling modular assembly and flexibility in design for frameworks, enclosures, and workstations.<\/li>\r\r\n<li>Excellent anodizing properties allow for enhanced surface protection and aesthetic appeal in various finishes.<\/li>\r\r\n<li>Customizable lengths and profiles accommodate a wide range of project specifications and design requirements.<\/li>\r\r\n<li>High thermal and electrical conductivity makes them suitable for heat sinks and electrical enclosures.<\/li>\r\r\n<li>Environmentally friendly, as aluminum is 100% recyclable, supporting sustainable building practices.<\/li>","product_chanpin_blog":"<ul>\r\r\n<li><a href=\"https:\/\/sinoextrud.com\/t-slot-v-slot-differences\/\" target=\"_blank\">t slot vs v slot<\/a><\/li>\r\r\n<li><a href=\"https:\/\/sinoextrud.com\/what-is-4040-aluminium-extrud\/\" target=\"_blank\">4040 aluminium extrusion<\/a><\/li>\r\r\n<li><a href=\"https:\/\/sinoextrud.com\/what-is-4040-aluminium-extrud\/\" target=\"_blank\">aluminum extrusions for industrial racks<\/a><\/li>\r\r\n<li><a href=\"https:\/\/sinoextrud.com\/powder-coating-aluminium-process\/\" target=\"_blank\">powder coating aluminium<\/a><\/li>\r\r\n<li><a href=\"https:\/\/sinoextrud.com\/what-is-an-aluminium-strip-ceiling\/\" target=\"_blank\">aluminium strip ceiling<\/a><\/li>\r\r\n<li><a href=\"https:\/\/sinoextrud.com\/what-is-a-heat-sink\/\" target=\"_blank\">what is a heat sink<\/a><\/li>\r\r\n<\/ul>","product_chanpin_chanpin":"<li><a href=\"https:\/\/sinoextrud.com\/product\/aluminum-cabinet-frame-extrusions\/\" target=\"_blank\">Aluminum Cabinet Frame Extrusions<\/a><\/li>\r\n<li><a href=\"https:\/\/sinoextrud.com\/product\/66-mm-aluminum-glass-railing-for-balcony-led-strip-u-channel-stair-railings\/\" target=\"_blank\">6+6 MM Aluminum Glass Railing For Balcony LED Strip U Channel Stair Railings<\/a><\/li>\r\n<li><a href=\"https:\/\/sinoextrud.com\/product\/aluminum-channel-for-plexiglass\/\" target=\"_blank\">Aluminum Channel For Plexiglass<\/a><\/li>\r\n<li><a href=\"https:\/\/sinoextrud.com\/product\/aluminium-handrail-profiles\/\" target=\"_blank\">Aluminium Handrail Profiles<\/a><\/li>\r\n<li><a href=\"https:\/\/sinoextrud.com\/product\/6063-slotted-aluminum-bar-extrusion-profiles\/\" target=\"_blank\">6063 Slotted Aluminum Bar Extrusion Profiles<\/a><\/li>\r\n<li><a href=\"https:\/\/sinoextrud.com\/product\/6063-t5-aluminum-extrusion-profile-for-windows-and-doors-and-curtain-walls\/\" target=\"_blank\">6063 T5 Aluminum Extrusion Profile for Windows and Doors and Curtain Walls<\/a><\/li>\r\n<li><a href=\"https:\/\/sinoextrud.com\/product\/6063-t5-oem-aluminum-profile-conner-angle-for-window-and-door-or-led-light-display\/\" target=\"_blank\">6063 T5 OEM Aluminum Profile Conner Angle For Window And Door Or Led Light Display<\/a><\/li>\r\n<li><a href=\"https:\/\/sinoextrud.com\/product\/80-x-80-aluminium-extrusion\/\" target=\"_blank\">80 X 80 Aluminium Extrusion<\/a><\/li>\r\n<li><a href=\"https:\/\/sinoextrud.com\/product\/6063-t5-oem-aluminum-profile-conner-angle-for-window-and-door-or-led-light-display-2\/\" target=\"_blank\">6063 T5  OEM  aluminum  profile  conner angle for window and door or led light display<\/a><\/li>\r\n<li><a href=\"https:\/\/sinoextrud.com\/product\/aluminium-t-extrusion\/\" target=\"_blank\">Aluminium T Extrusion<\/a><\/li>\r\n<li><a href=\"https:\/\/sinoextrud.com\/product\/aluminum-extruded-aluminum-roofing-profiles\/\" target=\"_blank\">Aluminum Extruded Aluminum Roofing Profiles<\/a><\/li>"},"feature_list":[]},"_links":{"self":[{"href":"https:\/\/sinoextrud.com\/cs\/wp-json\/wp\/v2\/product\/7486","targetHints":{"allow":["GET"]}}],"collection":[{"href":"https:\/\/sinoextrud.com\/cs\/wp-json\/wp\/v2\/product"}],"about":[{"href":"https:\/\/sinoextrud.com\/cs\/wp-json\/wp\/v2\/types\/product"}],"wp:featuredmedia":[{"embeddable":true,"href":"https:\/\/sinoextrud.com\/cs\/wp-json\/wp\/v2\/media\/7485"}],"wp:attachment":[{"href":"https:\/\/sinoextrud.com\/cs\/wp-json\/wp\/v2\/media?parent=7486"}],"wp:term":[{"taxonomy":"category","embeddable":true,"href":"https:\/\/sinoextrud.com\/cs\/wp-json\/wp\/v2\/categories?post=7486"}],"curies":[{"name":"wp","href":"https:\/\/api.w.org\/{rel}","templated":true}]}}