{"id":7484,"date":"2025-06-07T08:33:18","date_gmt":"2025-06-07T08:33:18","guid":{"rendered":"https:\/\/sinoextrud.com\/product\/aluminium-handrail-profiles\/"},"modified":"2025-06-24T06:12:56","modified_gmt":"2025-06-24T06:12:56","slug":"hlinikove-profily-zabradli-2","status":"publish","type":"product","link":"https:\/\/sinoextrud.com\/cs\/product\/aluminium-handrail-profiles\/","title":{"rendered":"Hlin\u00edkov\u00e9 profily z\u00e1bradl\u00ed"},"content":{"rendered":"<h2>Podrobnosti o produktech<\/h2>\n<table class=\"custom-table\">\n<tbody>\n<tr>\n<td> Model NO:<\/td>\n<td> Hlin\u00edkov\u00e9 profily z\u00e1bradl\u00ed<\/td>\n<\/tr>\n<tr>\n<td> Tvar:<\/td>\n<td> ov\u00e1ln\u00fd<\/td>\n<\/tr>\n<tr>\n<td> M\u00edrnost:<\/td>\n<td> T3-T8<\/td>\n<\/tr>\n<tr>\n<td> Slitina:<\/td>\n<td> hlin\u00edkov\u00e1 slitina<\/td>\n<\/tr>\n<tr>\n<td> Leguj\u00edc\u00ed slo\u017eka:<\/td>\n<td> 6063<\/td>\n<\/tr>\n<tr>\n<td> Povrchov\u00e1 \u00faprava:<\/td>\n<td> d\u0159ev\u011bn\u00e1 zrnitost<\/td>\n<\/tr>\n<tr>\n<td> Dal\u0161\u00ed povrchov\u00e1 \u00faprava:<\/td>\n<td> eloxov\u00e1n\u00ed, p\u00edskov\u00e1n\u00ed, pr\u00e1\u0161kov\u00e9 lakov\u00e1n\u00ed, le\u0161t\u011bn\u00ed<\/td>\n<\/tr>\n<tr>\n<td> Certifikace:<\/td>\n<td> ISO 9001<\/td>\n<\/tr>\n<tr>\n<td> K\u00f3d HS:<\/td>\n<td> 760429900<\/td>\n<\/tr>\n<tr>\n<td> Typ:<\/td>\n<td> Dekora\u010dn\u00ed hlin\u00edkov\u00fd profil<\/td>\n<\/tr>\n<tr>\n<td> Obr\u00e1b\u011bn\u00ed:<\/td>\n<td> Rafinovan\u00e9 \u0159ez\u00e1n\u00ed, fr\u00e9zov\u00e1n\u00ed, vrt\u00e1n\u00ed, d\u011brov\u00e1n\u00ed, \u0161roubov\u00e1n\u00ed<\/td>\n<\/tr>\n<tr>\n<td> P\u016fvod:<\/td>\n<td> Foshan, Guangdong.<\/td>\n<\/tr>\n<\/tbody>\n<\/table>\n<h2>Na\u0161e v\u00fdrobn\u00ed z\u00e1kladna<\/h2>\n<h3>Panorama tov\u00e1rny<\/h3>\n<p><img decoding=\"async\" src=\"\/wp-content\/uploads\/factory-01.webp\"\/><\/p>\n<h3>D\u00edlna na v\u00fdrobu hlin\u00edkov\u00fdch ty\u010d\u00ed<\/h3>\n<p><img decoding=\"async\" src=\"\/wp-content\/uploads\/factory-02.webp\"\/><\/p>\n<p><img decoding=\"async\" src=\"\/wp-content\/uploads\/factory-03.webp\"\/><\/p>\n<h3>Sklad pl\u00edsn\u00ed<\/h3>\n<p><img decoding=\"async\" src=\"\/wp-content\/uploads\/factory-04.webp\"\/><\/p>\n<h3>43 linek na vytla\u010dov\u00e1n\u00ed hlin\u00edku (500 - 5500 tun)<\/h3>\n<p><img decoding=\"async\" src=\"\/wp-content\/uploads\/factory-05.webp\"\/><\/p>\n<p><img decoding=\"async\" src=\"\/wp-content\/uploads\/factory-06.webp\"\/><\/p>\n<p><img decoding=\"async\" src=\"\/wp-content\/uploads\/factory-07.webp\"\/><\/p>\n<h3>D\u00edlna pr\u00e1\u0161kov\u00e9ho lakov\u00e1n\u00ed<\/h3>\n<p><img decoding=\"async\" src=\"\/wp-content\/uploads\/factory-09.webp\"\/><\/p>\n<h3>D\u00edlna eloxov\u00e1n\u00ed<\/h3>\n<p><img decoding=\"async\" src=\"\/wp-content\/uploads\/factory-10.webp\"\/><\/p>\n<h3>Workshop o hloubkov\u00e9m zpracov\u00e1n\u00ed<\/h3>\n<p><img decoding=\"async\" src=\"\/wp-content\/uploads\/factory-11.webp\"\/><\/p>\n<h3>D\u00edlna CNC p\u0159esn\u00e9ho obr\u00e1b\u011bn\u00ed<\/h3>\n<p><img decoding=\"async\" src=\"\/wp-content\/uploads\/factory-11.5.webp\"\/><\/p>\n<h3>Sklad hotov\u00fdch v\u00fdrobk\u016f a exportn\u00ed sklad<\/h3>\n<p><img decoding=\"async\" src=\"\/wp-content\/uploads\/factory-12.webp\"\/><\/p>\n<p><img decoding=\"async\" src=\"\/wp-content\/uploads\/factory-13.webp\"\/><\/p>\n<p><img decoding=\"async\" src=\"\/wp-content\/uploads\/factory-14.webp\"\/><\/p>\n<h2>\u010cASTO KLADEN\u00c9 DOTAZY<\/h2>\n<p><p><b>1.Co jsou hlin\u00edkov\u00e9 profily z\u00e1bradl\u00ed? <\/b><\/p>\n<p> Hlin\u00edkov\u00e9 profily z\u00e1bradl\u00ed jsou extrudovan\u00e9 hlin\u00edkov\u00e9 profily ur\u010den\u00e9 k zaji\u0161t\u011bn\u00ed opory a bezpe\u010dnosti na schodi\u0161t\u00edch, balkonech a chodn\u00edc\u00edch, kter\u00e9 nab\u00edzej\u00ed odolnost a estetick\u00fd vzhled.<br \/>\n<\/p><br \/>\n<br \/>\n<p><b>2.Pro\u010d zvolit hlin\u00edk pro syst\u00e9my z\u00e1bradl\u00ed? <\/b><\/p>\n<p> Hlin\u00edk nab\u00edz\u00ed vysok\u00fd pom\u011br pevnosti a hmotnosti, odolnost proti korozi a v\u0161estrannost konstrukce, co\u017e z n\u011bj \u010din\u00ed ide\u00e1ln\u00ed materi\u00e1l pro odoln\u00e9 syst\u00e9my z\u00e1bradl\u00ed s n\u00edzk\u00fdmi n\u00e1roky na \u00fadr\u017ebu.<br \/>\n<\/p><br \/>\n<br \/>\n<p><b>3.Lze hlin\u00edkov\u00e9 profily z\u00e1bradl\u00ed p\u0159izp\u016fsobit? <\/b><\/p>\n<p> Ano, hlin\u00edkov\u00e9 profily z\u00e1bradl\u00ed lze tvarov\u011b, rozm\u011brov\u011b a povrchov\u011b upravit tak, aby spl\u0148ovaly specifick\u00e9 designov\u00e9 a funk\u010dn\u00ed po\u017eadavky.<br \/>\n<\/p><br \/>\n<br \/>\n<p><b>4.Jak\u00e9 povrchov\u00e9 \u00fapravy jsou k dispozici pro hlin\u00edkov\u00e9 profily z\u00e1bradl\u00ed? <\/b><\/p>\n<p> Mezi b\u011b\u017en\u00e9 povrchov\u00e9 \u00fapravy pat\u0159\u00ed eloxov\u00e1n\u00ed a pr\u00e1\u0161kov\u00e9 lakov\u00e1n\u00ed, kter\u00e9 zvy\u0161uj\u00ed odolnost proti korozi a umo\u017e\u0148uj\u00ed r\u016fzn\u00e9 barevn\u00e9 varianty, kter\u00e9 odpov\u00eddaj\u00ed estetick\u00e9mu designu.<br \/>\n<\/p><br \/>\n<br \/>\n<p><b>5.Jsou hlin\u00edkov\u00e9 profily z\u00e1bradl\u00ed vhodn\u00e9 pro venkovn\u00ed pou\u017eit\u00ed? <\/b><\/p>\n<p> D\u00edky sv\u00e9 odolnosti proti korozi jsou ide\u00e1ln\u00ed pro venkovn\u00ed pou\u017eit\u00ed a odol\u00e1vaj\u00ed r\u016fzn\u00fdm pov\u011btrnostn\u00edm podm\u00ednk\u00e1m bez po\u0161kozen\u00ed.<br \/>\n<\/p><br \/>\n<br \/>\n<p><b>6.Jak p\u0159isp\u00edvaj\u00ed hlin\u00edkov\u00e9 profily z\u00e1bradl\u00ed k udr\u017eitelnosti? <\/b><\/p>\n<p> Hlin\u00edkov\u00e9 profily z\u00e1bradl\u00ed jsou pln\u011b recyklovateln\u00e9 a podporuj\u00ed ekologick\u00e9 stavebn\u00ed postupy t\u00edm, \u017ee sni\u017euj\u00ed mno\u017estv\u00ed odpadu a pot\u0159ebu prvotn\u00edch materi\u00e1l\u016f.<br \/>\n<\/p><br \/>\n<br \/>\n<p><b>7.Jakou \u00fadr\u017ebu vy\u017eaduj\u00ed hlin\u00edkov\u00e9 profily z\u00e1bradl\u00ed? <\/b><\/p>\n<p> \u00dadr\u017eba je minim\u00e1ln\u00ed; k udr\u017een\u00ed dobr\u00e9ho stavu hlin\u00edkov\u00fdch profil\u016f z\u00e1bradl\u00ed obvykle sta\u010d\u00ed pravideln\u00e9 \u010di\u0161t\u011bn\u00ed jemn\u00fdm \u010distic\u00edm prost\u0159edkem a vodou.<br \/>\n<\/p><br \/>\n<br \/>\n<p><b>8.Spl\u0148uj\u00ed hlin\u00edkov\u00e9 profily z\u00e1bradl\u00ed bezpe\u010dnostn\u00ed normy? <\/b><\/p>\n<p> Ano, hlin\u00edkov\u00e9 profily z\u00e1bradl\u00ed jsou navr\u017eeny tak, aby spl\u0148ovaly bezpe\u010dnostn\u00ed normy, jako jsou ADA a IBC, a zaji\u0161\u0165uj\u00ed tak vhodnost pro r\u016fzn\u00e9 instalace.<\/p>\n<p><\/p><br \/><\/p>","protected":false},"featured_media":7483,"template":"","categories":[67],"class_list":["post-7484","product","type-product","status-publish","has-post-thumbnail","hentry","category-architectural-aluminium-profile"],"meta_box":{"hilight_text_group":{"product_hilight_text":"<li>High-strength 6060 or 6063 aluminum alloy construction ensures durability and resistance to corrosion, making it ideal for both indoor and outdoor applications.<\/li>\r\r\n<li>Lightweight design facilitates easy handling and installation, reducing labor costs and time.<\/li>\r\r\n<li>Available in various profiles and finishes, including anodized and powder-coated options, to match diverse architectural styles and preferences.<\/li>\r\r\n<li>Customizable lengths and configurations accommodate a wide range of project specifications and design requirements.<\/li>\r\r\n<li>Low maintenance requirements, needing only periodic cleaning to maintain appearance and functionality.<\/li>\r\r\n<li>Environmentally friendly, as aluminum is 100% recyclable, supporting sustainable building practices.<\/li>\r\r\n<li>Compliance with safety standards such as ADA and IBC ensures suitability for residential, commercial, and public installations.<\/li>","product_chanpin_blog":"<ul>\r\r\n<li><a href=\"https:\/\/sinoextrud.com\/t-slot-v-slot-differences\/\" target=\"_blank\">t slot vs v slot<\/a><\/li>\r\r\n<li><a href=\"https:\/\/sinoextrud.com\/what-is-4040-aluminium-extrud\/\" target=\"_blank\">4040 aluminium extrusion<\/a><\/li>\r\r\n<li><a href=\"https:\/\/sinoextrud.com\/what-is-4040-aluminium-extrud\/\" target=\"_blank\">aluminum extrusions for industrial racks<\/a><\/li>\r\r\n<li><a href=\"https:\/\/sinoextrud.com\/powder-coating-aluminium-process\/\" target=\"_blank\">powder coating aluminium<\/a><\/li>\r\r\n<li><a href=\"https:\/\/sinoextrud.com\/what-is-an-aluminium-strip-ceiling\/\" target=\"_blank\">aluminium strip ceiling<\/a><\/li>\r\r\n<li><a href=\"https:\/\/sinoextrud.com\/what-is-a-heat-sink\/\" target=\"_blank\">what is a heat sink<\/a><\/li>\r\r\n<\/ul>","product_chanpin_chanpin":"<li><a href=\"https:\/\/sinoextrud.com\/product\/aluminium-window-frame-section\/\" target=\"_blank\">Aluminium Window Frame Section<\/a><\/li>\r\n<li><a href=\"https:\/\/sinoextrud.com\/product\/aluminum-cabinet-frame-extrusions\/\" target=\"_blank\">Aluminum Cabinet Frame Extrusions<\/a><\/li>\r\n<li><a href=\"https:\/\/sinoextrud.com\/product\/66-mm-aluminum-glass-railing-for-balcony-led-strip-u-channel-stair-railings\/\" target=\"_blank\">6+6 MM Aluminum Glass Railing For Balcony LED Strip U Channel Stair Railings<\/a><\/li>\r\n<li><a href=\"https:\/\/sinoextrud.com\/product\/aluminum-channel-for-plexiglass\/\" target=\"_blank\">Aluminum Channel For Plexiglass<\/a><\/li>\r\n<li><a href=\"https:\/\/sinoextrud.com\/product\/aluminium-handrail-profiles\/\" target=\"_blank\">Aluminium Handrail Profiles<\/a><\/li>\r\n<li><a href=\"https:\/\/sinoextrud.com\/product\/6063-slotted-aluminum-bar-extrusion-profiles\/\" target=\"_blank\">6063 Slotted Aluminum Bar Extrusion Profiles<\/a><\/li>\r\n<li><a href=\"https:\/\/sinoextrud.com\/product\/6063-t5-aluminum-extrusion-profile-for-windows-and-doors-and-curtain-walls\/\" target=\"_blank\">6063 T5 Aluminum Extrusion Profile for Windows and Doors and Curtain Walls<\/a><\/li>\r\n<li><a href=\"https:\/\/sinoextrud.com\/product\/6063-t5-oem-aluminum-profile-conner-angle-for-window-and-door-or-led-light-display\/\" target=\"_blank\">6063 T5 OEM Aluminum Profile Conner Angle For Window And Door Or Led Light Display<\/a><\/li>\r\n<li><a href=\"https:\/\/sinoextrud.com\/product\/80-x-80-aluminium-extrusion\/\" target=\"_blank\">80 X 80 Aluminium Extrusion<\/a><\/li>\r\n<li><a href=\"https:\/\/sinoextrud.com\/product\/aluminium-frame-extrusion-profile-picture-frame-profile-for-interior-decoration-supplied-by-china-manufacturer\/\" target=\"_blank\">Aluminium Frame Extrusion Profile Picture Frame Profile for Interior Decoration Supplied By China Manufacturer<\/a><\/li>\r\n<li><a href=\"https:\/\/sinoextrud.com\/product\/aluminium-seamless-pipe\/\" target=\"_blank\">Aluminium Seamless Pipe<\/a><\/li>"},"feature_list":[]},"_links":{"self":[{"href":"https:\/\/sinoextrud.com\/cs\/wp-json\/wp\/v2\/product\/7484","targetHints":{"allow":["GET"]}}],"collection":[{"href":"https:\/\/sinoextrud.com\/cs\/wp-json\/wp\/v2\/product"}],"about":[{"href":"https:\/\/sinoextrud.com\/cs\/wp-json\/wp\/v2\/types\/product"}],"wp:featuredmedia":[{"embeddable":true,"href":"https:\/\/sinoextrud.com\/cs\/wp-json\/wp\/v2\/media\/7483"}],"wp:attachment":[{"href":"https:\/\/sinoextrud.com\/cs\/wp-json\/wp\/v2\/media?parent=7484"}],"wp:term":[{"taxonomy":"category","embeddable":true,"href":"https:\/\/sinoextrud.com\/cs\/wp-json\/wp\/v2\/categories?post=7484"}],"curies":[{"name":"wp","href":"https:\/\/api.w.org\/{rel}","templated":true}]}}