{"id":7476,"date":"2025-06-07T08:23:45","date_gmt":"2025-06-07T08:23:45","guid":{"rendered":"https:\/\/sinoextrud.com\/product\/aluminium-window-frame-section\/"},"modified":"2025-06-24T06:12:55","modified_gmt":"2025-06-24T06:12:55","slug":"hlinikovy-profil-okenniho-ramu","status":"publish","type":"product","link":"https:\/\/sinoextrud.com\/cs\/product\/aluminium-window-frame-section\/","title":{"rendered":"Hlin\u00edkov\u00fd okenn\u00ed r\u00e1m"},"content":{"rendered":"<h2>Podrobnosti o produktech<\/h2>\n<table class=\"custom-table\">\n<tbody>\n<tr>\n<td> Model NO:<\/td>\n<td> 113 Hlin\u00edkov\u00fd okenn\u00ed r\u00e1m<\/td>\n<\/tr>\n<tr>\n<td> T\u0159\u00edda:<\/td>\n<td> \u0158ada 6000<\/td>\n<\/tr>\n<tr>\n<td> Technika:<\/td>\n<td> Extrudovan\u00e9 hlin\u00edkov\u00e9 profily<\/td>\n<\/tr>\n<tr>\n<td> M\u00edrnost:<\/td>\n<td> T3 - T8<\/td>\n<\/tr>\n<tr>\n<td> Velikosti:<\/td>\n<td> Mohlo by to b\u00fdt na zak\u00e1zku jako poskytnut\u00fd design<\/td>\n<\/tr>\n<tr>\n<td> Obr\u00e1b\u011bc\u00ed slu\u017eby:<\/td>\n<td> Vrt\u00e1n\u00ed, z\u00e1vitov\u00e1n\u00ed, n\u00fdtov\u00e1n\u00ed, mont\u00e1\u017e atd.<\/td>\n<\/tr>\n<tr>\n<td> Ochrann\u00e1 zn\u00e1mka:<\/td>\n<td> NEPOU\u017dIJE SE.<\/td>\n<\/tr>\n<tr>\n<td> P\u016fvod:<\/td>\n<td> Guangdong<\/td>\n<\/tr>\n<tr>\n<td> Typ:<\/td>\n<td> hlin\u00edkov\u00fd okenn\u00ed r\u00e1m<\/td>\n<\/tr>\n<tr>\n<td> Tvar:<\/td>\n<td> Vyrobeno podle n\u00e1vrhu klienta<\/td>\n<\/tr>\n<tr>\n<td> Povrchov\u00e1 \u00faprava:<\/td>\n<td> struktura d\u0159eva<\/td>\n<\/tr>\n<tr>\n<td> Slitina:<\/td>\n<td> Slitina<\/td>\n<\/tr>\n<tr>\n<td> Certifikace:<\/td>\n<td> ISO, RoHS<\/td>\n<\/tr>\n<tr>\n<td> D\u00e9lka:<\/td>\n<td> 5,8 m na d\u00e9lku<\/td>\n<\/tr>\n<tr>\n<td> Barvy:<\/td>\n<td> D\u0159ev\u011bn\u00e9 zrno<\/td>\n<\/tr>\n<tr>\n<td> K\u00f3d HS:<\/td>\n<td> 76042990<\/td>\n<\/tr>\n<\/tbody>\n<\/table>\n<h2>Na\u0161e v\u00fdrobn\u00ed z\u00e1kladna<\/h2>\n<h3>Panorama tov\u00e1rny<\/h3>\n<p><img decoding=\"async\" src=\"\/wp-content\/uploads\/factory-01.webp\"\/><\/p>\n<h3>D\u00edlna na v\u00fdrobu hlin\u00edkov\u00fdch ty\u010d\u00ed<\/h3>\n<p><img decoding=\"async\" src=\"\/wp-content\/uploads\/factory-02.webp\"\/><\/p>\n<p><img decoding=\"async\" src=\"\/wp-content\/uploads\/factory-03.webp\"\/><\/p>\n<h3>Sklad pl\u00edsn\u00ed<\/h3>\n<p><img decoding=\"async\" src=\"\/wp-content\/uploads\/factory-04.webp\"\/><\/p>\n<h3>43 linek na vytla\u010dov\u00e1n\u00ed hlin\u00edku (500 - 5500 tun)<\/h3>\n<p><img decoding=\"async\" src=\"\/wp-content\/uploads\/factory-05.webp\"\/><\/p>\n<p><img decoding=\"async\" src=\"\/wp-content\/uploads\/factory-06.webp\"\/><\/p>\n<p><img decoding=\"async\" src=\"\/wp-content\/uploads\/factory-07.webp\"\/><\/p>\n<h3>D\u00edlna pr\u00e1\u0161kov\u00e9ho lakov\u00e1n\u00ed<\/h3>\n<p><img decoding=\"async\" src=\"\/wp-content\/uploads\/factory-09.webp\"\/><\/p>\n<h3>D\u00edlna eloxov\u00e1n\u00ed<\/h3>\n<p><img decoding=\"async\" src=\"\/wp-content\/uploads\/factory-10.webp\"\/><\/p>\n<h3>Workshop o hloubkov\u00e9m zpracov\u00e1n\u00ed<\/h3>\n<p><img decoding=\"async\" src=\"\/wp-content\/uploads\/factory-11.webp\"\/><\/p>\n<h3>D\u00edlna CNC p\u0159esn\u00e9ho obr\u00e1b\u011bn\u00ed<\/h3>\n<p><img decoding=\"async\" src=\"\/wp-content\/uploads\/factory-11.5.webp\"\/><\/p>\n<h3>Sklad hotov\u00fdch v\u00fdrobk\u016f a exportn\u00ed sklad<\/h3>\n<p><img decoding=\"async\" src=\"\/wp-content\/uploads\/factory-12.webp\"\/><\/p>\n<p><img decoding=\"async\" src=\"\/wp-content\/uploads\/factory-13.webp\"\/><\/p>\n<p><img decoding=\"async\" src=\"\/wp-content\/uploads\/factory-14.webp\"\/><\/p>\n<h2>\u010cASTO KLADEN\u00c9 DOTAZY<\/h2>\n<p><p><b>1.Co jsou hlin\u00edkov\u00e9 okenn\u00ed r\u00e1my? <\/b><\/p>\n<p> Hlin\u00edkov\u00e9 profily okenn\u00edch r\u00e1m\u016f jsou extrudovan\u00e9 profily pou\u017e\u00edvan\u00e9 ke konstrukci okenn\u00edch r\u00e1m\u016f, kter\u00e9 nab\u00edzej\u00ed pevnost, trvanlivost a konstruk\u010dn\u00ed flexibilitu pro r\u016fzn\u00e9 architektonick\u00e9 aplikace.<br \/>\n<\/p><br \/>\n<br \/>\n<p><b>2.Pro\u010d zvolit hlin\u00edk pro okenn\u00ed r\u00e1my? <\/b><\/p>\n<p> Hlin\u00edk m\u00e1 vysok\u00fd pom\u011br pevnosti a hmotnosti, odolnost proti korozi a nen\u00e1ro\u010dnou \u00fadr\u017ebu, co\u017e z n\u011bj \u010din\u00ed ide\u00e1ln\u00ed materi\u00e1l pro odoln\u00e9 a estetick\u00e9 okenn\u00ed r\u00e1my.<br \/>\n<\/p><br \/>\n<br \/>\n<p><b>3.Jak tepeln\u00e9 p\u0159est\u00e1vky vylep\u0161uj\u00ed hlin\u00edkov\u00e9 okenn\u00ed r\u00e1my? <\/b><\/p>\n<p> Tepeln\u00e9 mezery jsou izola\u010dn\u00ed bari\u00e9ry v hlin\u00edkov\u00fdch r\u00e1mech, kter\u00e9 sni\u017euj\u00ed prostup tepla a zlep\u0161uj\u00ed energetickou \u00fa\u010dinnost a vnit\u0159n\u00ed komfort.<br \/>\n<\/p><br \/>\n<br \/>\n<p><b>4.Lze hlin\u00edkov\u00e9 okenn\u00ed r\u00e1my upravit na m\u00edru? <\/b><\/p>\n<p> Ano, hlin\u00edkov\u00e9 okenn\u00ed r\u00e1my lze p\u0159izp\u016fsobit z hlediska tvaru, velikosti a povrchov\u00e9 \u00fapravy, v\u010detn\u011b mo\u017enost\u00ed, jako je eloxov\u00e1n\u00ed a pr\u00e1\u0161kov\u00e9 lakov\u00e1n\u00ed, aby spl\u0148ovaly specifick\u00e9 po\u017eadavky na design.<br \/>\n<\/p><br \/>\n<br \/>\n<p><b>5.Jsou hlin\u00edkov\u00e9 okenn\u00ed r\u00e1my vhodn\u00e9 pro pob\u0159e\u017en\u00ed oblasti? <\/b><\/p>\n<p> Hlin\u00edk je d\u00edky sv\u00e9 odolnosti proti korozi vhodn\u00fd pro pob\u0159e\u017en\u00ed prost\u0159ed\u00ed, zejm\u00e9na pokud je o\u0161et\u0159en vhodn\u00fdmi povrchov\u00fdmi \u00fapravami.<br \/>\n<\/p><br \/>\n<br \/>\n<p><b>6.Jakou \u00fadr\u017ebu vy\u017eaduj\u00ed hlin\u00edkov\u00e9 okenn\u00ed r\u00e1my? <\/b><\/p>\n<p> \u00dadr\u017eba je minim\u00e1ln\u00ed; k udr\u017een\u00ed hlin\u00edkov\u00fdch okenn\u00edch r\u00e1m\u016f v dobr\u00e9m stavu obvykle sta\u010d\u00ed pravideln\u00e9 \u010di\u0161t\u011bn\u00ed jemn\u00fdm \u010distic\u00edm prost\u0159edkem a vodou.<br \/>\n<\/p><br \/>\n<br \/>\n<p><b>7.Jsou hlin\u00edkov\u00e9 okenn\u00ed r\u00e1my \u0161etrn\u00e9 k \u017eivotn\u00edmu prost\u0159ed\u00ed? <\/b><\/p>\n<p> Ano, hlin\u00edk je pln\u011b recyklovateln\u00fd a jeho trvanlivost sni\u017euje pot\u0159ebu \u010dast\u00e9 v\u00fdm\u011bny, co\u017e podporuje udr\u017eiteln\u00e9 stavebn\u00ed postupy.<br \/>\n<\/p><br \/>\n<br \/>\n<p><b>8.Jak dlouho vydr\u017e\u00ed hlin\u00edkov\u00e9 okenn\u00ed r\u00e1my? <\/b><\/p>\n<p> P\u0159i spr\u00e1vn\u00e9 \u00fadr\u017eb\u011b mohou hlin\u00edkov\u00e9 okenn\u00ed r\u00e1my vydr\u017eet 30 a\u017e 50 let a nab\u00edzej\u00ed dlouhodob\u00fd v\u00fdkon a hodnotu.<\/p>\n<p><\/p><br \/><\/p>","protected":false},"featured_media":7475,"template":"","categories":[67],"class_list":["post-7476","product","type-product","status-publish","has-post-thumbnail","hentry","category-architectural-aluminium-profile"],"meta_box":{"hilight_text_group":{"product_hilight_text":"<li>High structural strength allows for slim profiles, enabling larger glass areas and maximizing natural light.<\/li>\r\r\n<li>Excellent thermal performance when combined with thermal breaks, enhancing energy efficiency in buildings.<\/li>\r\r\n<li>Superior corrosion resistance ensures durability and longevity, even in harsh environmental conditions.<\/li>\r\r\n<li>Design flexibility allows for various shapes and sizes, accommodating diverse architectural styles.<\/li>\r\r\n<li>Low maintenance requirements, needing only periodic cleaning to maintain appearance and functionality.<\/li>\r\r\n<li>Available in a wide range of finishes and colors, including anodized and powder-coated options, to match aesthetic preferences.<\/li>\r\r\n<li>Eco-friendly material, being 100% recyclable, contributing to sustainable building practices.<\/li>","product_chanpin_blog":"<ul>\r\r\n<li><a href=\"https:\/\/sinoextrud.com\/t-slot-v-slot-differences\/\" target=\"_blank\">t slot vs v slot<\/a><\/li>\r\r\n<li><a href=\"https:\/\/sinoextrud.com\/what-is-4040-aluminium-extrud\/\" target=\"_blank\">4040 aluminium extrusion<\/a><\/li>\r\r\n<li><a href=\"https:\/\/sinoextrud.com\/what-is-4040-aluminium-extrud\/\" target=\"_blank\">aluminum extrusions for industrial racks<\/a><\/li>\r\r\n<li><a href=\"https:\/\/sinoextrud.com\/powder-coating-aluminium-process\/\" target=\"_blank\">powder coating aluminium<\/a><\/li>\r\r\n<li><a href=\"https:\/\/sinoextrud.com\/what-is-an-aluminium-strip-ceiling\/\" target=\"_blank\">aluminium strip ceiling<\/a><\/li>\r\r\n<li><a href=\"https:\/\/sinoextrud.com\/what-is-a-heat-sink\/\" target=\"_blank\">what is a heat sink<\/a><\/li>\r\r\n<\/ul>","product_chanpin_chanpin":"<li><a href=\"https:\/\/sinoextrud.com\/product\/standard-aluminium-sections-for-partition\/\" target=\"_blank\">Standard Aluminium Sections For Partition<\/a><\/li>\r\n<li><a href=\"https:\/\/sinoextrud.com\/product\/c-section-aluminium-extrusion\/\" target=\"_blank\">C Section Aluminium Extrusion<\/a><\/li>\r\n<li><a href=\"https:\/\/sinoextrud.com\/product\/aluminum-sliding-door-track\/\" target=\"_blank\">Aluminum Sliding Door Track<\/a><\/li>\r\n<li><a href=\"https:\/\/sinoextrud.com\/product\/aluminum-handrail-extrusions\/\" target=\"_blank\">Aluminum Handrail Extrusions<\/a><\/li>\r\n<li><a href=\"https:\/\/sinoextrud.com\/product\/aluminium-window-frame-section\/\" target=\"_blank\">Aluminium Window Frame Section<\/a><\/li>\r\n<li><a href=\"https:\/\/sinoextrud.com\/product\/aluminum-cabinet-frame-extrusions\/\" target=\"_blank\">Aluminum Cabinet Frame Extrusions<\/a><\/li>\r\n<li><a href=\"https:\/\/sinoextrud.com\/product\/66-mm-aluminum-glass-railing-for-balcony-led-strip-u-channel-stair-railings\/\" target=\"_blank\">6+6 MM Aluminum Glass Railing For Balcony LED Strip U Channel Stair Railings<\/a><\/li>\r\n<li><a href=\"https:\/\/sinoextrud.com\/product\/aluminum-channel-for-plexiglass\/\" target=\"_blank\">Aluminum Channel For Plexiglass<\/a><\/li>\r\n<li><a href=\"https:\/\/sinoextrud.com\/product\/aluminium-handrail-profiles\/\" target=\"_blank\">Aluminium Handrail Profiles<\/a><\/li>\r\n<li><a href=\"https:\/\/sinoextrud.com\/product\/golden-electrophoresis-aluminum-profile\/\" target=\"_blank\">Golden Electrophoresis Aluminum Profile<\/a><\/li>\r\n<li><a href=\"https:\/\/sinoextrud.com\/product\/powder-coating-decorative-aluminum-railing\/\" target=\"_blank\">Powder Coating Decorative Aluminum Railing<\/a><\/li>"},"feature_list":[]},"_links":{"self":[{"href":"https:\/\/sinoextrud.com\/cs\/wp-json\/wp\/v2\/product\/7476","targetHints":{"allow":["GET"]}}],"collection":[{"href":"https:\/\/sinoextrud.com\/cs\/wp-json\/wp\/v2\/product"}],"about":[{"href":"https:\/\/sinoextrud.com\/cs\/wp-json\/wp\/v2\/types\/product"}],"wp:featuredmedia":[{"embeddable":true,"href":"https:\/\/sinoextrud.com\/cs\/wp-json\/wp\/v2\/media\/7475"}],"wp:attachment":[{"href":"https:\/\/sinoextrud.com\/cs\/wp-json\/wp\/v2\/media?parent=7476"}],"wp:term":[{"taxonomy":"category","embeddable":true,"href":"https:\/\/sinoextrud.com\/cs\/wp-json\/wp\/v2\/categories?post=7476"}],"curies":[{"name":"wp","href":"https:\/\/api.w.org\/{rel}","templated":true}]}}