{"id":7474,"date":"2025-06-07T08:21:30","date_gmt":"2025-06-07T08:21:30","guid":{"rendered":"https:\/\/sinoextrud.com\/product\/aluminum-handrail-extrusions\/"},"modified":"2025-06-24T06:12:55","modified_gmt":"2025-06-24T06:12:55","slug":"hlinikove-vylisky-zabradli","status":"publish","type":"product","link":"https:\/\/sinoextrud.com\/cs\/product\/aluminum-handrail-extrusions\/","title":{"rendered":"Hlin\u00edkov\u00e9 v\u00fdlisky z\u00e1bradl\u00ed"},"content":{"rendered":"<h2>Podrobnosti o produktech<\/h2>\n<table class=\"custom-table\">\n<tr>\n<td class=\"label\">N\u00e1zev produktu<\/td>\n<td>Hlin\u00edkov\u00e9 v\u00fdlisky z\u00e1bradl\u00ed<\/td>\n<\/tr>\n<tr>\n<td class=\"label\">Materi\u00e1l<\/td>\n<td>Hlin\u00edkov\u00e1 slitina 6063 nebo 6061<\/td>\n<\/tr>\n<tr>\n<td class=\"label\">Povrchov\u00e1 \u00faprava<\/td>\n<td>D\u0159ev\u011bn\u00e9 zrno, eloxovan\u00e9, pr\u00e1\u0161kov\u00e9 lakov\u00e1n\u00ed, elektrofor\u00e9za, PVDF, p\u00edskovan\u00e9 atd.<\/td>\n<\/tr>\n<tr>\n<td class=\"label\">D\u00e9lka<\/td>\n<td>Pravideln\u00e1 d\u00e9lka 1-9M, dal\u0161\u00ed p\u0159izp\u016fsoben\u00e9 d\u00e9lky k dispozici.<\/td>\n<\/tr>\n<tr>\n<td class=\"label\">Pou\u017eit\u00ed<\/td>\n<td>Schodi\u0161\u0165ov\u00e9 z\u00e1bradl\u00ed, balkonov\u00e9 z\u00e1bradl\u00ed, z\u00e1bradl\u00ed na dvo\u0159e.<\/td>\n<\/tr>\n<tr>\n<td class=\"label\">Kontrola kvality<\/td>\n<td>Tov\u00e1rna QC kontrolovat jeden po druh\u00e9m.Z\u00e1kazn\u00edk m\u016f\u017ee p\u0159ij\u00edt do tov\u00e1rny na kontrolu p\u0159ed odesl\u00e1n\u00edm.<\/td>\n<\/tr>\n<tr>\n<td class=\"label\">Certifikace<\/td>\n<td>ISO9001, ISO4001, CQM, SGS, CE, BV, JIS, AS, NZS, QUALICOAT, QUOLANOD<\/td>\n<\/tr>\n<tr>\n<td class=\"label\">MOQ<\/td>\n<td>200 kg pro ka\u017edou polo\u017eku<\/td>\n<\/tr>\n<tr>\n<td class=\"label\">Doba realizace<\/td>\n<td>Otev\u0159en\u00ed lisu a testov\u00e1n\u00ed vzork\u016f: 12-18 dn\u00ed<br \/>\nHromadn\u00e1 v\u00fdroba: 25-30 dn\u00ed<\/td>\n<\/tr>\n<tr>\n<td class=\"label\">Podrobnosti o balen\u00ed<\/td>\n<td>(1) Uvnit\u0159: Baleno s plastovou ochrannou f\u00f3li\u00ed, kter\u00e1 zaji\u0161\u0165uje dobr\u00fd povrch.<br \/>\n(2) Venku: Ka\u017ed\u00fd svazek je zabalen v nepromokav\u00e9m \u0159emesln\u00e9m pap\u00edru.<\/td>\n<\/tr>\n<tr>\n<td class=\"label\">Slu\u017eba<\/td>\n<td>OEM &amp; ODM slu\u017eba p\u0159ijata<\/td>\n<\/tr>\n<tr>\n<td class=\"label\">Term\u00edn platby<\/td>\n<td>L\/C T\/T (30% Deposit), z\u016fstatek p\u0159ed nalo\u017een\u00edm.<\/td>\n<\/tr>\n<tr>\n<td class=\"label\">Term\u00edn dod\u00e1n\u00ed<\/td>\n<td>FOB, EXW nebo jin\u00e9 vyjednateln\u00e9 podm\u00ednky<\/td>\n<\/tr>\n<tr>\n<td class=\"label\">P\u016fvod<\/td>\n<td>Guangdong, \u010c\u00edna<\/td>\n<\/tr>\n<tr>\n<td class=\"label\">P\u0159\u00edstav nakl\u00e1dky<\/td>\n<td>Foshan\/Guangzhou\/Shenzhen<\/td>\n<\/tr>\n<\/table>\n<h2>Na\u0161e v\u00fdrobn\u00ed z\u00e1kladna<\/h2>\n<h3>Panorama tov\u00e1rny<\/h3>\n<p><img decoding=\"async\" src=\"\/wp-content\/uploads\/factory-01.webp\"\/><\/p>\n<h3>D\u00edlna na v\u00fdrobu hlin\u00edkov\u00fdch ty\u010d\u00ed<\/h3>\n<p><img decoding=\"async\" src=\"\/wp-content\/uploads\/factory-02.webp\"\/><\/p>\n<\/p>\n<p><img decoding=\"async\" src=\"\/wp-content\/uploads\/factory-03.webp\"\/><\/p>\n<h3>Sklad pl\u00edsn\u00ed<\/h3>\n<p><img decoding=\"async\" src=\"\/wp-content\/uploads\/factory-04.webp\"\/><\/p>\n<h3>43 linek na vytla\u010dov\u00e1n\u00ed hlin\u00edku (500 - 5500 tun)<\/h3>\n<p><img decoding=\"async\" src=\"\/wp-content\/uploads\/factory-05.webp\"\/><\/p>\n<p><img decoding=\"async\" src=\"\/wp-content\/uploads\/factory-06.webp\"\/><\/p>\n<p><img decoding=\"async\" src=\"\/wp-content\/uploads\/factory-07.webp\"\/><\/p>\n<h3>D\u00edlna pr\u00e1\u0161kov\u00e9ho lakov\u00e1n\u00ed<\/h3>\n<p><img decoding=\"async\" src=\"\/wp-content\/uploads\/factory-09.webp\"\/><\/p>\n<h3>D\u00edlna eloxov\u00e1n\u00ed<\/h3>\n<p><img decoding=\"async\" src=\"\/wp-content\/uploads\/factory-10.webp\"\/><\/p>\n<h3>Workshop o hloubkov\u00e9m zpracov\u00e1n\u00ed<\/h3>\n<p><img decoding=\"async\" src=\"\/wp-content\/uploads\/factory-11.webp\"\/><\/p>\n<h3>D\u00edlna CNC p\u0159esn\u00e9ho obr\u00e1b\u011bn\u00ed<\/h3>\n<p><img decoding=\"async\" src=\"\/wp-content\/uploads\/factory-11.5.webp\"\/><\/p>\n<h3>Sklad hotov\u00fdch v\u00fdrobk\u016f a exportn\u00ed sklad<\/h3>\n<p><img decoding=\"async\" src=\"\/wp-content\/uploads\/factory-12.webp\"\/><\/p>\n<p><img decoding=\"async\" src=\"\/wp-content\/uploads\/factory-13.webp\"\/><\/p>\n<p><img decoding=\"async\" src=\"\/wp-content\/uploads\/factory-14.webp\"\/><\/p>\n<h2>\u010cASTO KLADEN\u00c9 DOTAZY<\/h2>\n<p><b>1.Co jsou extrudovan\u00e1 hlin\u00edkov\u00e1 madla? <\/b><\/p>\n<p> Extrudovan\u00e1 hlin\u00edkov\u00e1 z\u00e1bradl\u00ed jsou konstruk\u010dn\u00ed prvky vytvo\u0159en\u00e9 protla\u010dov\u00e1n\u00edm hlin\u00edku lisovac\u00edm lisem za \u00fa\u010delem vytvo\u0159en\u00ed specifick\u00e9ho pr\u016f\u0159ezu, kter\u00e9 se b\u011b\u017en\u011b pou\u017e\u00edvaj\u00ed pro bezpe\u010dnost a podporu v r\u016fzn\u00fdch stavebn\u00edch aplikac\u00edch.\n<\/p>\n<p><\/p>\n<p><b>2.Pro\u010d zvolit extrudovan\u00fd hlin\u00edk pro z\u00e1bradl\u00ed? <\/b><\/p>\n<p> Extrudovan\u00fd hlin\u00edk nab\u00edz\u00ed kombinaci pevnosti, n\u00edzk\u00e9 hmotnosti, odolnosti proti korozi a v\u0161estrannosti designu, tak\u017ee je ide\u00e1ln\u00ed pro pou\u017eit\u00ed z\u00e1bradl\u00ed v obytn\u00fdch i komer\u010dn\u00edch prostor\u00e1ch.\n<\/p>\n<p><\/p>\n<p><b>3.Jak odoln\u00e1 jsou extrudovan\u00e1 hlin\u00edkov\u00e1 z\u00e1bradl\u00ed? <\/b><\/p>\n<p> Tato z\u00e1bradl\u00ed jsou vysoce odoln\u00e1, odol\u00e1vaj\u00ed korozi, rzi a opot\u0159eben\u00ed vlivem okoln\u00edho prost\u0159ed\u00ed a zaji\u0161\u0165uj\u00ed dlouhotrvaj\u00edc\u00ed v\u00fdkon p\u0159i minim\u00e1ln\u00ed \u00fadr\u017eb\u011b.\n<\/p>\n<p><\/p>\n<p><b>4.Can extrudovan\u00e9 hlin\u00edkov\u00e9 z\u00e1bradl\u00ed b\u00fdt p\u0159izp\u016fsoben? <\/b><\/p>\n<p> Ano, lze je p\u0159izp\u016fsobit z hlediska tvaru, velikosti a povrchov\u00e9 \u00fapravy, v\u010detn\u011b mo\u017enost\u00ed, jako je eloxov\u00e1n\u00ed a pr\u00e1\u0161kov\u00e9 lakov\u00e1n\u00ed, aby spl\u0148ovaly specifick\u00e9 po\u017eadavky na design a funk\u010dnost.\n<\/p>\n<p><\/p>\n<p><b>5.Jsou extrudovan\u00e1 hlin\u00edkov\u00e1 madla vhodn\u00e1 pro venkovn\u00ed pou\u017eit\u00ed? <\/b><\/p>\n<p> D\u00edky sv\u00e9 odolnosti proti korozi jsou ide\u00e1ln\u00ed pro venkovn\u00ed pou\u017eit\u00ed a odol\u00e1vaj\u00ed r\u016fzn\u00fdm pov\u011btrnostn\u00edm podm\u00ednk\u00e1m bez po\u0161kozen\u00ed.\n<\/p>\n<p><\/p>\n<p><b>6.Jakou \u00fadr\u017ebu vy\u017eaduj\u00ed z\u00e1bradl\u00ed z extrudovan\u00e9ho hlin\u00edku? <\/b><\/p>\n<p> \u00dadr\u017eba je minim\u00e1ln\u00ed; k udr\u017een\u00ed dobr\u00e9ho vzhledu a funk\u010dnosti obvykle sta\u010d\u00ed pravideln\u00e9 \u010di\u0161t\u011bn\u00ed jemn\u00fdm m\u00fddlem a vodou.\n<\/p>\n<p><\/p>\n<p><b>7.Jak p\u0159isp\u00edvaj\u00ed extrudovan\u00e1 hlin\u00edkov\u00e1 madla k udr\u017eitelnosti? <\/b><\/p>\n<p> Hlin\u00edkov\u00e1 z\u00e1bradl\u00ed jsou pln\u011b recyklovateln\u00e1 a podporuj\u00ed ekologick\u00e9 stavebn\u00ed postupy t\u00edm, \u017ee sni\u017euj\u00ed mno\u017estv\u00ed odpadu a pot\u0159ebu prvotn\u00edch materi\u00e1l\u016f.\n<\/p>\n<p><\/p>\n<p><b>8.Jsou extrudovan\u00e1 hlin\u00edkov\u00e1 z\u00e1bradl\u00ed cenov\u011b v\u00fdhodn\u00e1? <\/b><\/p>\n<p> Ano, jejich trvanlivost a n\u00edzk\u00e9 n\u00e1roky na \u00fadr\u017ebu vedou k dlouhodob\u00fdm \u00faspor\u00e1m n\u00e1klad\u016f ve srovn\u00e1n\u00ed s jin\u00fdmi materi\u00e1ly, kter\u00e9 mohou vy\u017eadovat \u010dast\u00e9 opravy nebo v\u00fdm\u011bny.<\/p>\n<p><\/p>","protected":false},"featured_media":7473,"template":"","categories":[67],"class_list":["post-7474","product","type-product","status-publish","has-post-thumbnail","hentry","category-architectural-aluminium-profile"],"meta_box":{"hilight_text_group":{"product_hilight_text":"<li>Extruded aluminum handrails offer exceptional durability, resisting rust, corrosion, and warping, ensuring long-term structural integrity in various environments.<\/li>\r\r\n<li>Lightweight design facilitates easy handling and installation, reducing labor costs and construction time.<\/li>\r\r\n<li>High strength-to-weight ratio provides robust support without adding excessive weight to structures.<\/li>\r\r\n<li>Design flexibility allows for customization in shapes, sizes, and finishes to meet specific architectural requirements.<\/li>\r\r\n<li>Low maintenance requirements, needing only occasional cleaning to maintain appearance and functionality.<\/li>\r\r\n<li>Eco-friendly material, being 100% recyclable, contributing to sustainable building practices.<\/li>\r\r\n<li>Cost-effective solution due to longevity and minimal upkeep, offering long-term savings over alternative materials.<\/li>","product_chanpin_blog":"<ul>\r\r\n<li><a href=\"https:\/\/sinoextrud.com\/t-slot-v-slot-differences\/\" target=\"_blank\">t slot vs v slot<\/a><\/li>\r\r\n<li><a href=\"https:\/\/sinoextrud.com\/what-is-4040-aluminium-extrud\/\" target=\"_blank\">4040 aluminium extrusion<\/a><\/li>\r\r\n<li><a href=\"https:\/\/sinoextrud.com\/what-is-4040-aluminium-extrud\/\" target=\"_blank\">aluminum extrusions for industrial racks<\/a><\/li>\r\r\n<li><a href=\"https:\/\/sinoextrud.com\/powder-coating-aluminium-process\/\" target=\"_blank\">powder coating aluminium<\/a><\/li>\r\r\n<li><a href=\"https:\/\/sinoextrud.com\/what-is-an-aluminium-strip-ceiling\/\" target=\"_blank\">aluminium strip ceiling<\/a><\/li>\r\r\n<li><a href=\"https:\/\/sinoextrud.com\/what-is-a-heat-sink\/\" target=\"_blank\">what is a heat sink<\/a><\/li>\r\r\n<\/ul>","product_chanpin_chanpin":"<li><a href=\"https:\/\/sinoextrud.com\/product\/l-shaped-aluminum-trim\/\" target=\"_blank\">L Shaped Aluminum Trim<\/a><\/li>\r\n<li><a href=\"https:\/\/sinoextrud.com\/product\/standard-aluminium-sections-for-partition\/\" target=\"_blank\">Standard Aluminium Sections For Partition<\/a><\/li>\r\n<li><a href=\"https:\/\/sinoextrud.com\/product\/c-section-aluminium-extrusion\/\" target=\"_blank\">C Section Aluminium Extrusion<\/a><\/li>\r\n<li><a href=\"https:\/\/sinoextrud.com\/product\/aluminum-sliding-door-track\/\" target=\"_blank\">Aluminum Sliding Door Track<\/a><\/li>\r\n<li><a href=\"https:\/\/sinoextrud.com\/product\/aluminum-handrail-extrusions\/\" target=\"_blank\">Aluminum Handrail Extrusions<\/a><\/li>\r\n<li><a href=\"https:\/\/sinoextrud.com\/product\/aluminium-window-frame-section\/\" target=\"_blank\">Aluminium Window Frame Section<\/a><\/li>\r\n<li><a href=\"https:\/\/sinoextrud.com\/product\/aluminum-cabinet-frame-extrusions\/\" target=\"_blank\">Aluminum Cabinet Frame Extrusions<\/a><\/li>\r\n<li><a href=\"https:\/\/sinoextrud.com\/product\/66-mm-aluminum-glass-railing-for-balcony-led-strip-u-channel-stair-railings\/\" target=\"_blank\">6+6 MM Aluminum Glass Railing For Balcony LED Strip U Channel Stair Railings<\/a><\/li>\r\n<li><a href=\"https:\/\/sinoextrud.com\/product\/aluminum-channel-for-plexiglass\/\" target=\"_blank\">Aluminum Channel For Plexiglass<\/a><\/li>\r\n<li><a href=\"https:\/\/sinoextrud.com\/product\/linear-rail-aluminium-extrusion\/\" target=\"_blank\">Linear Rail Aluminium Extrusion<\/a><\/li>\r\n<li><a href=\"https:\/\/sinoextrud.com\/product\/aluminum-profile-for-tent\/\" target=\"_blank\">Aluminum profile for tent<\/a><\/li>"},"feature_list":[]},"_links":{"self":[{"href":"https:\/\/sinoextrud.com\/cs\/wp-json\/wp\/v2\/product\/7474","targetHints":{"allow":["GET"]}}],"collection":[{"href":"https:\/\/sinoextrud.com\/cs\/wp-json\/wp\/v2\/product"}],"about":[{"href":"https:\/\/sinoextrud.com\/cs\/wp-json\/wp\/v2\/types\/product"}],"wp:featuredmedia":[{"embeddable":true,"href":"https:\/\/sinoextrud.com\/cs\/wp-json\/wp\/v2\/media\/7473"}],"wp:attachment":[{"href":"https:\/\/sinoextrud.com\/cs\/wp-json\/wp\/v2\/media?parent=7474"}],"wp:term":[{"taxonomy":"category","embeddable":true,"href":"https:\/\/sinoextrud.com\/cs\/wp-json\/wp\/v2\/categories?post=7474"}],"curies":[{"name":"wp","href":"https:\/\/api.w.org\/{rel}","templated":true}]}}