{"id":7458,"date":"2025-06-07T07:49:11","date_gmt":"2025-06-07T07:49:11","guid":{"rendered":"https:\/\/sinoextrud.com\/product\/coated-treatment-aluminium-extrusion\/"},"modified":"2025-06-24T06:12:52","modified_gmt":"2025-06-24T06:12:52","slug":"povrchova-uprava-hlinikovych-vylisku","status":"publish","type":"product","link":"https:\/\/sinoextrud.com\/cs\/product\/coated-treatment-aluminium-extrusion\/","title":{"rendered":"Povrstven\u00e9 zpracov\u00e1n\u00ed hlin\u00edku Vytla\u010dov\u00e1n\u00ed"},"content":{"rendered":"<h2>Podrobnosti o produktech<\/h2>\n<table class=\"custom-table\">\n<tr>\n<td class=\"label\">N\u00e1zev<\/td>\n<td>Povrstven\u00e9 zpracov\u00e1n\u00ed hlin\u00edku Vytla\u010dov\u00e1n\u00ed<\/td>\n<\/tr>\n<\/table>\n<h2>Na\u0161e v\u00fdrobn\u00ed z\u00e1kladna<\/h2>\n<h3>Panorama tov\u00e1rny<\/h3>\n<p><img decoding=\"async\" src=\"\/wp-content\/uploads\/factory-01.webp\"\/><\/p>\n<h3>D\u00edlna na v\u00fdrobu hlin\u00edkov\u00fdch ty\u010d\u00ed<\/h3>\n<p><img decoding=\"async\" src=\"\/wp-content\/uploads\/factory-02.webp\"\/><\/p>\n<p><img decoding=\"async\" src=\"\/wp-content\/uploads\/factory-03.webp\"\/><\/p>\n<h3>Sklad pl\u00edsn\u00ed<\/h3>\n<p><img decoding=\"async\" src=\"\/wp-content\/uploads\/factory-04.webp\"\/><\/p>\n<h3>43 linek na vytla\u010dov\u00e1n\u00ed hlin\u00edku (500 - 5500 tun)<\/h3>\n<p><img decoding=\"async\" src=\"\/wp-content\/uploads\/factory-05.webp\"\/><\/p>\n<p><img decoding=\"async\" src=\"\/wp-content\/uploads\/factory-06.webp\"\/><\/p>\n<p><img decoding=\"async\" src=\"\/wp-content\/uploads\/factory-07.webp\"\/><\/p>\n<h3>D\u00edlna pr\u00e1\u0161kov\u00e9ho lakov\u00e1n\u00ed<\/h3>\n<p><img decoding=\"async\" src=\"\/wp-content\/uploads\/factory-09.webp\"\/><\/p>\n<h3>D\u00edlna eloxov\u00e1n\u00ed<\/h3>\n<p><img decoding=\"async\" src=\"\/wp-content\/uploads\/factory-10.webp\"\/><\/p>\n<h3>Workshop o hloubkov\u00e9m zpracov\u00e1n\u00ed<\/h3>\n<p><img decoding=\"async\" src=\"\/wp-content\/uploads\/factory-11.webp\"\/><\/p>\n<h3>D\u00edlna CNC p\u0159esn\u00e9ho obr\u00e1b\u011bn\u00ed<\/h3>\n<p><img decoding=\"async\" src=\"\/wp-content\/uploads\/factory-11.5.webp\"\/><\/p>\n<h3>Sklad hotov\u00fdch v\u00fdrobk\u016f a exportn\u00ed sklad<\/h3>\n<p><img decoding=\"async\" src=\"\/wp-content\/uploads\/factory-12.webp\"\/><\/p>\n<p><img decoding=\"async\" src=\"\/wp-content\/uploads\/factory-13.webp\"\/><\/p>\n<p><img decoding=\"async\" src=\"\/wp-content\/uploads\/factory-14.webp\"\/><\/p>\n<h2>\u010cASTO KLADEN\u00c9 DOTAZY<\/h2>\n<p><p><b>1.Co je potahovan\u00e1 hlin\u00edkov\u00e1 extruze? <\/b><\/p>\n<p> Hlin\u00edkov\u00e9 v\u00fdlisky s povrchovou \u00fapravou se vztahuj\u00ed k hlin\u00edkov\u00fdm profil\u016fm, kter\u00e9 jsou povrchov\u011b upraveny, nap\u0159\u00edklad pr\u00e1\u0161kov\u00fdm lakov\u00e1n\u00edm nebo eloxov\u00e1n\u00edm, aby se zlep\u0161il jejich vzhled, trvanlivost a odolnost v\u016f\u010di vn\u011bj\u0161\u00edm faktor\u016fm.<br \/>\n<\/p><br \/>\n<br \/>\n<p><b>2.Pro\u010d je hlin\u00edkov\u00fd v\u00fdlisek s povlakem odoln\u011bj\u0161\u00ed? <\/b><\/p>\n<p> Povrchov\u00e1 \u00faprava p\u0159id\u00e1v\u00e1 dal\u0161\u00ed vrstvu ochrany, zvy\u0161uje odolnost proti korozi, po\u0161kr\u00e1b\u00e1n\u00ed a po\u0161kozen\u00ed UV z\u00e1\u0159en\u00edm a zaji\u0161\u0165uje del\u0161\u00ed \u017eivotnost v\u00fdlisk\u016f v r\u016fzn\u00fdch prost\u0159ed\u00edch.<br \/>\n<\/p><br \/>\n<br \/>\n<p><b>3.Jak\u00e9 typy povlak\u016f jsou k dispozici pro hlin\u00edkov\u00e9 v\u00fdlisky? <\/b><\/p>\n<p> Mezi b\u011b\u017en\u00e9 povlaky pat\u0159\u00ed pr\u00e1\u0161kov\u00e9 lakov\u00e1n\u00ed, eloxov\u00e1n\u00ed a PVDF, p\u0159i\u010dem\u017e ka\u017ed\u00fd z nich nab\u00edz\u00ed r\u016fzn\u00e9 \u00farovn\u011b odolnosti, barevn\u00e9 mo\u017enosti a povrchov\u00e9 \u00fapravy.<br \/>\n<\/p><br \/>\n<br \/>\n<p><b>4.Lze tyto profily pou\u017e\u00edvat venku? <\/b><\/p>\n<p> Ano, hlin\u00edkov\u00e9 v\u00fdlisky s povrchovou \u00fapravou jsou vysoce odoln\u00e9 v\u016f\u010di pov\u011btrnostn\u00edm vliv\u016fm, tak\u017ee jsou ide\u00e1ln\u00ed pro venkovn\u00ed aplikace, jako jsou okenn\u00ed r\u00e1my, fas\u00e1dy a konstruk\u010dn\u00ed prvky.<br \/>\n<\/p><br \/>\n<br \/>\n<p><b>5.Jak povlakov\u00e1n\u00ed zlep\u0161uje v\u00fdkon hlin\u00edku? <\/b><\/p>\n<p> Povlak zlep\u0161uje tvrdost povrchu hlin\u00edku, odolnost proti korozi a zachov\u00e1n\u00ed barvy, tak\u017ee je vhodn\u011bj\u0161\u00ed pro n\u00e1ro\u010dn\u00e9 prost\u0159ed\u00ed a zvy\u0161uje jeho celkovou \u017eivotnost.<br \/>\n<\/p><br \/>\n<br \/>\n<p><b>6.Je proces instalace hlin\u00edkov\u00fdch v\u00fdlisk\u016f s povrchovou \u00fapravou snadn\u00fd? <\/b><\/p>\n<p> Ano, lehk\u00e1 a snadno zpracovateln\u00e1 povaha hlin\u00edkov\u00fdch v\u00fdlisk\u016f s povrchovou \u00fapravou zjednodu\u0161uje instalaci a sni\u017euje \u010dasov\u00e9 a pracovn\u00ed n\u00e1klady.<br \/>\n<\/p><br \/>\n<br \/>\n<p><b>7.Jsou tyto v\u00fdlisky \u0161etrn\u00e9 k \u017eivotn\u00edmu prost\u0159ed\u00ed? <\/b><\/p>\n<p> Ano, hlin\u00edk je 100% recyklovateln\u00fd a p\u0159i jeho povrchov\u00e9 \u00faprav\u011b lze pou\u017e\u00edt ekologick\u00e9 materi\u00e1ly, co\u017e p\u0159isp\u00edv\u00e1 k udr\u017eiteln\u00fdm stavebn\u00edm postup\u016fm.<br \/>\n<\/p><br \/>\n<br \/>\n<p><b>8.Lze tyto v\u00fdlisky p\u0159izp\u016fsobit velikosti a barv\u011b? <\/b><\/p>\n<p> Hlin\u00edkov\u00e9 v\u00fdlisky s povrchovou \u00fapravou lze p\u0159izp\u016fsobit r\u016fzn\u00fdm velikostem, tvar\u016fm a barevn\u00fdm \u00faprav\u00e1m tak, aby vyhovovaly specifick\u00fdm designov\u00fdm a funk\u010dn\u00edm pot\u0159eb\u00e1m.<br \/>\n<\/p><br \/><\/p>","protected":false},"featured_media":7457,"template":"","categories":[67],"class_list":["post-7458","product","type-product","status-publish","has-post-thumbnail","hentry","category-architectural-aluminium-profile"],"meta_box":{"hilight_text_group":{"product_hilight_text":"<li>Coated treatment enhances the durability and resistance of aluminum extrusions to corrosion, scratches, and UV exposure.<\/li>\r\r\n<li>Wide range of colors and finishes available to meet aesthetic and functional design requirements.<\/li>\r\r\n<li>Improves surface hardness, offering better protection in high-traffic and harsh environments.<\/li>\r\r\n<li>Lightweight yet strong, providing easy handling and excellent structural integrity for various applications.<\/li>\r\r\n<li>Cost-effective solution for both residential and commercial projects with low maintenance needs.<\/li>\r\r\n<li>Eco-friendly, as aluminum is 100% recyclable, promoting sustainability in building and construction materials.<\/li>","product_chanpin_blog":"<ul>\r\r\n<li><a href=\"https:\/\/sinoextrud.com\/t-slot-v-slot-differences\/\" target=\"_blank\">t slot vs v slot<\/a><\/li>\r\r\n<li><a href=\"https:\/\/sinoextrud.com\/what-is-4040-aluminium-extrud\/\" target=\"_blank\">4040 aluminium extrusion<\/a><\/li>\r\r\n<li><a href=\"https:\/\/sinoextrud.com\/what-is-4040-aluminium-extrud\/\" target=\"_blank\">aluminum extrusions for industrial racks<\/a><\/li>\r\r\n<li><a href=\"https:\/\/sinoextrud.com\/powder-coating-aluminium-process\/\" target=\"_blank\">powder coating aluminium<\/a><\/li>\r\r\n<li><a href=\"https:\/\/sinoextrud.com\/what-is-an-aluminium-strip-ceiling\/\" target=\"_blank\">aluminium strip ceiling<\/a><\/li>\r\r\n<li><a href=\"https:\/\/sinoextrud.com\/what-is-a-heat-sink\/\" target=\"_blank\">what is a heat sink<\/a><\/li>\r\r\n<\/ul>","product_chanpin_chanpin":"<li><a href=\"https:\/\/sinoextrud.com\/product\/customize-extruded-aluminum-channel-profiles\/\" target=\"_blank\">Customize Extruded Aluminum Channel Profiles<\/a><\/li>\r\n<li><a href=\"https:\/\/sinoextrud.com\/product\/extruded-aluminum-enclosure-case\/\" target=\"_blank\">Extruded Aluminum Enclosure Case<\/a><\/li>\r\n<li><a href=\"https:\/\/sinoextrud.com\/product\/flat-aluminum-extrusions\/\" target=\"_blank\">Flat Aluminum Extrusions<\/a><\/li>\r\n<li><a href=\"https:\/\/sinoextrud.com\/product\/factory-offer-6061-aluminum-railing-profiles\/\" target=\"_blank\">Factory Offer 6061 Aluminum Railing Profiles<\/a><\/li>\r\n<li><a href=\"https:\/\/sinoextrud.com\/product\/coated-treatment-aluminium-extrusion\/\" target=\"_blank\">Coated Treatment Aluminium Extrusion<\/a><\/li>\r\n<li><a href=\"https:\/\/sinoextrud.com\/product\/shutter-type-of-aluminum-profiles-for-doors-and-windows\/\" target=\"_blank\">Shutter Type Of Aluminum Profiles For Doors And Windows<\/a><\/li>\r\n<li><a href=\"https:\/\/sinoextrud.com\/product\/wood-grain-aluminum-extrusion-slider\/\" target=\"_blank\">Wood Grain Aluminum Extrusion Slider<\/a><\/li>\r\n<li><a href=\"https:\/\/sinoextrud.com\/product\/standard-aluminium-extrusion-profiles-windows-and-doors\/\" target=\"_blank\">Standard Aluminium Extrusion Profiles Windows And Doors<\/a><\/li>\r\n<li><a href=\"https:\/\/sinoextrud.com\/product\/l-shaped-aluminum-trim\/\" target=\"_blank\">L Shaped Aluminum Trim<\/a><\/li>\r\n<li><a href=\"https:\/\/sinoextrud.com\/product\/window-extrusion-profiles\/\" target=\"_blank\">Window Extrusion Profiles<\/a><\/li>\r\n<li><a href=\"https:\/\/sinoextrud.com\/product\/f-channel-aluminum-extrusion\/\" target=\"_blank\">F Channel Aluminum Extrusion<\/a><\/li>"},"feature_list":[]},"_links":{"self":[{"href":"https:\/\/sinoextrud.com\/cs\/wp-json\/wp\/v2\/product\/7458","targetHints":{"allow":["GET"]}}],"collection":[{"href":"https:\/\/sinoextrud.com\/cs\/wp-json\/wp\/v2\/product"}],"about":[{"href":"https:\/\/sinoextrud.com\/cs\/wp-json\/wp\/v2\/types\/product"}],"wp:featuredmedia":[{"embeddable":true,"href":"https:\/\/sinoextrud.com\/cs\/wp-json\/wp\/v2\/media\/7457"}],"wp:attachment":[{"href":"https:\/\/sinoextrud.com\/cs\/wp-json\/wp\/v2\/media?parent=7458"}],"wp:term":[{"taxonomy":"category","embeddable":true,"href":"https:\/\/sinoextrud.com\/cs\/wp-json\/wp\/v2\/categories?post=7458"}],"curies":[{"name":"wp","href":"https:\/\/api.w.org\/{rel}","templated":true}]}}