{"id":7456,"date":"2025-06-07T07:47:05","date_gmt":"2025-06-07T07:47:05","guid":{"rendered":"https:\/\/sinoextrud.com\/product\/factory-offer-6061-aluminum-railing-profiles\/"},"modified":"2025-06-24T06:12:52","modified_gmt":"2025-06-24T06:12:52","slug":"tovarni-nabidka-6061-hlinikovych-zabradelnich-profilu","status":"publish","type":"product","link":"https:\/\/sinoextrud.com\/cs\/product\/factory-offer-6061-aluminum-railing-profiles\/","title":{"rendered":"Tov\u00e1rn\u00ed nab\u00eddka 6061 hlin\u00edkov\u00fdch profil\u016f z\u00e1bradl\u00ed"},"content":{"rendered":"<h2>Podrobnosti o produktech<\/h2>\n<table class=\"custom-table\">\n<tbody>\n<tr>\n<td> T\u0159\u00edda:<\/td>\n<td> 6061 -t5<\/td>\n<\/tr>\n<tr>\n<td> Technika:<\/td>\n<td> Tov\u00e1rn\u00ed nab\u00eddka 6061 hlin\u00edkov\u00fdch profil\u016f z\u00e1bradl\u00ed<\/td>\n<\/tr>\n<tr>\n<td> M\u00edrnost:<\/td>\n<td> T3 - T8<\/td>\n<\/tr>\n<tr>\n<td> Obr\u00e1b\u011bc\u00ed slu\u017eby:<\/td>\n<td> Vrt\u00e1n\u00ed, z\u00e1vitov\u00e1n\u00ed, n\u00fdtov\u00e1n\u00ed, mont\u00e1\u017e atd.<\/td>\n<\/tr>\n<tr>\n<td> Ochrann\u00e1 zn\u00e1mka:<\/td>\n<td> Sinoextrud Sinoextrud <\/td>\n<\/tr>\n<tr>\n<td> Typ:<\/td>\n<td> Hlin\u00edkov\u00e9 profily z\u00e1bradl\u00ed 6061<\/td>\n<\/tr>\n<tr>\n<td> Tvar:<\/td>\n<td> Vyrobeno podle n\u00e1vrhu klienta<\/td>\n<\/tr>\n<tr>\n<td> Povrchov\u00e1 \u00faprava:<\/td>\n<td> Anodizovan\u00fd kart\u00e1\u010dovan\u00fd povrch<\/td>\n<\/tr>\n<tr>\n<td> D\u00e9lka:<\/td>\n<td> 1m a\u017e 9m na d\u00e9lku<\/td>\n<\/tr>\n<tr>\n<td> Barvy:<\/td>\n<td> St\u0159\u00edbrn\u00e1 \u010dern\u00e1<\/td>\n<\/tr>\n<tr>\n<td> K\u00f3d HS:<\/td>\n<td> 76042990<\/td>\n<\/tr>\n<\/tbody>\n<\/table>\n<h2>Na\u0161e v\u00fdrobn\u00ed z\u00e1kladna<\/h2>\n<h3>Panorama tov\u00e1rny<\/h3>\n<p><img decoding=\"async\" src=\"\/wp-content\/uploads\/factory-01.webp\"\/><\/p>\n<h3>D\u00edlna na v\u00fdrobu hlin\u00edkov\u00fdch ty\u010d\u00ed<\/h3>\n<p><img decoding=\"async\" src=\"\/wp-content\/uploads\/factory-02.webp\"\/><\/p>\n<p><img decoding=\"async\" src=\"\/wp-content\/uploads\/factory-03.webp\"\/><\/p>\n<h3>Sklad pl\u00edsn\u00ed<\/h3>\n<p><img decoding=\"async\" src=\"\/wp-content\/uploads\/factory-04.webp\"\/><\/p>\n<h3>43 linek na vytla\u010dov\u00e1n\u00ed hlin\u00edku (500 - 5500 tun)<\/h3>\n<p><img decoding=\"async\" src=\"\/wp-content\/uploads\/factory-05.webp\"\/><\/p>\n<p><img decoding=\"async\" src=\"\/wp-content\/uploads\/factory-06.webp\"\/><\/p>\n<p><img decoding=\"async\" src=\"\/wp-content\/uploads\/factory-07.webp\"\/><\/p>\n<h3>D\u00edlna pr\u00e1\u0161kov\u00e9ho lakov\u00e1n\u00ed<\/h3>\n<p><img decoding=\"async\" src=\"\/wp-content\/uploads\/factory-09.webp\"\/><\/p>\n<h3>D\u00edlna eloxov\u00e1n\u00ed<\/h3>\n<p><img decoding=\"async\" src=\"\/wp-content\/uploads\/factory-10.webp\"\/><\/p>\n<h3>Workshop o hloubkov\u00e9m zpracov\u00e1n\u00ed<\/h3>\n<p><img decoding=\"async\" src=\"\/wp-content\/uploads\/factory-11.webp\"\/><\/p>\n<h3>D\u00edlna CNC p\u0159esn\u00e9ho obr\u00e1b\u011bn\u00ed<\/h3>\n<p><img decoding=\"async\" src=\"\/wp-content\/uploads\/factory-11.5.webp\"\/><\/p>\n<h3>Sklad hotov\u00fdch v\u00fdrobk\u016f a exportn\u00ed sklad<\/h3>\n<p><img decoding=\"async\" src=\"\/wp-content\/uploads\/factory-12.webp\"\/><\/p>\n<p><img decoding=\"async\" src=\"\/wp-content\/uploads\/factory-13.webp\"\/><\/p>\n<p><img decoding=\"async\" src=\"\/wp-content\/uploads\/factory-14.webp\"\/><\/p>\n<h2>\u010cASTO KLADEN\u00c9 DOTAZY<\/h2>\n<p><p><b>1.What jsou tov\u00e1rn\u00ed nab\u00eddka 6061 hlin\u00edkov\u00e9 z\u00e1bradl\u00ed profily? <\/b><\/p>\n<p> Tov\u00e1rn\u00ed nab\u00eddka 6061 hlin\u00edkov\u00fdch profil\u016f z\u00e1bradl\u00ed jsou extrudovan\u00e9 hlin\u00edkov\u00e9 profily vyroben\u00e9 ze slitiny 6061, speci\u00e1ln\u011b navr\u017een\u00e9 pro pou\u017eit\u00ed v odoln\u00fdch a p\u0159izp\u016fsobiteln\u00fdch syst\u00e9mech z\u00e1bradl\u00ed.<br \/>\n<\/p><br \/>\n<br \/>\n<p><b>2.Pro\u010d zvolit hlin\u00edk 6061 pro profily z\u00e1bradl\u00ed? <\/b><\/p>\n<p> Hlin\u00edk 6061 je vysoce pevn\u00e1 slitina odoln\u00e1 proti korozi, tak\u017ee je ide\u00e1ln\u00ed pro z\u00e1bradl\u00ed, kter\u00e1 mus\u00ed odol\u00e1vat pov\u011btrnostn\u00edm vliv\u016fm a z\u00e1rove\u0148 poskytovat dlouhodobou stabilitu.<br \/>\n<\/p><br \/>\n<br \/>\n<p><b>3.Lze tyto profily p\u0159izp\u016fsobit? <\/b><\/p>\n<p> Ano, profily hlin\u00edkov\u00e9ho z\u00e1bradl\u00ed 6061 lze p\u0159izp\u016fsobit z hlediska tvaru, velikosti, povrchov\u00e9 \u00fapravy a barvy tak, aby spl\u0148ovaly specifick\u00e9 po\u017eadavky na projekt a design.<br \/>\n<\/p><br \/>\n<br \/>\n<p><b>4.Jsou tyto hlin\u00edkov\u00e9 profily z\u00e1bradl\u00ed vhodn\u00e9 pro venkovn\u00ed pou\u017eit\u00ed? <\/b><\/p>\n<p> Hlin\u00edk 6061 je d\u00edky sv\u00fdm korozivzdorn\u00fdm vlastnostem ide\u00e1ln\u00ed pro venkovn\u00ed prost\u0159ed\u00ed, jako jsou balkony, schodi\u0161t\u011b a oplocen\u00ed.<br \/>\n<\/p><br \/>\n<br \/>\n<p><b>5.Jak\u00e9 povrchov\u00e9 \u00fapravy jsou k dispozici pro hlin\u00edkov\u00e9 profily z\u00e1bradl\u00ed 6061? <\/b><\/p>\n<p> Povrchov\u00e9 \u00fapravy zahrnuj\u00ed eloxov\u00e1n\u00ed, pr\u00e1\u0161kov\u00e9 lakov\u00e1n\u00ed a fr\u00e9zov\u00e1n\u00ed, co\u017e poskytuje zv\u00fd\u0161enou ochranu a estetickou univerz\u00e1lnost pro r\u016fzn\u00e9 architektonick\u00e9 styly.<br \/>\n<\/p><br \/>\n<br \/>\n<p><b>6.Je proces instalace snadn\u00fd? <\/b><\/p>\n<p> Ano, profily jsou navr\u017eeny pro snadnou instalaci a maj\u00ed modul\u00e1rn\u00ed komponenty, kter\u00e9 minimalizuj\u00ed dobu instalace a sni\u017euj\u00ed n\u00e1klady na pracovn\u00ed s\u00edlu.<br \/>\n<\/p><br \/>\n<br \/>\n<p><b>7.V jak\u00fdch odv\u011btv\u00edch se pou\u017e\u00edvaj\u00ed hlin\u00edkov\u00e9 profily z\u00e1bradl\u00ed 6061? <\/b><\/p>\n<p> Tyto profily se hojn\u011b pou\u017e\u00edvaj\u00ed v obytn\u00e9, komer\u010dn\u00ed a pr\u016fmyslov\u00e9 v\u00fdstavb\u011b pro z\u00e1bradl\u00ed, schodi\u0161\u0165ov\u00e1 z\u00e1bradl\u00ed a vn\u011bj\u0161\u00ed bezpe\u010dnostn\u00ed z\u00e1brany.<br \/>\n<\/p><br \/>\n<br \/>\n<p><b>8.Jsou tyto profily z\u00e1bradl\u00ed ekologick\u00e9? <\/b><\/p>\n<p> Ano, hlin\u00edk je 100% recyklovateln\u00fd, co\u017e z n\u011bj \u010din\u00ed ekologicky \u0161etrnou volbu pro udr\u017eiteln\u00e9 stavebn\u00ed projekty.<br \/>\n<\/p><br \/><\/p>","protected":false},"featured_media":7455,"template":"","categories":[67],"class_list":["post-7456","product","type-product","status-publish","has-post-thumbnail","hentry","category-architectural-aluminium-profile"],"meta_box":{"hilight_text_group":{"product_hilight_text":"<li>6061 aluminum alloy provides exceptional strength, making it ideal for durable railing systems.<\/li>\r\r\n<li>Corrosion-resistant properties ensure long-lasting performance in outdoor environments.<\/li>\r\r\n<li>Factory direct pricing for cost-effective solutions without compromising quality.<\/li>\r\r\n<li>Customizable profiles and finishes to match any architectural design or color scheme.<\/li>\r\r\n<li>Easy to install with pre-engineered designs, reducing labor time and costs.<\/li>\r\r\n<li>Perfect for residential, commercial, and industrial railing applications, offering both safety and aesthetic appeal.<\/li>","product_chanpin_blog":"<ul>\r\r\n<li><a href=\"https:\/\/sinoextrud.com\/t-slot-v-slot-differences\/\" target=\"_blank\">t slot vs v slot<\/a><\/li>\r\r\n<li><a href=\"https:\/\/sinoextrud.com\/what-is-4040-aluminium-extrud\/\" target=\"_blank\">4040 aluminium extrusion<\/a><\/li>\r\r\n<li><a href=\"https:\/\/sinoextrud.com\/what-is-4040-aluminium-extrud\/\" target=\"_blank\">aluminum extrusions for industrial racks<\/a><\/li>\r\r\n<li><a href=\"https:\/\/sinoextrud.com\/powder-coating-aluminium-process\/\" target=\"_blank\">powder coating aluminium<\/a><\/li>\r\r\n<li><a href=\"https:\/\/sinoextrud.com\/what-is-an-aluminium-strip-ceiling\/\" target=\"_blank\">aluminium strip ceiling<\/a><\/li>\r\r\n<li><a href=\"https:\/\/sinoextrud.com\/what-is-a-heat-sink\/\" target=\"_blank\">what is a heat sink<\/a><\/li>\r\r\n<\/ul>","product_chanpin_chanpin":"<li><a href=\"https:\/\/sinoextrud.com\/product\/customize-extruded-aluminium-shower-profiles\/\" target=\"_blank\">Customize Extruded Aluminium Shower Profiles<\/a><\/li>\r\n<li><a href=\"https:\/\/sinoextrud.com\/product\/customize-extruded-aluminum-channel-profiles\/\" target=\"_blank\">Customize Extruded Aluminum Channel Profiles<\/a><\/li>\r\n<li><a href=\"https:\/\/sinoextrud.com\/product\/extruded-aluminum-enclosure-case\/\" target=\"_blank\">Extruded Aluminum Enclosure Case<\/a><\/li>\r\n<li><a href=\"https:\/\/sinoextrud.com\/product\/flat-aluminum-extrusions\/\" target=\"_blank\">Flat Aluminum Extrusions<\/a><\/li>\r\n<li><a href=\"https:\/\/sinoextrud.com\/product\/factory-offer-6061-aluminum-railing-profiles\/\" target=\"_blank\">Factory Offer 6061 Aluminum Railing Profiles<\/a><\/li>\r\n<li><a href=\"https:\/\/sinoextrud.com\/product\/coated-treatment-aluminium-extrusion\/\" target=\"_blank\">Coated Treatment Aluminium Extrusion<\/a><\/li>\r\n<li><a href=\"https:\/\/sinoextrud.com\/product\/shutter-type-of-aluminum-profiles-for-doors-and-windows\/\" target=\"_blank\">Shutter Type Of Aluminum Profiles For Doors And Windows<\/a><\/li>\r\n<li><a href=\"https:\/\/sinoextrud.com\/product\/wood-grain-aluminum-extrusion-slider\/\" target=\"_blank\">Wood Grain Aluminum Extrusion Slider<\/a><\/li>\r\n<li><a href=\"https:\/\/sinoextrud.com\/product\/standard-aluminium-extrusion-profiles-windows-and-doors\/\" target=\"_blank\">Standard Aluminium Extrusion Profiles Windows And Doors<\/a><\/li>\r\n<li><a href=\"https:\/\/sinoextrud.com\/product\/aluminium-mosquito-net-windows-and-door\/\" target=\"_blank\">Aluminium Mosquito Net Windows And Door<\/a><\/li>\r\n<li><a href=\"https:\/\/sinoextrud.com\/product\/powder-coating-aluminium-profiles-for-industrial\/\" target=\"_blank\">Powder Coating Aluminium Profiles For Industrial<\/a><\/li>"},"feature_list":[]},"_links":{"self":[{"href":"https:\/\/sinoextrud.com\/cs\/wp-json\/wp\/v2\/product\/7456","targetHints":{"allow":["GET"]}}],"collection":[{"href":"https:\/\/sinoextrud.com\/cs\/wp-json\/wp\/v2\/product"}],"about":[{"href":"https:\/\/sinoextrud.com\/cs\/wp-json\/wp\/v2\/types\/product"}],"wp:featuredmedia":[{"embeddable":true,"href":"https:\/\/sinoextrud.com\/cs\/wp-json\/wp\/v2\/media\/7455"}],"wp:attachment":[{"href":"https:\/\/sinoextrud.com\/cs\/wp-json\/wp\/v2\/media?parent=7456"}],"wp:term":[{"taxonomy":"category","embeddable":true,"href":"https:\/\/sinoextrud.com\/cs\/wp-json\/wp\/v2\/categories?post=7456"}],"curies":[{"name":"wp","href":"https:\/\/api.w.org\/{rel}","templated":true}]}}