{"id":7454,"date":"2025-06-07T07:45:15","date_gmt":"2025-06-07T07:45:15","guid":{"rendered":"https:\/\/sinoextrud.com\/product\/flat-aluminum-extrusions\/"},"modified":"2025-06-24T06:12:51","modified_gmt":"2025-06-24T06:12:51","slug":"ploche-hlinikove-vylisky","status":"publish","type":"product","link":"https:\/\/sinoextrud.com\/cs\/product\/flat-aluminum-extrusions\/","title":{"rendered":"Ploch\u00e9 hlin\u00edkov\u00e9 v\u00fdlisky"},"content":{"rendered":"<h2>Podrobnosti o produktech<\/h2>\n<table class=\"custom-table\">\n<tbody>\n<tr>\n<td> N\u00e1zev produktu<\/td>\n<td> Rychl\u00e1 nab\u00eddka 1050 1060 1080 1100 1435 ploch\u00e9 ty\u010de z hlin\u00edku ploch\u00e9 hlin\u00edkov\u00e9 v\u00fdlisky<\/td>\n<\/tr>\n<tr>\n<td> Materi\u00e1l<\/td>\n<td> Slitina hlin\u00edku\/hlin\u00edk<\/td>\n<\/tr>\n<tr>\n<td> D\u00e9lka<\/td>\n<td> 0-6000 mm<\/td>\n<\/tr>\n<tr>\n<td> Tvar<\/td>\n<td> Kulat\u00e9, \u010dtvercov\u00e9, obd\u00e9ln\u00edkov\u00e9, ploch\u00e9 na m\u00edru<\/td>\n<\/tr>\n<tr>\n<td> Standardn\u00ed<\/td>\n<td> GB\/T3191-2010<\/td>\n<\/tr>\n<tr>\n<td> T\u0159\u00edda<\/td>\n<td> 6061\/6063<\/td>\n<\/tr>\n<tr>\n<td> Povrch<\/td>\n<td> Hladk\u00e9, kart\u00e1\u010dov\u00e1n\u00ed, ml\u00fdn, zrcadlo, p\u00edskov\u00e1n\u00ed<\/td>\n<\/tr>\n<tr>\n<td> Aplikace<\/td>\n<td> Pr\u016fmyslov\u00e9, stavebn\u00ed, dekorativn\u00ed, rozs\u00e1hl\u00e9 atd...<\/td>\n<\/tr>\n<\/tbody>\n<\/table>\n<h2>Na\u0161e v\u00fdrobn\u00ed z\u00e1kladna<\/h2>\n<h3>Panorama tov\u00e1rny<\/h3>\n<p><img decoding=\"async\" src=\"\/wp-content\/uploads\/factory-01.webp\"\/><\/p>\n<h3>D\u00edlna na v\u00fdrobu hlin\u00edkov\u00fdch ty\u010d\u00ed<\/h3>\n<p><img decoding=\"async\" src=\"\/wp-content\/uploads\/factory-02.webp\"\/><\/p>\n<p><img decoding=\"async\" src=\"\/wp-content\/uploads\/factory-03.webp\"\/><\/p>\n<h3>Sklad pl\u00edsn\u00ed<\/h3>\n<p><img decoding=\"async\" src=\"\/wp-content\/uploads\/factory-04.webp\"\/><\/p>\n<h3>43 linek na vytla\u010dov\u00e1n\u00ed hlin\u00edku (500 - 5500 tun)<\/h3>\n<p><img decoding=\"async\" src=\"\/wp-content\/uploads\/factory-05.webp\"\/><\/p>\n<p><img decoding=\"async\" src=\"\/wp-content\/uploads\/factory-06.webp\"\/><\/p>\n<p><img decoding=\"async\" src=\"\/wp-content\/uploads\/factory-07.webp\"\/><\/p>\n<h3>D\u00edlna pr\u00e1\u0161kov\u00e9ho lakov\u00e1n\u00ed<\/h3>\n<p><img decoding=\"async\" src=\"\/wp-content\/uploads\/factory-09.webp\"\/><\/p>\n<h3>D\u00edlna eloxov\u00e1n\u00ed<\/h3>\n<p><img decoding=\"async\" src=\"\/wp-content\/uploads\/factory-10.webp\"\/><\/p>\n<h3>Workshop o hloubkov\u00e9m zpracov\u00e1n\u00ed<\/h3>\n<p><img decoding=\"async\" src=\"\/wp-content\/uploads\/factory-11.webp\"\/><\/p>\n<h3>D\u00edlna CNC p\u0159esn\u00e9ho obr\u00e1b\u011bn\u00ed<\/h3>\n<p><img decoding=\"async\" src=\"\/wp-content\/uploads\/factory-11.5.webp\"\/><\/p>\n<h3>Sklad hotov\u00fdch v\u00fdrobk\u016f a exportn\u00ed sklad<\/h3>\n<p><img decoding=\"async\" src=\"\/wp-content\/uploads\/factory-12.webp\"\/><\/p>\n<p><img decoding=\"async\" src=\"\/wp-content\/uploads\/factory-13.webp\"\/><\/p>\n<p><img decoding=\"async\" src=\"\/wp-content\/uploads\/factory-14.webp\"\/><\/p>\n<h2>\u010cASTO KLADEN\u00c9 DOTAZY<\/h2>\n<p><p><b>1.Co jsou ploch\u00e9 hlin\u00edkov\u00e9 v\u00fdlisky? <\/b><\/p>\n<p> Ploch\u00e9 hlin\u00edkov\u00e9 v\u00fdlisky jsou hlin\u00edkov\u00e9 profily s ploch\u00fdm tvarem, kter\u00e9 se b\u011b\u017en\u011b pou\u017e\u00edvaj\u00ed pro r\u00e1mov\u00e1n\u00ed, nosn\u00e9 konstrukce a zak\u00e1zkovou v\u00fdrobu pro r\u016fzn\u00e9 pr\u016fmyslov\u00e9 a architektonick\u00e9 aplikace.<br \/>\n<\/p><br \/>\n<br \/>\n<p><b>2.Pro\u010d si vybrat ploch\u00e9 hlin\u00edkov\u00e9 v\u00fdlisky? <\/b><\/p>\n<p> Ploch\u00e9 hlin\u00edkov\u00e9 v\u00fdlisky jsou lehk\u00e9, trvanliv\u00e9, odoln\u00e9 proti korozi a vysoce p\u0159izp\u016fsobiv\u00e9, tak\u017ee jsou vhodn\u00e9 pro r\u016fzn\u00e9 aplikace a pr\u016fmyslov\u00e1 odv\u011btv\u00ed.<br \/>\n<\/p><br \/>\n<br \/>\n<p><b>3.Mohou b\u00fdt ploch\u00e9 hlin\u00edkov\u00e9 v\u00fdlisky p\u0159izp\u016fsobeny? <\/b><\/p>\n<p> Ano, ploch\u00e9 hlin\u00edkov\u00e9 v\u00fdlisky lze p\u0159izp\u016fsobit co do velikosti, tlou\u0161\u0165ky, tvaru a povrchov\u00e9 \u00fapravy tak, aby vyhovovaly specifick\u00fdm pot\u0159eb\u00e1m projektu a designu.<br \/>\n<\/p><br \/>\n<br \/>\n<p><b>4.Jak\u00e9 povrchov\u00e9 \u00fapravy jsou k dispozici pro ploch\u00e9 hlin\u00edkov\u00e9 v\u00fdlisky? <\/b><\/p>\n<p> Mezi b\u011b\u017en\u00e9 povrchov\u00e9 \u00fapravy pat\u0159\u00ed eloxov\u00e1n\u00ed, pr\u00e1\u0161kov\u00e9 lakov\u00e1n\u00ed, kart\u00e1\u010dov\u00e1n\u00ed a fr\u00e9zov\u00e1n\u00ed, kter\u00e9 zvy\u0161uj\u00ed odolnost a odpov\u00eddaj\u00ed estetick\u00fdm po\u017eadavk\u016fm.<br \/>\n<\/p><br \/>\n<br \/>\n<p><b>5.Jsou tyto v\u00fdlisky vhodn\u00e9 pro venkovn\u00ed pou\u017eit\u00ed? <\/b><\/p>\n<p> Ano, p\u0159i spr\u00e1vn\u00e9 povrchov\u00e9 \u00faprav\u011b jsou ploch\u00e9 hlin\u00edkov\u00e9 v\u00fdlisky vysoce odoln\u00e9 v\u016f\u010di pov\u011btrnostn\u00edm vliv\u016fm a korozi, tak\u017ee jsou ide\u00e1ln\u00ed pro venkovn\u00ed pou\u017eit\u00ed.<br \/>\n<\/p><br \/>\n<br \/>\n<p><b>6.Jak snadno se pracuje s ploch\u00fdmi hlin\u00edkov\u00fdmi v\u00fdlisky? <\/b><\/p>\n<p> Hlin\u00edk se snadno \u0159e\u017ee, vrt\u00e1 a obr\u00e1b\u00ed, co\u017e umo\u017e\u0148uje flexibiln\u00ed p\u0159izp\u016fsoben\u00ed a rychl\u00e9 \u00fapravy b\u011bhem v\u00fdroby.<br \/>\n<\/p><br \/>\n<br \/>\n<p><b>7.V jak\u00fdch pr\u016fmyslov\u00fdch odv\u011btv\u00edch se pou\u017e\u00edvaj\u00ed ploch\u00e9 hlin\u00edkov\u00e9 v\u00fdlisky? <\/b><\/p>\n<p> Tyto v\u00fdlisky se \u0161iroce pou\u017e\u00edvaj\u00ed ve stavebnictv\u00ed, automobilov\u00e9m pr\u016fmyslu, stroj\u00edrenstv\u00ed, elektronice a v\u00fdrob\u011b pro r\u00e1mov\u00e1n\u00ed, podp\u011bry a konstruk\u010dn\u00ed aplikace.<br \/>\n<\/p><br \/>\n<br \/>\n<p><b>8.Jsou ploch\u00e9 hlin\u00edkov\u00e9 v\u00fdlisky cenov\u011b v\u00fdhodn\u00e9? <\/b><\/p>\n<p> Ano, p\u0159edstavuj\u00ed n\u00e1kladov\u011b efektivn\u00ed \u0159e\u0161en\u00ed d\u00edky sv\u00e9 lehk\u00e9 konstrukci, odolnosti a n\u00edzk\u00fdm n\u00e1rok\u016fm na \u00fadr\u017ebu v pr\u016fb\u011bhu \u010dasu.<br \/>\n<\/p><br \/><\/p>","protected":false},"featured_media":7453,"template":"","categories":[67],"class_list":["post-7454","product","type-product","status-publish","has-post-thumbnail","hentry","category-architectural-aluminium-profile"],"meta_box":{"hilight_text_group":{"product_hilight_text":"<li>Versatile flat aluminum extrusions ideal for a wide range of applications including framing, support, and construction.<\/li>\r\r\n<li>Lightweight yet durable construction, offering high strength while reducing material weight.<\/li>\r\r\n<li>Corrosion-resistant surface ensures long-lasting performance in various environmental conditions.<\/li>\r\r\n<li>Customizable sizes, thicknesses, and finishes to meet specific project requirements.<\/li>\r\r\n<li>Easy to machine and fabricate, providing flexibility for custom designs.<\/li>\r\r\n<li>Cost-effective and low-maintenance solution for both commercial and industrial uses.<\/li>","product_chanpin_blog":"<ul>\r\r\n<li><a href=\"https:\/\/sinoextrud.com\/t-slot-v-slot-differences\/\" target=\"_blank\">t slot vs v slot<\/a><\/li>\r\r\n<li><a href=\"https:\/\/sinoextrud.com\/what-is-4040-aluminium-extrud\/\" target=\"_blank\">4040 aluminium extrusion<\/a><\/li>\r\r\n<li><a href=\"https:\/\/sinoextrud.com\/what-is-4040-aluminium-extrud\/\" target=\"_blank\">aluminum extrusions for industrial racks<\/a><\/li>\r\r\n<li><a href=\"https:\/\/sinoextrud.com\/powder-coating-aluminium-process\/\" target=\"_blank\">powder coating aluminium<\/a><\/li>\r\r\n<li><a href=\"https:\/\/sinoextrud.com\/what-is-an-aluminium-strip-ceiling\/\" target=\"_blank\">aluminium strip ceiling<\/a><\/li>\r\r\n<li><a href=\"https:\/\/sinoextrud.com\/what-is-a-heat-sink\/\" target=\"_blank\">what is a heat sink<\/a><\/li>\r\r\n<\/ul>","product_chanpin_chanpin":"<li><a href=\"https:\/\/sinoextrud.com\/product\/anodized-aluminum-railing-systems\/\" target=\"_blank\">Anodized Aluminum Railing Systems<\/a><\/li>\r\n<li><a href=\"https:\/\/sinoextrud.com\/product\/customize-extruded-aluminium-shower-profiles\/\" target=\"_blank\">Customize Extruded Aluminium Shower Profiles<\/a><\/li>\r\n<li><a href=\"https:\/\/sinoextrud.com\/product\/customize-extruded-aluminum-channel-profiles\/\" target=\"_blank\">Customize Extruded Aluminum Channel Profiles<\/a><\/li>\r\n<li><a href=\"https:\/\/sinoextrud.com\/product\/extruded-aluminum-enclosure-case\/\" target=\"_blank\">Extruded Aluminum Enclosure Case<\/a><\/li>\r\n<li><a href=\"https:\/\/sinoextrud.com\/product\/flat-aluminum-extrusions\/\" target=\"_blank\">Flat Aluminum Extrusions<\/a><\/li>\r\n<li><a href=\"https:\/\/sinoextrud.com\/product\/factory-offer-6061-aluminum-railing-profiles\/\" target=\"_blank\">Factory Offer 6061 Aluminum Railing Profiles<\/a><\/li>\r\n<li><a href=\"https:\/\/sinoextrud.com\/product\/coated-treatment-aluminium-extrusion\/\" target=\"_blank\">Coated Treatment Aluminium Extrusion<\/a><\/li>\r\n<li><a href=\"https:\/\/sinoextrud.com\/product\/shutter-type-of-aluminum-profiles-for-doors-and-windows\/\" target=\"_blank\">Shutter Type Of Aluminum Profiles For Doors And Windows<\/a><\/li>\r\n<li><a href=\"https:\/\/sinoextrud.com\/product\/wood-grain-aluminum-extrusion-slider\/\" target=\"_blank\">Wood Grain Aluminum Extrusion Slider<\/a><\/li>\r\n<li><a href=\"https:\/\/sinoextrud.com\/product\/aluminum-t-bar-extrusion\/\" target=\"_blank\">Aluminum T Bar Extrusion<\/a><\/li>\r\n<li><a href=\"https:\/\/sinoextrud.com\/product\/aluminum-anodized-gold-ashtray\/\" target=\"_blank\">Aluminum Anodized Gold Ashtray<\/a><\/li>"},"feature_list":[]},"_links":{"self":[{"href":"https:\/\/sinoextrud.com\/cs\/wp-json\/wp\/v2\/product\/7454","targetHints":{"allow":["GET"]}}],"collection":[{"href":"https:\/\/sinoextrud.com\/cs\/wp-json\/wp\/v2\/product"}],"about":[{"href":"https:\/\/sinoextrud.com\/cs\/wp-json\/wp\/v2\/types\/product"}],"wp:featuredmedia":[{"embeddable":true,"href":"https:\/\/sinoextrud.com\/cs\/wp-json\/wp\/v2\/media\/7453"}],"wp:attachment":[{"href":"https:\/\/sinoextrud.com\/cs\/wp-json\/wp\/v2\/media?parent=7454"}],"wp:term":[{"taxonomy":"category","embeddable":true,"href":"https:\/\/sinoextrud.com\/cs\/wp-json\/wp\/v2\/categories?post=7454"}],"curies":[{"name":"wp","href":"https:\/\/api.w.org\/{rel}","templated":true}]}}