{"id":7452,"date":"2025-06-07T07:43:16","date_gmt":"2025-06-07T07:43:16","guid":{"rendered":"https:\/\/sinoextrud.com\/product\/extruded-aluminum-enclosure-case\/"},"modified":"2025-06-24T06:12:51","modified_gmt":"2025-06-24T06:12:51","slug":"skrin-z-extrudovaneho-hliniku","status":"publish","type":"product","link":"https:\/\/sinoextrud.com\/cs\/product\/extruded-aluminum-enclosure-case\/","title":{"rendered":"Extrudovan\u00fd hlin\u00edkov\u00fd kryt Case"},"content":{"rendered":"<h2>Podrobnosti o produktech<\/h2>\n<table class=\"custom-table\">\n<tbody>\n<tr>\n<td> CNC obr\u00e1b\u011bn\u00ed<\/td>\n<td> 510 * 1020 * 500 mm (max.) , +\/-0,01 mm<\/td>\n<\/tr>\n<tr>\n<td> CNC lisov\u00e1n\u00ed<\/td>\n<td> 600 * 600 mm (max.) , +\/-0,05 mm<\/td>\n<\/tr>\n<tr>\n<td> Form\u00e1t v\u00fdkresu<\/td>\n<td> CAD PDF<\/td>\n<\/tr>\n<tr>\n<td> Testovac\u00ed za\u0159\u00edzen\u00ed<\/td>\n<td> m\u011b\u0159ic\u00ed p\u0159\u00edstroje, projektor, sou\u0159adnicov\u00fd m\u011b\u0159ic\u00ed stroj, v\u00fd\u0161kom\u011br, mikrometr, z\u00e1vitov\u00e9 m\u011b\u0159idlo, posuvn\u00e9 m\u011brky, \u010depov\u00e9 m\u011b\u0159idlo atd.<\/td>\n<\/tr>\n<\/tbody>\n<\/table>\n<h2>Na\u0161e v\u00fdrobn\u00ed z\u00e1kladna<\/h2>\n<h3>Panorama tov\u00e1rny<\/h3>\n<p><img decoding=\"async\" src=\"\/wp-content\/uploads\/factory-01.webp\"\/><\/p>\n<h3>D\u00edlna na v\u00fdrobu hlin\u00edkov\u00fdch ty\u010d\u00ed<\/h3>\n<p><img decoding=\"async\" src=\"\/wp-content\/uploads\/factory-02.webp\"\/><\/p>\n<\/p>\n<p><img decoding=\"async\" src=\"\/wp-content\/uploads\/factory-03.webp\"\/><\/p>\n<h3>Sklad pl\u00edsn\u00ed<\/h3>\n<p><img decoding=\"async\" src=\"\/wp-content\/uploads\/factory-04.webp\"\/><\/p>\n<h3>43 linek na vytla\u010dov\u00e1n\u00ed hlin\u00edku (500 - 5500 tun)<\/h3>\n<p><img decoding=\"async\" src=\"\/wp-content\/uploads\/factory-05.webp\"\/><\/p>\n<p><img decoding=\"async\" src=\"\/wp-content\/uploads\/factory-06.webp\"\/><\/p>\n<p><img decoding=\"async\" src=\"\/wp-content\/uploads\/factory-07.webp\"\/><\/p>\n<h3>D\u00edlna pr\u00e1\u0161kov\u00e9ho lakov\u00e1n\u00ed<\/h3>\n<p><img decoding=\"async\" src=\"\/wp-content\/uploads\/factory-09.webp\"\/><\/p>\n<h3>D\u00edlna eloxov\u00e1n\u00ed<\/h3>\n<p><img decoding=\"async\" src=\"\/wp-content\/uploads\/factory-10.webp\"\/><\/p>\n<h3>Workshop o hloubkov\u00e9m zpracov\u00e1n\u00ed<\/h3>\n<p><img decoding=\"async\" src=\"\/wp-content\/uploads\/factory-11.webp\"\/><\/p>\n<h3>D\u00edlna CNC p\u0159esn\u00e9ho obr\u00e1b\u011bn\u00ed<\/h3>\n<p><img decoding=\"async\" src=\"\/wp-content\/uploads\/factory-11.5.webp\"\/><\/p>\n<h3>Sklad hotov\u00fdch v\u00fdrobk\u016f a exportn\u00ed sklad<\/h3>\n<p><img decoding=\"async\" src=\"\/wp-content\/uploads\/factory-12.webp\"\/><\/p>\n<p><img decoding=\"async\" src=\"\/wp-content\/uploads\/factory-13.webp\"\/><\/p>\n<p><img decoding=\"async\" src=\"\/wp-content\/uploads\/factory-14.webp\"\/><\/p>\n<h2>\u010cASTO KLADEN\u00c9 DOTAZY<\/h2>\n<p><b>1.Co je extrudovan\u00e1 hlin\u00edkov\u00e1 sk\u0159\u00ed\u0148? <\/b><\/p>\n<p> Extrudovan\u00e1 hlin\u00edkov\u00e1 sk\u0159\u00ed\u0148 je ochrann\u00fd kryt vyroben\u00fd z hlin\u00edku, kter\u00fd se obvykle pou\u017e\u00edv\u00e1 k zapouzd\u0159en\u00ed a ochran\u011b elektronick\u00fdch sou\u010d\u00e1stek, stroj\u016f a pr\u016fmyslov\u00fdch za\u0159\u00edzen\u00ed.\n<\/p>\n<p><\/p>\n<p><b>2.Pro\u010d zvolit hlin\u00edk pro sk\u0159\u00edn\u011b? <\/b><\/p>\n<p> Hlin\u00edk je lehk\u00fd, trvanliv\u00fd, odoln\u00fd proti korozi a poskytuje vynikaj\u00edc\u00ed ochranu proti fyzick\u00e9mu po\u0161kozen\u00ed a vliv\u016fm prost\u0159ed\u00ed, tak\u017ee je pro sk\u0159\u00edn\u011b ide\u00e1ln\u00ed.\n<\/p>\n<p><\/p>\n<p><b>3.Lze tyto hlin\u00edkov\u00e9 sk\u0159\u00edn\u011b p\u0159izp\u016fsobit? <\/b><\/p>\n<p> Ano, lze je p\u0159izp\u016fsobit z hlediska velikosti, tvaru, slitiny, povrchov\u00e9 \u00fapravy a mo\u017enost\u00ed mont\u00e1\u017ee tak, aby spl\u0148ovaly konkr\u00e9tn\u00ed po\u017eadavky projektu.\n<\/p>\n<p><\/p>\n<p><b>4.Jak\u00e9 povrchov\u00e9 \u00fapravy jsou k dispozici pro hlin\u00edkov\u00e9 sk\u0159\u00edn\u011b? <\/b><\/p>\n<p> Mezi b\u011b\u017en\u00e9 povrchov\u00e9 \u00fapravy pat\u0159\u00ed eloxov\u00e1n\u00ed, pr\u00e1\u0161kov\u00e9 lakov\u00e1n\u00ed a kart\u00e1\u010dovan\u00e9 povrchy, kter\u00e9 zaji\u0161\u0165uj\u00ed dodate\u010dnou odolnost proti korozi a elegantn\u00ed vzhled.\n<\/p>\n<p><\/p>\n<p><b>5.Jsou hlin\u00edkov\u00e9 sk\u0159\u00edn\u011b odoln\u00e9 proti pov\u011btrnostn\u00edm vliv\u016fm? <\/b><\/p>\n<p> Ano, hlin\u00edkov\u00e9 sk\u0159\u00edn\u011b jsou vysoce odoln\u00e9 v\u016f\u010di vlhkosti, UV z\u00e1\u0159en\u00ed a teplotn\u00edm v\u00fdkyv\u016fm, tak\u017ee jsou vhodn\u00e9 pro vnit\u0159n\u00ed i venkovn\u00ed pou\u017eit\u00ed.\n<\/p>\n<p><\/p>\n<p><b>6.V jak\u00fdch odv\u011btv\u00edch se pou\u017e\u00edvaj\u00ed hlin\u00edkov\u00e9 sk\u0159\u00edn\u011b? <\/b><\/p>\n<p> Jsou \u0161iroce pou\u017e\u00edv\u00e1ny v elektronice, telekomunikac\u00edch, pr\u016fmyslov\u00fdch \u0159\u00eddic\u00edch syst\u00e9mech, automobilov\u00e9m pr\u016fmyslu a v odv\u011btv\u00ed obnoviteln\u00fdch zdroj\u016f energie.\n<\/p>\n<p><\/p>\n<p><b>7.Jak snadno lze upravit hlin\u00edkov\u00e9 sk\u0159\u00edn\u011b? <\/b><\/p>\n<p> Hlin\u00edk se snadno obr\u00e1b\u00ed, \u0159e\u017ee, vrt\u00e1 a montuje, co\u017e umo\u017e\u0148uje efektivn\u00ed \u00fapravy a p\u0159izp\u016fsoben\u00ed b\u011bhem v\u00fdroby.\n<\/p>\n<p><\/p>\n<p><b>8.Je hlin\u00edk \u0161etrn\u00fd k \u017eivotn\u00edmu prost\u0159ed\u00ed? <\/b><\/p>\n<p> Ano, hlin\u00edk je 100% recyklovateln\u00fd a p\u0159edstavuje udr\u017eitelnou mo\u017enost pro ekologicky \u0161etrn\u00e9 v\u00fdrobn\u00ed postupy.\n<\/p>\n<p><\/p>","protected":false},"featured_media":7451,"template":"","categories":[67],"class_list":["post-7452","product","type-product","status-publish","has-post-thumbnail","hentry","category-architectural-aluminium-profile"],"meta_box":{"hilight_text_group":{"product_hilight_text":"<li>High-strength extruded aluminum provides excellent protection for sensitive electronic components.<\/li>\r\r\n<li>Lightweight yet durable, offering strong structural integrity without added weight.<\/li>\r\r\n<li>Corrosion-resistant finish ensures long-term performance in harsh environments.<\/li>\r\r\n<li>Customizable sizes, shapes, and surface finishes to meet specific design requirements.<\/li>\r\r\n<li>Easy to machine, cut, and assemble, reducing manufacturing time and costs.<\/li>\r\r\n<li>Ideal for electronics, control systems, and industrial enclosures requiring secure, rugged protection.<\/li>","product_chanpin_blog":"<ul>\r\r\n<li><a href=\"https:\/\/sinoextrud.com\/t-slot-v-slot-differences\/\" target=\"_blank\">t slot vs v slot<\/a><\/li>\r\r\n<li><a href=\"https:\/\/sinoextrud.com\/what-is-4040-aluminium-extrud\/\" target=\"_blank\">4040 aluminium extrusion<\/a><\/li>\r\r\n<li><a href=\"https:\/\/sinoextrud.com\/what-is-4040-aluminium-extrud\/\" target=\"_blank\">aluminum extrusions for industrial racks<\/a><\/li>\r\r\n<li><a href=\"https:\/\/sinoextrud.com\/powder-coating-aluminium-process\/\" target=\"_blank\">powder coating aluminium<\/a><\/li>\r\r\n<li><a href=\"https:\/\/sinoextrud.com\/what-is-an-aluminium-strip-ceiling\/\" target=\"_blank\">aluminium strip ceiling<\/a><\/li>\r\r\n<li><a href=\"https:\/\/sinoextrud.com\/what-is-a-heat-sink\/\" target=\"_blank\">what is a heat sink<\/a><\/li>\r\r\n<\/ul>","product_chanpin_chanpin":"<li><a href=\"https:\/\/sinoextrud.com\/product\/anodized-aluminum-handrail\/\" target=\"_blank\">Anodized Aluminum Handrail<\/a><\/li>\r\n<li><a href=\"https:\/\/sinoextrud.com\/product\/anodized-aluminum-railing-systems\/\" target=\"_blank\">Anodized Aluminum Railing Systems<\/a><\/li>\r\n<li><a href=\"https:\/\/sinoextrud.com\/product\/customize-extruded-aluminium-shower-profiles\/\" target=\"_blank\">Customize Extruded Aluminium Shower Profiles<\/a><\/li>\r\n<li><a href=\"https:\/\/sinoextrud.com\/product\/customize-extruded-aluminum-channel-profiles\/\" target=\"_blank\">Customize Extruded Aluminum Channel Profiles<\/a><\/li>\r\n<li><a href=\"https:\/\/sinoextrud.com\/product\/extruded-aluminum-enclosure-case\/\" target=\"_blank\">Extruded Aluminum Enclosure Case<\/a><\/li>\r\n<li><a href=\"https:\/\/sinoextrud.com\/product\/flat-aluminum-extrusions\/\" target=\"_blank\">Flat Aluminum Extrusions<\/a><\/li>\r\n<li><a href=\"https:\/\/sinoextrud.com\/product\/factory-offer-6061-aluminum-railing-profiles\/\" target=\"_blank\">Factory Offer 6061 Aluminum Railing Profiles<\/a><\/li>\r\n<li><a href=\"https:\/\/sinoextrud.com\/product\/coated-treatment-aluminium-extrusion\/\" target=\"_blank\">Coated Treatment Aluminium Extrusion<\/a><\/li>\r\n<li><a href=\"https:\/\/sinoextrud.com\/product\/shutter-type-of-aluminum-profiles-for-doors-and-windows\/\" target=\"_blank\">Shutter Type Of Aluminum Profiles For Doors And Windows<\/a><\/li>\r\n<li><a href=\"https:\/\/sinoextrud.com\/product\/aluminum-handrail-profiles\/\" target=\"_blank\">Aluminum Handrail Profiles<\/a><\/li>\r\n<li><a href=\"https:\/\/sinoextrud.com\/product\/professional-aluminium-tubing\/\" target=\"_blank\">Professional Aluminium Tubing<\/a><\/li>"},"feature_list":[]},"_links":{"self":[{"href":"https:\/\/sinoextrud.com\/cs\/wp-json\/wp\/v2\/product\/7452","targetHints":{"allow":["GET"]}}],"collection":[{"href":"https:\/\/sinoextrud.com\/cs\/wp-json\/wp\/v2\/product"}],"about":[{"href":"https:\/\/sinoextrud.com\/cs\/wp-json\/wp\/v2\/types\/product"}],"wp:featuredmedia":[{"embeddable":true,"href":"https:\/\/sinoextrud.com\/cs\/wp-json\/wp\/v2\/media\/7451"}],"wp:attachment":[{"href":"https:\/\/sinoextrud.com\/cs\/wp-json\/wp\/v2\/media?parent=7452"}],"wp:term":[{"taxonomy":"category","embeddable":true,"href":"https:\/\/sinoextrud.com\/cs\/wp-json\/wp\/v2\/categories?post=7452"}],"curies":[{"name":"wp","href":"https:\/\/api.w.org\/{rel}","templated":true}]}}