{"id":7448,"date":"2025-06-07T07:39:29","date_gmt":"2025-06-07T07:39:29","guid":{"rendered":"https:\/\/sinoextrud.com\/product\/customize-extruded-aluminium-shower-profiles\/"},"modified":"2025-06-24T06:12:51","modified_gmt":"2025-06-24T06:12:51","slug":"prizpusobeni-extrudovanych-hlinikovych-sprchovych-profilu","status":"publish","type":"product","link":"https:\/\/sinoextrud.com\/cs\/product\/customize-extruded-aluminium-shower-profiles\/","title":{"rendered":"P\u0159izp\u016fsoben\u00ed sprchov\u00fdch profil\u016f z extrudovan\u00e9ho hlin\u00edku"},"content":{"rendered":"<h2>Podrobnosti o produktech<\/h2>\n<table class=\"custom-table\">\n<tr>\n<td class=\"label\">Polo\u017eka<\/td>\n<td>P\u0159izp\u016fsoben\u00ed sprchov\u00fdch profil\u016f z extrudovan\u00e9ho hlin\u00edku<\/td>\n<\/tr>\n<tr>\n<td class=\"label\">Materi\u00e1l<\/td>\n<td>Vysoce kvalitn\u00ed hlin\u00edkov\u00e1 slitina (nap\u0159. 6063, 6061, 6463)<\/td>\n<\/tr>\n<tr>\n<td class=\"label\">Rozm\u011bry profilu<\/td>\n<td>P\u0159izp\u016fsobiteln\u00e9 d\u00e9lky, \u0161\u00ed\u0159ky a v\u00fd\u0161ky (nap\u0159. 20 mm a\u017e 100 mm na \u0161\u00ed\u0159ku; a\u017e 6 m na d\u00e9lku).<\/td>\n<\/tr>\n<tr>\n<td class=\"label\">Tlou\u0161\u0165ka st\u011bny<\/td>\n<td>Mo\u017enost p\u0159izp\u016fsoben\u00ed (obvykle v rozmez\u00ed od 1,0 mm do 3,0 mm)<\/td>\n<\/tr>\n<tr>\n<td class=\"label\">Mo\u017enosti povrchov\u00e9 \u00fapravy<\/td>\n<td>Povrchov\u00e1 \u00faprava fr\u00e9zov\u00e1n\u00edm, pr\u00e1\u0161kov\u00e9 lakov\u00e1n\u00ed, elektrofor\u00e9za, kresba d\u0159eva, eloxov\u00e1n\u00ed, kart\u00e1\u010dov\u00e1n\u00ed, le\u0161t\u011bn\u00ed<\/td>\n<\/tr>\n<tr>\n<td class=\"label\">Mo\u017enosti barev<\/td>\n<td>K dispozici jsou vlastn\u00ed barvy (standardn\u00ed barvy zahrnuj\u00ed st\u0159\u00edbrnou, \u010dernou, b\u00edlou a r\u016fzn\u00e9 barvy RAL)<\/td>\n<\/tr>\n<tr>\n<td class=\"label\">Tolerance<\/td>\n<td>\u00b10,1 mm (na vy\u017e\u00e1d\u00e1n\u00ed jsou k dispozici vlastn\u00ed tolerance)<\/td>\n<\/tr>\n<tr>\n<td class=\"label\">Schopnosti CNC obr\u00e1b\u011bn\u00ed<\/td>\n<td>Oh\u00fdb\u00e1n\u00ed, vrt\u00e1n\u00ed, sva\u0159ov\u00e1n\u00ed, soustru\u017een\u00ed, fr\u00e9zov\u00e1n\u00ed, \u0159ez\u00e1n\u00ed a zak\u00e1zkov\u00e9 tvary a konstrukce.<\/td>\n<\/tr>\n<tr>\n<td class=\"label\">Hmotnost<\/td>\n<td>N\u00edzk\u00e1 hmotnost (hustota p\u0159ibli\u017en\u011b 2,7 g\/cm3)<\/td>\n<\/tr>\n<tr>\n<td class=\"label\">Odolnost proti korozi<\/td>\n<td>Vynikaj\u00edc\u00ed odolnost d\u00edky eloxov\u00e1n\u00ed a pr\u00e1\u0161kov\u00e9mu lakov\u00e1n\u00ed<\/td>\n<\/tr>\n<tr>\n<td class=\"label\">Kapacita zat\u00ed\u017een\u00ed<\/td>\n<td>Li\u0161\u00ed se v z\u00e1vislosti na konstrukci; u instalac\u00ed sprch obvykle unese zna\u010dnou hmotnost.<\/td>\n<\/tr>\n<tr>\n<td class=\"label\">Oblasti pou\u017eit\u00ed<\/td>\n<td>- Obytn\u00e9 koupelny<br \/>\n- Komer\u010dn\u00ed za\u0159\u00edzen\u00ed<br \/>\n- L\u00e1zn\u011b a wellness centra<br \/>\n- Hotely<\/td>\n<\/tr>\n<tr>\n<td class=\"label\">Balen\u00ed<\/td>\n<td>Kartony s ochrann\u00fdm obalem na m\u00edru, aby se zabr\u00e1nilo po\u0161kozen\u00ed b\u011bhem p\u0159epravy.<\/td>\n<\/tr>\n<tr>\n<td class=\"label\">Certifikace<\/td>\n<td>ISO:9001, SONCAP, certifik\u00e1t BV, TUV, SGS nebo certifik\u00e1t z\u00e1kazn\u00edka k dispozici<\/td>\n<\/tr>\n<tr>\n<td class=\"label\">Doba realizace<\/td>\n<td>Obvykle 15-30 dn\u00ed v z\u00e1vislosti na velikosti a slo\u017eitosti objedn\u00e1vky.<\/td>\n<\/tr>\n<tr>\n<td class=\"label\">MOQ<\/td>\n<td>Mo\u017enost p\u0159izp\u016fsoben\u00ed; obvykle za\u010d\u00edn\u00e1 na 200 kg nebo ekvivalentn\u00edch jednotk\u00e1ch<\/td>\n<\/tr>\n<\/table>\n<h2>Na\u0161e v\u00fdrobn\u00ed z\u00e1kladna<\/h2>\n<h3>Panorama tov\u00e1rny<\/h3>\n<p><img decoding=\"async\" src=\"\/wp-content\/uploads\/factory-01.webp\"\/><\/p>\n<h3>D\u00edlna na v\u00fdrobu hlin\u00edkov\u00fdch ty\u010d\u00ed<\/h3>\n<p><img decoding=\"async\" src=\"\/wp-content\/uploads\/factory-02.webp\"\/><\/p>\n<\/p>\n<p><img decoding=\"async\" src=\"\/wp-content\/uploads\/factory-03.webp\"\/><\/p>\n<h3>Sklad pl\u00edsn\u00ed<\/h3>\n<p><img decoding=\"async\" src=\"\/wp-content\/uploads\/factory-04.webp\"\/><\/p>\n<h3>43 linek na vytla\u010dov\u00e1n\u00ed hlin\u00edku (500-5500 tun)<\/h3>\n<p><img decoding=\"async\" src=\"\/wp-content\/uploads\/factory-05.webp\"\/><\/p>\n<p><img decoding=\"async\" src=\"\/wp-content\/uploads\/factory-06.webp\"\/><\/p>\n<p><img decoding=\"async\" src=\"\/wp-content\/uploads\/factory-07.webp\"\/><\/p>\n<h3>D\u00edlna pr\u00e1\u0161kov\u00e9ho lakov\u00e1n\u00ed<\/h3>\n<p><img decoding=\"async\" src=\"\/wp-content\/uploads\/factory-09.webp\"\/><\/p>\n<h3>D\u00edlna eloxov\u00e1n\u00ed<\/h3>\n<p><img decoding=\"async\" src=\"\/wp-content\/uploads\/factory-10.webp\"\/><\/p>\n<h3>Workshop o hloubkov\u00e9m zpracov\u00e1n\u00ed<\/h3>\n<p><img decoding=\"async\" src=\"\/wp-content\/uploads\/factory-11.webp\"\/><\/p>\n<h3>D\u00edlna CNC p\u0159esn\u00e9ho obr\u00e1b\u011bn\u00ed<\/h3>\n<p><img decoding=\"async\" src=\"\/wp-content\/uploads\/factory-11.5.webp\"\/><\/p>\n<h3>Sklad hotov\u00fdch v\u00fdrobk\u016f a exportn\u00ed sklad<\/h3>\n<p><img decoding=\"async\" src=\"\/wp-content\/uploads\/factory-12.webp\"\/><\/p>\n<p><img decoding=\"async\" src=\"\/wp-content\/uploads\/factory-13.webp\"\/><\/p>\n<p><img decoding=\"async\" src=\"\/wp-content\/uploads\/factory-14.webp\"\/><\/p>\n<h2>\u010cASTO KLADEN\u00c9 DOTAZY<\/h2>\n<p><b>1.Co jsou vlastn\u00ed extrudovan\u00e9 hlin\u00edkov\u00e9 sprchov\u00e9 profily? <\/b><\/p>\n<p> Jedn\u00e1 se o hlin\u00edkov\u00e9 profily navr\u017een\u00e9 na m\u00edru, kter\u00e9 se pou\u017e\u00edvaj\u00ed k r\u00e1mov\u00e1n\u00ed nebo podep\u0159en\u00ed sprchov\u00fdch kout\u016f a jsou p\u0159izp\u016fsobeny specifick\u00fdm po\u017eadavk\u016fm na velikost a design.\n<\/p>\n<p><\/p>\n<p><b>2.Pro\u010d pou\u017e\u00edvat hlin\u00edkov\u00e9 profily pro sprchov\u00e9 kouty? <\/b><\/p>\n<p> Hlin\u00edk je odoln\u00fd proti korozi, m\u00e1 dlouhou \u017eivotnost a elegantn\u00ed vzhled, tak\u017ee je ide\u00e1ln\u00ed pro koupelny s vysokou vlhkost\u00ed.\n<\/p>\n<p><\/p>\n<p><b>3.Lze tyto profily p\u0159izp\u016fsobit? <\/b><\/p>\n<p> Ano, sprchov\u00e9 profily z extrudovan\u00e9ho hlin\u00edku lze tvarov\u011b, povrchov\u011b a rozm\u011brov\u011b p\u0159izp\u016fsobit r\u016fzn\u00fdm design\u016fm sprch a prostorov\u00fdm omezen\u00edm.\n<\/p>\n<p><\/p>\n<p><b>4.Jak\u00e9 povrchov\u00e9 \u00fapravy jsou k dispozici pro hlin\u00edkov\u00e9 sprchov\u00e9 profily? <\/b><\/p>\n<p> Na v\u00fdb\u011br jsou eloxovan\u00e9, pr\u00e1\u0161kov\u011b lakovan\u00e9, kart\u00e1\u010dovan\u00e9 nebo le\u0161t\u011bn\u00e9 povrchy, kter\u00e9 zaji\u0161\u0165uj\u00ed estetickou a funk\u010dn\u00ed v\u0161estrannost.\n<\/p>\n<p><\/p>\n<p><b>5.Jsou tyto profily vhodn\u00e9 pro sklen\u011bn\u00e9 sprchov\u00e9 syst\u00e9my? <\/b><\/p>\n<p> Rozhodn\u011b jsou ur\u010deny k podep\u0159en\u00ed panel\u016f z tvrzen\u00e9ho skla, stejn\u011b jako akryl\u00e1tu nebo jin\u00fdch materi\u00e1l\u016f pou\u017e\u00edvan\u00fdch ve sprchov\u00fdch konstrukc\u00edch.\n<\/p>\n<p><\/p>\n<p><b>6.Je instalace t\u011bchto profil\u016f snadn\u00e1? <\/b><\/p>\n<p> Ano, p\u0159esn\u00fd proces vytla\u010dov\u00e1n\u00ed zaji\u0161\u0165uje konzistentn\u00ed rozm\u011bry, tak\u017ee mont\u00e1\u017e a instalace je rychl\u00e1 a p\u0159esn\u00e1.\n<\/p>\n<p><\/p>\n<p><b>7.Odol\u00e1vaj\u00ed hlin\u00edkov\u00e9 sprchov\u00e9 profily korozi a rzi? <\/b><\/p>\n<p> Ano, hlin\u00edk je p\u0159irozen\u011b odoln\u00fd proti korozi a m\u016f\u017ee b\u00fdt d\u00e1le upraven tak, aby se mimo\u0159\u00e1dn\u011b dob\u0159e choval ve vlhk\u00e9m prost\u0159ed\u00ed.\n<\/p>\n<p><\/p>\n<p><b>8.Jsou tyto profily kompatibiln\u00ed se standardn\u00edm hardwarem a t\u011bsn\u011bn\u00edmi? <\/b><\/p>\n<p> Ano, jsou navr\u017eeny tak, aby fungovaly se standardn\u00edmi z\u00e1v\u011bsy, t\u011bsn\u011bn\u00edmi, v\u00e1le\u010dky a dal\u0161\u00edm kov\u00e1n\u00edm pro sprchov\u00e9 kouty.\n<\/p>\n<p><\/p>","protected":false},"featured_media":7447,"template":"","categories":[67],"class_list":["post-7448","product","type-product","status-publish","has-post-thumbnail","hentry","category-architectural-aluminium-profile"],"meta_box":{"hilight_text_group":{"product_hilight_text":"<li>Custom-made aluminum profiles tailored for various shower enclosure designs.<\/li>\r\r\n<li>Corrosion-resistant surface ideal for wet and humid bathroom environments.<\/li>\r\r\n<li>Lightweight yet durable material ensures long-lasting structural integrity.<\/li>\r\r\n<li>Available in multiple finishes including anodized, brushed, and powder-coated.<\/li>\r\r\n<li>Easy to assemble and install with precision-extruded dimensions.<\/li>\r\r\n<li>Supports glass, acrylic, or panel-based shower systems.<\/li>","product_chanpin_blog":"<ul>\r\r\n<li><a href=\"https:\/\/sinoextrud.com\/t-slot-v-slot-differences\/\" target=\"_blank\">t slot vs v slot<\/a><\/li>\r\r\n<li><a href=\"https:\/\/sinoextrud.com\/what-is-4040-aluminium-extrud\/\" target=\"_blank\">4040 aluminium extrusion<\/a><\/li>\r\r\n<li><a href=\"https:\/\/sinoextrud.com\/what-is-4040-aluminium-extrud\/\" target=\"_blank\">aluminum extrusions for industrial racks<\/a><\/li>\r\r\n<li><a href=\"https:\/\/sinoextrud.com\/powder-coating-aluminium-process\/\" target=\"_blank\">powder coating aluminium<\/a><\/li>\r\r\n<li><a href=\"https:\/\/sinoextrud.com\/what-is-an-aluminium-strip-ceiling\/\" target=\"_blank\">aluminium strip ceiling<\/a><\/li>\r\r\n<li><a href=\"https:\/\/sinoextrud.com\/what-is-a-heat-sink\/\" target=\"_blank\">what is a heat sink<\/a><\/li>\r\r\n<\/ul>","product_chanpin_chanpin":"<li><a href=\"https:\/\/sinoextrud.com\/product\/precision-cnc-machining-industrial-profile\/\" target=\"_blank\">Precision CNC Machining Industrial Profile<\/a><\/li>\r\n<li><a href=\"https:\/\/sinoextrud.com\/product\/architectural-aluminium-profiles\/\" target=\"_blank\">Architectural Aluminium Profiles<\/a><\/li>\r\n<li><a href=\"https:\/\/sinoextrud.com\/product\/anodized-aluminum-handrail\/\" target=\"_blank\">Anodized Aluminum Handrail<\/a><\/li>\r\n<li><a href=\"https:\/\/sinoextrud.com\/product\/anodized-aluminum-railing-systems\/\" target=\"_blank\">Anodized Aluminum Railing Systems<\/a><\/li>\r\n<li><a href=\"https:\/\/sinoextrud.com\/product\/customize-extruded-aluminium-shower-profiles\/\" target=\"_blank\">Customize Extruded Aluminium Shower Profiles<\/a><\/li>\r\n<li><a href=\"https:\/\/sinoextrud.com\/product\/customize-extruded-aluminum-channel-profiles\/\" target=\"_blank\">Customize Extruded Aluminum Channel Profiles<\/a><\/li>\r\n<li><a href=\"https:\/\/sinoextrud.com\/product\/extruded-aluminum-enclosure-case\/\" target=\"_blank\">Extruded Aluminum Enclosure Case<\/a><\/li>\r\n<li><a href=\"https:\/\/sinoextrud.com\/product\/flat-aluminum-extrusions\/\" target=\"_blank\">Flat Aluminum Extrusions<\/a><\/li>\r\n<li><a href=\"https:\/\/sinoextrud.com\/product\/factory-offer-6061-aluminum-railing-profiles\/\" target=\"_blank\">Factory Offer 6061 Aluminum Railing Profiles<\/a><\/li>\r\n<li><a href=\"https:\/\/sinoextrud.com\/product\/cnc-industrial-aluminum-profiler\/\" target=\"_blank\">CNC Industrial Aluminum Profiler<\/a><\/li>\r\n<li><a href=\"https:\/\/sinoextrud.com\/product\/6063-t5-oem-aluminum-profile-conner-angle-for-window-and-door-or-led-light-display\/\" target=\"_blank\">6063 T5 OEM Aluminum Profile Conner Angle For Window And Door Or Led Light Display<\/a><\/li>"},"feature_list":[]},"_links":{"self":[{"href":"https:\/\/sinoextrud.com\/cs\/wp-json\/wp\/v2\/product\/7448","targetHints":{"allow":["GET"]}}],"collection":[{"href":"https:\/\/sinoextrud.com\/cs\/wp-json\/wp\/v2\/product"}],"about":[{"href":"https:\/\/sinoextrud.com\/cs\/wp-json\/wp\/v2\/types\/product"}],"wp:featuredmedia":[{"embeddable":true,"href":"https:\/\/sinoextrud.com\/cs\/wp-json\/wp\/v2\/media\/7447"}],"wp:attachment":[{"href":"https:\/\/sinoextrud.com\/cs\/wp-json\/wp\/v2\/media?parent=7448"}],"wp:term":[{"taxonomy":"category","embeddable":true,"href":"https:\/\/sinoextrud.com\/cs\/wp-json\/wp\/v2\/categories?post=7448"}],"curies":[{"name":"wp","href":"https:\/\/api.w.org\/{rel}","templated":true}]}}