{"id":7442,"date":"2025-06-07T07:25:57","date_gmt":"2025-06-07T07:25:57","guid":{"rendered":"https:\/\/sinoextrud.com\/product\/architectural-aluminium-profiles\/"},"modified":"2025-06-24T06:12:49","modified_gmt":"2025-06-24T06:12:49","slug":"architektonicke-hlinikove-profily","status":"publish","type":"product","link":"https:\/\/sinoextrud.com\/cs\/product\/architectural-aluminium-profiles\/","title":{"rendered":"Hlin\u00edkov\u00e9 profily pro architekturu"},"content":{"rendered":"<h2>Podrobnosti o produktech<\/h2>\n<table class=\"custom-table\">\n<tbody>\n<tr>\n<td> Model NO:<\/td>\n<td> TL 800 (architektonick\u00e9 hlin\u00edkov\u00e9 profily)<\/td>\n<\/tr>\n<tr>\n<td> Pou\u017eit\u00ed:<\/td>\n<td> n\u00e1zvy hlin\u00edkov\u00fdch okenn\u00edch d\u00edl\u016f<\/td>\n<\/tr>\n<tr>\n<td> T\u0159\u00edda:<\/td>\n<td> \u0158ada 6000<\/td>\n<\/tr>\n<tr>\n<td> Technika:<\/td>\n<td> Extrudovan\u00e9 hlin\u00edkov\u00e9 profily a p\u0159\u00edslu\u0161enstv\u00ed<\/td>\n<\/tr>\n<tr>\n<td> M\u00edrnost:<\/td>\n<td> T3 - T8<\/td>\n<\/tr>\n<tr>\n<td> Velikosti:<\/td>\n<td> Mohlo by to b\u00fdt na zak\u00e1zku jako poskytnut\u00fd design<\/td>\n<\/tr>\n<tr>\n<td> Obr\u00e1b\u011bc\u00ed slu\u017eby:<\/td>\n<td> Vrt\u00e1n\u00ed, z\u00e1vitov\u00e1n\u00ed, n\u00fdtov\u00e1n\u00ed, mont\u00e1\u017e atd.<\/td>\n<\/tr>\n<tr>\n<td> Ochrann\u00e1 zn\u00e1mka:<\/td>\n<td> NEPOU\u017dIJE SE.<\/td>\n<\/tr>\n<tr>\n<td> P\u016fvod:<\/td>\n<td> Guangdong<\/td>\n<\/tr>\n<tr>\n<td> Typ:<\/td>\n<td> Hlin\u00edkov\u00e9 profily pro milovn\u00edky<\/td>\n<\/tr>\n<tr>\n<td> Tvar:<\/td>\n<td> Vyrobeno podle n\u00e1vrhu klienta<\/td>\n<\/tr>\n<tr>\n<td> Povrchov\u00e1 \u00faprava:<\/td>\n<td> struktura d\u0159eva<\/td>\n<\/tr>\n<tr>\n<td> Slitina:<\/td>\n<td> Slitina<\/td>\n<\/tr>\n<tr>\n<td> Certifikace:<\/td>\n<td> ISO, RoHS<\/td>\n<\/tr>\n<tr>\n<td> D\u00e9lka:<\/td>\n<td> M\u016f\u017ee \u0159ezat podle specifick\u00fdch pot\u0159eb<\/td>\n<\/tr>\n<tr>\n<td> Barvy:<\/td>\n<td> Vyrobeno podle zad\u00e1n\u00ed \u010c\u00edslo barvy<\/td>\n<\/tr>\n<tr>\n<td> Specifikace:<\/td>\n<td> SGS, Rohs, ISO<\/td>\n<\/tr>\n<tr>\n<td> K\u00f3d HS:<\/td>\n<td> 76042990<\/td>\n<\/tr>\n<\/tbody>\n<\/table>\n<h2>Na\u0161e v\u00fdrobn\u00ed z\u00e1kladna<\/h2>\n<h3>Panorama tov\u00e1rny<\/h3>\n<p><img decoding=\"async\" src=\"\/wp-content\/uploads\/factory-01.webp\"\/><\/p>\n<h3>D\u00edlna na v\u00fdrobu hlin\u00edkov\u00fdch ty\u010d\u00ed<\/h3>\n<p><img decoding=\"async\" src=\"\/wp-content\/uploads\/factory-02.webp\"\/><\/p>\n<p><img decoding=\"async\" src=\"\/wp-content\/uploads\/factory-03.webp\"\/><\/p>\n<h3>Sklad pl\u00edsn\u00ed<\/h3>\n<p><img decoding=\"async\" src=\"\/wp-content\/uploads\/factory-04.webp\"\/><\/p>\n<h3>43 linek na vytla\u010dov\u00e1n\u00ed hlin\u00edku (500 - 5500 tun)<\/h3>\n<p><img decoding=\"async\" src=\"\/wp-content\/uploads\/factory-05.webp\"\/><\/p>\n<p><img decoding=\"async\" src=\"\/wp-content\/uploads\/factory-06.webp\"\/><\/p>\n<p><img decoding=\"async\" src=\"\/wp-content\/uploads\/factory-07.webp\"\/><\/p>\n<h3>D\u00edlna pr\u00e1\u0161kov\u00e9ho lakov\u00e1n\u00ed<\/h3>\n<p><img decoding=\"async\" src=\"\/wp-content\/uploads\/factory-09.webp\"\/><\/p>\n<h3>D\u00edlna eloxov\u00e1n\u00ed<\/h3>\n<p><img decoding=\"async\" src=\"\/wp-content\/uploads\/factory-10.webp\"\/><\/p>\n<h3>Workshop o hloubkov\u00e9m zpracov\u00e1n\u00ed<\/h3>\n<p><img decoding=\"async\" src=\"\/wp-content\/uploads\/factory-11.webp\"\/><\/p>\n<h3>D\u00edlna CNC p\u0159esn\u00e9ho obr\u00e1b\u011bn\u00ed<\/h3>\n<p><img decoding=\"async\" src=\"\/wp-content\/uploads\/factory-11.5.webp\"\/><\/p>\n<h3>Sklad hotov\u00fdch v\u00fdrobk\u016f a exportn\u00ed sklad<\/h3>\n<p><img decoding=\"async\" src=\"\/wp-content\/uploads\/factory-12.webp\"\/><\/p>\n<p><img decoding=\"async\" src=\"\/wp-content\/uploads\/factory-13.webp\"\/><\/p>\n<p><img decoding=\"async\" src=\"\/wp-content\/uploads\/factory-14.webp\"\/><\/p>\n<h2>\u010cASTO KLADEN\u00c9 DOTAZY<\/h2>\n<p><p><b>1.Co jsou architektonick\u00e9 hlin\u00edkov\u00e9 profily? <\/b><\/p>\n<p> Hlin\u00edkov\u00e9 profily pro architekturu jsou p\u0159esn\u011b vytla\u010dovan\u00e9 hlin\u00edkov\u00e9 komponenty ur\u010den\u00e9 pro pou\u017eit\u00ed na fas\u00e1d\u00e1ch budov, v obvodov\u00fdch st\u011bn\u00e1ch, oknech a dekorativn\u00edch syst\u00e9mech.<br \/>\n<\/p><br \/>\n<br \/>\n<p><b>2.Pro\u010d pou\u017e\u00edvat hlin\u00edk v architektonick\u00e9m designu? <\/b><\/p>\n<p> Hlin\u00edk je lehk\u00fd, pevn\u00fd, odoln\u00fd proti korozi a podporuje r\u016fzn\u00e9 povrchov\u00e9 \u00fapravy, tak\u017ee je ide\u00e1ln\u00ed pro modern\u00ed architektonick\u00e9 aplikace.<br \/>\n<\/p><br \/>\n<br \/>\n<p><b>3.Lze profily p\u0159izp\u016fsobit? <\/b><\/p>\n<p> Ano, architektonick\u00e9 hlin\u00edkov\u00e9 profily lze tvarov\u011b, rozm\u011brov\u011b, povrchov\u011b a tlou\u0161\u0165kov\u011b p\u0159izp\u016fsobit tak, aby spl\u0148ovaly specifick\u00e9 po\u017eadavky na design a konstrukci projektu.<br \/>\n<\/p><br \/>\n<br \/>\n<p><b>4.Jak\u00e9 povrchov\u00e9 \u00fapravy jsou k dispozici? <\/b><\/p>\n<p> Mezi mo\u017enosti pat\u0159\u00ed eloxov\u00e1n\u00ed, pr\u00e1\u0161kov\u00e9 lakov\u00e1n\u00ed, PVDF a d\u0159ev\u011bn\u00e1 struktura, kter\u00e9 odpov\u00eddaj\u00ed funk\u010dn\u00edm i estetick\u00fdm c\u00edl\u016fm.<br \/>\n<\/p><br \/>\n<br \/>\n<p><b>5.Jsou hlin\u00edkov\u00e9 profily odoln\u00e9 proti pov\u011btrnostn\u00edm vliv\u016fm? <\/b><\/p>\n<p> Hlin\u00edkov\u00e9 profily se spr\u00e1vnou povrchovou \u00fapravou jsou vysoce odoln\u00e9 v\u016f\u010di UV z\u00e1\u0159en\u00ed, vlhkosti a zne\u010di\u0161t\u011bn\u00ed a jsou vhodn\u00e9 do v\u0161ech klimatick\u00fdch podm\u00ednek.<br \/>\n<\/p><br \/>\n<br \/>\n<p><b>6.Je hlin\u00edk \u0161etrn\u00fd k \u017eivotn\u00edmu prost\u0159ed\u00ed? <\/b><\/p>\n<p> Ano, hlin\u00edk je 100% recyklovateln\u00fd a p\u0159isp\u00edv\u00e1 k certifikaci ekologick\u00fdch budov, jako jsou LEED a BREEAM.<br \/>\n<\/p><br \/>\n<br \/>\n<p><b>7.Jak se tyto profily instaluj\u00ed? <\/b><\/p>\n<p> Architektonick\u00e9 hlin\u00edkov\u00e9 profily jsou kompatibiln\u00ed s r\u016fzn\u00fdmi syst\u00e9my r\u00e1mov\u00e1n\u00ed a lze je snadno instalovat pomoc\u00ed konzol, spon nebo skryt\u00fdch spojovac\u00edch prvk\u016f.<br \/>\n<\/p><br \/>\n<br \/>\n<p><b>8.Jak\u00e9 jsou typick\u00e9 aplikace architektonick\u00fdch hlin\u00edkov\u00fdch profil\u016f? <\/b><\/p>\n<p> B\u011b\u017en\u011b se pou\u017e\u00edvaj\u00ed jako fas\u00e1dn\u00ed obklady, okenn\u00ed r\u00e1my, z\u00e1bradl\u00ed, \u017ealuzie, slune\u010dn\u00ed clony a d\u011bl\u00edc\u00ed syst\u00e9my v komer\u010dn\u00edch a obytn\u00fdch budov\u00e1ch.<br \/>\n<\/p><br \/><\/p>","protected":false},"featured_media":7441,"template":"","categories":[67],"class_list":["post-7442","product","type-product","status-publish","has-post-thumbnail","hentry","category-architectural-aluminium-profile"],"meta_box":{"hilight_text_group":{"product_hilight_text":"<li>High-strength aluminum provides structural stability for architectural applications.<\/li>\r\r\n<li>Corrosion-resistant finishes ensure long-lasting performance in outdoor environments.<\/li>\r\r\n<li>Customizable profiles to fit modern and complex architectural designs.<\/li>\r\r\n<li>Lightweight material reduces construction load and simplifies installation.<\/li>\r\r\n<li>Supports anodizing, powder coating, and wood grain finishes for aesthetic flexibility.<\/li>\r\r\n<li>Suitable for facades, curtain walls, partitions, windows, and decorative systems.<\/li>","product_chanpin_blog":"<ul>\r\r\n<li><a href=\"https:\/\/sinoextrud.com\/t-slot-v-slot-differences\/\" target=\"_blank\">t slot vs v slot<\/a><\/li>\r\r\n<li><a href=\"https:\/\/sinoextrud.com\/what-is-4040-aluminium-extrud\/\" target=\"_blank\">4040 aluminium extrusion<\/a><\/li>\r\r\n<li><a href=\"https:\/\/sinoextrud.com\/what-is-4040-aluminium-extrud\/\" target=\"_blank\">aluminum extrusions for industrial racks<\/a><\/li>\r\r\n<li><a href=\"https:\/\/sinoextrud.com\/powder-coating-aluminium-process\/\" target=\"_blank\">powder coating aluminium<\/a><\/li>\r\r\n<li><a href=\"https:\/\/sinoextrud.com\/what-is-an-aluminium-strip-ceiling\/\" target=\"_blank\">aluminium strip ceiling<\/a><\/li>\r\r\n<li><a href=\"https:\/\/sinoextrud.com\/what-is-a-heat-sink\/\" target=\"_blank\">what is a heat sink<\/a><\/li>\r\r\n<\/ul>","product_chanpin_chanpin":"<li><a href=\"https:\/\/sinoextrud.com\/product\/customized-aluminum-alloy-housing-grow-light\/\" target=\"_blank\">Customized Aluminum Alloy Housing Grow Light<\/a><\/li>\r\n<li><a href=\"https:\/\/sinoextrud.com\/product\/extruded-aluminum-interlocking-plank-floor\/\" target=\"_blank\">Extruded Aluminum Interlocking Plank Floor<\/a><\/li>\r\n<li><a href=\"https:\/\/sinoextrud.com\/product\/anodized-brushed-black-extruded-frame-profile\/\" target=\"_blank\">Anodized Brushed Black Extruded Frame Profile<\/a><\/li>\r\n<li><a href=\"https:\/\/sinoextrud.com\/product\/precision-cnc-machining-industrial-profile\/\" target=\"_blank\">Precision CNC Machining Industrial Profile<\/a><\/li>\r\n<li><a href=\"https:\/\/sinoextrud.com\/product\/architectural-aluminium-profiles\/\" target=\"_blank\">Architectural Aluminium Profiles<\/a><\/li>\r\n<li><a href=\"https:\/\/sinoextrud.com\/product\/anodized-aluminum-handrail\/\" target=\"_blank\">Anodized Aluminum Handrail<\/a><\/li>\r\n<li><a href=\"https:\/\/sinoextrud.com\/product\/anodized-aluminum-railing-systems\/\" target=\"_blank\">Anodized Aluminum Railing Systems<\/a><\/li>\r\n<li><a href=\"https:\/\/sinoextrud.com\/product\/customize-extruded-aluminium-shower-profiles\/\" target=\"_blank\">Customize Extruded Aluminium Shower Profiles<\/a><\/li>\r\n<li><a href=\"https:\/\/sinoextrud.com\/product\/customize-extruded-aluminum-channel-profiles\/\" target=\"_blank\">Customize Extruded Aluminum Channel Profiles<\/a><\/li>\r\n<li><a href=\"https:\/\/sinoextrud.com\/product\/extruded-aluminum-bar\/\" target=\"_blank\">Extruded Aluminum Bar<\/a><\/li>\r\n<li><a href=\"https:\/\/sinoextrud.com\/product\/g-shaped-linear-ceiling-system\/\" target=\"_blank\">G-Shaped Linear Ceiling System<\/a><\/li>"},"feature_list":[]},"_links":{"self":[{"href":"https:\/\/sinoextrud.com\/cs\/wp-json\/wp\/v2\/product\/7442","targetHints":{"allow":["GET"]}}],"collection":[{"href":"https:\/\/sinoextrud.com\/cs\/wp-json\/wp\/v2\/product"}],"about":[{"href":"https:\/\/sinoextrud.com\/cs\/wp-json\/wp\/v2\/types\/product"}],"wp:featuredmedia":[{"embeddable":true,"href":"https:\/\/sinoextrud.com\/cs\/wp-json\/wp\/v2\/media\/7441"}],"wp:attachment":[{"href":"https:\/\/sinoextrud.com\/cs\/wp-json\/wp\/v2\/media?parent=7442"}],"wp:term":[{"taxonomy":"category","embeddable":true,"href":"https:\/\/sinoextrud.com\/cs\/wp-json\/wp\/v2\/categories?post=7442"}],"curies":[{"name":"wp","href":"https:\/\/api.w.org\/{rel}","templated":true}]}}