{"id":7438,"date":"2025-06-07T07:23:25","date_gmt":"2025-06-07T07:23:25","guid":{"rendered":"https:\/\/sinoextrud.com\/product\/anodized-brushed-black-extruded-frame-profile\/"},"modified":"2025-06-24T06:12:49","modified_gmt":"2025-06-24T06:12:49","slug":"eloxovany-kartacovany-cerny-extrudovany-ramovy-profil","status":"publish","type":"product","link":"https:\/\/sinoextrud.com\/cs\/product\/anodized-brushed-black-extruded-frame-profile\/","title":{"rendered":"eloxovan\u00fd \u010dern\u00fd kart\u00e1\u010dovan\u00fd profil extrudovan\u00e9ho r\u00e1mu"},"content":{"rendered":"<h2>Podrobnosti o produktech<\/h2>\n<table class=\"custom-table\">\n<tbody>\n<tr>\n<td> T\u0159\u00edda:<\/td>\n<td> 6063 -t5<\/td>\n<\/tr>\n<tr>\n<td> Technika:<\/td>\n<td> eloxovan\u00fd \u010dern\u00fd kart\u00e1\u010dovan\u00fd profil extrudovan\u00e9ho r\u00e1mu<\/td>\n<\/tr>\n<tr>\n<td> M\u00edrnost:<\/td>\n<td> T3 - T8<\/td>\n<\/tr>\n<tr>\n<td> Obr\u00e1b\u011bc\u00ed slu\u017eby:<\/td>\n<td> Vrt\u00e1n\u00ed, z\u00e1vitov\u00e1n\u00ed, n\u00fdtov\u00e1n\u00ed, mont\u00e1\u017e atd.<\/td>\n<\/tr>\n<tr>\n<td> Ochrann\u00e1 zn\u00e1mka:<\/td>\n<td> Sinoextrud Sinoextrud <\/td>\n<\/tr>\n<tr>\n<td> Typ:<\/td>\n<td> eloxovan\u00fd \u010dern\u00fd kart\u00e1\u010dovan\u00fd profil extrudovan\u00e9ho r\u00e1mu<\/td>\n<\/tr>\n<tr>\n<td> Tvar:<\/td>\n<td> Vyrobeno podle n\u00e1vrhu klienta<\/td>\n<\/tr>\n<tr>\n<td> Povrchov\u00e1 \u00faprava:<\/td>\n<td> Anodizovan\u00fd kart\u00e1\u010dovan\u00fd povrch<\/td>\n<\/tr>\n<tr>\n<td> D\u00e9lka:<\/td>\n<td> 1m a\u017e 9m na d\u00e9lku<\/td>\n<\/tr>\n<tr>\n<td> Barvy:<\/td>\n<td> St\u0159\u00edbrn\u00e1 \u010dern\u00e1<\/td>\n<\/tr>\n<tr>\n<td> K\u00f3d HS:<\/td>\n<td> 76042990<\/td>\n<\/tr>\n<\/tbody>\n<\/table>\n<h2>Na\u0161e v\u00fdrobn\u00ed z\u00e1kladna<\/h2>\n<h3>Panorama tov\u00e1rny<\/h3>\n<p><img decoding=\"async\" src=\"\/wp-content\/uploads\/factory-01.webp\"\/><\/p>\n<h3>D\u00edlna na v\u00fdrobu hlin\u00edkov\u00fdch ty\u010d\u00ed<\/h3>\n<p><img decoding=\"async\" src=\"\/wp-content\/uploads\/factory-02.webp\"\/><\/p>\n<p><img decoding=\"async\" src=\"\/wp-content\/uploads\/factory-03.webp\"\/><\/p>\n<h3>Sklad pl\u00edsn\u00ed<\/h3>\n<p><img decoding=\"async\" src=\"\/wp-content\/uploads\/factory-04.webp\"\/><\/p>\n<h3>43 linek na vytla\u010dov\u00e1n\u00ed hlin\u00edku (500-5500 tun)<\/h3>\n<p><img decoding=\"async\" src=\"\/wp-content\/uploads\/factory-05.webp\"\/><\/p>\n<p><img decoding=\"async\" src=\"\/wp-content\/uploads\/factory-06.webp\"\/><\/p>\n<p><img decoding=\"async\" src=\"\/wp-content\/uploads\/factory-07.webp\"\/><\/p>\n<h3>D\u00edlna pr\u00e1\u0161kov\u00e9ho lakov\u00e1n\u00ed<\/h3>\n<p><img decoding=\"async\" src=\"\/wp-content\/uploads\/factory-09.webp\"\/><\/p>\n<h3>D\u00edlna eloxov\u00e1n\u00ed<\/h3>\n<p><img decoding=\"async\" src=\"\/wp-content\/uploads\/factory-10.webp\"\/><\/p>\n<h3>Workshop o hloubkov\u00e9m zpracov\u00e1n\u00ed<\/h3>\n<p><img decoding=\"async\" src=\"\/wp-content\/uploads\/factory-11.webp\"\/><\/p>\n<h3>D\u00edlna CNC p\u0159esn\u00e9ho obr\u00e1b\u011bn\u00ed<\/h3>\n<p><img decoding=\"async\" src=\"\/wp-content\/uploads\/factory-11.5.webp\"\/><\/p>\n<h3>Sklad hotov\u00fdch v\u00fdrobk\u016f a exportn\u00ed sklad<\/h3>\n<p><img decoding=\"async\" src=\"\/wp-content\/uploads\/factory-12.webp\"\/><\/p>\n<p><img decoding=\"async\" src=\"\/wp-content\/uploads\/factory-13.webp\"\/><\/p>\n<p><img decoding=\"async\" src=\"\/wp-content\/uploads\/factory-14.webp\"\/><\/p>\n<h2>\u010cASTO KLADEN\u00c9 DOTAZY<\/h2>\n<p><p><b>1.Co je to eloxovan\u00fd kart\u00e1\u010dovan\u00fd \u010dern\u00fd extrudovan\u00fd r\u00e1mov\u00fd profil? <\/b><\/p>\n<p> Jedn\u00e1 se o hlin\u00edkov\u00fd r\u00e1mov\u00fd profil s kart\u00e1\u010dovanou \u010dernou eloxovanou povrchovou \u00fapravou, ur\u010den\u00fd pro konstruk\u010dn\u00ed a dekorativn\u00ed pou\u017eit\u00ed v architektu\u0159e a pr\u016fmyslu.<br \/>\n<\/p><br \/>\n<br \/>\n<p><b>2.Pro\u010d zvolit kart\u00e1\u010dovan\u00fd \u010dern\u00fd eloxovan\u00fd povrch? <\/b><\/p>\n<p> Kart\u00e1\u010dovan\u00fd \u010dern\u00fd eloxovan\u00fd povrch nab\u00edz\u00ed modern\u00ed, elegantn\u00ed vzhled a z\u00e1rove\u0148 vynikaj\u00edc\u00ed odolnost proti korozi a tvrdost povrchu.<br \/>\n<\/p><br \/>\n<br \/>\n<p><b>3.Je tento r\u00e1mov\u00fd profil vhodn\u00fd pro venkovn\u00ed prost\u0159ed\u00ed? <\/b><\/p>\n<p> Ano, eloxovan\u00fd povlak chr\u00e1n\u00ed hlin\u00edk p\u0159ed UV z\u00e1\u0159en\u00edm, vlhkost\u00ed a koroz\u00ed, tak\u017ee je ide\u00e1ln\u00ed pro pou\u017eit\u00ed v exteri\u00e9ru.<br \/>\n<\/p><br \/>\n<br \/>\n<p><b>4.Lze profil p\u0159izp\u016fsobit konkr\u00e9tn\u00edm projekt\u016fm? <\/b><\/p>\n<p> Absolutn\u011b, eloxovan\u00e9 kart\u00e1\u010dovan\u00e9 \u010dern\u00e9 extrudovan\u00e9 r\u00e1mov\u00e9 profily mohou b\u00fdt p\u0159izp\u016fsobeny d\u00e9lkou, tvarem a vzorem dr\u00e1\u017eek tak, aby spl\u0148ovaly jedine\u010dn\u00e9 po\u017eadavky projektu.<br \/>\n<\/p><br \/>\n<br \/>\n<p><b>5.Jak\u00e9 aplikace jsou pro tento profil r\u00e1mu ide\u00e1ln\u00ed? <\/b><\/p>\n<p> B\u011b\u017en\u011b se pou\u017e\u00edv\u00e1 v architektonick\u00fdch r\u00e1mech, n\u00e1bytku, elektronick\u00fdch sk\u0159\u00edn\u00edch, maloobchodn\u00edch displej\u00edch a syst\u00e9mech \u010dist\u00fdch prostor.<br \/>\n<\/p><br \/>\n<br \/>\n<p><b>6.Jak eloxov\u00e1n\u00ed zvy\u0161uje odolnost? <\/b><\/p>\n<p> Eloxov\u00e1n\u00edm se na povrchu hlin\u00edku vytvo\u0159\u00ed vrstva tvrzen\u00e9ho oxidu, kter\u00e1 zvy\u0161uje odolnost proti opot\u0159eben\u00ed a udr\u017euje barvu v pr\u016fb\u011bhu \u010dasu.<br \/>\n<\/p><br \/>\n<br \/>\n<p><b>7.Je hlin\u00edkov\u00fd profil lehk\u00fd a snadno se instaluje? <\/b><\/p>\n<p> Ano, jeho n\u00edzk\u00e1 hmotnost a modul\u00e1rn\u00ed konstrukce usnad\u0148uj\u00ed p\u0159epravu, manipulaci a mont\u00e1\u017e s minimem n\u00e1\u0159ad\u00ed.<br \/>\n<\/p><br \/>\n<br \/>\n<p><b>8.Zachov\u00e1v\u00e1 si profil v pr\u016fb\u011bhu \u010dasu sv\u016fj vzhled? <\/b><\/p>\n<p> Ano, eloxovan\u00e1 kart\u00e1\u010dovan\u00e1 povrchov\u00e1 \u00faprava je odoln\u00e1 proti vyblednut\u00ed, po\u0161kr\u00e1b\u00e1n\u00ed a zabarven\u00ed, co\u017e zaji\u0161\u0165uje dlouhotrvaj\u00edc\u00ed vzhled.<br \/>\n<\/p><br \/><\/p>","protected":false},"featured_media":7437,"template":"","categories":[67],"class_list":["post-7438","product","type-product","status-publish","has-post-thumbnail","hentry","category-architectural-aluminium-profile"],"meta_box":{"hilight_text_group":{"product_hilight_text":"<li>Elegant brushed black anodized finish enhances premium product aesthetics.<\/li>\r\r\n<li>Corrosion-resistant surface ideal for indoor and outdoor applications.<\/li>\r\r\n<li>High-strength extruded aluminum ensures structural stability and durability.<\/li>\r\r\n<li>Lightweight profile design simplifies transport and installation.<\/li>\r\r\n<li>Customizable in dimensions and slot configurations for versatile use.<\/li>\r\r\n<li>Suitable for architectural framing, displays, enclosures, and more.<\/li>","product_chanpin_blog":"<ul>\r\r\n<li><a href=\"https:\/\/sinoextrud.com\/t-slot-v-slot-differences\/\" target=\"_blank\">t slot vs v slot<\/a><\/li>\r\r\n<li><a href=\"https:\/\/sinoextrud.com\/what-is-4040-aluminium-extrud\/\" target=\"_blank\">4040 aluminium extrusion<\/a><\/li>\r\r\n<li><a href=\"https:\/\/sinoextrud.com\/what-is-4040-aluminium-extrud\/\" target=\"_blank\">aluminum extrusions for industrial racks<\/a><\/li>\r\r\n<li><a href=\"https:\/\/sinoextrud.com\/powder-coating-aluminium-process\/\" target=\"_blank\">powder coating aluminium<\/a><\/li>\r\r\n<li><a href=\"https:\/\/sinoextrud.com\/what-is-an-aluminium-strip-ceiling\/\" target=\"_blank\">aluminium strip ceiling<\/a><\/li>\r\r\n<li><a href=\"https:\/\/sinoextrud.com\/what-is-a-heat-sink\/\" target=\"_blank\">what is a heat sink<\/a><\/li>\r\r\n<\/ul>","product_chanpin_chanpin":"<li><a href=\"https:\/\/sinoextrud.com\/product\/l-aluminum-profile-for-glass-railing\/\" target=\"_blank\">L Aluminum Profile For Glass Railing<\/a><\/li>\r\n<li><a href=\"https:\/\/sinoextrud.com\/product\/bright-anodize-brushed-black-window-profile\/\" target=\"_blank\">Bright Anodize Brushed Black Window Profile<\/a><\/li>\r\n<li><a href=\"https:\/\/sinoextrud.com\/product\/customized-aluminum-alloy-housing-grow-light\/\" target=\"_blank\">Customized Aluminum Alloy Housing Grow Light<\/a><\/li>\r\n<li><a href=\"https:\/\/sinoextrud.com\/product\/extruded-aluminum-interlocking-plank-floor\/\" target=\"_blank\">Extruded Aluminum Interlocking Plank Floor<\/a><\/li>\r\n<li><a href=\"https:\/\/sinoextrud.com\/product\/anodized-brushed-black-extruded-frame-profile\/\" target=\"_blank\">Anodized Brushed Black Extruded Frame Profile<\/a><\/li>\r\n<li><a href=\"https:\/\/sinoextrud.com\/product\/precision-cnc-machining-industrial-profile\/\" target=\"_blank\">Precision CNC Machining Industrial Profile<\/a><\/li>\r\n<li><a href=\"https:\/\/sinoextrud.com\/product\/architectural-aluminium-profiles\/\" target=\"_blank\">Architectural Aluminium Profiles<\/a><\/li>\r\n<li><a href=\"https:\/\/sinoextrud.com\/product\/anodized-aluminum-handrail\/\" target=\"_blank\">Anodized Aluminum Handrail<\/a><\/li>\r\n<li><a href=\"https:\/\/sinoextrud.com\/product\/anodized-aluminum-railing-systems\/\" target=\"_blank\">Anodized Aluminum Railing Systems<\/a><\/li>\r\n<li><a href=\"https:\/\/sinoextrud.com\/product\/customize-extruded-aluminum-channel-profiles\/\" target=\"_blank\">Customize Extruded Aluminum Channel Profiles<\/a><\/li>\r\n<li><a href=\"https:\/\/sinoextrud.com\/product\/aluminum-window-blinds-profiles\/\" target=\"_blank\">Aluminum Window Blinds Profiles<\/a><\/li>"},"feature_list":[]},"_links":{"self":[{"href":"https:\/\/sinoextrud.com\/cs\/wp-json\/wp\/v2\/product\/7438","targetHints":{"allow":["GET"]}}],"collection":[{"href":"https:\/\/sinoextrud.com\/cs\/wp-json\/wp\/v2\/product"}],"about":[{"href":"https:\/\/sinoextrud.com\/cs\/wp-json\/wp\/v2\/types\/product"}],"wp:featuredmedia":[{"embeddable":true,"href":"https:\/\/sinoextrud.com\/cs\/wp-json\/wp\/v2\/media\/7437"}],"wp:attachment":[{"href":"https:\/\/sinoextrud.com\/cs\/wp-json\/wp\/v2\/media?parent=7438"}],"wp:term":[{"taxonomy":"category","embeddable":true,"href":"https:\/\/sinoextrud.com\/cs\/wp-json\/wp\/v2\/categories?post=7438"}],"curies":[{"name":"wp","href":"https:\/\/api.w.org\/{rel}","templated":true}]}}