{"id":7434,"date":"2025-06-07T07:20:46","date_gmt":"2025-06-07T07:20:46","guid":{"rendered":"https:\/\/sinoextrud.com\/product\/customized-aluminum-alloy-housing-grow-light\/"},"modified":"2025-06-24T06:12:48","modified_gmt":"2025-06-24T06:12:48","slug":"prizpusobene-pouzdro-z-hlinikove-slitiny-roste-svetlo","status":"publish","type":"product","link":"https:\/\/sinoextrud.com\/cs\/product\/customized-aluminum-alloy-housing-grow-light\/","title":{"rendered":"p\u0159izp\u016fsoben\u00e9 pouzdro z hlin\u00edkov\u00e9 slitiny roste sv\u011btlo"},"content":{"rendered":"<h2>Podrobnosti o produktech<\/h2>\n<table class=\"custom-table\">\n<tbody>\n<tr>\n<td> Jm\u00e9no:<\/td>\n<td> p\u0159izp\u016fsoben\u00e9 pouzdro z hlin\u00edkov\u00e9 slitiny roste sv\u011btlo<\/td>\n<\/tr>\n<tr>\n<td> Zna\u010dka:<\/td>\n<td> Sinoextrud \/ Sinoextrud<\/td>\n<\/tr>\n<tr>\n<td> Materi\u00e1l:<\/td>\n<td> \u0158ada 6000<\/td>\n<\/tr>\n<tr>\n<td> M\u00edrnost:<\/td>\n<td> T6-T8<\/td>\n<\/tr>\n<tr>\n<td> D\u00e9lka:<\/td>\n<td> P\u0159izp\u016fsoben\u00ed<\/td>\n<\/tr>\n<tr>\n<td> Povrchov\u00e1 \u00faprava:<\/td>\n<td> eloxovan\u00e9, d\u0159ev\u011bn\u00e9 zrno, PVDF povlak atd.<\/td>\n<\/tr>\n<tr>\n<td> Pou\u017eit\u00ed:<\/td>\n<td> Pr\u016fmysl,Architektura<\/td>\n<\/tr>\n<tr>\n<td> Barva:<\/td>\n<td> P\u0159izp\u016fsoben\u00e9<\/td>\n<\/tr>\n<tr>\n<td> Certifikace:<\/td>\n<td> ISO9001:2008;ISO14001:2004;SGS<\/td>\n<\/tr>\n<tr>\n<td> V\u00fdroba:<\/td>\n<td> \u0158ez\u00e1n\u00ed, fr\u00e9zov\u00e1n\u00ed, vrt\u00e1n\u00ed, d\u011brov\u00e1n\u00ed atd.<\/td>\n<\/tr>\n<tr>\n<td> Od:<\/td>\n<td> Foshan, Guangdong, \u010c\u00edna<\/td>\n<\/tr>\n<\/tbody>\n<\/table>\n<h2>Na\u0161e v\u00fdrobn\u00ed z\u00e1kladna<\/h2>\n<h3>Panorama tov\u00e1rny<\/h3>\n<p><img decoding=\"async\" src=\"\/wp-content\/uploads\/factory-01.webp\"\/><\/p>\n<h3>D\u00edlna na v\u00fdrobu hlin\u00edkov\u00fdch ty\u010d\u00ed<\/h3>\n<p><img decoding=\"async\" src=\"\/wp-content\/uploads\/factory-02.webp\"\/><\/p>\n<p><img decoding=\"async\" src=\"\/wp-content\/uploads\/factory-03.webp\"\/><\/p>\n<h3>Sklad pl\u00edsn\u00ed<\/h3>\n<p><img decoding=\"async\" src=\"\/wp-content\/uploads\/factory-04.webp\"\/><\/p>\n<h3>43 linek na vytla\u010dov\u00e1n\u00ed hlin\u00edku (500 - 5500 tun)<\/h3>\n<p><img decoding=\"async\" src=\"\/wp-content\/uploads\/factory-05.webp\"\/><\/p>\n<p><img decoding=\"async\" src=\"\/wp-content\/uploads\/factory-06.webp\"\/><\/p>\n<p><img decoding=\"async\" src=\"\/wp-content\/uploads\/factory-07.webp\"\/><\/p>\n<h3>D\u00edlna pr\u00e1\u0161kov\u00e9ho lakov\u00e1n\u00ed<\/h3>\n<p><img decoding=\"async\" src=\"\/wp-content\/uploads\/factory-09.webp\"\/><\/p>\n<h3>D\u00edlna eloxov\u00e1n\u00ed<\/h3>\n<p><img decoding=\"async\" src=\"\/wp-content\/uploads\/factory-10.webp\"\/><\/p>\n<h3>Workshop o hloubkov\u00e9m zpracov\u00e1n\u00ed<\/h3>\n<p><img decoding=\"async\" src=\"\/wp-content\/uploads\/factory-11.webp\"\/><\/p>\n<h3>D\u00edlna CNC p\u0159esn\u00e9ho obr\u00e1b\u011bn\u00ed<\/h3>\n<p><img decoding=\"async\" src=\"\/wp-content\/uploads\/factory-11.5.webp\"\/><\/p>\n<h3>Sklad hotov\u00fdch v\u00fdrobk\u016f a exportn\u00ed sklad<\/h3>\n<p><img decoding=\"async\" src=\"\/wp-content\/uploads\/factory-12.webp\"\/><\/p>\n<p><img decoding=\"async\" src=\"\/wp-content\/uploads\/factory-13.webp\"\/><\/p>\n<p><img decoding=\"async\" src=\"\/wp-content\/uploads\/factory-14.webp\"\/><\/p>\n<h2>\u010cASTO KLADEN\u00c9 DOTAZY<\/h2>\n<p><p><b>1.Co je p\u0159izp\u016fsoben\u00e9 pouzdro z hlin\u00edkov\u00e9 slitiny Grow Light? <\/b><\/p>\n<p> P\u0159izp\u016fsoben\u00e9 pouzdro z hlin\u00edkov\u00e9 slitiny Grow Light je sv\u011bteln\u00fd syst\u00e9m LED pro p\u011bstov\u00e1n\u00ed rostlin s p\u0159izp\u016fsoben\u00fdm hlin\u00edkov\u00fdm krytem pro optim\u00e1ln\u00ed odvod tepla, odolnost a flexibilitu designu.<br \/>\n<\/p><br \/>\n<br \/>\n<p><b>2.Pro\u010d zvolit hlin\u00edkovou slitinu pro kryt sv\u011btla? <\/b><\/p>\n<p> Hlin\u00edkov\u00e1 slitina poskytuje vynikaj\u00edc\u00ed tepelnou vodivost, lehkou pevnost a odolnost proti korozi, tak\u017ee je ide\u00e1ln\u00ed pro kryty pro p\u011bstebn\u00ed sv\u011btla.<br \/>\n<\/p><br \/>\n<br \/>\n<p><b>3.M\u016f\u017ee b\u00fdt kryt rostouc\u00edho sv\u011btla p\u0159izp\u016fsoben? <\/b><\/p>\n<p> Ano, hlin\u00edkov\u00e9 pouzdro lze p\u0159izp\u016fsobit velikosti, tvaru, povrchov\u00e9 \u00faprav\u011b a v\u00fd\u0159ez\u016fm tak, aby vyhovovalo konkr\u00e9tn\u00edm n\u00e1vrh\u016fm a pot\u0159eb\u00e1m instalace rostouc\u00edho sv\u011btla.<br \/>\n<\/p><br \/>\n<br \/>\n<p><b>4.Jak hlin\u00edkov\u00e9 pouzdro zlep\u0161uje v\u00fdkon LED? <\/b><\/p>\n<p> Vynikaj\u00edc\u00ed odvod tepla ze slitiny hlin\u00edku pom\u00e1h\u00e1 udr\u017eovat optim\u00e1ln\u00ed teplotu LED diod, \u010d\u00edm\u017e prodlu\u017euje \u017eivotnost a \u00fa\u010dinnost p\u011bstebn\u00edch sv\u011btel.<br \/>\n<\/p><br \/>\n<br \/>\n<p><b>5.Je kryt vhodn\u00fd pro prost\u0159ed\u00ed s vysokou vlhkost\u00ed? <\/b><\/p>\n<p> Ano, hlin\u00edkov\u00fd povrch odoln\u00fd proti korozi je ide\u00e1ln\u00ed pro pou\u017eit\u00ed ve sklen\u00edc\u00edch a vnit\u0159n\u00edch zem\u011bd\u011blsk\u00fdch za\u0159\u00edzen\u00edch s vysokou vlhkost\u00ed.<br \/>\n<\/p><br \/>\n<br \/>\n<p><b>6.Jak\u00e9 povrchov\u00e9 \u00fapravy jsou k dispozici pro hlin\u00edkov\u00e1 pouzdra sv\u011bteln\u00fdch zdroj\u016f? <\/b><\/p>\n<p> Mezi mo\u017enosti pat\u0159\u00ed eloxov\u00e1n\u00ed, pr\u00e1\u0161kov\u00e9 lakov\u00e1n\u00ed a le\u0161t\u011bn\u00ed pro zlep\u0161en\u00ed vzhledu, odolnosti proti korozi a ozna\u010den\u00ed.<br \/>\n<\/p><br \/>\n<br \/>\n<p><b>7.Podporuje pouzdro v\u00fdkonn\u00e9 konfigurace LED? <\/b><\/p>\n<p> Robustn\u00ed konstrukce pouzdra z hlin\u00edkov\u00e9 slitiny na m\u00edru je vhodn\u00e1 pro vysoce v\u00fdkonn\u00e1 pole LED a pokro\u010dil\u00e9 chladic\u00ed syst\u00e9my.<br \/>\n<\/p><br \/>\n<br \/>\n<p><b>8.Podporuje tento v\u00fdrobek CNC obr\u00e1b\u011bn\u00ed? <\/b><\/p>\n<p> Ano, pro spln\u011bn\u00ed slo\u017eit\u00fdch konstruk\u010dn\u00edch a mont\u00e1\u017en\u00edch po\u017eadavk\u016f na zak\u00e1zkov\u00e9 sv\u011bteln\u00e9 aplikace je k dispozici p\u0159esn\u00e9 CNC obr\u00e1b\u011bn\u00ed.<br \/>\n<\/p><br \/><\/p>","protected":false},"featured_media":7433,"template":"","categories":[67],"class_list":["post-7434","product","type-product","status-publish","has-post-thumbnail","hentry","category-architectural-aluminium-profile"],"meta_box":{"hilight_text_group":{"product_hilight_text":"<li>Customizable aluminum alloy housing for tailored heat dissipation and aesthetics.<\/li>\r\r\n<li>Lightweight yet durable structure ensures long-lasting use in grow environments.<\/li>\r\r\n<li>Excellent thermal conductivity supports optimal LED performance and lifespan.<\/li>\r\r\n<li>Corrosion-resistant finish ideal for humid greenhouse conditions.<\/li>\r\r\n<li>Precision CNC machining available for complex design requirements.<\/li>\r\r\n<li>Supports a wide range of power and LED configurations for diverse plant needs.<\/li>","product_chanpin_blog":"<ul>\r\r\n<li><a href=\"https:\/\/sinoextrud.com\/t-slot-v-slot-differences\/\" target=\"_blank\">t slot vs v slot<\/a><\/li>\r\r\n<li><a href=\"https:\/\/sinoextrud.com\/what-is-4040-aluminium-extrud\/\" target=\"_blank\">4040 aluminium extrusion<\/a><\/li>\r\r\n<li><a href=\"https:\/\/sinoextrud.com\/what-is-4040-aluminium-extrud\/\" target=\"_blank\">aluminum extrusions for industrial racks<\/a><\/li>\r\r\n<li><a href=\"https:\/\/sinoextrud.com\/powder-coating-aluminium-process\/\" target=\"_blank\">powder coating aluminium<\/a><\/li>\r\r\n<li><a href=\"https:\/\/sinoextrud.com\/what-is-an-aluminium-strip-ceiling\/\" target=\"_blank\">aluminium strip ceiling<\/a><\/li>\r\r\n<li><a href=\"https:\/\/sinoextrud.com\/what-is-a-heat-sink\/\" target=\"_blank\">what is a heat sink<\/a><\/li>\r\r\n<\/ul>","product_chanpin_chanpin":"<li><a href=\"https:\/\/sinoextrud.com\/product\/extrusion-aluminum-shutter-profile-free-mould\/\" target=\"_blank\">Extrusion Aluminum Shutter Profile Free Mould<\/a><\/li>\r\n<li><a href=\"https:\/\/sinoextrud.com\/product\/pvdf-aluminum-extrusion-curtain-wall-profile\/\" target=\"_blank\">PVDF Aluminum Extrusion Curtain Wall Profile<\/a><\/li>\r\n<li><a href=\"https:\/\/sinoextrud.com\/product\/l-aluminum-profile-for-glass-railing\/\" target=\"_blank\">L Aluminum Profile For Glass Railing<\/a><\/li>\r\n<li><a href=\"https:\/\/sinoextrud.com\/product\/bright-anodize-brushed-black-window-profile\/\" target=\"_blank\">Bright Anodize Brushed Black Window Profile<\/a><\/li>\r\n<li><a href=\"https:\/\/sinoextrud.com\/product\/customized-aluminum-alloy-housing-grow-light\/\" target=\"_blank\">Customized Aluminum Alloy Housing Grow Light<\/a><\/li>\r\n<li><a href=\"https:\/\/sinoextrud.com\/product\/extruded-aluminum-interlocking-plank-floor\/\" target=\"_blank\">Extruded Aluminum Interlocking Plank Floor<\/a><\/li>\r\n<li><a href=\"https:\/\/sinoextrud.com\/product\/anodized-brushed-black-extruded-frame-profile\/\" target=\"_blank\">Anodized Brushed Black Extruded Frame Profile<\/a><\/li>\r\n<li><a href=\"https:\/\/sinoextrud.com\/product\/precision-cnc-machining-industrial-profile\/\" target=\"_blank\">Precision CNC Machining Industrial Profile<\/a><\/li>\r\n<li><a href=\"https:\/\/sinoextrud.com\/product\/architectural-aluminium-profiles\/\" target=\"_blank\">Architectural Aluminium Profiles<\/a><\/li>\r\n<li><a href=\"https:\/\/sinoextrud.com\/product\/profile-aluminum-cnc\/\" target=\"_blank\">Profile Aluminum CNC<\/a><\/li>\r\n<li><a href=\"https:\/\/sinoextrud.com\/product\/aluminum-extrusion-material-t-slot\/\" target=\"_blank\">Aluminum Extrusion Material T Slot<\/a><\/li>"},"feature_list":[]},"_links":{"self":[{"href":"https:\/\/sinoextrud.com\/cs\/wp-json\/wp\/v2\/product\/7434","targetHints":{"allow":["GET"]}}],"collection":[{"href":"https:\/\/sinoextrud.com\/cs\/wp-json\/wp\/v2\/product"}],"about":[{"href":"https:\/\/sinoextrud.com\/cs\/wp-json\/wp\/v2\/types\/product"}],"wp:featuredmedia":[{"embeddable":true,"href":"https:\/\/sinoextrud.com\/cs\/wp-json\/wp\/v2\/media\/7433"}],"wp:attachment":[{"href":"https:\/\/sinoextrud.com\/cs\/wp-json\/wp\/v2\/media?parent=7434"}],"wp:term":[{"taxonomy":"category","embeddable":true,"href":"https:\/\/sinoextrud.com\/cs\/wp-json\/wp\/v2\/categories?post=7434"}],"curies":[{"name":"wp","href":"https:\/\/api.w.org\/{rel}","templated":true}]}}